{"id":27880,"date":"2025-09-09T08:50:03","date_gmt":"2025-09-09T08:50:03","guid":{"rendered":"https:\/\/orotech.lt\/laiptu-lempute-feelspot-balta-silta-balta\/"},"modified":"2025-09-10T06:36:00","modified_gmt":"2025-09-10T06:36:00","slug":"laiptu-lempute-feelspot-balta-silta-balta","status":"publish","type":"product","link":"https:\/\/orotech.lt\/en\/laiptu-lempute-feelspot-balta-silta-balta\/","title":{"rendered":"Laipt\u0173 lemput\u0117 Feelspot, balta (\u0161ilta balta)"},"content":{"rendered":"<p style=\"text-align: justify;\">Baltos spalvos LED&nbsp;<strong>laipt\u0173 lemput\u0117<\/strong> Feelspot FSLW52W&nbsp;(be r\u0117melio). Kompakti\u0161ko dyd\u017eio<strong> laipt\u0173 lemput\u0117<\/strong>&nbsp;skleid\u017eia \u0161iltai balt\u0105 spalv\u0105. \u0160iuolaiki\u0161ko dizaino \u012fmontuojama <strong>laipt\u0173 lemput\u0117<\/strong> sukurs jauk\u0173 ap\u0161vietim\u0105 tamsiuoju paros metu.<\/p>","protected":false},"excerpt":{"rendered":"<p>Baltos spalvos LED&nbsp;laipt\u0173 lemput\u0117 Feelspot FSLW52W&nbsp;(be r\u0117melio). Kompakti\u0161ko dyd\u017eio laipt\u0173 lemput\u0117&nbsp;skleid\u017eia \u0161iltai balt\u0105 spalv\u0105. \u0160iuolaiki\u0161ko dizaino \u012fmontuojama laipt\u0173 lemput\u0117 sukurs<\/p>","protected":false},"featured_media":27882,"comment_status":"closed","ping_status":"open","template":"","meta":[],"product_brand":[],"product_cat":[23],"product_tag":[535],"class_list":{"0":"post-27880","1":"product","2":"type-product","3":"status-publish","4":"has-post-thumbnail","6":"product_cat-be-kategorijos","7":"product_tag-naujiena","9":"first","10":"onbackorder","11":"taxable","12":"shipping-taxable","13":"product-type-variable"},"_links":{"self":[{"href":"https:\/\/orotech.lt\/en\/wp-json\/wp\/v2\/product\/27880","targetHints":{"allow":["GET"]}}],"collection":[{"href":"https:\/\/orotech.lt\/en\/wp-json\/wp\/v2\/product"}],"about":[{"href":"https:\/\/orotech.lt\/en\/wp-json\/wp\/v2\/types\/product"}],"replies":[{"embeddable":true,"href":"https:\/\/orotech.lt\/en\/wp-json\/wp\/v2\/comments?post=27880"}],"version-history":[{"count":1,"href":"https:\/\/orotech.lt\/en\/wp-json\/wp\/v2\/product\/27880\/revisions"}],"predecessor-version":[{"id":27881,"href":"https:\/\/orotech.lt\/en\/wp-json\/wp\/v2\/product\/27880\/revisions\/27881"}],"wp:featuredmedia":[{"embeddable":true,"href":"https:\/\/orotech.lt\/en\/wp-json\/wp\/v2\/media\/27882"}],"wp:attachment":[{"href":"https:\/\/orotech.lt\/en\/wp-json\/wp\/v2\/media?parent=27880"}],"wp:term":[{"taxonomy":"product_brand","embeddable":true,"href":"https:\/\/orotech.lt\/en\/wp-json\/wp\/v2\/product_brand?post=27880"},{"taxonomy":"product_cat","embeddable":true,"href":"https:\/\/orotech.lt\/en\/wp-json\/wp\/v2\/product_cat?post=27880"},{"taxonomy":"product_tag","embeddable":true,"href":"https:\/\/orotech.lt\/en\/wp-json\/wp\/v2\/product_tag?post=27880"}],"curies":[{"name":"wp","href":"https:\/\/api.w.org\/{rel}","templated":true}]}}