{"id":27929,"date":"2025-09-09T08:50:29","date_gmt":"2025-09-09T08:50:29","guid":{"rendered":"https:\/\/orotech.lt\/tuscias-dangtelis-akle-feelspot-juodas\/"},"modified":"2025-09-10T06:40:09","modified_gmt":"2025-09-10T06:40:09","slug":"tuscias-dangtelis-akle-feelspot-juodas","status":"publish","type":"product","link":"https:\/\/orotech.lt\/en\/tuscias-dangtelis-akle-feelspot-juodas\/","title":{"rendered":"Tu\u0161\u010dias dangtelis \u2013 akl\u0117 Feelspot, juodas"},"content":{"rendered":"<p style=\"text-align: justify;\">Juodos spalvos <strong>tu\u0161\u010dias dangtelis &ndash; akl\u0117<\/strong>&nbsp;Feelspot FSA05B&nbsp;(be r\u0117melio). Minimalistinio dizaino <strong>tu\u0161\u010dias dangtelis &ndash; akl\u0117<\/strong> leis u\u017edengti nenaudojam\u0105 rozet\u0117s ar jungiklio viet\u0105 r\u0117melyje.<\/p>","protected":false},"excerpt":{"rendered":"<p>Juodos spalvos tu\u0161\u010dias dangtelis &ndash; akl\u0117&nbsp;Feelspot FSA05B&nbsp;(be r\u0117melio). Minimalistinio dizaino tu\u0161\u010dias dangtelis &ndash; akl\u0117 leis u\u017edengti nenaudojam\u0105 rozet\u0117s ar jungiklio<\/p>","protected":false},"featured_media":27931,"comment_status":"closed","ping_status":"open","template":"","meta":[],"product_brand":[],"product_cat":[23],"product_tag":[535],"class_list":{"0":"post-27929","1":"product","2":"type-product","3":"status-publish","4":"has-post-thumbnail","6":"product_cat-be-kategorijos","7":"product_tag-naujiena","9":"first","10":"onbackorder","11":"taxable","12":"shipping-taxable","13":"product-type-variable"},"_links":{"self":[{"href":"https:\/\/orotech.lt\/en\/wp-json\/wp\/v2\/product\/27929","targetHints":{"allow":["GET"]}}],"collection":[{"href":"https:\/\/orotech.lt\/en\/wp-json\/wp\/v2\/product"}],"about":[{"href":"https:\/\/orotech.lt\/en\/wp-json\/wp\/v2\/types\/product"}],"replies":[{"embeddable":true,"href":"https:\/\/orotech.lt\/en\/wp-json\/wp\/v2\/comments?post=27929"}],"version-history":[{"count":1,"href":"https:\/\/orotech.lt\/en\/wp-json\/wp\/v2\/product\/27929\/revisions"}],"predecessor-version":[{"id":27930,"href":"https:\/\/orotech.lt\/en\/wp-json\/wp\/v2\/product\/27929\/revisions\/27930"}],"wp:featuredmedia":[{"embeddable":true,"href":"https:\/\/orotech.lt\/en\/wp-json\/wp\/v2\/media\/27931"}],"wp:attachment":[{"href":"https:\/\/orotech.lt\/en\/wp-json\/wp\/v2\/media?parent=27929"}],"wp:term":[{"taxonomy":"product_brand","embeddable":true,"href":"https:\/\/orotech.lt\/en\/wp-json\/wp\/v2\/product_brand?post=27929"},{"taxonomy":"product_cat","embeddable":true,"href":"https:\/\/orotech.lt\/en\/wp-json\/wp\/v2\/product_cat?post=27929"},{"taxonomy":"product_tag","embeddable":true,"href":"https:\/\/orotech.lt\/en\/wp-json\/wp\/v2\/product_tag?post=27929"}],"curies":[{"name":"wp","href":"https:\/\/api.w.org\/{rel}","templated":true}]}}