{"id":27937,"date":"2025-09-09T08:50:29","date_gmt":"2025-09-09T08:50:29","guid":{"rendered":"https:\/\/orotech.lt\/interneto-lizdas-feelspot-baltas\/"},"modified":"2025-09-10T06:40:11","modified_gmt":"2025-09-10T06:40:11","slug":"interneto-lizdas-feelspot-baltas","status":"publish","type":"product","link":"https:\/\/orotech.lt\/en\/interneto-lizdas-feelspot-baltas\/","title":{"rendered":"Interneto lizdas Feelspot, baltas"},"content":{"rendered":"<p style=\"text-align: justify;\">Baltos spalvos<strong> interneto lizdas<\/strong>&nbsp;Feelspot FSILCAT61\/2W&nbsp;(be r\u0117melio). Minimalistinio dizaino interneto lizdas&nbsp;skirtas interneto kabeliui \u012fvesti bei prisijungti prie interneto tinklo. Laidinis interneto tinklo tiekimas pasi\u017eymi greitesniu ir efektyvesniu veikimu lyginant su \u0161viesolaidiniu internetu, tod\u0117l <strong>interneto lizdas<\/strong> Feelspot FSILCAT61\/2W d\u017eiugins i\u0161rankiausio kliento poreikius namuose arba biure! Modernus <strong>interneto lizdas<\/strong> Feelspot FSILCAT61\/2W CAT6 gali b\u016bti derinamas su bet kuriuo Feelspot serijos TV, USB, HTMI, akle ar kt. lizdu viename r\u0117melyje.&nbsp;<\/p>","protected":false},"excerpt":{"rendered":"<p>Baltos spalvos interneto lizdas&nbsp;Feelspot FSILCAT61\/2W&nbsp;(be r\u0117melio). Minimalistinio dizaino interneto lizdas&nbsp;skirtas interneto kabeliui \u012fvesti bei prisijungti prie interneto tinklo. Laidinis interneto<\/p>","protected":false},"featured_media":27939,"comment_status":"closed","ping_status":"open","template":"","meta":[],"product_brand":[],"product_cat":[23],"product_tag":[535],"class_list":{"0":"post-27937","1":"product","2":"type-product","3":"status-publish","4":"has-post-thumbnail","6":"product_cat-be-kategorijos","7":"product_tag-naujiena","9":"first","10":"onbackorder","11":"taxable","12":"shipping-taxable","13":"product-type-variable"},"_links":{"self":[{"href":"https:\/\/orotech.lt\/en\/wp-json\/wp\/v2\/product\/27937","targetHints":{"allow":["GET"]}}],"collection":[{"href":"https:\/\/orotech.lt\/en\/wp-json\/wp\/v2\/product"}],"about":[{"href":"https:\/\/orotech.lt\/en\/wp-json\/wp\/v2\/types\/product"}],"replies":[{"embeddable":true,"href":"https:\/\/orotech.lt\/en\/wp-json\/wp\/v2\/comments?post=27937"}],"version-history":[{"count":1,"href":"https:\/\/orotech.lt\/en\/wp-json\/wp\/v2\/product\/27937\/revisions"}],"predecessor-version":[{"id":27938,"href":"https:\/\/orotech.lt\/en\/wp-json\/wp\/v2\/product\/27937\/revisions\/27938"}],"wp:featuredmedia":[{"embeddable":true,"href":"https:\/\/orotech.lt\/en\/wp-json\/wp\/v2\/media\/27939"}],"wp:attachment":[{"href":"https:\/\/orotech.lt\/en\/wp-json\/wp\/v2\/media?parent=27937"}],"wp:term":[{"taxonomy":"product_brand","embeddable":true,"href":"https:\/\/orotech.lt\/en\/wp-json\/wp\/v2\/product_brand?post=27937"},{"taxonomy":"product_cat","embeddable":true,"href":"https:\/\/orotech.lt\/en\/wp-json\/wp\/v2\/product_cat?post=27937"},{"taxonomy":"product_tag","embeddable":true,"href":"https:\/\/orotech.lt\/en\/wp-json\/wp\/v2\/product_tag?post=27937"}],"curies":[{"name":"wp","href":"https:\/\/api.w.org\/{rel}","templated":true}]}}