{"id":27945,"date":"2025-09-09T08:50:29","date_gmt":"2025-09-09T08:50:29","guid":{"rendered":"https:\/\/orotech.lt\/interneto-lizdas-feelspot-pilkas\/"},"modified":"2025-09-10T06:40:12","modified_gmt":"2025-09-10T06:40:12","slug":"interneto-lizdas-feelspot-pilkas","status":"publish","type":"product","link":"https:\/\/orotech.lt\/en\/interneto-lizdas-feelspot-pilkas\/","title":{"rendered":"Interneto lizdas Feelspot, pilkas"},"content":{"rendered":"<p style=\"text-align: justify;\">Pilkos spalvos<strong> interneto lizdas<\/strong>&nbsp;Feelspot FSILCAT61\/2G&nbsp;(be r\u0117melio). Minimalistinio dizaino interneto lizdas&nbsp;skirtas interneto kabeliui \u012fvesti bei prisijungti prie interneto tinklo. Laidinis interneto tinklo tiekimas pasi\u017eymi greitesniu ir efektyvesniu veikimu lyginant su \u0161viesolaidiniu internetu, tod\u0117l <strong>interneto lizdas<\/strong> Feelspot FSILCAT61\/2W d\u017eiugins i\u0161rankiausio kliento poreikius namuose arba biure! Modernus&nbsp;<strong>interneto lizdas<\/strong> Feelspot FSILCAT61\/2G&nbsp;CAT6 gali b\u016bti derinamas su bet kuriuo Feelspot serijos TV, USB, HTMI, akle ar kt. lizdu viename r\u0117melyje.<\/p>","protected":false},"excerpt":{"rendered":"<p>Pilkos spalvos interneto lizdas&nbsp;Feelspot FSILCAT61\/2G&nbsp;(be r\u0117melio). Minimalistinio dizaino interneto lizdas&nbsp;skirtas interneto kabeliui \u012fvesti bei prisijungti prie interneto tinklo. Laidinis interneto<\/p>","protected":false},"featured_media":27947,"comment_status":"closed","ping_status":"open","template":"","meta":[],"product_brand":[],"product_cat":[23],"product_tag":[535],"class_list":{"0":"post-27945","1":"product","2":"type-product","3":"status-publish","4":"has-post-thumbnail","6":"product_cat-be-kategorijos","7":"product_tag-naujiena","9":"first","10":"onbackorder","11":"taxable","12":"shipping-taxable","13":"product-type-variable"},"_links":{"self":[{"href":"https:\/\/orotech.lt\/en\/wp-json\/wp\/v2\/product\/27945","targetHints":{"allow":["GET"]}}],"collection":[{"href":"https:\/\/orotech.lt\/en\/wp-json\/wp\/v2\/product"}],"about":[{"href":"https:\/\/orotech.lt\/en\/wp-json\/wp\/v2\/types\/product"}],"replies":[{"embeddable":true,"href":"https:\/\/orotech.lt\/en\/wp-json\/wp\/v2\/comments?post=27945"}],"version-history":[{"count":1,"href":"https:\/\/orotech.lt\/en\/wp-json\/wp\/v2\/product\/27945\/revisions"}],"predecessor-version":[{"id":27946,"href":"https:\/\/orotech.lt\/en\/wp-json\/wp\/v2\/product\/27945\/revisions\/27946"}],"wp:featuredmedia":[{"embeddable":true,"href":"https:\/\/orotech.lt\/en\/wp-json\/wp\/v2\/media\/27947"}],"wp:attachment":[{"href":"https:\/\/orotech.lt\/en\/wp-json\/wp\/v2\/media?parent=27945"}],"wp:term":[{"taxonomy":"product_brand","embeddable":true,"href":"https:\/\/orotech.lt\/en\/wp-json\/wp\/v2\/product_brand?post=27945"},{"taxonomy":"product_cat","embeddable":true,"href":"https:\/\/orotech.lt\/en\/wp-json\/wp\/v2\/product_cat?post=27945"},{"taxonomy":"product_tag","embeddable":true,"href":"https:\/\/orotech.lt\/en\/wp-json\/wp\/v2\/product_tag?post=27945"}],"curies":[{"name":"wp","href":"https:\/\/api.w.org\/{rel}","templated":true}]}}