{"id":27949,"date":"2025-09-09T08:50:29","date_gmt":"2025-09-09T08:50:29","guid":{"rendered":"https:\/\/orotech.lt\/ismanioji-lempute-feelspot-fs-bl01w-e27-wi-fi-rgb-tuya\/"},"modified":"2025-09-10T06:40:13","modified_gmt":"2025-09-10T06:40:13","slug":"ismanioji-lempute-feelspot-fs-bl01w-e27-wi-fi-rgb-tuya","status":"publish","type":"product","link":"https:\/\/orotech.lt\/en\/ismanioji-lempute-feelspot-fs-bl01w-e27-wi-fi-rgb-tuya\/","title":{"rendered":"I\u0161manioji lemput\u0117 Feelspot FS-BL01W E27 Wi-fi, RGB, Tuya"},"content":{"rendered":"<p>&lt;p&gt;I&amp;scaron;manioji lemput\u0117 Feelspot&amp;nbsp;FS-BL01W&amp;nbsp;&amp;nbsp;gali b\u016bti valdoma&amp;nbsp;su Amazon Alexa ir Google Home.&amp;nbsp;&lt;\/p&gt;<br \/>\n&lt;p&gt;&lt;strong&gt;I&amp;scaron;maniosios lemput\u0117s Feelspot&amp;nbsp;FS-BL01W privalumai:&lt;\/strong&gt;&lt;\/p&gt;<br \/>\n&lt;ul&gt;<br \/>\n&lt;li&gt;Galimyb\u0117 reguliuoti liumenus i&amp;scaron;maniuoju telefonu;&lt;\/li&gt;<br \/>\n&lt;li&gt;Lengvas montavimas ir valdymas;&lt;\/li&gt;<br \/>\n&lt;li&gt;Galimyb\u0117 valdyti i&amp;scaron;mani\u0105j\u0105 lemput\u0119 balso komandomis su Amazon Alexa ar Google Home;&lt;\/li&gt;<br \/>\n&lt;li&gt;Liumen\u0173 reguliavimas su i&amp;scaron;maniuoju telefonu.&lt;\/li&gt;<br \/>\n&lt;li&gt;Naudokite purtymo funkcij\u0105, kad \u012fjungtum\u0117te arba i&amp;scaron;jungtum\u0117te lemput\u0119 ir atsitiktinai pakeistum\u0117te lemput\u0117s spalv\u0105&lt;\/li&gt;<br \/>\n&lt;li&gt;Galimas valdymas balso komandomis su Amazon Alexa, Google Home&amp;nbsp; arba mobiliaja program\u0117le Tuya&lt;\/li&gt;<br \/>\n&lt;\/ul&gt;<br \/>\n&lt;p&gt;&amp;nbsp;&lt;\/p&gt;<br \/>\n&lt;p style=&quot;text-align: justify;&quot;&gt;&lt;em&gt;&lt;strong&gt;Atsisi\u0173skite&amp;nbsp;&amp;bdquo;Tuya&amp;ldquo;&amp;nbsp;arba &amp;bdquo;Smart Life&amp;ldquo; program\u0117l\u0119 Android operacinei sistemai:&lt;\/strong&gt;&lt;\/em&gt;&lt;\/p&gt;<br \/>\n&lt;p style=&quot;text-align: justify;&quot;&gt;&lt;a href=&quot;https:\/\/play.google.com\/store\/apps\/details?id=com.tuya.smart&amp;amp;hl=lt&amp;amp;gl=US&quot; target=&quot;_blank&quot; rel=&quot;noopener&quot;&gt;&lt;img style=&quot;width: 80px; height: 80px;&quot; src=&quot;\/images\/Userfiles\/www.rubisolis.lt_tuya_app.png&quot; alt=&quot;&quot; \/&gt;&lt;\/a&gt;&amp;nbsp; &amp;nbsp;&lt;a href=&quot;https:\/\/play.google.com\/store\/apps\/details?id=com.tuya.smartlife&amp;amp;hl=lt&amp;amp;gl=US&amp;amp;pli=1&quot; target=&quot;_blank&quot; rel=&quot;noopener&quot;&gt;&lt;img style=&quot;width: 80px; height: 80px;&quot; src=&quot;\/images\/Userfiles\/www.rubisolis.lt_smart_life_app.png&quot; alt=&quot;&quot; \/&gt;&lt;\/a&gt;&lt;\/p&gt;<br \/>\n&lt;p style=&quot;text-align: justify;&quot;&gt;&lt;em&gt;&lt;strong&gt;Atsisi\u0173skite &amp;bdquo;Tuya&amp;ldquo; arba &amp;bdquo;Smart Life&amp;ldquo; program\u0117l\u0119 iOS operacinei sistemai:&amp;nbsp;&lt;\/strong&gt;&lt;\/em&gt;&lt;\/p&gt;<br \/>\n&lt;p style=&quot;text-align: justify;&quot;&gt;&lt;a href=&quot;https:\/\/apps.apple.com\/us\/app\/tuya-smart\/id1034649547&quot; target=&quot;_blank&quot; rel=&quot;noopener&quot;&gt;&lt;img style=&quot;width: 80px; height: 80px;&quot; src=&quot;\/images\/Userfiles\/www.rubisolis.lt_tuya_app.png&quot; alt=&quot;&quot; \/&gt;&lt;\/a&gt;&amp;nbsp; &amp;nbsp;&lt;a href=&quot;https:\/\/apps.apple.com\/us\/app\/smart-life-smart-living\/id1115101477&quot; target=&quot;_blank&quot; rel=&quot;noopener&quot;&gt;&lt;img style=&quot;width: 80px; height: 80px;&quot; src=&quot;\/images\/Userfiles\/www.rubisolis.lt_smart_life_app.png&quot; alt=&quot;&quot; \/&gt;&lt;\/a&gt;&lt;\/p&gt;<br \/>\n&lt;p style=&quot;text-align: justify;&quot;&gt;&lt;a class=&quot;catalogue&quot; href=&quot;\/en\/images\/Userfiles\/www.rubisolis.lt_RGB_lemput_Feelspot_FS-BL01W_instrukcija_WiFi_RGB_Bulb_Spotlight_User_Manual.pdf\/&quot; target=&quot;blank&quot;&gt;Download product manual&lt;\/a&gt;&lt;\/p&gt;<\/p>","protected":false},"excerpt":{"rendered":"<p>&lt;p&gt;I&amp;scaron;manioji lemput\u0117 Feelspot&amp;nbsp;FS-BL01W&amp;nbsp;&amp;nbsp;gali b\u016bti valdoma&amp;nbsp;su Amazon Alexa ir Google Home.&amp;nbsp;&lt;\/p&gt; &lt;p&gt;&lt;strong&gt;I&amp;scaron;maniosios lemput\u0117s Feelspot&amp;nbsp;FS-BL01W privalumai:&lt;\/strong&gt;&lt;\/p&gt; &lt;ul&gt; &lt;li&gt;Galimyb\u0117 reguliuoti liumenus i&amp;scaron;maniuoju telefonu;&lt;\/li&gt;<\/p>","protected":false},"featured_media":27951,"comment_status":"closed","ping_status":"open","template":"","meta":[],"product_brand":[],"product_cat":[23],"product_tag":[535],"class_list":{"0":"post-27949","1":"product","2":"type-product","3":"status-publish","4":"has-post-thumbnail","6":"product_cat-be-kategorijos","7":"product_tag-naujiena","9":"first","10":"onbackorder","11":"taxable","12":"shipping-taxable","13":"product-type-variable"},"_links":{"self":[{"href":"https:\/\/orotech.lt\/en\/wp-json\/wp\/v2\/product\/27949","targetHints":{"allow":["GET"]}}],"collection":[{"href":"https:\/\/orotech.lt\/en\/wp-json\/wp\/v2\/product"}],"about":[{"href":"https:\/\/orotech.lt\/en\/wp-json\/wp\/v2\/types\/product"}],"replies":[{"embeddable":true,"href":"https:\/\/orotech.lt\/en\/wp-json\/wp\/v2\/comments?post=27949"}],"version-history":[{"count":1,"href":"https:\/\/orotech.lt\/en\/wp-json\/wp\/v2\/product\/27949\/revisions"}],"predecessor-version":[{"id":27950,"href":"https:\/\/orotech.lt\/en\/wp-json\/wp\/v2\/product\/27949\/revisions\/27950"}],"wp:featuredmedia":[{"embeddable":true,"href":"https:\/\/orotech.lt\/en\/wp-json\/wp\/v2\/media\/27951"}],"wp:attachment":[{"href":"https:\/\/orotech.lt\/en\/wp-json\/wp\/v2\/media?parent=27949"}],"wp:term":[{"taxonomy":"product_brand","embeddable":true,"href":"https:\/\/orotech.lt\/en\/wp-json\/wp\/v2\/product_brand?post=27949"},{"taxonomy":"product_cat","embeddable":true,"href":"https:\/\/orotech.lt\/en\/wp-json\/wp\/v2\/product_cat?post=27949"},{"taxonomy":"product_tag","embeddable":true,"href":"https:\/\/orotech.lt\/en\/wp-json\/wp\/v2\/product_tag?post=27949"}],"curies":[{"name":"wp","href":"https:\/\/api.w.org\/{rel}","templated":true}]}}