{"id":27966,"date":"2025-09-09T08:50:50","date_gmt":"2025-09-09T08:50:50","guid":{"rendered":"https:\/\/orotech.lt\/ismanusis-jungiklis-rele-feelspot-fs-wb06w-wi-fi-tuya\/"},"modified":"2025-09-10T06:40:16","modified_gmt":"2025-09-10T06:40:16","slug":"ismanusis-jungiklis-rele-feelspot-fs-wb06w-wi-fi-tuya","status":"publish","type":"product","link":"https:\/\/orotech.lt\/en\/ismanusis-jungiklis-rele-feelspot-fs-wb06w-wi-fi-tuya\/","title":{"rendered":"I\u0161manusis jungiklis &#8211; r\u0117l\u0117 Feelspot FS-WB06W Wi-fi, Tuya"},"content":{"rendered":"<p>&lt;p style=&quot;text-align: justify;&quot;&gt;I&amp;scaron;manusis jungiklis &ndash; r\u0117l\u0117 Feelspot FS-WB06W &amp;nbsp;Wi-fi, Tuya gali b\u016bti valdomas nuotoliniu b\u016bdu per Tuya, &amp;bdquo;Amazon Alexa&amp;ldquo; ir &amp;bdquo;Google Home&amp;ldquo;.&lt;\/p&gt;<br \/>\n&lt;p style=&quot;text-align: justify;&quot;&gt;&lt;strong&gt;Feelspot FS-WB06W i&amp;scaron;maniojo jungiklio &ndash; r\u0117l\u0117s privalumai:&lt;\/strong&gt;&lt;\/p&gt;<br \/>\n&lt;ul&gt;<br \/>\n&lt;li style=&quot;text-align: justify;&quot;&gt;Gali b\u016bti naudojamas kaip saugiklis &#8211; apsaugo prijungtus elektros prietaisus;&lt;\/li&gt;<br \/>\n&lt;li style=&quot;text-align: justify;&quot;&gt;Su Feelspot FS-WB06W &amp;nbsp;Wi-fi, Tuya galima valdyti ap&amp;scaron;vietim\u0105, ki&amp;scaron;tukinius lizdus ar bet kuriuos kitus elektros prietaisus;&lt;\/li&gt;<br \/>\n&lt;li style=&quot;text-align: justify;&quot;&gt;Galimas veikimas pagal i&amp;scaron; anksto nustatyt\u0105 grafik\u0105, taip pat apjungimas \u012f grupes su kitais Tuya \u012frenginiais;&lt;\/li&gt;<br \/>\n&lt;li style=&quot;text-align: justify;&quot;&gt;Maksimali galia: 30A\/6600W 240V;&lt;\/li&gt;<br \/>\n&lt;li style=&quot;text-align: justify;&quot;&gt;Nesud\u0117tingas montavimas ir naudojimas. &amp;Scaron;is i&amp;scaron;manusis jungiklis &#8211; r\u0117l\u0117 nereikalauja joki\u0173 papildom\u0173 s\u0105sajos moduli\u0173, veikia su bet kuriuo 2.4Ghz WiFi mar&amp;scaron;rutizatoriumi;&lt;\/li&gt;<br \/>\n&lt;li style=&quot;text-align: justify;&quot;&gt;Galimas valdymas balsu per Google Home &amp;amp; Amazon Alexa. Galimas nuotolinis prietaiso valdymas su Tuya mobiliaja program\u0117le;&lt;\/li&gt;<br \/>\n&lt;\/ul&gt;<br \/>\n&lt;p style=&quot;text-align: justify;&quot;&gt;&lt;em&gt;&lt;strong&gt;Atsisi\u0173skite&amp;nbsp;&amp;bdquo;Tuya&amp;ldquo;&amp;nbsp;arba &amp;bdquo;Smart Life&amp;ldquo; program\u0117l\u0119 Android operacinei sistemai:&lt;\/strong&gt;&lt;\/em&gt;&lt;\/p&gt;<br \/>\n&lt;p style=&quot;text-align: justify;&quot;&gt;&lt;a href=&quot;https:\/\/play.google.com\/store\/apps\/details?id=com.tuya.smart&amp;amp;hl=lt&amp;amp;gl=US&quot; target=&quot;_blank&quot; rel=&quot;noopener&quot;&gt;&lt;img style=&quot;width: 80px; height: 80px;&quot; src=&quot;\/images\/Userfiles\/www.rubisolis.lt_tuya_app.png&quot; alt=&quot;&quot; \/&gt;&lt;\/a&gt;&amp;nbsp; &amp;nbsp;&lt;a href=&quot;https:\/\/play.google.com\/store\/apps\/details?id=com.tuya.smartlife&amp;amp;hl=lt&amp;amp;gl=US&amp;amp;pli=1&quot; target=&quot;_blank&quot; rel=&quot;noopener&quot;&gt;&lt;img style=&quot;width: 80px; height: 80px;&quot; src=&quot;\/images\/Userfiles\/www.rubisolis.lt_smart_life_app.png&quot; alt=&quot;&quot; \/&gt;&lt;\/a&gt;&lt;\/p&gt;<br \/>\n&lt;p style=&quot;text-align: justify;&quot;&gt;&lt;em&gt;&lt;strong&gt;Atsisi\u0173skite &amp;bdquo;Tuya&amp;ldquo; arba &amp;bdquo;Smart Life&amp;ldquo; program\u0117l\u0119 iOS operacinei sistemai:&amp;nbsp;&lt;\/strong&gt;&lt;\/em&gt;&lt;\/p&gt;<br \/>\n&lt;p style=&quot;text-align: justify;&quot;&gt;&lt;a href=&quot;https:\/\/apps.apple.com\/us\/app\/tuya-smart\/id1034649547&quot; target=&quot;_blank&quot; rel=&quot;noopener&quot;&gt;&lt;img style=&quot;width: 80px; height: 80px;&quot; src=&quot;\/images\/Userfiles\/www.rubisolis.lt_tuya_app.png&quot; alt=&quot;&quot; \/&gt;&lt;\/a&gt;&amp;nbsp; &amp;nbsp;&lt;a href=&quot;https:\/\/apps.apple.com\/us\/app\/smart-life-smart-living\/id1115101477&quot; target=&quot;_blank&quot; rel=&quot;noopener&quot;&gt;&lt;img style=&quot;width: 80px; height: 80px;&quot; src=&quot;\/images\/Userfiles\/www.rubisolis.lt_smart_life_app.png&quot; alt=&quot;&quot; \/&gt;&lt;\/a&gt;&lt;\/p&gt;<br \/>\n&lt;p style=&quot;text-align: justify;&quot;&gt;&lt;a class=&quot;catalogue&quot; href=&quot;\/en\/images\/Userfiles\/www.rubisolis.lt_WiFi_ir_RF_rel_Feelspot_FS-SRS02W_instrukcija_WiFi_and_RF_Smart_Relay_User_Manual_85-250V1.jpg\/&quot; target=&quot;blank&quot;&gt;Download product manual&lt;\/a&gt;&lt;\/p&gt;<\/p>","protected":false},"excerpt":{"rendered":"<p>&lt;p style=&quot;text-align: justify;&quot;&gt;I&amp;scaron;manusis jungiklis &ndash; r\u0117l\u0117 Feelspot FS-WB06W &amp;nbsp;Wi-fi, Tuya gali b\u016bti valdomas nuotoliniu b\u016bdu per Tuya, &amp;bdquo;Amazon Alexa&amp;ldquo; ir<\/p>","protected":false},"featured_media":27968,"comment_status":"closed","ping_status":"open","template":"","meta":[],"product_brand":[],"product_cat":[23],"product_tag":[535],"class_list":{"0":"post-27966","1":"product","2":"type-product","3":"status-publish","4":"has-post-thumbnail","6":"product_cat-be-kategorijos","7":"product_tag-naujiena","9":"first","10":"onbackorder","11":"taxable","12":"shipping-taxable","13":"product-type-variable"},"_links":{"self":[{"href":"https:\/\/orotech.lt\/en\/wp-json\/wp\/v2\/product\/27966","targetHints":{"allow":["GET"]}}],"collection":[{"href":"https:\/\/orotech.lt\/en\/wp-json\/wp\/v2\/product"}],"about":[{"href":"https:\/\/orotech.lt\/en\/wp-json\/wp\/v2\/types\/product"}],"replies":[{"embeddable":true,"href":"https:\/\/orotech.lt\/en\/wp-json\/wp\/v2\/comments?post=27966"}],"version-history":[{"count":1,"href":"https:\/\/orotech.lt\/en\/wp-json\/wp\/v2\/product\/27966\/revisions"}],"predecessor-version":[{"id":27967,"href":"https:\/\/orotech.lt\/en\/wp-json\/wp\/v2\/product\/27966\/revisions\/27967"}],"wp:featuredmedia":[{"embeddable":true,"href":"https:\/\/orotech.lt\/en\/wp-json\/wp\/v2\/media\/27968"}],"wp:attachment":[{"href":"https:\/\/orotech.lt\/en\/wp-json\/wp\/v2\/media?parent=27966"}],"wp:term":[{"taxonomy":"product_brand","embeddable":true,"href":"https:\/\/orotech.lt\/en\/wp-json\/wp\/v2\/product_brand?post=27966"},{"taxonomy":"product_cat","embeddable":true,"href":"https:\/\/orotech.lt\/en\/wp-json\/wp\/v2\/product_cat?post=27966"},{"taxonomy":"product_tag","embeddable":true,"href":"https:\/\/orotech.lt\/en\/wp-json\/wp\/v2\/product_tag?post=27966"}],"curies":[{"name":"wp","href":"https:\/\/api.w.org\/{rel}","templated":true}]}}