{"id":28000,"date":"2025-09-09T08:50:50","date_gmt":"2025-09-09T08:50:50","guid":{"rendered":"https:\/\/orotech.lt\/grindu-apsvietimo-modulis-feelspot-juodas\/"},"modified":"2025-09-10T06:40:22","modified_gmt":"2025-09-10T06:40:22","slug":"grindu-apsvietimo-modulis-feelspot-juodas","status":"publish","type":"product","link":"https:\/\/orotech.lt\/en\/grindu-apsvietimo-modulis-feelspot-juodas\/","title":{"rendered":"Grind\u0173 ap\u0161vietimo modulis Feelspot, juodas"},"content":{"rendered":"<p style=\"text-align: justify;\">Juodos spalvos <strong>grind\u0173 ap\u0161vietimo modulis<\/strong> Feelspot FSMPSR02B (be r\u0117melio). Kompakti\u0161ko dyd\u017eio sensorinis ap\u0161vietimo modulis skleid\u017eia 5 skirtingas spalvas. Taip pat \u0161is prietaisas turi dimeriavimo funkcij\u0105. \u0160iuolaiki\u0161ko dizaino montuojamas grind\u0173 ap\u0161vietimo modulis sukurs jauk\u0173 ap\u0161vietim\u0105 tiek dienos, tiek nakties metu.<\/p>\n<p style=\"text-align: justify;\"><strong>Vienas pagrindini\u0173<\/strong> \u0161io grind\u0173 ap\u0161vietimo modulio <strong>privalum\u0173 <\/strong>&ndash; jis <strong>turi \u012fmontuot\u0105 judesio davikl\u012f. <\/strong>Vadinasi, i\u0161vengiama perteklinio elektros energijos suvartojimo, taip pat nebereikia rankiniu b\u016bdu \u012fjungti ar i\u0161jungti \u0161viesos, o tai ypa\u010d patogu tamsiuoju paros metu.<\/p>","protected":false},"excerpt":{"rendered":"<p>Juodos spalvos grind\u0173 ap\u0161vietimo modulis Feelspot FSMPSR02B (be r\u0117melio). Kompakti\u0161ko dyd\u017eio sensorinis ap\u0161vietimo modulis skleid\u017eia 5 skirtingas spalvas. Taip pat<\/p>","protected":false},"featured_media":28002,"comment_status":"closed","ping_status":"open","template":"","meta":[],"product_brand":[],"product_cat":[23],"product_tag":[535],"class_list":{"0":"post-28000","1":"product","2":"type-product","3":"status-publish","4":"has-post-thumbnail","6":"product_cat-be-kategorijos","7":"product_tag-naujiena","9":"first","10":"onbackorder","11":"taxable","12":"shipping-taxable","13":"product-type-variable"},"_links":{"self":[{"href":"https:\/\/orotech.lt\/en\/wp-json\/wp\/v2\/product\/28000","targetHints":{"allow":["GET"]}}],"collection":[{"href":"https:\/\/orotech.lt\/en\/wp-json\/wp\/v2\/product"}],"about":[{"href":"https:\/\/orotech.lt\/en\/wp-json\/wp\/v2\/types\/product"}],"replies":[{"embeddable":true,"href":"https:\/\/orotech.lt\/en\/wp-json\/wp\/v2\/comments?post=28000"}],"version-history":[{"count":1,"href":"https:\/\/orotech.lt\/en\/wp-json\/wp\/v2\/product\/28000\/revisions"}],"predecessor-version":[{"id":28001,"href":"https:\/\/orotech.lt\/en\/wp-json\/wp\/v2\/product\/28000\/revisions\/28001"}],"wp:featuredmedia":[{"embeddable":true,"href":"https:\/\/orotech.lt\/en\/wp-json\/wp\/v2\/media\/28002"}],"wp:attachment":[{"href":"https:\/\/orotech.lt\/en\/wp-json\/wp\/v2\/media?parent=28000"}],"wp:term":[{"taxonomy":"product_brand","embeddable":true,"href":"https:\/\/orotech.lt\/en\/wp-json\/wp\/v2\/product_brand?post=28000"},{"taxonomy":"product_cat","embeddable":true,"href":"https:\/\/orotech.lt\/en\/wp-json\/wp\/v2\/product_cat?post=28000"},{"taxonomy":"product_tag","embeddable":true,"href":"https:\/\/orotech.lt\/en\/wp-json\/wp\/v2\/product_tag?post=28000"}],"curies":[{"name":"wp","href":"https:\/\/api.w.org\/{rel}","templated":true}]}}