{"id":28010,"date":"2025-09-09T08:55:02","date_gmt":"2025-09-09T08:55:02","guid":{"rendered":"https:\/\/orotech.lt\/vidaus-ip-kamera-feelspot-fs-ic01w-wifi-tuya\/"},"modified":"2025-09-10T06:40:24","modified_gmt":"2025-09-10T06:40:24","slug":"vidaus-ip-kamera-feelspot-fs-ic01w-wifi-tuya","status":"publish","type":"product","link":"https:\/\/orotech.lt\/en\/vidaus-ip-kamera-feelspot-fs-ic01w-wifi-tuya\/","title":{"rendered":"Vidaus IP kamera Feelspot FS-IC01W WiFi, Tuya"},"content":{"rendered":"<p style=\"text-align: justify;\"><strong>Vidaus kamera Feelspot&nbsp;FS-IC01W<\/strong>&nbsp;<strong>WiFi<\/strong>&nbsp;skirta nam\u0173, ofis\u0173, sodyb\u0173, but\u0173, laiptin\u0117s ar bet kurios kitos zonos vidaus aplinkai steb\u0117ti. 2 megapikseli\u0173 naujos kartos vaizdo&nbsp;steb\u0117jimo kamera&nbsp;Feelspot FS-IC01W&nbsp;u\u017etikrins auk\u0161\u010diausi\u0105 \u012fra\u0161\u0173 kokyb\u0119 ir ilgaam\u017e\u012f \u012frangos naudojim\u0105!<\/p>\n<p style=\"text-align: justify;\">D\u0117ka integruotos WiFi funkcijos, vidaus kamer\u0105 Feelspot FS-IC01W galima valdyti mobilioje&nbsp;program\u0117l\u0117je &bdquo;Tuya&quot;.&nbsp;\u012ediegimas greitas ir paprastas &#8211; tereikia mobiliojo telefono ir belaid\u017eio WiFi tinklo. Be vis\u0173 nustatym\u0173 valdymo,&nbsp;&bdquo;Tuya&quot; program\u0117l\u0117je&nbsp;galite \u012fjungti judesio aptikim\u0105, kad jis b\u016bt\u0173 \u012fjungtas vis\u0105 laik\u0105 arba suplanuoti, kad kamera b\u016bt\u0173 aktyvi tik tam tikru paros metu. Taip pat galite \u012fra\u0161yti realaus laiko vaizdo \u012fra\u0161\u0105, saugom\u0105 telefone.&nbsp;<\/p>\n<p style=\"text-align: justify;\">Pan \/ Tilt (PT) funkcija leid\u017eia kamer\u0105 valdyti iki 350 laipsni\u0173 horizontaliai ir iki 120 laipsni\u0173 vertikaliai rankiniu b\u016bdu arba su i\u0161mani\u0105ja program\u0117le. \u012emontuoto judesio aptikimo detektoriaus d\u0117ka Jus mobiliajame telefone informuos apie u\u017efiksuot\u0105 judes\u012f filmuojamoje patalpoje. Kamer\u0105 galima montuoti prie lub\u0173, sienos ar tiesiog laikyti pastatyt\u0105 ant lygaus pavir\u0161iaus. Norint \u012fra\u0161yti apsaugos kameros med\u017eiag\u0105, yra specialus microSD kortel\u0117s lizdas, kurioje i\u0161saugomas \u012fra\u0161as. <strong>\u0160i vaizdo kamera gali puikiai atlikti mobilios aukl\u0117s funkcij\u0105 ar net leis patikrinti, kaip laikosi J\u016bs\u0173 augintinis tuo metu, kai J\u016bs\u0173 n\u0117ra namuose!&nbsp;<\/strong><\/p>\n<p style=\"text-align: justify;\"><strong>Features:<\/strong><\/p>\n<ul>\n<li>\n\t\tJudesio aptikimo ir sekimo funkcija;<\/li>\n<li>\n\t\tGarso aptikimo funkcija;<\/li>\n<li>\n\t\tPrivatumo funkcija (i\u0161jungus filmavim\u0105, kamera veikia bud\u0117jimo re\u017eimu).<\/li>\n<\/ul>\n<p style=\"text-align: justify;\"><strong>Technical characteristics:<\/strong><\/p>\n<ul>\n<li>\n\t\tRai\u0161ka: 2 megapikseliai;<\/li>\n<li>\n\t\tPaskirtis: vidaus patalpos;<\/li>\n<li>\n\t\tVideo kompresija: H.264;<\/li>\n<li>\n\t\tRy\u0161ys: belaidis (Wi-Fi\/ 802.11\/b\/g\/n, 2.4GHz);<\/li>\n<li>\n\t\tPan \/ Tilt (PT): 350&deg;&nbsp;\/ 120&deg;;<\/li>\n<li>\n\t\tVaizdo kadr\u0173 da\u017enis: 30 kadr\u0173 per sekund\u0119; 1920 x 1080;<\/li>\n<li>\n\t\tNaktinis matymas: 9 IR LED lemput\u0117s (diapazonas: 5-10m);&nbsp; &nbsp;<\/li>\n<li>\n\t\tmicroSD kortel\u0117s lizdas;<\/li>\n<li>\n\t\tDvipusis audio ry\u0161ys&nbsp;&ndash; integruotas mikrofonas ir garsiakalbis.<\/li>\n<\/ul>\n<p><strong>The package includes:<\/strong><\/p>\n<ul>\n<li>\n\t\tKamera;<\/li>\n<li>\n\t\tMaitinimo kabelis su ki\u0161tuku, 1 vnt.;<\/li>\n<li>\n\t\tFastening details.<\/li>\n<\/ul>\n<p style=\"text-align: justify;\"><a class=\"catalogue\" href=\"\/en\/images\/Userfiles\/www.rubisolis.lt_ismani_kamera_feelspot.pdf\/\" target=\"blank\">Download product manual <\/a><\/p>","protected":false},"excerpt":{"rendered":"<p>Vidaus kamera Feelspot&nbsp;FS-IC01W&nbsp;WiFi&nbsp;skirta nam\u0173, ofis\u0173, sodyb\u0173, but\u0173, laiptin\u0117s ar bet kurios kitos zonos vidaus aplinkai steb\u0117ti. 2 megapikseli\u0173 naujos kartos<\/p>","protected":false},"featured_media":28012,"comment_status":"closed","ping_status":"open","template":"","meta":[],"product_brand":[],"product_cat":[23],"product_tag":[535],"class_list":{"0":"post-28010","1":"product","2":"type-product","3":"status-publish","4":"has-post-thumbnail","6":"product_cat-be-kategorijos","7":"product_tag-naujiena","9":"first","10":"onbackorder","11":"taxable","12":"shipping-taxable","13":"product-type-variable"},"_links":{"self":[{"href":"https:\/\/orotech.lt\/en\/wp-json\/wp\/v2\/product\/28010","targetHints":{"allow":["GET"]}}],"collection":[{"href":"https:\/\/orotech.lt\/en\/wp-json\/wp\/v2\/product"}],"about":[{"href":"https:\/\/orotech.lt\/en\/wp-json\/wp\/v2\/types\/product"}],"replies":[{"embeddable":true,"href":"https:\/\/orotech.lt\/en\/wp-json\/wp\/v2\/comments?post=28010"}],"version-history":[{"count":1,"href":"https:\/\/orotech.lt\/en\/wp-json\/wp\/v2\/product\/28010\/revisions"}],"predecessor-version":[{"id":28011,"href":"https:\/\/orotech.lt\/en\/wp-json\/wp\/v2\/product\/28010\/revisions\/28011"}],"wp:featuredmedia":[{"embeddable":true,"href":"https:\/\/orotech.lt\/en\/wp-json\/wp\/v2\/media\/28012"}],"wp:attachment":[{"href":"https:\/\/orotech.lt\/en\/wp-json\/wp\/v2\/media?parent=28010"}],"wp:term":[{"taxonomy":"product_brand","embeddable":true,"href":"https:\/\/orotech.lt\/en\/wp-json\/wp\/v2\/product_brand?post=28010"},{"taxonomy":"product_cat","embeddable":true,"href":"https:\/\/orotech.lt\/en\/wp-json\/wp\/v2\/product_cat?post=28010"},{"taxonomy":"product_tag","embeddable":true,"href":"https:\/\/orotech.lt\/en\/wp-json\/wp\/v2\/product_tag?post=28010"}],"curies":[{"name":"wp","href":"https:\/\/api.w.org\/{rel}","templated":true}]}}