{"id":28018,"date":"2025-09-09T08:55:02","date_gmt":"2025-09-09T08:55:02","guid":{"rendered":"https:\/\/orotech.lt\/vidaus-ip-kamera-feelspot-fs-24wf3a3-wifi-tuya\/"},"modified":"2025-09-10T06:40:25","modified_gmt":"2025-09-10T06:40:25","slug":"vidaus-ip-kamera-feelspot-fs-24wf3a3-wifi-tuya","status":"publish","type":"product","link":"https:\/\/orotech.lt\/en\/vidaus-ip-kamera-feelspot-fs-24wf3a3-wifi-tuya\/","title":{"rendered":"Vidaus IP kamera Feelspot FS-24WF3A3 WiFi, Tuya"},"content":{"rendered":"<p style=\"text-align: justify;\">3 megapikseli\u0173 <strong>vidaus kamera Feelspot&nbsp;FS-24WF3A3<\/strong>&nbsp;<strong>WiFi<\/strong>&nbsp;skirta nam\u0173, ofis\u0173, sodyb\u0173, buto ar bet kurios kitos zonos vidaus aplinkai steb\u0117ti. Naujos kartos <strong>vaizdo&nbsp;steb\u0117jimo kamera&nbsp;Feelspot FS-24WF3A3<\/strong>&nbsp;u\u017etikrins auk\u0161\u010diausi\u0105 \u012fra\u0161\u0173 kokyb\u0119 ir ilgaam\u017e\u012f \u012frangos naudojim\u0105.&nbsp;Viskas, ko reikia, tai pritvirtinti vaizdo steb\u0117jimo \u012frang\u0105 prie lub\u0173 ar norimos sienos, arba tiesiog pasid\u0117ti Jums patogioje vietoje. Norint \u012fra\u0161yti apsaugos kameros med\u017eiag\u0105, Jums prireiks specialios 128 GB talpos TF kortel\u0117s (\u012f komplektacij\u0105 ne\u012feina), kuri dedasi \u012f tam skirt\u0105 special\u0173 lizd\u0105. Stilinga<strong> vidaus kamera Feelspot<\/strong> <strong>FS-24WF3A3<\/strong>&nbsp;WiFi&nbsp;turi integruot\u0105 garsiakalb\u012f ir mikrofon\u0105, o tai pravers, jei esate per atstum\u0105 ir norite bendrauti su \u0161alia kameros esan\u010diu asmeniu. Pan \/ Tilt (PT) funkcija leid\u017eia kamer\u0105 valdyti iki 355 laipsni\u0173 horizontaliai ir 90 laipsni\u0173 vertikaliai rankiniu b\u016bdu arba naudojant judesio aptikim\u0105, kai kamera seka judant\u012f objekt\u0105. Dienos metu matomas \u012frangos atstumas yra iki 30 metr\u0173, o naktinio matymo atstumas &#8211; iki 10 metr\u0173.<\/p>\n<p style=\"text-align: justify;\">D\u0117ka integruotos WiFi funkcijos, vidaus kamer\u0105 Feelspot FS-24WF3A3&nbsp;galima valdyti mobilioje&nbsp;program\u0117l\u0117je &bdquo;Tuya&quot;.&nbsp;\u012ediegimas greitas ir paprastas &#8211; tereikia mobiliojo telefono ir belaid\u017eio WiFi tinklo. Be vis\u0173 nustatym\u0173 valdymo,&nbsp;&bdquo;Tuya&quot; program\u0117l\u0117je&nbsp;galite \u012fjungti judesio aptikim\u0105, kad jis b\u016bt\u0173 \u012fjungtas vis\u0105 laik\u0105 arba suplanuoti, kad kamera b\u016bt\u0173 aktyvi tik tam tikru paros metu bei gauti prane\u0161imus apie u\u017efiksuot\u0105 judes\u012f tiesiai \u012f savo i\u0161man\u0173j\u012f telefon\u0105.&nbsp;<strong>\u0160i vaizdo kamera gali puikiai atlikti mobilios aukl\u0117s funkcij\u0105 bei leis steb\u0117ti k\u0105 veikia j\u016bs\u0173 augintiniai vieni palikti namuose!<\/strong><\/p>\n<p style=\"text-align: justify;\"><strong>Advantages:<\/strong><\/p>\n<ul>\n<li>\n\t\tAuk\u0161ta Full HD \u012fra\u0161\u0173 kokyb\u0117;<\/li>\n<li>\n\t\tWiFi 2.4G ry\u0161ys;<\/li>\n<li>\n\t\t\u012era\u0161\u0173 ir kit\u0173 funkcij\u0173 steb\u0117jimas mobilioje &quot;Tuya&quot; program\u0117l\u0117je;<\/li>\n<li>\n\t\tNaktinis filmavimas iki 10 metr\u0173;<\/li>\n<li>\n\t\tIntegruoti 6 vnt. LED leid\u017eia tamsoje matyti ry\u0161kesn\u012f vaizd\u0105;&nbsp;<\/li>\n<li>\n\t\tJudesio aptikimo ir sekimo funkcija;<\/li>\n<li>\n\t\tPlatus filmavimo kampas;<\/li>\n<li>\n\t\tPrane\u0161imai \u012f telefon\u0105;<\/li>\n<li>\n\t\tValdymas balsu: Amazon Alexa, Google Home;<\/li>\n<li>\n\t\tIntegruotas garsiakalbis ir mikrofonas.&nbsp;&nbsp;<\/li>\n<\/ul>\n<p style=\"text-align: justify;\"><strong>Technical characteristics:<\/strong><\/p>\n<ul>\n<li>\n\t\tRai\u0161ka: 3 megapikseliai;<\/li>\n<li>\n\t\tRezoliucija: 1920&#215;1080 p;<\/li>\n<li>\n\t\tProtokolas: 2.4G WiFi;<\/li>\n<li>\n\t\tMatmenys:&nbsp;145 x 85 x 95 mm;<\/li>\n<li>\n\t\tPaskirtis: vidaus patalpos;<\/li>\n<li>\n\t\tVideo kompresija: H.265;<\/li>\n<li>\n\t\tPan \/ Tilt (PT) funkcija: 355&ordm; \/ 90&ordm;;<\/li>\n<li>\n\t\tMaitinimas: 5V<\/li>\n<li>\n\t\tTalpa: TF kortel\u0117 128GB (\u012f komplektacij\u0105 ne\u012feina);<\/li>\n<li>\n\t\tRy\u0161ys: belaidis WEP\/WPA\/WPA2.<\/li>\n<\/ul>\n<p><strong>\u012e komplektacij\u0105 \u012feina:<\/strong><\/p>\n<ul>\n<li>\n\t\tVidaus IP kamera Feelspot FS-24WF3A3&nbsp;WiFi, Tuya;<\/li>\n<li>\n\t\tMaitinimo laidas micro USB;<\/li>\n<li>\n\t\tFastening details.<\/li>\n<\/ul>\n<p style=\"text-align: justify;\"><a class=\"catalogue\" href=\"\/en\/images\/Userfiles\/My_folder\/IP_Wifi_kameru_instrukcija_EN-compressed.pdf\/\" target=\"blank\">Download product manual <\/a><\/p>","protected":false},"excerpt":{"rendered":"<p>3 megapikseli\u0173 vidaus kamera Feelspot&nbsp;FS-24WF3A3&nbsp;WiFi&nbsp;skirta nam\u0173, ofis\u0173, sodyb\u0173, buto ar bet kurios kitos zonos vidaus aplinkai steb\u0117ti. Naujos kartos vaizdo&nbsp;steb\u0117jimo<\/p>","protected":false},"featured_media":28020,"comment_status":"closed","ping_status":"open","template":"","meta":[],"product_brand":[],"product_cat":[23],"product_tag":[535],"class_list":{"0":"post-28018","1":"product","2":"type-product","3":"status-publish","4":"has-post-thumbnail","6":"product_cat-be-kategorijos","7":"product_tag-naujiena","9":"first","10":"onbackorder","11":"taxable","12":"shipping-taxable","13":"product-type-variable"},"_links":{"self":[{"href":"https:\/\/orotech.lt\/en\/wp-json\/wp\/v2\/product\/28018","targetHints":{"allow":["GET"]}}],"collection":[{"href":"https:\/\/orotech.lt\/en\/wp-json\/wp\/v2\/product"}],"about":[{"href":"https:\/\/orotech.lt\/en\/wp-json\/wp\/v2\/types\/product"}],"replies":[{"embeddable":true,"href":"https:\/\/orotech.lt\/en\/wp-json\/wp\/v2\/comments?post=28018"}],"version-history":[{"count":1,"href":"https:\/\/orotech.lt\/en\/wp-json\/wp\/v2\/product\/28018\/revisions"}],"predecessor-version":[{"id":28019,"href":"https:\/\/orotech.lt\/en\/wp-json\/wp\/v2\/product\/28018\/revisions\/28019"}],"wp:featuredmedia":[{"embeddable":true,"href":"https:\/\/orotech.lt\/en\/wp-json\/wp\/v2\/media\/28020"}],"wp:attachment":[{"href":"https:\/\/orotech.lt\/en\/wp-json\/wp\/v2\/media?parent=28018"}],"wp:term":[{"taxonomy":"product_brand","embeddable":true,"href":"https:\/\/orotech.lt\/en\/wp-json\/wp\/v2\/product_brand?post=28018"},{"taxonomy":"product_cat","embeddable":true,"href":"https:\/\/orotech.lt\/en\/wp-json\/wp\/v2\/product_cat?post=28018"},{"taxonomy":"product_tag","embeddable":true,"href":"https:\/\/orotech.lt\/en\/wp-json\/wp\/v2\/product_tag?post=28018"}],"curies":[{"name":"wp","href":"https:\/\/api.w.org\/{rel}","templated":true}]}}