{"id":28031,"date":"2025-09-09T08:55:02","date_gmt":"2025-09-09T08:55:02","guid":{"rendered":"https:\/\/orotech.lt\/lauko-ip-kamera-su-saules-baterija-feelspot-fs-24wt3f3-wifi-tuya\/"},"modified":"2025-09-10T06:40:28","modified_gmt":"2025-09-10T06:40:28","slug":"lauko-ip-kamera-su-saules-baterija-feelspot-fs-24wt3f3-wifi-tuya","status":"publish","type":"product","link":"https:\/\/orotech.lt\/en\/lauko-ip-kamera-su-saules-baterija-feelspot-fs-24wt3f3-wifi-tuya\/","title":{"rendered":"Lauko IP kamera su saul\u0117s baterija Feelspot FS-24WT3F3 WiFi, Tuya"},"content":{"rendered":"<p style=\"text-align: justify;\"><span style=\"color:#000;\"><strong>Lauko IP kamera su saul\u0117s baterija Feelspot FS-24WT3F3 WiFi, Tuya<\/strong><\/span><\/p>\n<p style=\"text-align: justify;\">3 megapikseli\u0173 IP vaizdo kamera su saul\u0117s baterija Feelspot FS-24WT3F3 WiFi, Tuya skirta lauko zonos aplinkai steb\u0117ti. Auk\u0161tos rezoliucijos (2304x1296p) vaizdo steb\u0117jimo kamera Feelspot u\u017etikrins auk\u0161\u010diausi\u0105 \u012fra\u0161\u0173 kokyb\u0119, o IP65 apsaugos klas\u0117 &ndash; ilgaam\u017e\u012f \u012frangos naudojim\u0105. Viskas, ko reikia, tai pritvirtinti steb\u0117jimo \u012frang\u0105 planuojamoje steb\u0117ti vietoje bei susieti \u012frengin\u012f su saul\u0117s baterija ir &quot;Tuya&quot; program\u0117le!&nbsp;&nbsp;<\/p>\n<p style=\"text-align: justify;\"><strong>Viena steb\u0117jimo kamera &ndash; daugyb\u0117 privalum\u0173!<br \/>\n\t<\/strong><\/p>\n<p style=\"text-align: justify;\">I\u0161manioji lauko steb\u0117jimo kamera Feelspot FS-24WT3F3 su saul\u0117s baterija&nbsp;turi judesio aptikimo funkcij\u0105, o apie kiekvien\u0105 u\u017efiksuot\u0105 judes\u012f su\u017einosite savo i\u0161maniajame telefone. Pan \/ Tilt (PT) funkcija leid\u017eia kamer\u0105 valdyti iki 355 laipsni\u0173 horizontaliai ir 90 laipsni\u0173 vertikaliai&nbsp;tiek rankiniu b\u016bdu, tiek &quot;Tuya&quot; program\u0117l\u0117je.&nbsp;Steb\u0117jimo kamera kokybi\u0161kai filmuoja ne tik dienos metu, bet ir nakties &ndash; su iki 30 metr\u0173 IR naktiniu matymu gal\u0117site jaustis saug\u016bs ir tamsiuoju paros metu. Stilinga lauko steb\u0117jimo kamera Feelspot FS-24WT3F3&nbsp;WiFi turi integruot\u0105 garsiakalb\u012f ir mikrofon\u0105, o tai pravers, jei esate per atstum\u0105 ir norite bendrauti su \u0161alia kameros esan\u010diu asmeniu. Norint \u012fra\u0161yti apsaugos kameros med\u017eiag\u0105, Jums prireiks specialios iki 128 GB talpos Micro SD kortel\u0117s (\u012f komplekt\u0105 ne\u012feina), kuri dedasi \u012f tam skirt\u0105 special\u0173 lizd\u0105. Taip pat, nufilmuota med\u017eiaga gali b\u016bti i\u0161saugojama ir debesyje (mokama paslauga).<\/p>\n<p style=\"text-align: justify;\">D\u0117ka integruotos WiFi funkcijos, lauko kamer\u0105 Feelspot FS-24WT3F3&nbsp;galima valdyti mobilioje program\u0117l\u0117je &bdquo;Tuya&quot;. \u012ediegimas greitas ir paprastas &ndash; tereikia mobiliojo telefono ir belaid\u017eio WiFi tinklo. Be vis\u0173 nustatym\u0173 valdymo, &bdquo;Tuya&quot; program\u0117l\u0117je galite \u012fjungti judesio aptikim\u0105, kad jis b\u016bt\u0173 \u012fjungtas vis\u0105 laik\u0105 arba suplanuoti, kad kamera b\u016bt\u0173 aktyvi tik tam tikru paros metu bei gauti prane\u0161imus apie u\u017efiksuot\u0105 judes\u012f tiesiai \u012f savo i\u0161man\u0173j\u012f telefon\u0105. Vaizdo steb\u0117jimo kamera Feelspot FS-24WT3F3&nbsp;yra pilnai belaid\u0117 &ndash; jai nereikia maitinimo \u0161altinio, nes turi vidin\u0119 4000mAh li\u010dio baterij\u0105, kuri\u0105 dienos metu \u012fkrauna saul\u0117s kolektori\u0173 panel\u0117. &nbsp;<\/p>\n<p style=\"text-align: justify;\"><strong>Advantages:<\/strong><\/p>\n<ul>\n<li>\n\t\t\u012ekrovimas saul\u0117s kolektoriumi;&nbsp;<\/li>\n<li>\n\t\tAuk\u0161ta HD \u012fra\u0161\u0173 kokyb\u0117;<\/li>\n<li>\n\t\t&bdquo;Floodlight&ldquo; funkcija (su galimybe i\u0161jungti) &ndash; LED ap\u0161vietimo \u012fsijungimas, kamerai u\u017efiksavus judes\u012f;<\/li>\n<li>\n\t\tWiFi ry\u0161ys;<\/li>\n<li>\n\t\t\u012era\u0161\u0173 ir kit\u0173 funkcij\u0173 steb\u0117jimas mobilioje &quot;Tuya&quot; program\u0117l\u0117je;<\/li>\n<li>\n\t\tNaktinis filmavimas iki 30 m;<\/li>\n<li>\n\t\tTalpi vidin\u0117 li\u010dio baterija &ndash; net 4000mAh;&nbsp;<\/li>\n<li>\n\t\tJudesio aptikimo funkcija;<\/li>\n<li>\n\t\tPlatus filmavimo kampas;<\/li>\n<li>\n\t\tIntegruotas garsiakalbis ir mikrofonas.&nbsp;&nbsp;<\/li>\n<\/ul>\n<p style=\"text-align: justify;\"><strong>Technical characteristics:<\/strong><\/p>\n<ul>\n<li>\n\t\tRai\u0161ka: 3 megapikseliai;<\/li>\n<li>\n\t\tRezoliucija:&nbsp;2304x1296p, HD;<\/li>\n<li>\n\t\tPaskirtis: lauko zona;<\/li>\n<li>\n\t\tProtection class: IP65;<\/li>\n<li>\n\t\tPan \/ Tilt: 355&deg;&nbsp;\/ 90&deg;;<\/li>\n<li>\n\t\tProtokolas: WiFi;<\/li>\n<li>\n\t\tMatmenys: 197 x 180 x 138 mm;<\/li>\n<li>\n\t\tSvoris: 0.99 kg;<\/li>\n<li>\n\t\tVideo kompresija: H.264 \/ H.265;&nbsp;<\/li>\n<li>\n\t\tBaterijos talpa: 4000mAh;<\/li>\n<li>\n\t\tMaitinimas: DC 5V 2A;<\/li>\n<li>\n\t\tMicro SD kortel\u0117s lizdas iki 128 GB.<\/li>\n<\/ul>\n<p style=\"text-align: justify;\"><strong>\u012e komplektacij\u0105 \u012feina:<\/strong><\/p>\n<ul>\n<li>\n\t\tI\u0161manioji lauko kamera su saul\u0117s baterija Feelspot FS-24WT3F3&nbsp;WiFi, Tuya;<\/li>\n<li>\n\t\tSaul\u0117s kolektorius;<\/li>\n<li>\n\t\tTvirtinimo dalys.<\/li>\n<\/ul>\n<p style=\"text-align: justify;\"><a class=\"catalogue\" href=\"\/en\/images\/Userfiles\/My_folder\/IP_Wifi_kameru_instrukcija_EN-compressed.pdf\/\" target=\"blank\">Download product manual <\/a><\/p>","protected":false},"excerpt":{"rendered":"<p>Lauko IP kamera su saul\u0117s baterija Feelspot FS-24WT3F3 WiFi, Tuya 3 megapikseli\u0173 IP vaizdo kamera su saul\u0117s baterija Feelspot FS-24WT3F3<\/p>","protected":false},"featured_media":28033,"comment_status":"closed","ping_status":"open","template":"","meta":[],"product_brand":[],"product_cat":[23],"product_tag":[535],"class_list":{"0":"post-28031","1":"product","2":"type-product","3":"status-publish","4":"has-post-thumbnail","6":"product_cat-be-kategorijos","7":"product_tag-naujiena","9":"first","10":"onbackorder","11":"taxable","12":"shipping-taxable","13":"product-type-variable"},"_links":{"self":[{"href":"https:\/\/orotech.lt\/en\/wp-json\/wp\/v2\/product\/28031","targetHints":{"allow":["GET"]}}],"collection":[{"href":"https:\/\/orotech.lt\/en\/wp-json\/wp\/v2\/product"}],"about":[{"href":"https:\/\/orotech.lt\/en\/wp-json\/wp\/v2\/types\/product"}],"replies":[{"embeddable":true,"href":"https:\/\/orotech.lt\/en\/wp-json\/wp\/v2\/comments?post=28031"}],"version-history":[{"count":1,"href":"https:\/\/orotech.lt\/en\/wp-json\/wp\/v2\/product\/28031\/revisions"}],"predecessor-version":[{"id":28032,"href":"https:\/\/orotech.lt\/en\/wp-json\/wp\/v2\/product\/28031\/revisions\/28032"}],"wp:featuredmedia":[{"embeddable":true,"href":"https:\/\/orotech.lt\/en\/wp-json\/wp\/v2\/media\/28033"}],"wp:attachment":[{"href":"https:\/\/orotech.lt\/en\/wp-json\/wp\/v2\/media?parent=28031"}],"wp:term":[{"taxonomy":"product_brand","embeddable":true,"href":"https:\/\/orotech.lt\/en\/wp-json\/wp\/v2\/product_brand?post=28031"},{"taxonomy":"product_cat","embeddable":true,"href":"https:\/\/orotech.lt\/en\/wp-json\/wp\/v2\/product_cat?post=28031"},{"taxonomy":"product_tag","embeddable":true,"href":"https:\/\/orotech.lt\/en\/wp-json\/wp\/v2\/product_tag?post=28031"}],"curies":[{"name":"wp","href":"https:\/\/api.w.org\/{rel}","templated":true}]}}