{"id":28035,"date":"2025-09-09T08:55:02","date_gmt":"2025-09-09T08:55:02","guid":{"rendered":"https:\/\/orotech.lt\/lauko-4g-ip-kamera-su-saules-baterija-feelspot-fs-24wt1f3-tuya\/"},"modified":"2025-09-10T06:40:28","modified_gmt":"2025-09-10T06:40:28","slug":"lauko-4g-ip-kamera-su-saules-baterija-feelspot-fs-24wt1f3-tuya","status":"publish","type":"product","link":"https:\/\/orotech.lt\/en\/lauko-4g-ip-kamera-su-saules-baterija-feelspot-fs-24wt1f3-tuya\/","title":{"rendered":"Lauko 4G IP kamera su saul\u0117s baterija Feelspot FS-24WT1F3, Tuya"},"content":{"rendered":"<p style=\"text-align: justify;\">3 megapikseli\u0173&nbsp;4G<strong> <\/strong>IP<strong>&nbsp;vaizdo kamera su saul\u0117s baterija Feelspot FS-24WT1F3 Tuya<\/strong>&nbsp;skirta lauko zonos aplinkai steb\u0117ti. Auk\u0161tos rezoliucijos (2304x1296p) vaizdo steb\u0117jimo kamera Feelspot u\u017etikrins auk\u0161\u010diausi\u0105 \u012fra\u0161\u0173 kokyb\u0119, o IP66 apsaugos klas\u0117 &ndash; ilgaam\u017e\u012f \u012frangos naudojim\u0105. Viskas, ko reikia, tai pritvirtinti steb\u0117jimo \u012frang\u0105 planuojamoje steb\u0117ti vietoje bei susieti \u012frengin\u012f su saul\u0117s baterija ir &quot;Tuya&quot; program\u0117le!&nbsp;<\/p>\n<p style=\"text-align: justify;\"><strong>Dar daugiau patogum\u0173 su SIM kortele ir saul\u0117s kolektorine<\/strong><\/p>\n<p style=\"text-align: justify;\">Naujos kartos 4 G<strong> vaizdo steb\u0117jimo kamera Feelspot FS-24WT1F3, <\/strong>galinti veikti<strong>&nbsp;<\/strong>su SIM kortele per greit\u0105 4 G tinkl\u0105, tod\u0117l neb\u016bna vaizdo u\u017estrigim\u0173 ar kit\u0173 trikd\u017ei\u0173.&nbsp;Steb\u0117jimo kameros su SIM kortele da\u017eniausiai naudojamos ten, kur n\u0117ra galimyb\u0117s pajungti stacionaraus WiFi interneto, tod\u0117l ypa\u010d tinkama steb\u0117ti sodyb\u0105, sand\u0117lius, ofisus ir kt. <strong>Vaizdo steb\u0117jimo kamera Feelspot FS-24WT1F3<\/strong>&nbsp;yra pilnai belaid\u0117 &ndash; jai nereikia maitinimo \u0161altinio, nes turi vidin\u0119 12600mAh li\u010dio baterij\u0105, kuri\u0105 dienos metu \u012fkrauna 7.5W saul\u0117s kolektori\u0173 panel\u0117.&nbsp;<\/p>\n<p style=\"text-align: justify;\"><strong>Viena steb\u0117jimo kamera &ndash; daugyb\u0117 privalum\u0173!<br \/>\n\t<\/strong><\/p>\n<p style=\"text-align: justify;\">I\u0161manioji 4G<strong> vaizdo steb\u0117jimo kamera Feelspot FS-24WT1F3<\/strong>&nbsp;su saul\u0117s baterija&nbsp;turi judesio aptikimo funkcij\u0105, o apie kiekvien\u0105 u\u017efiksuot\u0105 judes\u012f i\u0161 karto su\u017einosite savo i\u0161maniajame telefone &quot;Tuya&quot; program\u0117l\u0117je. Pan \/ Tilt (PT) funkcija leid\u017eia kamer\u0105 valdyti iki 270 laipsni\u0173 horizontaliai ir 90 laipsni\u0173 vertikaliai tiek rankiniu b\u016bdu, tiek &quot;Tuya&quot; program\u0117l\u0117je. Steb\u0117jimo kamera kokybi\u0161kai filmuoja ne tik dienos metu, bet ir nakties &ndash; su 15 metr\u0173 IR naktiniu matymu gal\u0117site jaustis saug\u016bs ir tamsiuoju paros metu. Stilinga lauko steb\u0117jimo kamera turi integruot\u0105 garsiakalb\u012f ir mikrofon\u0105, o tai pravers, jei esate per atstum\u0105 ir norite bendrauti su \u0161alia kameros esan\u010diu asmeniu. Prie kameros galima prisijungti realiu laiku ir matyti einamojo laiko vaizd\u0105, taip pat galima per\u017ei\u016br\u0117ti jau \u012fra\u0161ytus vaizdo \u012fra\u0161us.&nbsp;Norint \u012fra\u0161yti vaizdo kameros med\u017eiag\u0105, Jums prireiks specialios iki 128 GB talpos Micro SD kortel\u0117s (\u012f komplekt\u0105 ne\u012feina), kuri dedasi \u012f tam special\u0173 lizd\u0105.&nbsp;<\/p>\n<p style=\"text-align: justify;\"><strong>Advantages:<\/strong><\/p>\n<ul>\n<li>\n\t\t\u012ekrovimas 7,5W saul\u0117s kolektoriumi;<\/li>\n<li>\n\t\tAuk\u0161ta Full HD \u012fra\u0161\u0173 kokyb\u0117;<\/li>\n<li>\n\t\t&bdquo;Floodlight&ldquo; funkcija (su galimybe i\u0161jungti) &ndash; LED ap\u0161vietimo \u012fsijungimas, kamerai u\u017efiksavus judes\u012f;<\/li>\n<li>\n\t\tPlatus filmavimo kampas;<\/li>\n<li>\n\t\tTalpi vidin\u0117 li\u010dio baterija &ndash;&nbsp;net 12600mAh!;<\/li>\n<li>\n\t\tVeikimas 4 G ry\u0161iu arba WiFi;<\/li>\n<li>\n\t\tNaktinis matymas: IR LED iki 30 metr\u0173.<\/li>\n<\/ul>\n<p style=\"text-align: justify;\"><strong>Technical characteristics:<\/strong><\/p>\n<ul>\n<li>\n\t\tRai\u0161ka: 3 megapikseliai;<\/li>\n<li>\n\t\tRezoliucija:&nbsp;2304x1296p;<\/li>\n<li>\n\t\tPaskirtis: lauko zona;<\/li>\n<li>\n\t\tProtection class: IP66;<\/li>\n<li>\n\t\tNaktinis matymas: IR LED iki 15 metr\u0173;&nbsp;<\/li>\n<li>\n\t\tPalaiko: 4G ry\u0161ys ir WiFi;<\/li>\n<li>\n\t\tVideo kompresija: H.264 \/ H.265;&nbsp;<\/li>\n<li>\n\t\tLi\u010dio jon\u0173 baterijos talpa: 12600mAh;<\/li>\n<li>\n\t\tSaul\u0117s bateirjos galia: 7.5W;<\/li>\n<li>\n\t\tPan \/ Tilt:&nbsp;270&deg;&nbsp;\/ 90&deg;;<\/li>\n<li>\n\t\tVidin\u0117 talpa: iki 128 GB Micro SD kortel\u0117s lizdas (kortel\u0117 \u012f komplekt\u0105 ne\u012feina).<\/li>\n<\/ul>\n<p style=\"text-align: justify;\"><strong>\u012e komplektacij\u0105 \u012feina:<\/strong><\/p>\n<ul>\n<li>\n\t\t<strong>Lauko 4G IP kamera su saul\u0117s baterija Feelspot FS-24WT1F3, Tuya<\/strong>;<\/li>\n<li>\n\t\tSaul\u0117s kolektorius;<\/li>\n<li>\n\t\tFastening details.<\/li>\n<\/ul>\n<p style=\"text-align: justify;\"><a class=\"catalogue\" href=\"\/en\/images\/Userfiles\/My_folder\/IP_4G_kameru_instrukcija_v1.01_20220919-compressed.pdf\/\" target=\"blank\">Download product manual <\/a><\/p>","protected":false},"excerpt":{"rendered":"<p>3 megapikseli\u0173&nbsp;4G IP&nbsp;vaizdo kamera su saul\u0117s baterija Feelspot FS-24WT1F3 Tuya&nbsp;skirta lauko zonos aplinkai steb\u0117ti. Auk\u0161tos rezoliucijos (2304x1296p) vaizdo steb\u0117jimo kamera<\/p>","protected":false},"featured_media":28037,"comment_status":"closed","ping_status":"open","template":"","meta":[],"product_brand":[],"product_cat":[23],"product_tag":[535],"class_list":{"0":"post-28035","1":"product","2":"type-product","3":"status-publish","4":"has-post-thumbnail","6":"product_cat-be-kategorijos","7":"product_tag-naujiena","9":"first","10":"onbackorder","11":"taxable","12":"shipping-taxable","13":"product-type-variable"},"_links":{"self":[{"href":"https:\/\/orotech.lt\/en\/wp-json\/wp\/v2\/product\/28035","targetHints":{"allow":["GET"]}}],"collection":[{"href":"https:\/\/orotech.lt\/en\/wp-json\/wp\/v2\/product"}],"about":[{"href":"https:\/\/orotech.lt\/en\/wp-json\/wp\/v2\/types\/product"}],"replies":[{"embeddable":true,"href":"https:\/\/orotech.lt\/en\/wp-json\/wp\/v2\/comments?post=28035"}],"version-history":[{"count":1,"href":"https:\/\/orotech.lt\/en\/wp-json\/wp\/v2\/product\/28035\/revisions"}],"predecessor-version":[{"id":28036,"href":"https:\/\/orotech.lt\/en\/wp-json\/wp\/v2\/product\/28035\/revisions\/28036"}],"wp:featuredmedia":[{"embeddable":true,"href":"https:\/\/orotech.lt\/en\/wp-json\/wp\/v2\/media\/28037"}],"wp:attachment":[{"href":"https:\/\/orotech.lt\/en\/wp-json\/wp\/v2\/media?parent=28035"}],"wp:term":[{"taxonomy":"product_brand","embeddable":true,"href":"https:\/\/orotech.lt\/en\/wp-json\/wp\/v2\/product_brand?post=28035"},{"taxonomy":"product_cat","embeddable":true,"href":"https:\/\/orotech.lt\/en\/wp-json\/wp\/v2\/product_cat?post=28035"},{"taxonomy":"product_tag","embeddable":true,"href":"https:\/\/orotech.lt\/en\/wp-json\/wp\/v2\/product_tag?post=28035"}],"curies":[{"name":"wp","href":"https:\/\/api.w.org\/{rel}","templated":true}]}}