{"id":28040,"date":"2025-09-09T08:55:02","date_gmt":"2025-09-09T08:55:02","guid":{"rendered":"https:\/\/orotech.lt\/ismanioji-zuvu-serykla-feelspot-fs-ff01w-wi-fi-tuya\/"},"modified":"2025-09-10T06:40:29","modified_gmt":"2025-09-10T06:40:29","slug":"ismanioji-zuvu-serykla-feelspot-fs-ff01w-wi-fi-tuya","status":"publish","type":"product","link":"https:\/\/orotech.lt\/en\/ismanioji-zuvu-serykla-feelspot-fs-ff01w-wi-fi-tuya\/","title":{"rendered":"I\u0161manioji \u017euv\u0173 \u0161\u0117rykla Feelspot FS-FF01W Wi-Fi, Tuya"},"content":{"rendered":"<p>&lt;p style=&quot;text-align: justify;&quot;&gt;&lt;br \/&gt;I&amp;scaron;manioji \u017euv\u0173 &amp;scaron;\u0117rykla I&amp;scaron;manioji \u017euv\u0173 &amp;scaron;\u0117rykla Feelspot FS-FF01W&amp;nbsp;yra auk&amp;scaron;tos kokyb\u0117s produktas, sukurtas palengvinti ir pagerinti \u017euv\u0173 &amp;scaron;\u0117rimo proces\u0105. &amp;Scaron;is i&amp;scaron;manusis prietaisas yra skirtas tiek akvariumams, tiek ir kitoms \u017euv\u0173 laikymo talpoms.&lt;\/p&gt;<br \/>\n&lt;p style=&quot;text-align: justify;&quot;&gt;&amp;Scaron;ios i&amp;scaron;maniosios \u017euv\u0173 &amp;scaron;\u0117ryklos Feelspot FS-FF01W&amp;nbsp;pagrindinis privalumas yra geb\u0117jimas automatizuoti ir reguliuoti \u017euv\u0173 &amp;scaron;\u0117rim\u0105. Naudojant Tuya mobili\u0105j\u0105 aplikacij\u0105, galite nustatyti i&amp;scaron; anksto suplanuot\u0105 &amp;scaron;\u0117rimo grafik\u0105 ir pasirinkti tinkam\u0105 kiek\u012f maisto. Tai suteikia jums galimyb\u0119 nustatyti tiksl\u0173 &amp;scaron;\u0117rimo laik\u0105 ir suma\u017einti per&amp;scaron;\u0117rimo ar nepakankamo pa&amp;scaron;\u0117rimo j\u016bs\u0173 \u017euvims tikimyb\u0119.&lt;\/p&gt;<br \/>\n&lt;p style=&quot;text-align: justify;&quot;&gt;Be to, i&amp;scaron;manioji \u017euv\u0173 &amp;scaron;\u0117rykla Tuya turi \u012fmontuot\u0105 maisto liku\u010di\u0173 jutikl\u012f, kuris stebi maisto kiek\u012f konteineryje. Kai maisto kiekis pasiekia \u017eemiausi\u0105 lyg\u012f, j\u016bs gaunate prane&amp;scaron;im\u0105 \u012f savo mobil\u0173j\u012f \u012frengin\u012f, primenant\u012f papildyti maist\u0105. Tai leid\u017eia i&amp;scaron;vengti maisto tr\u016bkumo ir u\u017etikrina, kad j\u016bs\u0173 \u017euvys b\u016bt\u0173 tinkamai maitinamos netgi tuomet, kai esate u\u017eimtas arba esate toli nuo nam\u0173.&lt;\/p&gt;<br \/>\n&lt;p style=&quot;text-align: justify;&quot;&gt;I&amp;scaron;manioji \u017euv\u0173 &amp;scaron;\u0117rykla Feelspot FS-FF01W&amp;nbsp;taip pat pasi\u017eymi kitomis naudingomis funkcijomis, pvz., valdymu per WiFi ry&amp;scaron;\u012f, galimybe reguliuoti maisto kiek\u012f, galimybe steb\u0117ti &amp;scaron;\u0117rimo istorij\u0105 ir daugiau. Ji taip pat turi modern\u0173 ir eleganti&amp;scaron;k\u0105 dizain\u0105, kuris puikiai tinka bet kuriam interjerui.&lt;\/p&gt;<br \/>\n&lt;p style=&quot;text-align: justify;&quot;&gt;Su i&amp;scaron;maniaisiais funkcionalumais ir patogumu, i&amp;scaron;manioji \u017euv\u0173 &amp;scaron;\u0117rykla Feelspot FS-FF01W&amp;nbsp;tampa nepakei\u010diama priemone visiems \u017euv\u0173 m\u0117g\u0117jams ir akvarium\u0173 savininkams, norintiems suteikti geriausi\u0105 prie\u017ei\u016br\u0105 ir maitinim\u0105 savo \u017euvims.&lt;\/p&gt;<br \/>\n&lt;p style=&quot;text-align: justify;&quot;&gt;&lt;a class=&quot;catalogue&quot; href=&quot;\/en\/images\/Userfiles\/WIFI_zvejybinis_fideris_FEELSPOT_FS-FF01W.pdf\/&quot; target=&quot;blank&quot;&gt;Download product manual&lt;\/a&gt;&lt;\/p&gt;<br \/>\n&lt;p style=&quot;text-align: justify;&quot;&gt;&lt;em&gt;&lt;strong&gt;Atsisi\u0173skite&amp;nbsp;&amp;bdquo;Tuya&amp;ldquo;&amp;nbsp;arba &amp;bdquo;Smart Life&amp;ldquo; program\u0117l\u0119 Android operacinei sistemai:&lt;\/strong&gt;&lt;\/em&gt;&lt;\/p&gt;<br \/>\n&lt;p style=&quot;text-align: justify;&quot;&gt;&lt;a href=&quot;https:\/\/play.google.com\/store\/apps\/details?id=com.tuya.smart&amp;amp;hl=lt&amp;amp;gl=US&quot; target=&quot;_blank&quot; rel=&quot;noopener&quot;&gt;&lt;img style=&quot;width: 80px; height: 80px;&quot; src=&quot;\/images\/Userfiles\/www.rubisolis.lt_tuya_app.png&quot; alt=&quot;&quot; \/&gt;&lt;\/a&gt;&amp;nbsp; &amp;nbsp;&lt;a href=&quot;https:\/\/play.google.com\/store\/apps\/details?id=com.tuya.smartlife&amp;amp;hl=lt&amp;amp;gl=US&amp;amp;pli=1&quot; target=&quot;_blank&quot; rel=&quot;noopener&quot;&gt;&lt;img style=&quot;width: 80px; height: 80px;&quot; src=&quot;\/images\/Userfiles\/www.rubisolis.lt_smart_life_app.png&quot; alt=&quot;&quot; \/&gt;&lt;\/a&gt;&lt;\/p&gt;<br \/>\n&lt;p style=&quot;text-align: justify;&quot;&gt;&lt;em&gt;&lt;strong&gt;Atsisi\u0173skite &amp;bdquo;Tuya&amp;ldquo; arba &amp;bdquo;Smart Life&amp;ldquo; program\u0117l\u0119 iOS operacinei sistemai:&amp;nbsp;&lt;\/strong&gt;&lt;\/em&gt;&lt;\/p&gt;<br \/>\n&lt;p style=&quot;text-align: justify;&quot;&gt;&lt;a href=&quot;https:\/\/apps.apple.com\/us\/app\/tuya-smart\/id1034649547&quot; target=&quot;_blank&quot; rel=&quot;noopener&quot;&gt;&lt;img style=&quot;width: 80px; height: 80px;&quot; src=&quot;\/images\/Userfiles\/www.rubisolis.lt_tuya_app.png&quot; alt=&quot;&quot; \/&gt;&lt;\/a&gt;&amp;nbsp; &amp;nbsp;&lt;a href=&quot;https:\/\/apps.apple.com\/us\/app\/smart-life-smart-living\/id1115101477&quot; target=&quot;_blank&quot; rel=&quot;noopener&quot;&gt;&lt;img style=&quot;width: 80px; height: 80px;&quot; src=&quot;\/images\/Userfiles\/www.rubisolis.lt_smart_life_app.png&quot; alt=&quot;&quot; \/&gt;&lt;\/a&gt;&lt;\/p&gt;<\/p>","protected":false},"excerpt":{"rendered":"<p>&lt;p style=&quot;text-align: justify;&quot;&gt;&lt;br \/&gt;I&amp;scaron;manioji \u017euv\u0173 &amp;scaron;\u0117rykla I&amp;scaron;manioji \u017euv\u0173 &amp;scaron;\u0117rykla Feelspot FS-FF01W&amp;nbsp;yra auk&amp;scaron;tos kokyb\u0117s produktas, sukurtas palengvinti ir pagerinti \u017euv\u0173 &amp;scaron;\u0117rimo<\/p>","protected":false},"featured_media":28042,"comment_status":"closed","ping_status":"open","template":"","meta":[],"product_brand":[],"product_cat":[23],"product_tag":[535],"class_list":{"0":"post-28040","1":"product","2":"type-product","3":"status-publish","4":"has-post-thumbnail","6":"product_cat-be-kategorijos","7":"product_tag-naujiena","9":"first","10":"onbackorder","11":"taxable","12":"shipping-taxable","13":"product-type-variable"},"_links":{"self":[{"href":"https:\/\/orotech.lt\/en\/wp-json\/wp\/v2\/product\/28040","targetHints":{"allow":["GET"]}}],"collection":[{"href":"https:\/\/orotech.lt\/en\/wp-json\/wp\/v2\/product"}],"about":[{"href":"https:\/\/orotech.lt\/en\/wp-json\/wp\/v2\/types\/product"}],"replies":[{"embeddable":true,"href":"https:\/\/orotech.lt\/en\/wp-json\/wp\/v2\/comments?post=28040"}],"version-history":[{"count":1,"href":"https:\/\/orotech.lt\/en\/wp-json\/wp\/v2\/product\/28040\/revisions"}],"predecessor-version":[{"id":28041,"href":"https:\/\/orotech.lt\/en\/wp-json\/wp\/v2\/product\/28040\/revisions\/28041"}],"wp:featuredmedia":[{"embeddable":true,"href":"https:\/\/orotech.lt\/en\/wp-json\/wp\/v2\/media\/28042"}],"wp:attachment":[{"href":"https:\/\/orotech.lt\/en\/wp-json\/wp\/v2\/media?parent=28040"}],"wp:term":[{"taxonomy":"product_brand","embeddable":true,"href":"https:\/\/orotech.lt\/en\/wp-json\/wp\/v2\/product_brand?post=28040"},{"taxonomy":"product_cat","embeddable":true,"href":"https:\/\/orotech.lt\/en\/wp-json\/wp\/v2\/product_cat?post=28040"},{"taxonomy":"product_tag","embeddable":true,"href":"https:\/\/orotech.lt\/en\/wp-json\/wp\/v2\/product_tag?post=28040"}],"curies":[{"name":"wp","href":"https:\/\/api.w.org\/{rel}","templated":true}]}}