{"id":28050,"date":"2025-09-09T08:55:02","date_gmt":"2025-09-09T08:55:02","guid":{"rendered":"https:\/\/orotech.lt\/ismanusis-keturvietis-ilgintuvas-su-usb-jungtimis-feelspot-fs-st03we-wifi-tuya\/"},"modified":"2025-09-10T06:40:30","modified_gmt":"2025-09-10T06:40:30","slug":"ismanusis-keturvietis-ilgintuvas-su-usb-jungtimis-feelspot-fs-st03we-wifi-tuya","status":"publish","type":"product","link":"https:\/\/orotech.lt\/en\/ismanusis-keturvietis-ilgintuvas-su-usb-jungtimis-feelspot-fs-st03we-wifi-tuya\/","title":{"rendered":"I\u0161manusis keturvietis ilgintuvas su USB jungtimis Feelspot FS-ST03WE WiFi, Tuya"},"content":{"rendered":"<p>&lt;p style=&quot;text-align: justify;&quot;&gt;I&amp;scaron;manusis ilgintuvas&amp;nbsp;Feelspot FS-ST03WE&amp;nbsp;veikia su &amp;bdquo;Amazon Alexa&amp;ldquo;, &amp;bdquo;Google Home&amp;ldquo;, IFTTT. I&amp;scaron;manusis ilgintuvas Feelspot&amp;nbsp;FS-ST03WE&amp;nbsp;gali laisvai valdyti buitin\u0119 technik\u0105 su j\u016bs\u0173 i&amp;scaron;mani\u0173j\u0173 nam\u0173 program\u0117le, nustatyti laikmat\u012f-nuotolinio valdymo pult\u0105, kai esate namuose ar lauke.&amp;nbsp;&lt;\/p&gt;<br \/>\n&lt;p style=&quot;text-align: justify;&quot;&gt;&lt;strong&gt;I&amp;scaron;maniojo ilgintuvo Feelspot FS-ST03WE privalumai:&lt;\/strong&gt;&lt;\/p&gt;<br \/>\n&lt;ul&gt;<br \/>\n&lt;li style=&quot;text-align: justify;&quot;&gt;4 USB lizdai&amp;nbsp; ir 4 ki&amp;scaron;tukiniai lizdai leid\u017eia atlikti \u012fvairias funkcijas;&lt;\/li&gt;<br \/>\n&lt;li style=&quot;text-align: justify;&quot;&gt;Palaiko atskir\u0105\/grupin\u012f valdym\u0105;&lt;\/li&gt;<br \/>\n&lt;li style=&quot;text-align: justify;&quot;&gt;Daugkartin\u0117 apsauga saugesniam gyvenimui;&lt;\/li&gt;<br \/>\n&lt;li style=&quot;text-align: justify;&quot;&gt;Veikia su i&amp;scaron;maniosiomis nam\u0173 valdymo sistemomis: Amazon Alexa, Google Home.&lt;\/li&gt;<br \/>\n&lt;\/ul&gt;<br \/>\n&lt;p style=&quot;text-align: justify;&quot;&gt;&lt;em&gt;&lt;strong&gt;Pastaba:&lt;\/strong&gt;&lt;span&gt;&amp;nbsp;&lt;\/span&gt;&amp;scaron;is ilgintuvas tinkamas tik \u012f\u017eemintiems Schuko tipo ki&amp;scaron;tukams (su &amp;scaron;onin\u0117mis \u012f\u017eeminimo jungtimis). Netinka ki&amp;scaron;tukams be \u012f\u017eeminimo (pvz., plok&amp;scaron;tiems dviej\u0173 kontakt\u0173 ki&amp;scaron;tukams).&amp;nbsp;&lt;\/em&gt;&lt;\/p&gt;<br \/>\n&lt;p style=&quot;text-align: justify;&quot;&gt;&lt;a class=&quot;catalogue&quot; href=&quot;\/en\/images\/Userfiles\/www.rubisolis.lt_WIFI_rozeci_blokas_FEELSPOT_FS-ST03WE_instrukcija_WiFi_Power_Strip_User_Manual_FEELSPOT_FS-ST03WE_.jpg\/&quot; target=&quot;blank&quot;&gt;Download product manual&lt;\/a&gt;&lt;\/p&gt;<\/p>","protected":false},"excerpt":{"rendered":"<p>&lt;p style=&quot;text-align: justify;&quot;&gt;I&amp;scaron;manusis ilgintuvas&amp;nbsp;Feelspot FS-ST03WE&amp;nbsp;veikia su &amp;bdquo;Amazon Alexa&amp;ldquo;, &amp;bdquo;Google Home&amp;ldquo;, IFTTT. I&amp;scaron;manusis ilgintuvas Feelspot&amp;nbsp;FS-ST03WE&amp;nbsp;gali laisvai valdyti buitin\u0119 technik\u0105 su j\u016bs\u0173<\/p>","protected":false},"featured_media":28052,"comment_status":"closed","ping_status":"open","template":"","meta":[],"product_brand":[],"product_cat":[23],"product_tag":[535],"class_list":{"0":"post-28050","1":"product","2":"type-product","3":"status-publish","4":"has-post-thumbnail","6":"product_cat-be-kategorijos","7":"product_tag-naujiena","9":"first","10":"onbackorder","11":"taxable","12":"shipping-taxable","13":"product-type-variable"},"_links":{"self":[{"href":"https:\/\/orotech.lt\/en\/wp-json\/wp\/v2\/product\/28050","targetHints":{"allow":["GET"]}}],"collection":[{"href":"https:\/\/orotech.lt\/en\/wp-json\/wp\/v2\/product"}],"about":[{"href":"https:\/\/orotech.lt\/en\/wp-json\/wp\/v2\/types\/product"}],"replies":[{"embeddable":true,"href":"https:\/\/orotech.lt\/en\/wp-json\/wp\/v2\/comments?post=28050"}],"version-history":[{"count":1,"href":"https:\/\/orotech.lt\/en\/wp-json\/wp\/v2\/product\/28050\/revisions"}],"predecessor-version":[{"id":28051,"href":"https:\/\/orotech.lt\/en\/wp-json\/wp\/v2\/product\/28050\/revisions\/28051"}],"wp:featuredmedia":[{"embeddable":true,"href":"https:\/\/orotech.lt\/en\/wp-json\/wp\/v2\/media\/28052"}],"wp:attachment":[{"href":"https:\/\/orotech.lt\/en\/wp-json\/wp\/v2\/media?parent=28050"}],"wp:term":[{"taxonomy":"product_brand","embeddable":true,"href":"https:\/\/orotech.lt\/en\/wp-json\/wp\/v2\/product_brand?post=28050"},{"taxonomy":"product_cat","embeddable":true,"href":"https:\/\/orotech.lt\/en\/wp-json\/wp\/v2\/product_cat?post=28050"},{"taxonomy":"product_tag","embeddable":true,"href":"https:\/\/orotech.lt\/en\/wp-json\/wp\/v2\/product_tag?post=28050"}],"curies":[{"name":"wp","href":"https:\/\/api.w.org\/{rel}","templated":true}]}}