{"id":28059,"date":"2025-09-09T08:55:02","date_gmt":"2025-09-09T08:55:02","guid":{"rendered":"https:\/\/orotech.lt\/ismanioji-led-juosta-su-valdikliu-5m-feelspot-fs-lsc02w-wi-fi-rgb-tuya\/"},"modified":"2025-09-10T06:40:32","modified_gmt":"2025-09-10T06:40:32","slug":"ismanioji-led-juosta-su-valdikliu-5m-feelspot-fs-lsc02w-wi-fi-rgb-tuya","status":"publish","type":"product","link":"https:\/\/orotech.lt\/en\/ismanioji-led-juosta-su-valdikliu-5m-feelspot-fs-lsc02w-wi-fi-rgb-tuya\/","title":{"rendered":"I\u0161manioji LED juosta su valdikliu (5m) Feelspot FS-LSC02W Wi-fi, RGB, Tuya"},"content":{"rendered":"<p>I\u0161manioji 5 m LED juosta Feelspot FS-LSC02W veikia su Amazon Alexa, Google Home, Tuya. Nesvarbu, kur esate, RGB LED \u0161viesos juostas galite valdyti nuotoliniu b\u016bdu naudodami i\u0161man\u0173j\u012f telefon\u0105 (IOS ir Android).&nbsp;<\/p>\n<p><strong>I\u0161maniosios LED juostos privalumai:<\/strong><\/p>\n<ul>\n<li>\n\t\t\u012ejungimo \/ i\u0161jungimo funkcija;<\/li>\n<li>\n\t\tGalimyb\u0117 pakeisti tris pagrindines spalvas iki 16 milijon\u0173 ar pritemdyti LED juostos \u0161vies\u0105 nuo 100% iki 1%;<\/li>\n<li>\n\t\tGalimyb\u0117 LED juostos lemput\u0117ms nuolat \u0161viesti ar mirg\u0117ti;<\/li>\n<li>\n\t\tRedaguokite m\u0117gstam\u0105 mirg\u0117jimo greit\u012f ir mirksin\u010di\u0173 spalv\u0173 derin\u012f;<\/li>\n<li>\n\t\tSkirtingas mirks\u0117jimas atitinka skirtingas scenas ir nuotaikas;<\/li>\n<li>\n\t\tPuikus pasirinkimas nam\u0173 ar kit\u0173 patalp\u0173 dekoravimui;<\/li>\n<li>\n\t\tGalimyb\u0117 valdyti balsu su Amazon Alexa, Google Home&nbsp; ar i\u0161manusis valdymas mobili\u0105ja Tuya aplikacija<\/li>\n<\/ul>\n<p style=\"text-align: justify;\"><em><strong>Atsisi\u0173skite&nbsp;&bdquo;Tuya&ldquo;&nbsp;arba &bdquo;Smart Life&ldquo; program\u0117l\u0119 Android operacinei sistemai:<\/strong><\/em><\/p>\n<p style=\"text-align: justify;\"><a href=\"https:\/\/play.google.com\/store\/apps\/details?id=com.tuya.smart&amp;hl=lt&amp;gl=US\" target=\"_blank\" rel=\"nofollow noopener\"><img decoding=\"async\" alt=\"\" src=\"\/images\/Userfiles\/www.rubisolis.lt_tuya_app.png\" style=\"width: 80px; height: 80px;\" title=\"\"><\/a>&nbsp; &nbsp;<a href=\"https:\/\/play.google.com\/store\/apps\/details?id=com.tuya.smartlife&amp;hl=lt&amp;gl=US&amp;pli=1\" target=\"_blank\" rel=\"nofollow noopener\"><img decoding=\"async\" alt=\"\" src=\"\/images\/Userfiles\/www.rubisolis.lt_smart_life_app.png\" style=\"width: 80px; height: 80px;\" title=\"\"><\/a><\/p>\n<p style=\"text-align: justify;\"><em><strong>Atsisi\u0173skite &bdquo;Tuya&ldquo; arba &bdquo;Smart Life&ldquo; program\u0117l\u0119 iOS operacinei sistemai:&nbsp;<\/strong><\/em><\/p>\n<p style=\"text-align: justify;\"><a href=\"https:\/\/apps.apple.com\/us\/app\/tuya-smart\/id1034649547\" target=\"_blank\" rel=\"nofollow noopener\"><img decoding=\"async\" alt=\"\" src=\"\/images\/Userfiles\/www.rubisolis.lt_tuya_app.png\" style=\"width: 80px; height: 80px;\" title=\"\"><\/a>&nbsp; &nbsp;<a href=\"https:\/\/apps.apple.com\/us\/app\/smart-life-smart-living\/id1115101477\" target=\"_blank\" rel=\"nofollow noopener\"><img decoding=\"async\" alt=\"\" src=\"\/images\/Userfiles\/www.rubisolis.lt_smart_life_app.png\" style=\"width: 80px; height: 80px;\" title=\"\"><\/a><\/p>\n<p style=\"text-align: justify;\"><a class=\"catalogue\" href=\"\/en\/images\/Userfiles\/www.rubisolis.lt_RGB_sviesos_juostel_FEELSPOT_FS-LSC02W_instrukcija_WiFi_RGB_Light_Strip_User_Manual1.pdf\/\" target=\"blank\">Download product manual<\/a><\/p>","protected":false},"excerpt":{"rendered":"<p>I\u0161manioji 5 m LED juosta Feelspot FS-LSC02W veikia su Amazon Alexa, Google Home, Tuya. Nesvarbu, kur esate, RGB LED \u0161viesos<\/p>","protected":false},"featured_media":28061,"comment_status":"closed","ping_status":"open","template":"","meta":[],"product_brand":[],"product_cat":[23],"product_tag":[535],"class_list":{"0":"post-28059","1":"product","2":"type-product","3":"status-publish","4":"has-post-thumbnail","6":"product_cat-be-kategorijos","7":"product_tag-naujiena","9":"first","10":"onbackorder","11":"taxable","12":"shipping-taxable","13":"product-type-variable"},"_links":{"self":[{"href":"https:\/\/orotech.lt\/en\/wp-json\/wp\/v2\/product\/28059","targetHints":{"allow":["GET"]}}],"collection":[{"href":"https:\/\/orotech.lt\/en\/wp-json\/wp\/v2\/product"}],"about":[{"href":"https:\/\/orotech.lt\/en\/wp-json\/wp\/v2\/types\/product"}],"replies":[{"embeddable":true,"href":"https:\/\/orotech.lt\/en\/wp-json\/wp\/v2\/comments?post=28059"}],"version-history":[{"count":1,"href":"https:\/\/orotech.lt\/en\/wp-json\/wp\/v2\/product\/28059\/revisions"}],"predecessor-version":[{"id":28060,"href":"https:\/\/orotech.lt\/en\/wp-json\/wp\/v2\/product\/28059\/revisions\/28060"}],"wp:featuredmedia":[{"embeddable":true,"href":"https:\/\/orotech.lt\/en\/wp-json\/wp\/v2\/media\/28061"}],"wp:attachment":[{"href":"https:\/\/orotech.lt\/en\/wp-json\/wp\/v2\/media?parent=28059"}],"wp:term":[{"taxonomy":"product_brand","embeddable":true,"href":"https:\/\/orotech.lt\/en\/wp-json\/wp\/v2\/product_brand?post=28059"},{"taxonomy":"product_cat","embeddable":true,"href":"https:\/\/orotech.lt\/en\/wp-json\/wp\/v2\/product_cat?post=28059"},{"taxonomy":"product_tag","embeddable":true,"href":"https:\/\/orotech.lt\/en\/wp-json\/wp\/v2\/product_tag?post=28059"}],"curies":[{"name":"wp","href":"https:\/\/api.w.org\/{rel}","templated":true}]}}