{"id":28065,"date":"2025-09-09T08:55:02","date_gmt":"2025-09-09T08:55:02","guid":{"rendered":"https:\/\/orotech.lt\/ismanioji-led-juosta-su-valdikliu-feelspot-fs-icc02w-5m-wi-fi-tuya\/"},"modified":"2025-09-10T06:40:32","modified_gmt":"2025-09-10T06:40:32","slug":"ismanioji-led-juosta-su-valdikliu-feelspot-fs-icc02w-5m-wi-fi-tuya","status":"publish","type":"product","link":"https:\/\/orotech.lt\/en\/ismanioji-led-juosta-su-valdikliu-feelspot-fs-icc02w-5m-wi-fi-tuya\/","title":{"rendered":"I\u0161manioji LED juosta su valdikliu Feelspot FS-ICC02W 5m Wi-fi, Tuya"},"content":{"rendered":"<p>&lt;p&gt;I&amp;scaron;manioji LED girlianda&amp;nbsp;Feelspot FS-ICC02W 5m Wi-fi, Tuya&amp;nbsp;veikia su Amazon Alexa, Google Home, IFTTT. Nesvarbu, kur esate, RGB LED &amp;scaron;viesos juostas galite valdyti nuotoliniu b\u016bdu naudodami i&amp;scaron;man\u0173j\u012f telefon\u0105 (IOS ir Android).&amp;nbsp;&lt;\/p&gt;<br \/>\n&lt;p style=&quot;text-align: justify;&quot;&gt;&lt;em&gt;&lt;strong&gt;Atsisi\u0173skite&amp;nbsp;&amp;bdquo;Tuya&amp;ldquo;&amp;nbsp;arba &amp;bdquo;Smart Life&amp;ldquo; program\u0117l\u0119 Android operacinei sistemai:&lt;\/strong&gt;&lt;\/em&gt;&lt;\/p&gt;<br \/>\n&lt;p style=&quot;text-align: justify;&quot;&gt;&lt;a href=&quot;https:\/\/play.google.com\/store\/apps\/details?id=com.tuya.smart&amp;amp;hl=lt&amp;amp;gl=US&quot; target=&quot;_blank&quot; rel=&quot;noopener&quot;&gt;&lt;img style=&quot;width: 80px; height: 80px;&quot; src=&quot;\/images\/Userfiles\/www.rubisolis.lt_tuya_app.png&quot; alt=&quot;&quot; \/&gt;&lt;\/a&gt;&amp;nbsp; &amp;nbsp;&lt;a href=&quot;https:\/\/play.google.com\/store\/apps\/details?id=com.tuya.smartlife&amp;amp;hl=lt&amp;amp;gl=US&amp;amp;pli=1&quot; target=&quot;_blank&quot; rel=&quot;noopener&quot;&gt;&lt;img style=&quot;width: 80px; height: 80px;&quot; src=&quot;\/images\/Userfiles\/www.rubisolis.lt_smart_life_app.png&quot; alt=&quot;&quot; \/&gt;&lt;\/a&gt;&lt;\/p&gt;<br \/>\n&lt;p style=&quot;text-align: justify;&quot;&gt;&lt;em&gt;&lt;strong&gt;Atsisi\u0173skite &amp;bdquo;Tuya&amp;ldquo; arba &amp;bdquo;Smart Life&amp;ldquo; program\u0117l\u0119 iOS operacinei sistemai:&amp;nbsp;&lt;\/strong&gt;&lt;\/em&gt;&lt;\/p&gt;<br \/>\n&lt;p style=&quot;text-align: justify;&quot;&gt;&lt;a href=&quot;https:\/\/apps.apple.com\/us\/app\/tuya-smart\/id1034649547&quot; target=&quot;_blank&quot; rel=&quot;noopener&quot;&gt;&lt;img style=&quot;width: 80px; height: 80px;&quot; src=&quot;\/images\/Userfiles\/www.rubisolis.lt_tuya_app.png&quot; alt=&quot;&quot; \/&gt;&lt;\/a&gt;&amp;nbsp; &amp;nbsp;&lt;a href=&quot;https:\/\/apps.apple.com\/us\/app\/smart-life-smart-living\/id1115101477&quot; target=&quot;_blank&quot; rel=&quot;noopener&quot;&gt;&lt;img style=&quot;width: 80px; height: 80px;&quot; src=&quot;\/images\/Userfiles\/www.rubisolis.lt_smart_life_app.png&quot; alt=&quot;&quot; \/&gt;&lt;\/a&gt;&lt;\/p&gt;<br \/>\n&lt;p style=&quot;text-align: justify;&quot;&gt;&lt;a class=&quot;catalogue&quot; href=&quot;\/en\/images\/Userfiles\/www.rubisolis.lt_RGB_sviesos_juostel_FEELSPOT_FS-ICC02W_instrukcija_WiFi_RGBIC_Light_Strip_Control_Kit_User_Manual.pdf\/&quot; target=&quot;blank&quot;&gt;Download product manual&lt;\/a&gt;&lt;\/p&gt;<\/p>","protected":false},"excerpt":{"rendered":"<p>&lt;p&gt;I&amp;scaron;manioji LED girlianda&amp;nbsp;Feelspot FS-ICC02W 5m Wi-fi, Tuya&amp;nbsp;veikia su Amazon Alexa, Google Home, IFTTT. Nesvarbu, kur esate, RGB LED &amp;scaron;viesos juostas<\/p>","protected":false},"featured_media":28067,"comment_status":"closed","ping_status":"open","template":"","meta":[],"product_brand":[],"product_cat":[23],"product_tag":[535],"class_list":{"0":"post-28065","1":"product","2":"type-product","3":"status-publish","4":"has-post-thumbnail","6":"product_cat-be-kategorijos","7":"product_tag-naujiena","9":"first","10":"onbackorder","11":"taxable","12":"shipping-taxable","13":"product-type-variable"},"_links":{"self":[{"href":"https:\/\/orotech.lt\/en\/wp-json\/wp\/v2\/product\/28065","targetHints":{"allow":["GET"]}}],"collection":[{"href":"https:\/\/orotech.lt\/en\/wp-json\/wp\/v2\/product"}],"about":[{"href":"https:\/\/orotech.lt\/en\/wp-json\/wp\/v2\/types\/product"}],"replies":[{"embeddable":true,"href":"https:\/\/orotech.lt\/en\/wp-json\/wp\/v2\/comments?post=28065"}],"version-history":[{"count":1,"href":"https:\/\/orotech.lt\/en\/wp-json\/wp\/v2\/product\/28065\/revisions"}],"predecessor-version":[{"id":28066,"href":"https:\/\/orotech.lt\/en\/wp-json\/wp\/v2\/product\/28065\/revisions\/28066"}],"wp:featuredmedia":[{"embeddable":true,"href":"https:\/\/orotech.lt\/en\/wp-json\/wp\/v2\/media\/28067"}],"wp:attachment":[{"href":"https:\/\/orotech.lt\/en\/wp-json\/wp\/v2\/media?parent=28065"}],"wp:term":[{"taxonomy":"product_brand","embeddable":true,"href":"https:\/\/orotech.lt\/en\/wp-json\/wp\/v2\/product_brand?post=28065"},{"taxonomy":"product_cat","embeddable":true,"href":"https:\/\/orotech.lt\/en\/wp-json\/wp\/v2\/product_cat?post=28065"},{"taxonomy":"product_tag","embeddable":true,"href":"https:\/\/orotech.lt\/en\/wp-json\/wp\/v2\/product_tag?post=28065"}],"curies":[{"name":"wp","href":"https:\/\/api.w.org\/{rel}","templated":true}]}}