{"id":28077,"date":"2025-09-09T09:00:03","date_gmt":"2025-09-09T09:00:03","guid":{"rendered":"https:\/\/orotech.lt\/ismanusis-belaidis-grilio-termometras-feelspot-fs200-su-bluetooth-programele\/"},"modified":"2025-09-10T06:40:34","modified_gmt":"2025-09-10T06:40:34","slug":"ismanusis-belaidis-grilio-termometras-feelspot-fs200-su-bluetooth-programele","status":"publish","type":"product","link":"https:\/\/orotech.lt\/en\/ismanusis-belaidis-grilio-termometras-feelspot-fs200-su-bluetooth-programele\/","title":{"rendered":"I\u0161manusis belaidis grilio termometras FEELSPOT FS200 su Bluetooth program\u0117le"},"content":{"rendered":"<p style=\"text-align: justify;\">I\u0161manusis belaidis grilio termometras Feelspot FS200 Jums bus nepamainomas pagalbininkas maisto ruo\u0161imo grilyje metu. \u0160is prietaisas yra specialiai sukurtas naudojimui su program\u0117le, kuri\u0105 tur\u0117site \u012fsidiegti savo telefone. Program\u0117l\u0117 veikia tiek su iOS, tiek su Android operacin\u0117mis sistemomis. Tiesiog prid\u0117kite prietais\u0105 prie ruo\u0161iamo maisto, pasirinkite ruo\u0161iamos m\u0117sos r\u016b\u0161\u012f ir kepimo temperat\u016br\u0105, o \u012frenginys ir program\u0117l\u0117 atliks vis\u0105 kit\u0105. Jums nebereik\u0117s nuolatos tikrinti ruo\u0161iamo maisto ir jaudintis d\u0117l perkepimo. Gal\u0117site u\u017esiimti kita, sau malonia veikla.<\/p>\n<p><strong>Technin\u0117s grilio termometro Feelspot FS200 savyb\u0117s:<\/strong><br \/>\n\t&bull; Galimyb\u0117 patikrinti m\u0117sos temperat\u016br\u0105: 0~100&deg;C;<br \/>\n\t&bull; &bdquo;Bluetooth&ldquo; veikimo diapozonas: iki 30 metr\u0173 spinduliu lauke;<br \/>\n\t&bull; Termometro atsparumas vandeniui: IPX7;<br \/>\n\t&bull; \u012ekrovimo laikas: 5-10 minu\u010di\u0173;<br \/>\n\t&bull; Temperat\u016bros nuskaitymo da\u017enis: 1 kartas per sekund\u0119;<br \/>\n\t&bull; Veikimo laikas: 4 val;<br \/>\n\t&bull; Metalas: 304 ner\u016bdijantis plienas;<br \/>\n\t&bull; Krovimo laidas: USB-C.<\/p>\n<p>\n\t<strong>Naudojimas:<\/strong><br \/>\n\t1. Pakraukite grilio termometr\u0105 kaskart 20 minu\u010di\u0173 prie\u0161 naudojim\u0105.<br \/>\n\t2. Nustatykite &bdquo;Bluetooth&ldquo; ry\u0161\u012f savo telefone<br \/>\n\t3. Prid\u0117kite grilio termometr\u0105 prie kepamo maisto ir paspauskite program\u0117l\u0119 &bdquo;PROBE TEMP&ldquo; savo telefone. Prietaisas automati\u0161kai prisijungs prie program\u0117l\u0117s.<br \/>\n\t4. Savo telefono program\u0117l\u0117je pasirinkite kepamos m\u0117sos r\u016b\u0161\u012f ir nustatykite kepimo temperat\u016br\u0105.<br \/>\n\t5. Kai J\u016bs\u0173 maistas bus paruo\u0161tas, pasigirs garsinis signalas.<\/p>\n<p>\n\t<strong>Attention:<\/strong><br \/>\n\t&bull; Nenaudokite grilio termometro mikrobang\u0173 krosnel\u0117je.<br \/>\n\t&bull; M\u0117sos kepimo metu nesukite grilio termometro \u012f folij\u0105.<br \/>\n\t&bull; Atsargiai &ndash; grilio termometras kepimo metu ir po jo yra labai kar\u0161tas &ndash; nelieskite plikomis rankomis.<br \/>\n\t&nbsp;<\/p>\n<p style=\"text-align: justify;\"><a class=\"catalogue\" href=\"\/en\/images\/Userfiles\/www.rubisolis.lt_Feelspot_FS200_manual.pdf\/\" target=\"blank\">Download product manual<\/a><\/p>","protected":false},"excerpt":{"rendered":"<p>I\u0161manusis belaidis grilio termometras Feelspot FS200 Jums bus nepamainomas pagalbininkas maisto ruo\u0161imo grilyje metu. \u0160is prietaisas yra specialiai sukurtas naudojimui<\/p>","protected":false},"featured_media":28079,"comment_status":"closed","ping_status":"open","template":"","meta":[],"product_brand":[],"product_cat":[23],"product_tag":[535],"class_list":{"0":"post-28077","1":"product","2":"type-product","3":"status-publish","4":"has-post-thumbnail","6":"product_cat-be-kategorijos","7":"product_tag-naujiena","9":"first","10":"onbackorder","11":"taxable","12":"shipping-taxable","13":"product-type-variable"},"_links":{"self":[{"href":"https:\/\/orotech.lt\/en\/wp-json\/wp\/v2\/product\/28077","targetHints":{"allow":["GET"]}}],"collection":[{"href":"https:\/\/orotech.lt\/en\/wp-json\/wp\/v2\/product"}],"about":[{"href":"https:\/\/orotech.lt\/en\/wp-json\/wp\/v2\/types\/product"}],"replies":[{"embeddable":true,"href":"https:\/\/orotech.lt\/en\/wp-json\/wp\/v2\/comments?post=28077"}],"version-history":[{"count":1,"href":"https:\/\/orotech.lt\/en\/wp-json\/wp\/v2\/product\/28077\/revisions"}],"predecessor-version":[{"id":28078,"href":"https:\/\/orotech.lt\/en\/wp-json\/wp\/v2\/product\/28077\/revisions\/28078"}],"wp:featuredmedia":[{"embeddable":true,"href":"https:\/\/orotech.lt\/en\/wp-json\/wp\/v2\/media\/28079"}],"wp:attachment":[{"href":"https:\/\/orotech.lt\/en\/wp-json\/wp\/v2\/media?parent=28077"}],"wp:term":[{"taxonomy":"product_brand","embeddable":true,"href":"https:\/\/orotech.lt\/en\/wp-json\/wp\/v2\/product_brand?post=28077"},{"taxonomy":"product_cat","embeddable":true,"href":"https:\/\/orotech.lt\/en\/wp-json\/wp\/v2\/product_cat?post=28077"},{"taxonomy":"product_tag","embeddable":true,"href":"https:\/\/orotech.lt\/en\/wp-json\/wp\/v2\/product_tag?post=28077"}],"curies":[{"name":"wp","href":"https:\/\/api.w.org\/{rel}","templated":true}]}}