{"id":28081,"date":"2025-09-09T09:00:03","date_gmt":"2025-09-09T09:00:03","guid":{"rendered":"https:\/\/orotech.lt\/ismanusis-belaidis-grilio-termometras-feelspot-fs01-su-wifi-tuya\/"},"modified":"2025-09-10T06:40:35","modified_gmt":"2025-09-10T06:40:35","slug":"ismanusis-belaidis-grilio-termometras-feelspot-fs01-su-wifi-tuya","status":"publish","type":"product","link":"https:\/\/orotech.lt\/en\/ismanusis-belaidis-grilio-termometras-feelspot-fs01-su-wifi-tuya\/","title":{"rendered":"I\u0161manusis belaidis grilio termometras FEELSPOT FS01 su WIFI, Tuya"},"content":{"rendered":"<p>&lt;p style=&quot;text-align: justify;&quot;&gt;&lt;strong&gt;Feelspot FS01 belaidis maisto termometras&lt;\/strong&gt; yra patogus \u012frenginys, skirtas tiksliai matuoti temperat\u016br\u0105 kepimo metu. &amp;Scaron;is skaitmeninis termometras turi &lt;strong&gt;WIFI ry&amp;scaron;\u012f&lt;\/strong&gt;, tod\u0117l galite lengvai steb\u0117ti temperat\u016br\u0105 savo mobiliajame \u012frenginyje. Parsisi\u0173skite &lt;strong&gt;Tuya arba Smart Life program\u0117l\u0119&lt;\/strong&gt; ir ruo&amp;scaron;kite patiekalus pagal tiksliai nustatyt\u0105 temperat\u016br\u0105. Feelspot FS01 belaidis grilio termometras yra puikus pasirinkimas virtuv\u0117je, lauke ar bet kurioje vietoje, kurioje reikia matuoti maisto temperat\u016br\u0105. Tiesiog prid\u0117kite prietais\u0105 prie ruo&amp;scaron;iamo maisto, o auk&amp;scaron;to tikslumo davikliai ir program\u0117l\u0117 atliks vis\u0105 kit\u0105. Jums nebereik\u0117s nuolatos tikrinti ruo&amp;scaron;iamo maisto ir jaudintis d\u0117l perkepimo. Gal\u0117site u\u017esiimti kita, sau malonia veikla.&lt;\/p&gt;<br \/>\n&lt;p style=&quot;text-align: justify;&quot;&gt;&lt;strong&gt;Technical parameters:&lt;\/strong&gt;&lt;br \/&gt;&amp;bull; Matavimo intervalas: nuo -50&amp;deg;C iki 300&amp;deg;C&amp;nbsp;&lt;br \/&gt;&amp;bull; Matavimo tikslumas: &amp;plusmn;1&amp;deg;C&lt;br \/&gt;&amp;bull; Belaidis ry&amp;scaron;ys: Bluetooth 4.2 ir WIFI 2,4 GHz&lt;br \/&gt;&amp;bull; Ry&amp;scaron;io atstumas: apie 10 metr\u0173&lt;br \/&gt;&amp;bull; Matavimo laikas: 2-3 sekund\u0117s&lt;br \/&gt;&amp;bull; Ekrano tipas: LCD&lt;br \/&gt;&amp;bull; Ekrano dydis: 2 coli\u0173&lt;br \/&gt;&amp;bull; Baterijos tipas: \u012fkraunama li\u010dio baterija&lt;br \/&gt;&amp;bull; \u012ekrovimo laikas: apie 3 valandas&lt;br \/&gt;&amp;bull; Veikimo laikas: iki 40 valand\u0173 nuolatinio naudojimo&lt;br \/&gt;&amp;bull; Komplekt\u0105 sudaro: termometras, 2 davikliai (galima prijungti iki 6 vnt.), \u012fkrovimo laidas.&lt;br \/&gt;&amp;nbsp;&lt;\/p&gt;<br \/>\n&lt;p&gt;&lt;strong&gt;Attention:&lt;\/strong&gt;&lt;br \/&gt;&amp;bull; Nenaudokite grilio termometro mikrobang\u0173 krosnel\u0117je.&lt;br \/&gt;&amp;bull; M\u0117sos kepimo metu nesukite grilio termometro \u012f folij\u0105.&lt;br \/&gt;&amp;bull; Atsargiai &amp;ndash; grilio termometras kepimo metu ir po jo yra labai kar&amp;scaron;tas &amp;ndash; nelieskite plikomis rankomis.&lt;br \/&gt;&amp;nbsp;&lt;\/p&gt;<br \/>\n&lt;p style=&quot;text-align: justify;&quot;&gt;&lt;a class=&quot;catalogue&quot; href=&quot;\/en\/images\/Userfiles\/www.rubisolis.lt_Feelspot_FS01_manual.pdf\/&quot; target=&quot;blank&quot;&gt;Download product manual&lt;\/a&gt;&lt;\/p&gt;<\/p>","protected":false},"excerpt":{"rendered":"<p>&lt;p style=&quot;text-align: justify;&quot;&gt;&lt;strong&gt;Feelspot FS01 belaidis maisto termometras&lt;\/strong&gt; yra patogus \u012frenginys, skirtas tiksliai matuoti temperat\u016br\u0105 kepimo metu. &amp;Scaron;is skaitmeninis termometras turi<\/p>","protected":false},"featured_media":28083,"comment_status":"closed","ping_status":"open","template":"","meta":[],"product_brand":[],"product_cat":[23],"product_tag":[535],"class_list":{"0":"post-28081","1":"product","2":"type-product","3":"status-publish","4":"has-post-thumbnail","6":"product_cat-be-kategorijos","7":"product_tag-naujiena","9":"first","10":"onbackorder","11":"taxable","12":"shipping-taxable","13":"product-type-variable"},"_links":{"self":[{"href":"https:\/\/orotech.lt\/en\/wp-json\/wp\/v2\/product\/28081","targetHints":{"allow":["GET"]}}],"collection":[{"href":"https:\/\/orotech.lt\/en\/wp-json\/wp\/v2\/product"}],"about":[{"href":"https:\/\/orotech.lt\/en\/wp-json\/wp\/v2\/types\/product"}],"replies":[{"embeddable":true,"href":"https:\/\/orotech.lt\/en\/wp-json\/wp\/v2\/comments?post=28081"}],"version-history":[{"count":1,"href":"https:\/\/orotech.lt\/en\/wp-json\/wp\/v2\/product\/28081\/revisions"}],"predecessor-version":[{"id":28082,"href":"https:\/\/orotech.lt\/en\/wp-json\/wp\/v2\/product\/28081\/revisions\/28082"}],"wp:featuredmedia":[{"embeddable":true,"href":"https:\/\/orotech.lt\/en\/wp-json\/wp\/v2\/media\/28083"}],"wp:attachment":[{"href":"https:\/\/orotech.lt\/en\/wp-json\/wp\/v2\/media?parent=28081"}],"wp:term":[{"taxonomy":"product_brand","embeddable":true,"href":"https:\/\/orotech.lt\/en\/wp-json\/wp\/v2\/product_brand?post=28081"},{"taxonomy":"product_cat","embeddable":true,"href":"https:\/\/orotech.lt\/en\/wp-json\/wp\/v2\/product_cat?post=28081"},{"taxonomy":"product_tag","embeddable":true,"href":"https:\/\/orotech.lt\/en\/wp-json\/wp\/v2\/product_tag?post=28081"}],"curies":[{"name":"wp","href":"https:\/\/api.w.org\/{rel}","templated":true}]}}