{"id":28085,"date":"2025-09-09T09:00:03","date_gmt":"2025-09-09T09:00:03","guid":{"rendered":"https:\/\/orotech.lt\/duru-skambutis-feelspot-spd01w-wifi-tuya\/"},"modified":"2025-09-10T06:40:36","modified_gmt":"2025-09-10T06:40:36","slug":"duru-skambutis-feelspot-spd01w-wifi-tuya","status":"publish","type":"product","link":"https:\/\/orotech.lt\/en\/duru-skambutis-feelspot-spd01w-wifi-tuya\/","title":{"rendered":"Dur\u0173 skambutis Feelspot SPD01W WiFi, Tuya"},"content":{"rendered":"<p style=\"text-align: justify;\">Naujos kartos <strong>dur\u0173 skambutis Feelspot SPD01W WiFi<\/strong>&nbsp;suteiks jums patogum\u0105 ir saugum\u0105 viename.&nbsp;Kai kas nors jums paskambins \u012f duris, d\u0117ka prietaise integruoto WFi tinklo savo mobiliajame telefone gausite prane\u0161im\u0105 apie sve\u010dio apsilankym\u0105. Program\u0117l\u0117 &quot;Tuya&quot; leid\u017eia ne tik steb\u0117ti apsilankymus konkre\u010diu metu, bet ir reguliuoti dur\u0173 skambu\u010dio garsum\u0105, pasirinkti vien\u0105 i\u0161 38 skambu\u010dio melodij\u0173, valdyti skleid\u017eiam\u0105 ap\u0161vietim\u0105 ar tiesiog i\u0161jungti skambu\u010dio gars\u0105, siekiant neprikelti namuose poilsiaujan\u010di\u0173 \u017emoni\u0173. O geriausia yra tai, kad \u0161ias funkcijas valdyti ir prane\u0161imus steb\u0117ti galite net ir tada, kai j\u016bs\u0173 n\u0117ra namuose!<\/p>\n<p style=\"text-align: justify;\"><strong>Patogumas ir saugumas viename&nbsp;<\/strong><\/p>\n<p style=\"text-align: justify;\">Modernaus dizaino kinetinis&nbsp;<strong>dur\u0173 skambutis Feelspot SPD01W<\/strong> be baterij\u0173 veikia 433 MHz radijo bang\u0173 da\u017eniu. Dur\u0173 skambutis pasi\u017eymi stipriu signalu ir gali prasiskverbti pro 3-4 sienas, o ry\u0161io diapazonas atviroje teritorijoje siekia iki 150 metr\u0173, tod\u0117l \u012frenginys puikiai tinka dideliems namams, viloms, butams, biurams, parduotuv\u0117ms, sand\u0117liams ir t.t. <strong>Dur\u0173 skambutis Feelspot SPD01W<\/strong>&nbsp;pasi\u017eymi&nbsp;paprastu ir greitu&nbsp;montavimu&nbsp;&ndash; pritvirtinkite si\u0173stuv\u0105 su stipria dvipuse juosta (rasite prietaiso nugarin\u0117je pus\u0117je) prie pageidaujam\u0173 dur\u0173, o imtuv\u0105 \u012fki\u0161kite \u012f norimos erdv\u0117s rozet\u0119.&nbsp;\u0160iuolaiki\u0161kas <strong>dur\u0173 skambutis Feelspot SPD01W WiF<\/strong>i d\u0117l IP44 apsaugos klas\u0117s yra saugus naudoti lauke lijant lietui, sningant ar tiesiog esant didelei dr\u0117gmei.<\/p>\n<p style=\"text-align: center;\"><img decoding=\"async\" alt=\"\" src=\"\/images\/Userfiles\/Dur_skambutis_Feelspot_SPD01W_WiFi.png\" style=\"height: 280px; width: 800px;\" title=\"\"><\/p>\n<p style=\"text-align: justify;\"><strong>Technical characteristics:<\/strong><\/p>\n<ul>\n<li style=\"text-align: justify;\">\n\t\tSi\u0173stuvo (lauko)&nbsp;dur\u0173 skambu\u010dio \u012ftampa: maitinamas nuo paspaudimo metu sukurtos energijos (kinetinis);<\/li>\n<li style=\"text-align: justify;\">\n\t\tImtuvo (vidaus) dur\u0173 skambu\u010dio \u012ftampa: 90-250 V 50 Hz;&nbsp;<\/li>\n<li style=\"text-align: justify;\">\n\t\tSi\u0173stuvo (lauko) dur\u0173 skambu\u010dio energijos suvartojimas: &lt;10 mW;<\/li>\n<li style=\"text-align: justify;\">\n\t\tImtuvo (vidaus) dur\u0173 skambu\u010dio energijos suvartojimas: 0,5W;&nbsp;<\/li>\n<li style=\"text-align: justify;\">\n\t\tRadijo bang\u0173 da\u017enis: 433MHz \/ WiFi 2.4G;<\/li>\n<li style=\"text-align: justify;\">\n\t\tGarsas: 25-85 dB, 38 skirtingos melodijos;&nbsp; &nbsp;<\/li>\n<li style=\"text-align: justify;\">\n\t\tSi\u0173stuvo (lauko) dur\u0173 skambu\u010dio dydis: 80 x 50 x 28 mm;<\/li>\n<li style=\"text-align: justify;\">\n\t\tImtuvo (vidaus) dur\u0173 skambu\u010dio dydis: 101 x 67 x 50 mm;<\/li>\n<li style=\"text-align: justify;\">\n\t\tSignalo perdavimo atstumas: atvira zona &ge; 150 m (be barjer\u0173);<\/li>\n<li style=\"text-align: justify;\">\n\t\tProtection class: IP44;<\/li>\n<li style=\"text-align: justify;\">\n\t\tNepalaiko vaizdo \u012fra\u0161\u0173.<\/li>\n<\/ul>\n<p style=\"text-align: justify;\"><strong>The package includes:<\/strong><\/p>\n<ul>\n<li style=\"text-align: justify;\">\n\t\tSi\u0173stuvas, dvipuse juosta tvirtinamas prie i\u0161orin\u0117s sienos (lauko);<\/li>\n<li style=\"text-align: justify;\">\n\t\tImtuvas, tvirtinamas namuose \u012f elektros lizd\u0105 AC100-240V.<\/li>\n<\/ul>\n<p style=\"text-align: justify;\"><em><strong>Atsisi\u0173skite&nbsp;&bdquo;Tuya&ldquo;&nbsp;arba &bdquo;Smart Life&ldquo; program\u0117l\u0119 Android operacinei sistemai:<\/strong><\/em><\/p>\n<p style=\"text-align: justify;\"><a href=\"https:\/\/play.google.com\/store\/apps\/details?id=com.tuya.smart&amp;hl=lt&amp;gl=US\" target=\"_blank\" rel=\"nofollow noopener\"><img decoding=\"async\" alt=\"\" src=\"\/images\/Userfiles\/www.rubisolis.lt_tuya_app.png\" style=\"width: 80px; height: 80px;\" title=\"\"><\/a>&nbsp; &nbsp;<a href=\"https:\/\/play.google.com\/store\/apps\/details?id=com.tuya.smartlife&amp;hl=lt&amp;gl=US&amp;pli=1\" target=\"_blank\" rel=\"nofollow noopener\"><img decoding=\"async\" alt=\"\" src=\"\/images\/Userfiles\/www.rubisolis.lt_smart_life_app.png\" style=\"width: 80px; height: 80px;\" title=\"\"><\/a><\/p>\n<p style=\"text-align: justify;\"><em><strong>Atsisi\u0173skite &bdquo;Tuya&ldquo; arba &bdquo;Smart Life&ldquo; program\u0117l\u0119 iOS operacinei sistemai:&nbsp;<\/strong><\/em><\/p>\n<p style=\"text-align: justify;\"><a href=\"https:\/\/apps.apple.com\/us\/app\/tuya-smart\/id1034649547\" target=\"_blank\" rel=\"nofollow noopener\"><img decoding=\"async\" alt=\"\" src=\"\/images\/Userfiles\/www.rubisolis.lt_tuya_app.png\" style=\"width: 80px; height: 80px;\" title=\"\"><\/a>&nbsp; &nbsp;<a href=\"https:\/\/apps.apple.com\/us\/app\/smart-life-smart-living\/id1115101477\" target=\"_blank\" rel=\"nofollow noopener\"><img decoding=\"async\" alt=\"\" src=\"\/images\/Userfiles\/www.rubisolis.lt_smart_life_app.png\" style=\"width: 80px; height: 80px;\" title=\"\"><\/a><\/p>\n<p style=\"text-align: justify;\"><a class=\"catalogue\" href=\"https:\/\/www.rubisolis.lt\/images\/Userfiles\/A_Feelspot_instrukcijos\/FS-SPD01W.pdf\" target=\"blank\" rel=\"nofollow noopener\">Download product manual<\/a><\/p>","protected":false},"excerpt":{"rendered":"<p>Naujos kartos dur\u0173 skambutis Feelspot SPD01W WiFi&nbsp;suteiks jums patogum\u0105 ir saugum\u0105 viename.&nbsp;Kai kas nors jums paskambins \u012f duris, d\u0117ka prietaise<\/p>","protected":false},"featured_media":28087,"comment_status":"closed","ping_status":"open","template":"","meta":[],"product_brand":[],"product_cat":[23],"product_tag":[535],"class_list":{"0":"post-28085","1":"product","2":"type-product","3":"status-publish","4":"has-post-thumbnail","6":"product_cat-be-kategorijos","7":"product_tag-naujiena","9":"first","10":"onbackorder","11":"taxable","12":"shipping-taxable","13":"product-type-variable"},"_links":{"self":[{"href":"https:\/\/orotech.lt\/en\/wp-json\/wp\/v2\/product\/28085","targetHints":{"allow":["GET"]}}],"collection":[{"href":"https:\/\/orotech.lt\/en\/wp-json\/wp\/v2\/product"}],"about":[{"href":"https:\/\/orotech.lt\/en\/wp-json\/wp\/v2\/types\/product"}],"replies":[{"embeddable":true,"href":"https:\/\/orotech.lt\/en\/wp-json\/wp\/v2\/comments?post=28085"}],"version-history":[{"count":1,"href":"https:\/\/orotech.lt\/en\/wp-json\/wp\/v2\/product\/28085\/revisions"}],"predecessor-version":[{"id":28086,"href":"https:\/\/orotech.lt\/en\/wp-json\/wp\/v2\/product\/28085\/revisions\/28086"}],"wp:featuredmedia":[{"embeddable":true,"href":"https:\/\/orotech.lt\/en\/wp-json\/wp\/v2\/media\/28087"}],"wp:attachment":[{"href":"https:\/\/orotech.lt\/en\/wp-json\/wp\/v2\/media?parent=28085"}],"wp:term":[{"taxonomy":"product_brand","embeddable":true,"href":"https:\/\/orotech.lt\/en\/wp-json\/wp\/v2\/product_brand?post=28085"},{"taxonomy":"product_cat","embeddable":true,"href":"https:\/\/orotech.lt\/en\/wp-json\/wp\/v2\/product_cat?post=28085"},{"taxonomy":"product_tag","embeddable":true,"href":"https:\/\/orotech.lt\/en\/wp-json\/wp\/v2\/product_tag?post=28085"}],"curies":[{"name":"wp","href":"https:\/\/api.w.org\/{rel}","templated":true}]}}