{"id":28089,"date":"2025-09-09T09:00:03","date_gmt":"2025-09-09T09:00:03","guid":{"rendered":"https:\/\/orotech.lt\/kompiuterio-ekrano-foninis-apsvietimas-greentek-ambit-3\/"},"modified":"2025-09-10T06:40:37","modified_gmt":"2025-09-10T06:40:37","slug":"kompiuterio-ekrano-foninis-apsvietimas-greentek-ambit-3","status":"publish","type":"product","link":"https:\/\/orotech.lt\/en\/kompiuterio-ekrano-foninis-apsvietimas-greentek-ambit-3\/","title":{"rendered":"Kompiuterio ekrano foninis ap\u0161vietimas Greentek Ambit 3"},"content":{"rendered":"<p style=\"text-align: justify;\"><img decoding=\"async\" alt=\"\" src=\"\/images\/Userfiles\/www.rubisolis.lt_Kompiuterio_ekrano_foninis_apsvietimas_Greentek_Ambit_3.jpg\" style=\"width: 1000px; height: 250px;\" title=\"\"><\/p>\n<p style=\"text-align: justify;\">Sukurkite jauki\u0105 atmosfer\u0105 kartu su pa\u017eangia ekrano ap\u0161vietimo sistema Greentek AMBIT! \u0160is i\u0161skirtin\u0117s kokyb\u0117s foninis kompiuterio ekrano ap\u0161vietimas ne tik suteiks j\u016bs\u0173 laisvalaikio ar darbo erdvei stiling\u0105 dizain\u0105, bet ir pagerins j\u016bs\u0173 vaizdo patirt\u012f. Tiesiog priklijuokite \u0161viesos juost\u0105 prie monitoriaus galo ir prijunkite prie kompiuterio signalo \u0161altinio USB laid\u0105. \u012e i\u0161man\u0173j\u012f kompiuter\u012f atsisi\u0173skite program\u0105&nbsp;<a href=\"http:\/\/www.greentekantennas.com\/download\/ambit_download.html\" target=\"_blank\" rel=\"nofollow noopener\">&bdquo;AMBIT&quot;<\/a>, kurioje gal\u0117site valdyti norim\u0105 spalvos ar ap\u0161vietimo intensyvum\u0105 bei keisti temas (filmai, muzika, \u017eaidimai, statin\u0117, dinamin\u0117 ir t.t.). Foninis ekrano ap\u0161vietimas derinamas su Windows 10 ar naujesne programine \u012franga.&nbsp;<br \/>\n\t&nbsp;<\/p>\n<p style=\"text-align: center;\"><iframe allow=\"accelerometer; autoplay; clipboard-write; encrypted-media; gyroscope; picture-in-picture; web-share\" allowfullscreen=\"\" frameborder=\"0\" height=\"315\" src=\"https:\/\/www.youtube.com\/embed\/oc2kFR7cy7U?si=dGSXuEbDY2KZMl3i\" title=\"YouTube video player\" width=\"560\"><\/iframe><\/p>\n<p style=\"text-align: justify;\"><strong style=\"text-align: center;\">Features:<\/strong><\/p>\n<ul>\n<li>\n\t\t&quot;AmbientSync&quot; re\u017eimas. Sinchronizuoja ap\u0161vietimo efektus pagal viso ekrano vaizdo kra\u0161tus.<\/li>\n<li>\n\t\tFilm\u0173 re\u017eimas.&nbsp;Sinchronizuoja ap\u0161vietimo efektus \u017ei\u016brint filmus su skirtingais ekrano santykiais. &nbsp;<\/li>\n<li>\n\t\t\u017daidim\u0173 re\u017eimas.&nbsp;Ap\u0161vietimo efektai pagal pritaikytas klaviat\u016bros ir pel\u0117s \u012fvestis.&nbsp;<\/li>\n<li>\n\t\tBaltos spalvos re\u017eimas.&nbsp;Reguliuoja \u0161alt\u0105, \u0161ilt\u0105 ir balt\u0105 \u0161vies\u0105 aki\u0173 apsaugai ir darbo aplinkai.&nbsp;<\/li>\n<li>\n\t\tStatin\u0117 tema.&nbsp;Leid\u017eia nustatyti pageidaujamas spalvas.&nbsp;<\/li>\n<li>\n\t\tDinamin\u0117 tema.&nbsp;Leid\u017eia reguliuoti pageidaujamas spalvas ir ap\u0161vietimo efektus.&nbsp;<\/li>\n<li>\n\t\tMuzikos re\u017eimas.&nbsp;Atvaizduoja ap\u0161vietimo efektus pagal&nbsp;muzikos rimt\u0105.&nbsp;<\/li>\n<\/ul>\n<p><strong>Technical characteristics:<\/strong><\/p>\n<ul>\n<li>\n\t\tAp\u0161vietimas: RGB;<\/li>\n<li>\n\t\tLaido ilgis: 1.5m;<\/li>\n<li>\n\t\tJungtis (\u012f kompiuter\u012f):&nbsp;USB-A;<\/li>\n<li>\n\t\tMatmenys:&nbsp;591 x 374 x 64 mm;<\/li>\n<li>\n\t\tDarbin\u0117 \u012ftampa: 5V PC USB 2.0\/3.0;&nbsp;<\/li>\n<li>\n\t\tDerinama su 27&rdquo;-32&rdquo; \u012fstri\u017eain\u0117s ekranais;<\/li>\n<li>\n\t\tDerinama su Windows 10 ar naujesne programine \u012franga.&nbsp;<\/li>\n<\/ul>\n<p><strong>The package includes:<\/strong><\/p>\n<ul>\n<li>\n\t\tKampinis laikiklis &#8211; 2 vnt.;<\/li>\n<li>\n\t\t\u0160viesos vamzd\u017eio jungtis &#8211; 1 vnt.;<\/li>\n<li>\n\t\t\u0160viesos vamzdis (vir\u0161utinis) &#8211; 2 vnt.;<\/li>\n<li>\n\t\t\u0160viesos vamzdis (\u0161oniniai) &#8211; 2 vnt.;<\/li>\n<\/ul>\n<p><a class=\"catalogue\" href=\"\/en\/images\/Userfiles\/My_folder\/Ekrano_foninis_apsvietimas_AMBIT.pdf\/\" target=\"blank\">Download product manual <\/a><\/p>","protected":false},"excerpt":{"rendered":"<p>Sukurkite jauki\u0105 atmosfer\u0105 kartu su pa\u017eangia ekrano ap\u0161vietimo sistema Greentek AMBIT! \u0160is i\u0161skirtin\u0117s kokyb\u0117s foninis kompiuterio ekrano ap\u0161vietimas ne tik<\/p>","protected":false},"featured_media":28091,"comment_status":"closed","ping_status":"open","template":"","meta":[],"product_brand":[],"product_cat":[23],"product_tag":[535],"class_list":{"0":"post-28089","1":"product","2":"type-product","3":"status-publish","4":"has-post-thumbnail","6":"product_cat-be-kategorijos","7":"product_tag-naujiena","9":"first","10":"onbackorder","11":"taxable","12":"shipping-taxable","13":"product-type-variable"},"_links":{"self":[{"href":"https:\/\/orotech.lt\/en\/wp-json\/wp\/v2\/product\/28089","targetHints":{"allow":["GET"]}}],"collection":[{"href":"https:\/\/orotech.lt\/en\/wp-json\/wp\/v2\/product"}],"about":[{"href":"https:\/\/orotech.lt\/en\/wp-json\/wp\/v2\/types\/product"}],"replies":[{"embeddable":true,"href":"https:\/\/orotech.lt\/en\/wp-json\/wp\/v2\/comments?post=28089"}],"version-history":[{"count":1,"href":"https:\/\/orotech.lt\/en\/wp-json\/wp\/v2\/product\/28089\/revisions"}],"predecessor-version":[{"id":28090,"href":"https:\/\/orotech.lt\/en\/wp-json\/wp\/v2\/product\/28089\/revisions\/28090"}],"wp:featuredmedia":[{"embeddable":true,"href":"https:\/\/orotech.lt\/en\/wp-json\/wp\/v2\/media\/28091"}],"wp:attachment":[{"href":"https:\/\/orotech.lt\/en\/wp-json\/wp\/v2\/media?parent=28089"}],"wp:term":[{"taxonomy":"product_brand","embeddable":true,"href":"https:\/\/orotech.lt\/en\/wp-json\/wp\/v2\/product_brand?post=28089"},{"taxonomy":"product_cat","embeddable":true,"href":"https:\/\/orotech.lt\/en\/wp-json\/wp\/v2\/product_cat?post=28089"},{"taxonomy":"product_tag","embeddable":true,"href":"https:\/\/orotech.lt\/en\/wp-json\/wp\/v2\/product_tag?post=28089"}],"curies":[{"name":"wp","href":"https:\/\/api.w.org\/{rel}","templated":true}]}}