{"id":28093,"date":"2025-09-09T09:00:03","date_gmt":"2025-09-09T09:00:03","guid":{"rendered":"https:\/\/orotech.lt\/tv-ekrano-led-foninis-apsvietimas-greentek-horizon-4c\/"},"modified":"2025-09-10T06:40:38","modified_gmt":"2025-09-10T06:40:38","slug":"tv-ekrano-led-foninis-apsvietimas-greentek-horizon-4c","status":"publish","type":"product","link":"https:\/\/orotech.lt\/en\/tv-ekrano-led-foninis-apsvietimas-greentek-horizon-4c\/","title":{"rendered":"TV ekrano LED foninis ap\u0161vietimas Greentek Horizon 4C"},"content":{"rendered":"<p style=\"text-align: justify;\"><img decoding=\"async\" alt=\"\" src=\"\/images\/Userfiles\/www.rubisolis.lt_TV_ekrano_LED_foninis_apsvietimas_Greentek_Horizon-4C_.jpg\" style=\"width: 1000px; height: 250px;\" title=\"\"><\/p>\n<p style=\"text-align: justify;\">Pasinerkite \u012f vaizdo \u017eaidimus, filmus ar televizijos laidas naudodami LED televizori\u0173 ap\u0161vietim\u0105 Greentek Horizon 4C! Ak\u012f traukian\u010dios RGB <strong>LED \u0161viesos juostos<\/strong> pasi\u017eymi galimybe skleisti 16 milijon\u0173 skirting\u0173 spalv\u0173,&nbsp;kas leis m\u0117gautis auk\u0161ta ap\u0161vietimo kokybe ir malonia atmosfera. D\u0117ka integruoto WiFi ry\u0161io, <strong>foninis televizoriaus LED ap\u0161vietimas<\/strong> tampa dar i\u0161manesnis&nbsp;&ndash; kartu su i\u0161mani\u0105j\u0105 program\u0117le &bdquo;Tuya&quot; arba &bdquo;Smart Life&quot; valdykite norim\u0105 spalvos ar ap\u0161vietimo intensyvum\u0105, keiskite temas (filmai, muzika, \u017eaidimai ir t.t.) bei kurkite ap\u0161vietimo scenas pagal individualius poreikius.&nbsp;Greentek si\u016blo 3 skirtingus ap\u0161vietimo sistemos dyd\u017eius, tinkan\u010dius 55&quot;, 65&quot; bei 75&quot; \u012fstri\u017eain\u0117s televizoriams. I\u0161 naujo atraskite savo \u017ei\u016br\u0117jimo patirt\u012f su daugiau spalv\u0173 ir ma\u017eesniu aki\u0173 nuovargiu kartu su Greentek Horizon 4C!<\/p>\n<p style=\"text-align: center;\"><iframe allow=\"accelerometer; autoplay; clipboard-write; encrypted-media; gyroscope; picture-in-picture; web-share\" allowfullscreen=\"\" frameborder=\"0\" height=\"315\" src=\"https:\/\/www.youtube.com\/embed\/MG1wRBex4KE?si=pE8L_NzNrgZfyli_\" title=\"YouTube video player\" width=\"560\"><\/iframe><\/p>\n<p style=\"text-align: justify;\"><strong style=\"text-align: center;\">Features and benefits:<\/strong><\/p>\n<ul>\n<li>\n\t\t\u012erangos valdymas per i\u0161mani\u0105j\u0105 program\u0117l\u0119 &bdquo;Tuya&quot; arba &bdquo;Smart Life&quot;;<\/li>\n<li>\n\t\tReguliuoja \u0161alt\u0105, \u0161ilt\u0105 ir balt\u0105 \u0161vies\u0105 maksimaliai aki\u0173 apsaugai ir darbo aplinkai;<\/li>\n<li>\n\t\t16 milijon\u0173 spalv\u0173 palet\u0117;<\/li>\n<li>\n\t\tSpalv\u0173 intensyvumo reguliavimas;<\/li>\n<li>\n\t\tSkirtingos ap\u0161vietimo temos: film\u0173 \u017ei\u016br\u0117jimas, muzika ir t.t.<\/li>\n<li>\n\t\tGalimyb\u0117 susikurti norimas ap\u0161vietimo scenas.<\/li>\n<\/ul>\n<p><strong>Technical characteristics:<\/strong><\/p>\n<ul>\n<li>\n\t\tAp\u0161vietimas: RGB 16 milijon\u0173 spalv\u0173;<\/li>\n<li>\n\t\tDarbin\u0117 \u012ftampa: DC 12V \/ 2A (24W);<\/li>\n<li>\n\t\tRy\u0161ys: 2.4GHz Wi-Fi&nbsp;+ BLE;<\/li>\n<li>\n\t\tDerinama su 55&rdquo;, 65&rdquo;, 75&quot; \u012fstri\u017eain\u0117s televizoriais.<\/li>\n<\/ul>\n<p><strong>The package includes:<br \/>\n\t<\/strong><\/p>\n<ul>\n<li>\n\t\tKameros laikiklis &#8211; 1 vnt.;<\/li>\n<li>\n\t\tKampinis laikiklis &#8211; 2 vnt.;<\/li>\n<li>\n\t\tMaitinimo jungtis &#8211; 1 vnt.;<\/li>\n<li>\n\t\t\u0160viesos juostos jungtis &#8211; 4 vnt.;<\/li>\n<li>\n\t\t\u0160viesos juosta &#8211; 8 vnt.;<\/li>\n<\/ul>\n<p><a class=\"catalogue\" href=\"\/en\/images\/Userfiles\/My_folder\/Ekrano_foninis_apsvietimas_Horizon_4C1.pdf\/\" target=\"blank\">Download product manual <\/a><\/p>","protected":false},"excerpt":{"rendered":"<p>Pasinerkite \u012f vaizdo \u017eaidimus, filmus ar televizijos laidas naudodami LED televizori\u0173 ap\u0161vietim\u0105 Greentek Horizon 4C! Ak\u012f traukian\u010dios RGB LED \u0161viesos<\/p>","protected":false},"featured_media":28095,"comment_status":"closed","ping_status":"open","template":"","meta":[],"product_brand":[],"product_cat":[23],"product_tag":[535],"class_list":{"0":"post-28093","1":"product","2":"type-product","3":"status-publish","4":"has-post-thumbnail","6":"product_cat-be-kategorijos","7":"product_tag-naujiena","9":"first","10":"onbackorder","11":"taxable","12":"shipping-taxable","13":"product-type-variable"},"_links":{"self":[{"href":"https:\/\/orotech.lt\/en\/wp-json\/wp\/v2\/product\/28093","targetHints":{"allow":["GET"]}}],"collection":[{"href":"https:\/\/orotech.lt\/en\/wp-json\/wp\/v2\/product"}],"about":[{"href":"https:\/\/orotech.lt\/en\/wp-json\/wp\/v2\/types\/product"}],"replies":[{"embeddable":true,"href":"https:\/\/orotech.lt\/en\/wp-json\/wp\/v2\/comments?post=28093"}],"version-history":[{"count":1,"href":"https:\/\/orotech.lt\/en\/wp-json\/wp\/v2\/product\/28093\/revisions"}],"predecessor-version":[{"id":28094,"href":"https:\/\/orotech.lt\/en\/wp-json\/wp\/v2\/product\/28093\/revisions\/28094"}],"wp:featuredmedia":[{"embeddable":true,"href":"https:\/\/orotech.lt\/en\/wp-json\/wp\/v2\/media\/28095"}],"wp:attachment":[{"href":"https:\/\/orotech.lt\/en\/wp-json\/wp\/v2\/media?parent=28093"}],"wp:term":[{"taxonomy":"product_brand","embeddable":true,"href":"https:\/\/orotech.lt\/en\/wp-json\/wp\/v2\/product_brand?post=28093"},{"taxonomy":"product_cat","embeddable":true,"href":"https:\/\/orotech.lt\/en\/wp-json\/wp\/v2\/product_cat?post=28093"},{"taxonomy":"product_tag","embeddable":true,"href":"https:\/\/orotech.lt\/en\/wp-json\/wp\/v2\/product_tag?post=28093"}],"curies":[{"name":"wp","href":"https:\/\/api.w.org\/{rel}","templated":true}]}}