{"id":28099,"date":"2025-09-09T09:00:03","date_gmt":"2025-09-09T09:00:03","guid":{"rendered":"https:\/\/orotech.lt\/laistymo-purkstuku-valdiklis-feelspot-fs-sc01w-wifi-tuya\/"},"modified":"2025-09-10T06:40:39","modified_gmt":"2025-09-10T06:40:39","slug":"laistymo-purkstuku-valdiklis-feelspot-fs-sc01w-wifi-tuya","status":"publish","type":"product","link":"https:\/\/orotech.lt\/en\/laistymo-purkstuku-valdiklis-feelspot-fs-sc01w-wifi-tuya\/","title":{"rendered":"Laistymo purk\u0161tuk\u0173 valdiklis Feelspot FS-SC01W WiFi, Tuya"},"content":{"rendered":"<p>&lt;p style=&quot;text-align: justify;&quot;&gt;&lt;em&gt;&lt;strong&gt;Nuo &amp;scaron;iol greitai ir lengvai valdykite laistymo sistem\u0105 savo kieme&lt;br \/&gt;&lt;\/strong&gt;&lt;\/em&gt;&lt;\/p&gt;<br \/>\n&lt;p style=&quot;text-align: justify;&quot;&gt;I&amp;scaron;manus &lt;strong&gt;laistymo sistemos valdiklis&amp;nbsp;Feelspot FS-SC01W&lt;\/strong&gt; d\u0117ka integruoto WiFi 2.4\/5GHz&amp;nbsp;ry&amp;scaron;io leis nuotolinu b\u016bdu valdyti j\u016bs\u0173 privataus kiemo ar sodo laistymo veikl\u0105. Viskas, ko reikia, tai laistymo sistemos valdikl\u012f suri&amp;scaron;ti su mobili\u0105j\u0105 program\u0117le &amp;bdquo;Tuya&quot;, kurios \u012fdiegimas greitas ir paprastas. Nuo &amp;scaron;iol nebereikia ie&amp;scaron;koti, kas palaistys j\u016bs\u0173 augmenij\u0105 J\u016bs\u0173 atostog\u0173 metu&amp;nbsp;&amp;ndash; visk\u0105 galite padaryti patys vos keli\u0173 mygtuk\u0173 paspaudimu savo telefone! Prietaisas skirtas valdyti \u012fprastus 24V solenoidinius laistymo vo\u017etuvus (\u012f komplekt\u0105 ne\u012feina).&amp;nbsp;&lt;\/p&gt;<br \/>\n&lt;p style=&quot;text-align: justify;&quot;&gt;Juodos spalvos ir itin stilingas &lt;strong&gt;laistymo sistemos valdiklis Feelspot FS-SC01W&lt;\/strong&gt; leid\u017eia valdyti iki 16 skirting\u0173 laistymo zon\u0173. Taip pat, mobilioje program\u0117l\u0117je&amp;nbsp;&amp;bdquo;Tuya&quot; gal\u0117site sukurti laistymo tvarkara&amp;scaron;t\u012f pagal savait\u0117s dienas, reikiamas valandas, taip pat galima nustatyti skirtingus laistymo metodus kiekvienai zonai atskirai bei konkre\u010dios zonos laistymo trukm\u0119.&lt;\/p&gt;<br \/>\n&lt;p style=&quot;text-align: justify;&quot;&gt;&amp;Scaron;is Feelspot valdiklis &lt;strong&gt;naudoja i&amp;scaron;mani\u0105j\u0105 or\u0173 funkcij\u0105:&lt;\/strong&gt; su automatiniu oro s\u0105lyg\u0173 integravimu &amp;scaron;i i&amp;scaron;mani laistymo sistema praleid\u017eia nereikaling\u0105 laistym\u0105 pagal naujausias vietines or\u0173 prognozes. Prietaise yra toki\u0173 funkcij\u0173, kaip laistymo praleidimas lietaus metu, v\u0117juotomis s\u0105lygomis ar esant \u017eemai oro temperat\u016brai.&amp;nbsp;&lt;\/p&gt;<br \/>\n&lt;p style=&quot;text-align: justify;&quot;&gt;&lt;strong&gt;Paprastas montavimas:&lt;\/strong&gt; galite atlikti tai patys &amp;ndash; nereikia speciali\u0173 \u012franki\u0173 ar profesionali\u0173 \u017eini\u0173.&lt;br \/&gt;&amp;bull; Pasirinkite viet\u0105 lauke ar patalpos viduje su Wi-Fi signalu;&lt;br \/&gt;&amp;bull; Prijunkite elektromagnetinius laistymo vo\u017etuvus (\u012f komplekt\u0105 ne\u012feina) laidais prie Feelspot i&amp;scaron;maniojo valdiklio;&lt;br \/&gt;&amp;bull; Prijunkite komplekte esant\u012f maitinimo adapter\u012f ir u\u017ebaikite s\u0105rank\u0105 &amp;ldquo;Tuya&amp;rdquo; program\u0117l\u0117je.&lt;\/p&gt;<br \/>\n&lt;p style=&quot;text-align: justify;&quot;&gt;&lt;strong&gt;Universalus pritaikymas:&lt;\/strong&gt; tinka sodams, vejoms, &amp;scaron;iltnamiams ir \u016bkiams, &amp;scaron;is i&amp;scaron;manusis &amp;bdquo;WiFi&amp;ldquo; purk&amp;scaron;tuk\u0173 valdiklis si\u016blo daugyb\u0119 naudojimo galimybi\u0173. Nesvarbu, ar turite nedidel\u012f kiem\u0105, ar didel\u0119 \u017eem\u0117s \u016bkio paskirties teritorij\u0105, jis si\u016blo efektyvius ir lengvai pritaikomus laistymo sprendimus.&amp;nbsp;&lt;\/p&gt;<br \/>\n&lt;p style=&quot;text-align: justify;&quot;&gt;&lt;strong&gt;Advantages:&lt;\/strong&gt;&lt;\/p&gt;<br \/>\n&lt;ul&gt;<br \/>\n&lt;li&gt;Integruotas WiFi ry&amp;scaron;ys;&lt;\/li&gt;<br \/>\n&lt;li&gt;Integruotas Bluetooth ry&amp;scaron;ys;&amp;nbsp;&lt;\/li&gt;<br \/>\n&lt;li&gt;Galimyb\u0117 valdyti 16 skirting\u0173 laistymo zon\u0173;&lt;\/li&gt;<br \/>\n&lt;li&gt;Programuojamas laistymo tvarkara&amp;scaron;tis pagal norim\u0105 zon\u0105;&lt;\/li&gt;<br \/>\n&lt;li&gt;Reguliuojama laistymo trukm\u0117;&lt;\/li&gt;<br \/>\n&lt;li&gt;LCD ekranas;&lt;\/li&gt;<br \/>\n&lt;li&gt;Nuotoliniu b\u016bdu valdomas \u012frenginys per&amp;nbsp;&amp;bdquo;Tuya&quot; program\u0117l\u0119;&lt;\/li&gt;<br \/>\n&lt;li&gt;Prane&amp;scaron;imai telefone;&lt;\/li&gt;<br \/>\n&lt;li&gt;Dirba kartu su&amp;nbsp;Alexa ar Google home.&lt;\/li&gt;<br \/>\n&lt;\/ul&gt;<br \/>\n&lt;p&gt;&lt;strong&gt;Technical characteristics:&lt;\/strong&gt;&lt;\/p&gt;<br \/>\n&lt;ul&gt;<br \/>\n&lt;li&gt;&lt;span style=&quot;text-align: justify;&quot;&gt;Maitinimas: AC24V;&lt;\/span&gt;&lt;\/li&gt;<br \/>\n&lt;li&gt;Ry&amp;scaron;ys: WiFi 2.4\/5GHz;&lt;\/li&gt;<br \/>\n&lt;li&gt;Spalva: juoda;&lt;\/li&gt;<br \/>\n&lt;li&gt;I&amp;scaron;matavimai: 150 x 149 x 32 mm;&lt;\/li&gt;<br \/>\n&lt;li&gt;Valdymo zonos: 16 (maks.);&lt;\/li&gt;<br \/>\n&lt;li&gt;Bluetooth versija: Bluetooth 5.0;&lt;\/li&gt;<br \/>\n&lt;li&gt;Ekranas: lie\u010diamas, LCD;&lt;\/li&gt;<br \/>\n&lt;li&gt;Darbin\u0117 temperat\u016bra:&amp;nbsp;-10\u2103\uff5e60\u2103;&lt;\/li&gt;<br \/>\n&lt;li&gt;Darbin\u0117 dr\u0117gm\u0117:&amp;nbsp;1% \uff5e 95%RH.&lt;\/li&gt;<br \/>\n&lt;\/ul&gt;<br \/>\n&lt;p style=&quot;text-align: justify;&quot;&gt;&lt;a class=&quot;catalogue&quot; href=&quot;\/en\/images\/Userfiles\/My_folder\/Wi-Fi_i_Laistymo_sistemos_valdiklio_nstrukcija.pdf\/&quot; target=&quot;blank&quot;&gt;Atsisi\u0173ti produkto instrukcija &lt;\/a&gt;&lt;\/p&gt;<\/p>","protected":false},"excerpt":{"rendered":"<p>&lt;p style=&quot;text-align: justify;&quot;&gt;&lt;em&gt;&lt;strong&gt;Nuo &amp;scaron;iol greitai ir lengvai valdykite laistymo sistem\u0105 savo kieme&lt;br \/&gt;&lt;\/strong&gt;&lt;\/em&gt;&lt;\/p&gt; &lt;p style=&quot;text-align: justify;&quot;&gt;I&amp;scaron;manus &lt;strong&gt;laistymo sistemos valdiklis&amp;nbsp;Feelspot FS-SC01W&lt;\/strong&gt;<\/p>","protected":false},"featured_media":28101,"comment_status":"closed","ping_status":"open","template":"","meta":[],"product_brand":[],"product_cat":[23],"product_tag":[535],"class_list":{"0":"post-28099","1":"product","2":"type-product","3":"status-publish","4":"has-post-thumbnail","6":"product_cat-be-kategorijos","7":"product_tag-naujiena","9":"first","10":"onbackorder","11":"taxable","12":"shipping-taxable","13":"product-type-variable"},"_links":{"self":[{"href":"https:\/\/orotech.lt\/en\/wp-json\/wp\/v2\/product\/28099","targetHints":{"allow":["GET"]}}],"collection":[{"href":"https:\/\/orotech.lt\/en\/wp-json\/wp\/v2\/product"}],"about":[{"href":"https:\/\/orotech.lt\/en\/wp-json\/wp\/v2\/types\/product"}],"replies":[{"embeddable":true,"href":"https:\/\/orotech.lt\/en\/wp-json\/wp\/v2\/comments?post=28099"}],"version-history":[{"count":1,"href":"https:\/\/orotech.lt\/en\/wp-json\/wp\/v2\/product\/28099\/revisions"}],"predecessor-version":[{"id":28100,"href":"https:\/\/orotech.lt\/en\/wp-json\/wp\/v2\/product\/28099\/revisions\/28100"}],"wp:featuredmedia":[{"embeddable":true,"href":"https:\/\/orotech.lt\/en\/wp-json\/wp\/v2\/media\/28101"}],"wp:attachment":[{"href":"https:\/\/orotech.lt\/en\/wp-json\/wp\/v2\/media?parent=28099"}],"wp:term":[{"taxonomy":"product_brand","embeddable":true,"href":"https:\/\/orotech.lt\/en\/wp-json\/wp\/v2\/product_brand?post=28099"},{"taxonomy":"product_cat","embeddable":true,"href":"https:\/\/orotech.lt\/en\/wp-json\/wp\/v2\/product_cat?post=28099"},{"taxonomy":"product_tag","embeddable":true,"href":"https:\/\/orotech.lt\/en\/wp-json\/wp\/v2\/product_tag?post=28099"}],"curies":[{"name":"wp","href":"https:\/\/api.w.org\/{rel}","templated":true}]}}