{"id":28110,"date":"2025-09-09T09:00:03","date_gmt":"2025-09-09T09:00:03","guid":{"rendered":"https:\/\/orotech.lt\/laistymo-sistemos-valdiklis-feelspot-fs-sc01zb-zigbee-tuya\/"},"modified":"2025-09-10T06:40:40","modified_gmt":"2025-09-10T06:40:40","slug":"laistymo-sistemos-valdiklis-feelspot-fs-sc01zb-zigbee-tuya","status":"publish","type":"product","link":"https:\/\/orotech.lt\/en\/laistymo-sistemos-valdiklis-feelspot-fs-sc01zb-zigbee-tuya\/","title":{"rendered":"Laistymo sistemos valdiklis Feelspot FS-SC01ZB Zigbee, Tuya"},"content":{"rendered":"<p>&lt;p style=&quot;text-align: justify;&quot;&gt;&lt;strong&gt;&lt;em&gt;M\u0117gaukit\u0117s sodo prie\u017ei\u016bra tik vieno mygtuko paspaudimu!&lt;\/em&gt;&lt;\/strong&gt;&lt;\/p&gt;<br \/>\n&lt;p style=&quot;text-align: justify;&quot;&gt;Dabar galite laistyti sod\u0105 i&amp;scaron;vyk\u0119 \u017evejoti ar atostogauti. Laistykite sod\u0105 lengvai ir tiksliai! Laistymo sistemos valdiklis Feelspot FS-SC01ZB su Zigbee&amp;nbsp;ry&amp;scaron;iu turi tiksl\u0173 laistymo valdym\u0105, leid\u017eiant\u012f laistyti tiksliai ir tik tada, kai reikia. D\u0117l Zigbee ry&amp;scaron;io paprastumo prietais\u0105 galite valdyti kaip ant delno &ndash; viskas, ko reikia, tai laistymo sistemos valdikl\u012f suri&amp;scaron;ti su mobili\u0105j\u0105 program\u0117le &amp;bdquo;Tuya&quot;, kurios \u012fdiegimas greitas ir paprastas. Mobilioje program\u0117l\u0117je&amp;nbsp;&amp;bdquo;Tuya&quot; gal\u0117site sukurti laistymo tvarkara&amp;scaron;t\u012f pagal savait\u0117s dienas, reikiamas valandas, oro temperat\u016br\u0105 ar s\u0105lygas bei laistyti savo sod\u0105 tiek, kiek reikia pagal i&amp;scaron; anksto nustatyt\u0105 trukm\u0119. Taip pat, prietaisas fiksuoja ne tik kada, bet ir kiek vandens laistymo metu sunaudojote. O kad sistema veikt\u0173 visapusi&amp;scaron;kai efektyviai, sugrupuokite kelis laistymo sistemos prietaisus (\u010diaupus), kad veikt\u0173 vienu metu!&amp;nbsp;&lt;\/p&gt;<br \/>\n&lt;p style=&quot;text-align: justify;&quot;&gt;&lt;strong&gt;Pastaba&lt;\/strong&gt;: kad valdikl\u012f gal\u0117tum\u0117te prijungti prie &amp;bdquo;Tuya&amp;rdquo; program\u0117l\u0117s, reikalingas &amp;bdquo;Tuya Zigbee&amp;ldquo; pried\u0117lis. Jei tokio dar neturite, j\u012f galite \u012fsigyti &lt;a href=&quot;https:\/\/rubisolis.lt\/ismanusis-priedelis-feelspot-zb22-zigbee&quot;&gt;\u010dia.&lt;\/a&gt;&lt;\/p&gt;<br \/>\n&lt;p style=&quot;text-align: justify;&quot;&gt;&lt;strong&gt;Advantages:&lt;\/strong&gt;&lt;\/p&gt;<br \/>\n&lt;ul&gt;<br \/>\n&lt;li&gt;Veikia su saugiu Zigbee ry&amp;scaron;iu;&lt;\/li&gt;<br \/>\n&lt;li&gt;Programuojamas laistymo tvarkara&amp;scaron;tis pagal reikiamas valandas, dienas, paros laik\u0105, oro temperat\u016br\u0105 arba oro s\u0105lygas;&lt;\/li&gt;<br \/>\n&lt;li&gt;Veikia kartu su balso valdymo programomis&amp;nbsp;&amp;bdquo;Alexa&quot; ir &amp;bdquo;Google Home&quot;;&lt;\/li&gt;<br \/>\n&lt;li&gt;Reguliuojama laistymo trukm\u0117;&amp;nbsp;&lt;\/li&gt;<br \/>\n&lt;li&gt;Nuotoliniu b\u016bdu valdomas \u012frenginys per &amp;bdquo;Tuya&quot; program\u0117l\u0119;&amp;nbsp;&lt;\/li&gt;<br \/>\n&lt;li&gt;Program\u0117l\u0117s prane&amp;scaron;imai;&lt;\/li&gt;<br \/>\n&lt;li&gt;Apsauga nuo vaik\u0173;&lt;\/li&gt;<br \/>\n&lt;li&gt;Integruotas LED ap&amp;scaron;vietimas;&lt;\/li&gt;<br \/>\n&lt;li&gt;Paprastas sistemos valdymas.&lt;\/li&gt;<br \/>\n&lt;\/ul&gt;<br \/>\n&lt;p&gt;&lt;strong&gt;Technical characteristics:&lt;\/strong&gt;&lt;\/p&gt;<br \/>\n&lt;ul&gt;<br \/>\n&lt;li&gt;&lt;span style=&quot;text-align: justify;&quot;&gt;Maitinimas: AA x 4 vnt. baterijos (\u012f komplekt\u0105 ne\u012feina);&lt;\/span&gt;&lt;\/li&gt;<br \/>\n&lt;li&gt;Ry&amp;scaron;ys: Zigbee 3.0 IEEE 802.15.4;&lt;\/li&gt;<br \/>\n&lt;li&gt;Spalva: juoda, m\u0117lyna;&lt;\/li&gt;<br \/>\n&lt;li&gt;I&amp;scaron;matavimai: 137 x 47 x 129&amp;nbsp;mm;&lt;\/li&gt;<br \/>\n&lt;li&gt;Med\u017eiaga: plastikas;&lt;\/li&gt;<br \/>\n&lt;li&gt;Vo\u017etuvo dydis: 3\/4&#039;&#039; vamzdis;&lt;\/li&gt;<br \/>\n&lt;li&gt;Darbinis sl\u0117gis: &amp;le;1MPa;&lt;\/li&gt;<br \/>\n&lt;li&gt;Apsaugos klas\u0117: IP66;&lt;\/li&gt;<br \/>\n&lt;li&gt;Darbin\u0117 temperat\u016bra: 0\u2103\uff5e60\u2103;&lt;\/li&gt;<br \/>\n&lt;li&gt;Darbin\u0117 dr\u0117gm\u0117:&amp;nbsp;1% \uff5e 95%RH.&lt;\/li&gt;<br \/>\n&lt;\/ul&gt;<br \/>\n&lt;p style=&quot;text-align: justify;&quot;&gt;&lt;a class=&quot;catalogue&quot; href=&quot;\/en\/images\/Userfiles\/My_folder\/Laistymo_sistemos_valdiklio_instrukcija.pdf\/&quot; target=&quot;blank&quot;&gt;Atsisi\u0173ti produkto instrukcija &lt;\/a&gt;&lt;\/p&gt;<\/p>","protected":false},"excerpt":{"rendered":"<p>&lt;p style=&quot;text-align: justify;&quot;&gt;&lt;strong&gt;&lt;em&gt;M\u0117gaukit\u0117s sodo prie\u017ei\u016bra tik vieno mygtuko paspaudimu!&lt;\/em&gt;&lt;\/strong&gt;&lt;\/p&gt; &lt;p style=&quot;text-align: justify;&quot;&gt;Dabar galite laistyti sod\u0105 i&amp;scaron;vyk\u0119 \u017evejoti ar atostogauti. Laistykite<\/p>","protected":false},"featured_media":28112,"comment_status":"closed","ping_status":"open","template":"","meta":[],"product_brand":[],"product_cat":[23],"product_tag":[535],"class_list":{"0":"post-28110","1":"product","2":"type-product","3":"status-publish","4":"has-post-thumbnail","6":"product_cat-be-kategorijos","7":"product_tag-naujiena","9":"first","10":"onbackorder","11":"taxable","12":"shipping-taxable","13":"product-type-variable"},"_links":{"self":[{"href":"https:\/\/orotech.lt\/en\/wp-json\/wp\/v2\/product\/28110","targetHints":{"allow":["GET"]}}],"collection":[{"href":"https:\/\/orotech.lt\/en\/wp-json\/wp\/v2\/product"}],"about":[{"href":"https:\/\/orotech.lt\/en\/wp-json\/wp\/v2\/types\/product"}],"replies":[{"embeddable":true,"href":"https:\/\/orotech.lt\/en\/wp-json\/wp\/v2\/comments?post=28110"}],"version-history":[{"count":1,"href":"https:\/\/orotech.lt\/en\/wp-json\/wp\/v2\/product\/28110\/revisions"}],"predecessor-version":[{"id":28111,"href":"https:\/\/orotech.lt\/en\/wp-json\/wp\/v2\/product\/28110\/revisions\/28111"}],"wp:featuredmedia":[{"embeddable":true,"href":"https:\/\/orotech.lt\/en\/wp-json\/wp\/v2\/media\/28112"}],"wp:attachment":[{"href":"https:\/\/orotech.lt\/en\/wp-json\/wp\/v2\/media?parent=28110"}],"wp:term":[{"taxonomy":"product_brand","embeddable":true,"href":"https:\/\/orotech.lt\/en\/wp-json\/wp\/v2\/product_brand?post=28110"},{"taxonomy":"product_cat","embeddable":true,"href":"https:\/\/orotech.lt\/en\/wp-json\/wp\/v2\/product_cat?post=28110"},{"taxonomy":"product_tag","embeddable":true,"href":"https:\/\/orotech.lt\/en\/wp-json\/wp\/v2\/product_tag?post=28110"}],"curies":[{"name":"wp","href":"https:\/\/api.w.org\/{rel}","templated":true}]}}