{"id":28115,"date":"2025-09-09T09:00:03","date_gmt":"2025-09-09T09:00:03","guid":{"rendered":"https:\/\/orotech.lt\/gps-gyvunu-sekiklis-feelspot-fs-sc01gps\/"},"modified":"2025-09-10T06:40:41","modified_gmt":"2025-09-10T06:40:41","slug":"gps-gyvunu-sekiklis-feelspot-fs-sc01gps","status":"publish","type":"product","link":"https:\/\/orotech.lt\/en\/gps-gyvunu-sekiklis-feelspot-fs-sc01gps\/","title":{"rendered":"GPS gyv\u016bn\u0173 sekiklis Feelspot FS-SC01GPS"},"content":{"rendered":"<p style=\"text-align: justify;\"><img decoding=\"async\" alt=\"\" src=\"\/images\/Userfiles\/www.rubisolis.lt_GPS_sekiklis_FEELSPOT_FS-SC01GPS_1.jpg\" style=\"width: 1000px; height: 300px;\" title=\"\"><\/p>\n<p style=\"text-align: justify;\"><strong>GPS gyv\u016bn\u0173 sekiklis Feelspot FS-SC01GPS&nbsp;skirtas j\u016bs\u0173 gyv\u016bno lokacijai steb\u0117ti<br \/>\n\t<\/strong><\/p>\n<p style=\"text-align: justify;\">Nuo \u0161iol pasimetus gyv\u016bnui jauskit\u0117s saug\u016bs kartu su&nbsp;GPS Feelspot FS-SC01GPS sekimo \u012franga. Pasiklydo gyv\u016bn\u0117lis? Steb\u0117kite vis\u0105 realaus laiko jud\u0117jim\u0105, sustojimus ar istorij\u0105 mobilioje program\u0117l\u0117je!&nbsp;<strong>GPS gyv\u016bn\u0173 sekiklis<\/strong> Feelspot duomenis gauna GPS imtuvo pagalba ir perduoda \u012f tiesiai telefon\u0105 per GSM tinkl\u0105. Jo pagalba visuomet \u017einosite kur yra J\u016bs\u0173 augintinis. Taip pat, prietaisas turi apsaug\u0105, kurios d\u0117ka galite nustatyti laisvo jud\u0117jimo zon\u0105 (100-500m), o gyv\u016bnui per\u017eengus saugios teritorijos ribas, sulauksite apie tai prane\u0161imo \u012f savo mobil\u0173j\u012f telefon\u0105. Atspari vandeniui ir ilgai veikianti 500mAh li\u010dio baterija d\u017eiugins ilgu veikimo laiku. <strong>GPS gyv\u016bn\u0173 sekiklis Feelspot FS-SC01GPS<\/strong>&nbsp;idealiai tinka bet kokio dyd\u017eio \u0161unims, kat\u0117ms ir kitiems naminiams gyv\u016bnams.<\/p>\n<p style=\"text-align: justify;\"><strong>Advantages:<\/strong><\/p>\n<ul>\n<li>\n\t\tGyv\u016bno kelion\u0117s sekimas GPS ry\u0161iu;<\/li>\n<li>\n\t\tValdymas telefonu;<\/li>\n<li>\n\t\tKeli\u0173 \u012frengini\u0173 prijungimas;<\/li>\n<li>\n\t\tApsaugin\u0117s &quot;zonos&quot; nustatymas;<\/li>\n<li>\n\t\tI\u0161saugoma jud\u0117jimo istorija;<\/li>\n<li>\n\t\tIntegruotas garsiakalbis, mikrofonas;<\/li>\n<li>\n\t\t\u012estatoma SIM kortel\u0117;<\/li>\n<li>\n\t\tProgram\u0117l\u0117s prane\u0161imai, pvz.: i\u0161sikraunan\u010dios baterijos priminimas, per\u017eengus saugios ribos prane\u0161imas (SOS) ir tt.;<\/li>\n<li>\n\t\tTinka ma\u017eiems, vidutinio ir didelio dyd\u017eio \u0161unims, kat\u0117ms ir kitiems naminiams gyv\u016bnams.<\/li>\n<\/ul>\n<p><strong>Technical characteristics:<\/strong><\/p>\n<ul>\n<li>\n\t\tBaterijos tipas: pakraunama 3.7V 500mAh li\u010dio polimer\u0173;<\/li>\n<li>\n\t\tPakrovimo jungtis: magnetin\u0117;<\/li>\n<li>\n\t\tKrovimo laikas: ~2h;<\/li>\n<li>\n\t\tBaterijos veikimo laikas: 5-10 dien\u0173;<\/li>\n<li>\n\t\tDaviklio matmenys: 53 x 29 x 23 mm;<\/li>\n<li>\n\t\tDir\u017eelio matmenys: ilgis &ndash; 50 cm, auk\u0161tis &ndash; 2 cm, plotis &ndash; 3 mm;<\/li>\n<li>\n\t\tApsaugos klas\u0117: IP67;<\/li>\n<li>\n\t\tMed\u017eiaga:&nbsp;ABS plastikas, nailonas;<\/li>\n<li>\n\t\tNavigacijos metodas:&nbsp;GPS+AGPS+BDS+WIFI+LBS;<\/li>\n<li>\n\t\tBuvimo vietos nustatymo tikslumas: 5 m;<\/li>\n<li>\n\t\tDarbin\u0117 temp.:&nbsp;nuo -20 \u2103 iki +55 \u2103.<\/li>\n<\/ul>\n<p><strong>The package includes:<\/strong><\/p>\n<ul>\n<li>\n\t\tGPS gyv\u016bn\u0173 sekiklis Feelspot FS-SC01GPS su dir\u017eeliu;<\/li>\n<li>\n\t\tPakrovimo laidas;<\/li>\n<li>\n\t\tInstruction.<\/li>\n<\/ul>\n<p style=\"text-align: justify;\"><a class=\"catalogue\" href=\"\/en\/images\/Userfiles\/My_folder\/GPS_sekiklio_instrukcija.pdf\/\" target=\"blank\">Atsisi\u0173ti produkto instrukcija <\/a><\/p>","protected":false},"excerpt":{"rendered":"<p>GPS gyv\u016bn\u0173 sekiklis Feelspot FS-SC01GPS&nbsp;skirtas j\u016bs\u0173 gyv\u016bno lokacijai steb\u0117ti Nuo \u0161iol pasimetus gyv\u016bnui jauskit\u0117s saug\u016bs kartu su&nbsp;GPS Feelspot FS-SC01GPS sekimo<\/p>","protected":false},"featured_media":28117,"comment_status":"closed","ping_status":"open","template":"","meta":[],"product_brand":[],"product_cat":[23],"product_tag":[535],"class_list":{"0":"post-28115","1":"product","2":"type-product","3":"status-publish","4":"has-post-thumbnail","6":"product_cat-be-kategorijos","7":"product_tag-naujiena","9":"first","10":"onbackorder","11":"taxable","12":"shipping-taxable","13":"product-type-variable"},"_links":{"self":[{"href":"https:\/\/orotech.lt\/en\/wp-json\/wp\/v2\/product\/28115","targetHints":{"allow":["GET"]}}],"collection":[{"href":"https:\/\/orotech.lt\/en\/wp-json\/wp\/v2\/product"}],"about":[{"href":"https:\/\/orotech.lt\/en\/wp-json\/wp\/v2\/types\/product"}],"replies":[{"embeddable":true,"href":"https:\/\/orotech.lt\/en\/wp-json\/wp\/v2\/comments?post=28115"}],"version-history":[{"count":1,"href":"https:\/\/orotech.lt\/en\/wp-json\/wp\/v2\/product\/28115\/revisions"}],"predecessor-version":[{"id":28116,"href":"https:\/\/orotech.lt\/en\/wp-json\/wp\/v2\/product\/28115\/revisions\/28116"}],"wp:featuredmedia":[{"embeddable":true,"href":"https:\/\/orotech.lt\/en\/wp-json\/wp\/v2\/media\/28117"}],"wp:attachment":[{"href":"https:\/\/orotech.lt\/en\/wp-json\/wp\/v2\/media?parent=28115"}],"wp:term":[{"taxonomy":"product_brand","embeddable":true,"href":"https:\/\/orotech.lt\/en\/wp-json\/wp\/v2\/product_brand?post=28115"},{"taxonomy":"product_cat","embeddable":true,"href":"https:\/\/orotech.lt\/en\/wp-json\/wp\/v2\/product_cat?post=28115"},{"taxonomy":"product_tag","embeddable":true,"href":"https:\/\/orotech.lt\/en\/wp-json\/wp\/v2\/product_tag?post=28115"}],"curies":[{"name":"wp","href":"https:\/\/api.w.org\/{rel}","templated":true}]}}