{"id":28125,"date":"2025-09-09T09:00:03","date_gmt":"2025-09-09T09:00:03","guid":{"rendered":"https:\/\/orotech.lt\/hepa-filtras-plaunanciam-dulkiu-siurbliui-trotec-vc-1200w\/"},"modified":"2025-09-10T06:40:43","modified_gmt":"2025-09-10T06:40:43","slug":"hepa-filtras-plaunanciam-dulkiu-siurbliui-trotec-vc-1200w","status":"publish","type":"product","link":"https:\/\/orotech.lt\/en\/hepa-filtras-plaunanciam-dulkiu-siurbliui-trotec-vc-1200w\/","title":{"rendered":"HEPA filtras plaunan\u010diam dulki\u0173 siurbliui Trotec VC 1200W"},"content":{"rendered":"<p style=\"text-align: justify;\"><strong>HEPA filtras plaunan\u010diam dulki\u0173 siurbliui Trotec VC 1200W &ndash; maksimaliai \u0161vari ir sveika nam\u0173 aplinka<\/strong><\/p>\n<p style=\"text-align: justify;\">HEPA filtras skirtas plaunan\u010diui dulki\u0173 siurbliui Trotec VC 1200W u\u017etikrina efektyv\u0173 dulki\u0173, alergen\u0173 ir smulki\u0173 daleli\u0173 sulaikym\u0105, i\u0161valydamas iki 99,97 % ore esan\u010di\u0173 ter\u0161al\u0173. \u0160is auk\u0161tos kokyb\u0117s filtras ypa\u010d rekomenduojamas alergi\u0161kiems \u017emon\u0117ms ir namams su augintiniais, nes efektyviai suma\u017eina dulki\u0173 erkutes, \u017eiedadulkes bei gyv\u016bn\u0173 plaukelius. Reguliarus filtro keitimas ne tik palaiko siurblio na\u0161um\u0105, bet ir u\u017etikrina ilgalaik\u012f \u0161varaus oro cirkuliavim\u0105 namuose.<\/p>\n<p style=\"text-align: justify;\"><strong>Advantages:<\/strong><\/p>\n<ul>\n<li>\n\t\tTinka tik Trotec VC 1200W modeliui;<\/li>\n<li>\n\t\tPa\u0161alina iki 99,97 % alergen\u0173 ir dulki\u0173;<\/li>\n<li>\n\t\tIdealus sprendimas alergi\u0161kiems \u017emon\u0117ms ir augintini\u0173 savininkams.<\/li>\n<\/ul>","protected":false},"excerpt":{"rendered":"<p>HEPA filtras plaunan\u010diam dulki\u0173 siurbliui Trotec VC 1200W &ndash; maksimaliai \u0161vari ir sveika nam\u0173 aplinka HEPA filtras skirtas plaunan\u010diui dulki\u0173<\/p>","protected":false},"featured_media":28127,"comment_status":"closed","ping_status":"open","template":"","meta":[],"product_brand":[],"product_cat":[23],"product_tag":[535],"class_list":{"0":"post-28125","1":"product","2":"type-product","3":"status-publish","4":"has-post-thumbnail","6":"product_cat-be-kategorijos","7":"product_tag-naujiena","9":"first","10":"onbackorder","11":"taxable","12":"shipping-taxable","13":"product-type-variable"},"_links":{"self":[{"href":"https:\/\/orotech.lt\/en\/wp-json\/wp\/v2\/product\/28125","targetHints":{"allow":["GET"]}}],"collection":[{"href":"https:\/\/orotech.lt\/en\/wp-json\/wp\/v2\/product"}],"about":[{"href":"https:\/\/orotech.lt\/en\/wp-json\/wp\/v2\/types\/product"}],"replies":[{"embeddable":true,"href":"https:\/\/orotech.lt\/en\/wp-json\/wp\/v2\/comments?post=28125"}],"version-history":[{"count":1,"href":"https:\/\/orotech.lt\/en\/wp-json\/wp\/v2\/product\/28125\/revisions"}],"predecessor-version":[{"id":28126,"href":"https:\/\/orotech.lt\/en\/wp-json\/wp\/v2\/product\/28125\/revisions\/28126"}],"wp:featuredmedia":[{"embeddable":true,"href":"https:\/\/orotech.lt\/en\/wp-json\/wp\/v2\/media\/28127"}],"wp:attachment":[{"href":"https:\/\/orotech.lt\/en\/wp-json\/wp\/v2\/media?parent=28125"}],"wp:term":[{"taxonomy":"product_brand","embeddable":true,"href":"https:\/\/orotech.lt\/en\/wp-json\/wp\/v2\/product_brand?post=28125"},{"taxonomy":"product_cat","embeddable":true,"href":"https:\/\/orotech.lt\/en\/wp-json\/wp\/v2\/product_cat?post=28125"},{"taxonomy":"product_tag","embeddable":true,"href":"https:\/\/orotech.lt\/en\/wp-json\/wp\/v2\/product_tag?post=28125"}],"curies":[{"name":"wp","href":"https:\/\/api.w.org\/{rel}","templated":true}]}}