{"id":28128,"date":"2025-09-09T09:00:03","date_gmt":"2025-09-09T09:00:03","guid":{"rendered":"https:\/\/orotech.lt\/ismanusis-parkavimo-vietos-uztvaras-parklio\/"},"modified":"2025-09-10T06:40:44","modified_gmt":"2025-09-10T06:40:44","slug":"ismanusis-parkavimo-vietos-uztvaras-parklio","status":"publish","type":"product","link":"https:\/\/orotech.lt\/en\/ismanusis-parkavimo-vietos-uztvaras-parklio\/","title":{"rendered":"I\u0161manusis parkavimo vietos u\u017etvaras PARKLIO"},"content":{"rendered":"<p>&lt;p style=&quot;text-align: center;&quot;&gt;&lt;strong&gt;&lt;iframe src=&quot;https:\/\/www.youtube.com\/embed\/py5QCTGt6zI&quot; frameborder=&quot;0&quot; width=&quot;560&quot; height=&quot;315&quot;&gt;&lt;\/iframe&gt;&lt;\/strong&gt;&lt;\/p&gt;<br \/>\n&lt;p style=&quot;text-align: justify;&quot;&gt;I&amp;scaron;manusis parkavimo vietos u\u017eraktas Parklio &ndash; tai unikalus produktas, nereikalaujantis nuotolinio valdymo pulto ar kito papildomo \u012frenginio. Parklio yra vienintelis visoje&amp;nbsp;Europoje,&amp;nbsp;auk&amp;scaron;tos kokyb\u0117s i&amp;scaron;manusis parkavimo u\u017etvaras, kuris Bluetooth pagalba prijungiamas prie i&amp;scaron;maniojo telefono ir leid\u017eiantis apsaugoti bei valdyti automobili\u0173 stov\u0117jimo aik&amp;scaron;tel\u0119 i&amp;scaron; i&amp;scaron;maniojo telefono ar kito i&amp;scaron;maniojo \u012frenginio, taip apsaugant stov\u0117jimo viet\u0105 nuo neteis\u0117to naudojimo.&lt;\/p&gt;<br \/>\n&lt;p style=&quot;text-align: justify;&quot;&gt;&lt;span style=&quot;color: #f00;&quot;&gt;&lt;strong&gt;Taikoma 3 met\u0173 garantija!&amp;nbsp;&lt;\/strong&gt;&lt;\/span&gt;&lt;\/p&gt;<br \/>\n&lt;p style=&quot;text-align: justify;&quot;&gt;&lt;strong&gt;I&amp;scaron;maniojo parkavimo vietos u\u017etvaro Parklio privalumai:&lt;\/strong&gt;&lt;\/p&gt;<br \/>\n&lt;ul&gt;<br \/>\n&lt;li&gt;Valdomas i&amp;scaron;maniuoju telefonu, valdomas per nemokam\u0105 program\u0117l\u0119 &quot;Parklio&quot; (&amp;bdquo;Android&amp;ldquo; ir &amp;bdquo;iOS&amp;ldquo;);&lt;\/li&gt;<br \/>\n&lt;li&gt;Galimyb\u0117 pasidalinti laikinu skaitmeniniu raktu lankytojams;&lt;\/li&gt;<br \/>\n&lt;li&gt;Automatinio u\u017esidarymo galimyb\u0117 transporto priemonei i&amp;scaron;va\u017eiuojant;&lt;\/li&gt;<br \/>\n&lt;li&gt;Vandalams atsparus dizainas ir konstrukcija;&lt;\/li&gt;<br \/>\n&lt;li&gt;Dvigubas maitinimas: \u012fkraunamos li\u010dio jon\u0173 baterijos \/ nuolatinis maitinimas naudojant saul\u0117s baterijas;&lt;\/li&gt;<br \/>\n&lt;li&gt;&amp;Scaron;iuolaikin\u0117 saul\u0117s baterija u\u017etikrina tvari\u0105 autonomij\u0105;&lt;\/li&gt;<br \/>\n&lt;li&gt;Tvirta plieno med\u017eiaga, atlaikanti iki 9 ton\u0173 apkrov\u0105;&lt;\/li&gt;<br \/>\n&lt;li&gt;Atsparus \u012fvairioms oro s\u0105lygoms;&lt;\/li&gt;<br \/>\n&lt;li&gt;Galimas rankinis valdymas;&lt;\/li&gt;<br \/>\n&lt;li&gt;Lengvas ir paprastas montavimas su pridedamais tvirtinimo elementais.&lt;\/li&gt;<br \/>\n&lt;\/ul&gt;<br \/>\n&lt;p&gt;&lt;strong&gt;Kokiame diapazone galima naudoti barjer\u0105?&lt;\/strong&gt;&lt;\/p&gt;<br \/>\n&lt;p&gt;I&amp;scaron;maniajame parkavimo vietos u\u017etvare Parklio yra&amp;nbsp; naudojamas sertifikuotas patikimo gamintojo Bluetooth Low Energy modulis, kurio atstumas yra 100 metr\u0173, ta\u010diau prakti&amp;scaron;kai jis siekia 60 metr\u0173.&amp;nbsp;&lt;\/p&gt;<br \/>\n&lt;p style=&quot;text-align: justify;&quot;&gt;Parklio&amp;nbsp;yra i&amp;scaron;manusis parkavimo vietos u\u017etvaras, kuris suteikia patogum\u0105 ir saugum\u0105 automobili\u0173 savininkams. &amp;Scaron;is produktas yra puiki priemon\u0117 u\u017etikrinti, kad j\u016bs\u0173 parkavimo vieta b\u016bt\u0173 rezervuota tik jums ir neb\u016bt\u0173 u\u017eimta kit\u0173 vairuotoj\u0173.&lt;\/p&gt;<br \/>\n&lt;p style=&quot;text-align: justify;&quot;&gt;Parklio&amp;nbsp;veikia naudodamas naujausias i&amp;scaron;maniqsias technologijas, kurios leid\u017eia jums valdyti parkavimo u\u017etvar\u0105 naudojant mobili\u0105j\u0105 program\u0117l\u0119. Tai rei&amp;scaron;kia, kad galite atidaryti ir u\u017edaryti u\u017etvar\u0105 tiesiai i&amp;scaron; savo i&amp;scaron;maniojo telefono arba plan&amp;scaron;etinio kompiuterio, sutaupydami laik\u0105 ir nei&amp;scaron;lipant i&amp;scaron; savo automobilio.&lt;\/p&gt;<br \/>\n&lt;p style=&quot;text-align: justify;&quot;&gt;Viena i&amp;scaron; pagrindini\u0173 Parklio&amp;nbsp;funkcij\u0173 yra jo saugumo funkcionalumas. U\u017etvaro \u012frenginys yra pagamintas i&amp;scaron; tvirto ir patvaraus metalo, kuris atlaiko didel\u012f svor\u012f ir u\u017etikrina patikim\u0105 apsaug\u0105 nuo neleistino prieigos prie j\u016bs\u0173 parkavimo vietos.&amp;nbsp;&lt;\/p&gt;<br \/>\n&lt;p style=&quot;text-align: justify;&quot;&gt;Dar viena svarbi Parklio&amp;nbsp;funkcija yra galimyb\u0117 sekti savo parkavimo vietos panaudojim\u0105 ir valdyti j\u0105 pagal poreikius. Galite nustatyti laikin\u0119 prieig\u0105 prie savo parkavimo vietos, dalintis j\u0105 su kitais asmenimis arba u\u017edaryti j\u0105 visi&amp;scaron;kai, jei jos nenaudojate. Tai leid\u017eia jums optimaliai naudoti savo parkavimo viet\u0105 ir u\u017etikrinti, kad ji b\u016bt\u0173 laisva tada, kai jums to reikia.&lt;\/p&gt;<br \/>\n&lt;p style=&quot;text-align: justify;&quot;&gt;Parklio&amp;nbsp;montavimas yra paprastas ir gali b\u016bti atliktas be joki\u0173 ypating\u0173 technini\u0173 \u017eini\u0173 ar \u012fg\u016bd\u017ei\u0173. Produktas yra kompakti&amp;scaron;kas ir tinkamas tiek priva\u010dioms, tiek vie&amp;scaron;osioms parkavimo aik&amp;scaron;tel\u0117ms.&amp;nbsp;&lt;\/p&gt;<br \/>\n&lt;p style=&quot;text-align: justify;&quot;&gt;&lt;strong&gt;&lt;strong&gt;Parklio&amp;nbsp;yra patikimas, saugus ir patogus i&amp;scaron;manusis parkavimo vietos u\u017etvaras, kuris leid\u017eia jums kontroliuoti ir apsaugoti savo parkavimo viet\u0105. Tai puiki investicija, jei norite u\u017etikrinti, kad j\u016bs\u0173 parkavimo vieta visada b\u016bt\u0173 laisva ir saugi j\u016bs\u0173 automobiliui.&amp;nbsp;&lt;\/strong&gt;&lt;\/strong&gt;&lt;\/p&gt;<br \/>\n&lt;p style=&quot;text-align: center;&quot;&gt;&lt;strong&gt;&lt;iframe src=&quot;https:\/\/www.youtube.com\/embed\/yCdlgoAiTm4&quot; frameborder=&quot;0&quot; width=&quot;560&quot; height=&quot;315&quot;&gt;&lt;\/iframe&gt;&lt;\/strong&gt;&lt;\/p&gt;<br \/>\n&lt;p&gt;&lt;a class=&quot;catalogue&quot; href=&quot;\/en\/images\/Userfiles\/Parklio-barrier-usermanual1.pdf\/&quot; target=&quot;blank&quot;&gt;Download product manual &lt;\/a&gt;&lt;\/p&gt;<\/p>","protected":false},"excerpt":{"rendered":"<p>&lt;p style=&quot;text-align: center;&quot;&gt;&lt;strong&gt;&lt;iframe src=&quot;https:\/\/www.youtube.com\/embed\/py5QCTGt6zI&quot; frameborder=&quot;0&quot; width=&quot;560&quot; height=&quot;315&quot;&gt;&lt;\/iframe&gt;&lt;\/strong&gt;&lt;\/p&gt; &lt;p style=&quot;text-align: justify;&quot;&gt;I&amp;scaron;manusis parkavimo vietos u\u017eraktas Parklio &ndash; tai unikalus produktas, nereikalaujantis nuotolinio<\/p>","protected":false},"featured_media":28130,"comment_status":"closed","ping_status":"open","template":"","meta":[],"product_brand":[],"product_cat":[23],"product_tag":[535],"class_list":{"0":"post-28128","1":"product","2":"type-product","3":"status-publish","4":"has-post-thumbnail","6":"product_cat-be-kategorijos","7":"product_tag-naujiena","9":"first","10":"onbackorder","11":"taxable","12":"shipping-taxable","13":"product-type-variable"},"_links":{"self":[{"href":"https:\/\/orotech.lt\/en\/wp-json\/wp\/v2\/product\/28128","targetHints":{"allow":["GET"]}}],"collection":[{"href":"https:\/\/orotech.lt\/en\/wp-json\/wp\/v2\/product"}],"about":[{"href":"https:\/\/orotech.lt\/en\/wp-json\/wp\/v2\/types\/product"}],"replies":[{"embeddable":true,"href":"https:\/\/orotech.lt\/en\/wp-json\/wp\/v2\/comments?post=28128"}],"version-history":[{"count":1,"href":"https:\/\/orotech.lt\/en\/wp-json\/wp\/v2\/product\/28128\/revisions"}],"predecessor-version":[{"id":28129,"href":"https:\/\/orotech.lt\/en\/wp-json\/wp\/v2\/product\/28128\/revisions\/28129"}],"wp:featuredmedia":[{"embeddable":true,"href":"https:\/\/orotech.lt\/en\/wp-json\/wp\/v2\/media\/28130"}],"wp:attachment":[{"href":"https:\/\/orotech.lt\/en\/wp-json\/wp\/v2\/media?parent=28128"}],"wp:term":[{"taxonomy":"product_brand","embeddable":true,"href":"https:\/\/orotech.lt\/en\/wp-json\/wp\/v2\/product_brand?post=28128"},{"taxonomy":"product_cat","embeddable":true,"href":"https:\/\/orotech.lt\/en\/wp-json\/wp\/v2\/product_cat?post=28128"},{"taxonomy":"product_tag","embeddable":true,"href":"https:\/\/orotech.lt\/en\/wp-json\/wp\/v2\/product_tag?post=28128"}],"curies":[{"name":"wp","href":"https:\/\/api.w.org\/{rel}","templated":true}]}}