{"id":28135,"date":"2025-09-09T09:01:00","date_gmt":"2025-09-09T09:01:00","guid":{"rendered":"https:\/\/orotech.lt\/kelio-uztvaras-su-saules-maitinimu-parklio-gate-solar-3m\/"},"modified":"2025-09-10T06:40:45","modified_gmt":"2025-09-10T06:40:45","slug":"kelio-uztvaras-su-saules-maitinimu-parklio-gate-solar-3m","status":"publish","type":"product","link":"https:\/\/orotech.lt\/en\/kelio-uztvaras-su-saules-maitinimu-parklio-gate-solar-3m\/","title":{"rendered":"Kelio u\u017etvaras su saul\u0117s maitinimu Parklio Gate Solar, 3m"},"content":{"rendered":"<p>&lt;p style=&quot;text-align: justify;&quot;&gt;&lt;img style=&quot;width: 1000px; height: 200px;&quot; src=&quot;\/images\/Userfiles\/www.rubisolis.lt_Kelio_uztvaras_su_sauls_maitinimu_Parklio_Gate_Solar.png&quot; alt=&quot;&quot; \/&gt;&lt;\/p&gt;<br \/>\n&lt;p style=&quot;text-align: justify;&quot;&gt;Parklio&amp;trade; Solar Gate yra saul\u0117s energija maitinami kelio u\u017etvarai, valdomi i&amp;scaron;maniuoju telefonu ir naudojami automobili\u0173 stov\u0117jimo aik&amp;scaron;tel\u0117ms, \u012fva\u017eiavimams, riboto patekimo zonoms, kontrol\u0117s punktams ar bet kokiems kitiems i&amp;scaron;va\u017eiavimo ir \u012fva\u017eiavimo punktams saugoti, eismo srautams abiem kryptimis kontroliuoti. Tvirtas apsauginis Parklio Solar Gate &lt;strong&gt;kelio u\u017etvaras &lt;\/strong&gt;yra pagamintas i&amp;scaron; milteliniu b\u016bdu da\u017eyto plieno ir suprojektuotas taip, kad b\u016bt\u0173 atsparus bet kokioms oro s\u0105lygoms. &amp;Scaron;ie i&amp;scaron;manieji &lt;strong&gt;kelio u\u017etvarai&lt;\/strong&gt; pasi\u017eymi ilgalaikiu patikimumu, efektyviu veikimu ir ilgaam\u017ei&amp;scaron;kumu. D\u0117l plataus buomo ilgio diapazono, Parklio&amp;nbsp;&lt;strong&gt;kelio u\u017etvarai&lt;\/strong&gt; pritaikomi bet kokio tipo erdv\u0117se. Automatiniai &lt;strong&gt;kelio u\u017etvarai&lt;\/strong&gt; yra puikus sprendimas \u012fva\u017eiavimui ir i&amp;scaron;va\u017eiavimui i&amp;scaron; vie&amp;scaron;\u0173j\u0173 ir priva\u010di\u0173 teritorij\u0173, nuo ma\u017e\u0173 iki dideli\u0173 automobili\u0173 stov\u0117jimo aik&amp;scaron;teli\u0173, kontroliuoti.&amp;nbsp;Taipogi, Parklio kelio u\u017etvarus galima \u012fvairiai konfig\u016bruoti naudodami plat\u0173 pried\u0173 asortiment\u0105.&lt;\/p&gt;<br \/>\n&lt;p style=&quot;text-align: justify;&quot;&gt;&lt;strong&gt;I&amp;scaron;manus parkavimas su PARKLIO&amp;nbsp;&lt;\/strong&gt;&lt;\/p&gt;<br \/>\n&lt;p style=&quot;text-align: justify;&quot;&gt;Pasirinkite&amp;nbsp;&lt;strong&gt;kelio u\u017etvarus&lt;\/strong&gt; Parklio Solar Gate su saul\u0117s kolektoriumi tose vietose, kur n\u0117ra nuolatinio ir patikimo elektros energijos tiekimo i&amp;scaron; tinklo. &amp;Scaron;is saul\u0117s energija maitinamas variantas u\u017etikrina lengv\u0105 \u012frengim\u0105, nepriklausant\u012f nuo i&amp;scaron;orinio kintamosios srov\u0117s maitinimo.&amp;nbsp;&amp;nbsp;&lt;\/p&gt;<br \/>\n&lt;p style=&quot;text-align: justify;&quot;&gt;&lt;strong&gt;Kli\u016b\u010di\u0173 atpa\u017einimas&lt;\/strong&gt;&lt;\/p&gt;<br \/>\n&lt;p style=&quot;text-align: justify;&quot;&gt;Nesijaudinkite, kad nuleidus u\u017etvar\u0105 bus apgadinta j\u016bs\u0173 transporto priemon\u0117&amp;nbsp;&amp;ndash;&amp;nbsp;automatinis vart\u0173 u\u017etvaras visada atpa\u017eins bet koki\u0105 kli\u016bt\u012f ir jos i&amp;scaron;vengs d\u0117l integruotos jutikli\u0173 sistemos.&amp;nbsp;&lt;\/p&gt;<br \/>\n&lt;p style=&quot;text-align: justify;&quot;&gt;&lt;strong&gt;S\u0105saja su ANPR sistema&lt;\/strong&gt;&lt;\/p&gt;<br \/>\n&lt;p style=&quot;text-align: justify;&quot;&gt;Galite visi&amp;scaron;kai automatizuoti automobili\u0173 stov\u0117jimo u\u017etvar\u0173 sistemas, sujung\u0119 jas su Parklio ANPR sistema, kuri nuskaito valstybinius numerius ir palengvina \u012fva\u017eiavim\u0105 ir i&amp;scaron;va\u017eiavim\u0105 i&amp;scaron; stov\u0117jimo aik&amp;scaron;tel\u0117s.&amp;nbsp;&lt;\/p&gt;<br \/>\n&lt;p style=&quot;text-align: justify;&quot;&gt;&lt;strong&gt;Galimyb\u0117 nustatyti laikmat\u012f&lt;\/strong&gt;&lt;\/p&gt;<br \/>\n&lt;p style=&quot;text-align: justify;&quot;&gt;Naudodami laikmat\u012f nustatykite konkre\u010dius laiko intervalus (dienas, valandas, minutes), per kuriuos &lt;strong&gt;kelio u\u017etvaras&lt;\/strong&gt; turi likti atidarytas arba u\u017edarytas, pavyzd\u017eiui vart\u0173 u\u017etvaro veikim\u0105 galima suplanuoti taip, kad jis likt\u0173 atidarytas nuo 8 iki 16 val.&lt;\/p&gt;<br \/>\n&lt;p style=&quot;text-align: justify;&quot;&gt;&lt;strong&gt;Papildomi priedai&lt;\/strong&gt;&lt;\/p&gt;<br \/>\n&lt;p style=&quot;text-align: justify;&quot;&gt;Parklio kelio u\u017etvarus galima \u012fvairiai konfig\u016bruoti naudodami plat\u0173 pried\u0173 asortiment\u0105. Apie papildom\u0173 pried\u0173 informacij\u0105 ir j\u0173 u\u017esakym\u0105 galite kreiptis nurodytu el. pa&amp;scaron;tu: &lt;a href=&quot;mailto:andrius@rubisolis.lt&quot;&gt;andrius@rubisolis.lt&lt;br \/&gt;&lt;\/a&gt;&lt;\/p&gt;<br \/>\n&lt;p style=&quot;text-align: center;&quot;&gt;&lt;iframe src=&quot;https:\/\/www.youtube.com\/embed\/f5IBiPqvilQ?si=u7HcG9eBZP3mxS3c&quot; frameborder=&quot;0&quot; width=&quot;560&quot; height=&quot;315&quot;&gt;&lt;\/iframe&gt;&lt;\/p&gt;<br \/>\n&lt;p&gt;&lt;strong&gt;Advantages:&lt;\/strong&gt;&lt;\/p&gt;<br \/>\n&lt;ul&gt;<br \/>\n&lt;li&gt;Tikslus ir saugus veikimas;&lt;\/li&gt;<br \/>\n&lt;li&gt;Kli\u016b\u010di\u0173 aptikimas;&lt;\/li&gt;<br \/>\n&lt;li&gt;Laikmatis;&lt;\/li&gt;<br \/>\n&lt;li&gt;Galimi buomo ilgiai: 2.2-8m;&lt;\/li&gt;<br \/>\n&lt;li&gt;Valdymas i&amp;scaron;maniuoju telefonu&amp;nbsp;(&amp;bdquo;Parklio&amp;trade; Connect&amp;ldquo; program\u0117l\u0117);&lt;\/li&gt;<br \/>\n&lt;li&gt;Automatinio u\u017edarymo parinktis;&lt;\/li&gt;<br \/>\n&lt;li&gt;Programuojamas greit\u0117jimas ir l\u0117t\u0117jimas;&lt;\/li&gt;<br \/>\n&lt;li&gt;Veikimas su saul\u0117s baterija, naudojant ECO-LOGIC sistem\u0105;&lt;\/li&gt;<br \/>\n&lt;li&gt;Galima papildoma \u012fvairi komplektacija.&lt;\/li&gt;<br \/>\n&lt;\/ul&gt;<br \/>\n&lt;p&gt;&lt;strong&gt;Technical characteristics:&lt;\/strong&gt;&lt;\/p&gt;<br \/>\n&lt;ul&gt;<br \/>\n&lt;li&gt;Maitinimas: 230 VAC \/ 50 Hz;&lt;\/li&gt;<br \/>\n&lt;li&gt;Buomo ilgis: 3 m;&lt;\/li&gt;<br \/>\n&lt;li&gt;Galimi buomo ilgiai: 2.2-8m (spec. u\u017esakymas);&lt;\/li&gt;<br \/>\n&lt;li&gt;Galia:&amp;nbsp;220 W &#8211; 300 W (priklausomai nuo buomo ilgio);&lt;\/li&gt;<br \/>\n&lt;li&gt;Atidarymo laikas: 2-8 s (priklausomai nuo buomo ilgio);&lt;\/li&gt;<br \/>\n&lt;li&gt;Svoris: 47.5 &#8211; 95 kg&amp;nbsp;(priklausomai nuo buomo ilgio);&lt;\/li&gt;<br \/>\n&lt;li&gt;Darbin\u0117 temperat\u016bra:&amp;nbsp;-20&amp;deg;C iki +55&amp;deg;C;&lt;\/li&gt;<br \/>\n&lt;li&gt;Apsaugos klas\u0117:&amp;nbsp;IP54.&lt;\/li&gt;<br \/>\n&lt;\/ul&gt;<br \/>\n&lt;p style=&quot;text-align: justify;&quot;&gt;&lt;a class=&quot;catalogue&quot; href=&quot;\/en\/images\/Userfiles\/www.rubisolis.lt_Kelio_uztvaras_su_sauls_maitinimu_Parklio_Gate_Solar_instrukcija.pdf\/&quot; target=&quot;blank&quot;&gt;Download product manual&lt;br \/&gt;&lt;\/a&gt;&lt;a class=&quot;catalogue&quot; href=&quot;\/en\/images\/Userfiles\/www.rubisolis.lt_Kelio_uztvaras_Parklio_Gate_katalogas.pdf\/&quot; target=&quot;blank&quot;&gt;Download product catalog&lt;\/a&gt;&lt;\/p&gt;<\/p>","protected":false},"excerpt":{"rendered":"<p>&lt;p style=&quot;text-align: justify;&quot;&gt;&lt;img style=&quot;width: 1000px; height: 200px;&quot; src=&quot;\/images\/Userfiles\/www.rubisolis.lt_Kelio_uztvaras_su_sauls_maitinimu_Parklio_Gate_Solar.png&quot; alt=&quot;&quot; \/&gt;&lt;\/p&gt; &lt;p style=&quot;text-align: justify;&quot;&gt;Parklio&amp;trade; Solar Gate yra saul\u0117s energija maitinami kelio<\/p>","protected":false},"featured_media":28137,"comment_status":"closed","ping_status":"open","template":"","meta":[],"product_brand":[],"product_cat":[23],"product_tag":[535],"class_list":{"0":"post-28135","1":"product","2":"type-product","3":"status-publish","4":"has-post-thumbnail","6":"product_cat-be-kategorijos","7":"product_tag-naujiena","9":"first","10":"onbackorder","11":"taxable","12":"shipping-taxable","13":"product-type-variable"},"_links":{"self":[{"href":"https:\/\/orotech.lt\/en\/wp-json\/wp\/v2\/product\/28135","targetHints":{"allow":["GET"]}}],"collection":[{"href":"https:\/\/orotech.lt\/en\/wp-json\/wp\/v2\/product"}],"about":[{"href":"https:\/\/orotech.lt\/en\/wp-json\/wp\/v2\/types\/product"}],"replies":[{"embeddable":true,"href":"https:\/\/orotech.lt\/en\/wp-json\/wp\/v2\/comments?post=28135"}],"version-history":[{"count":1,"href":"https:\/\/orotech.lt\/en\/wp-json\/wp\/v2\/product\/28135\/revisions"}],"predecessor-version":[{"id":28136,"href":"https:\/\/orotech.lt\/en\/wp-json\/wp\/v2\/product\/28135\/revisions\/28136"}],"wp:featuredmedia":[{"embeddable":true,"href":"https:\/\/orotech.lt\/en\/wp-json\/wp\/v2\/media\/28137"}],"wp:attachment":[{"href":"https:\/\/orotech.lt\/en\/wp-json\/wp\/v2\/media?parent=28135"}],"wp:term":[{"taxonomy":"product_brand","embeddable":true,"href":"https:\/\/orotech.lt\/en\/wp-json\/wp\/v2\/product_brand?post=28135"},{"taxonomy":"product_cat","embeddable":true,"href":"https:\/\/orotech.lt\/en\/wp-json\/wp\/v2\/product_cat?post=28135"},{"taxonomy":"product_tag","embeddable":true,"href":"https:\/\/orotech.lt\/en\/wp-json\/wp\/v2\/product_tag?post=28135"}],"curies":[{"name":"wp","href":"https:\/\/api.w.org\/{rel}","templated":true}]}}