{"id":28162,"date":"2025-09-09T09:01:00","date_gmt":"2025-09-09T09:01:00","guid":{"rendered":"https:\/\/orotech.lt\/kelio-uztvaras-parklio-chair-4m\/"},"modified":"2025-09-10T06:40:47","modified_gmt":"2025-09-10T06:40:47","slug":"kelio-uztvaras-parklio-chair-4m","status":"publish","type":"product","link":"https:\/\/orotech.lt\/en\/kelio-uztvaras-parklio-chair-4m\/","title":{"rendered":"Kelio u\u017etvaras Parklio Chair, 4m"},"content":{"rendered":"<p>&lt;p&gt;&lt;img src=&quot;\/images\/Userfiles\/www.rubisolis.lt_Parklio_Chain_kelio_uztvaras_8.png&quot; alt=&quot;&quot; \/&gt;&lt;\/p&gt;<br \/>\n&lt;p style=&quot;text-align: justify;&quot;&gt;&lt;strong&gt;Kelio u\u017etvaras&lt;\/strong&gt; Parklio Chair&amp;nbsp;&amp;ndash;&amp;nbsp;tai automati&amp;scaron;kai pakeliamas grandininis u\u017etvaras, skirtas apsaugoti iki 20 metr\u0173 plo\u010dio prieigos ta&amp;scaron;kus. Sudaryta i&amp;scaron; dviej\u0173 tvirt\u0173 stov\u0117jimo stulpeli\u0173 ir korozijai atsparios cinkuoto plieno grandin\u0117s, &amp;bdquo;Parklio Chain&amp;ldquo; yra ilgaam\u017ei&amp;scaron;kumo ir patikimumo pavyzdys. Gamin\u012f galima \u012fsigyti devyni\u0173 skirting\u0173 dyd\u017ei\u0173, tod\u0117l jis u\u017etikrina universali\u0105 apsaug\u0105 \u012fvairioms reikm\u0117ms.&amp;nbsp;&lt;\/p&gt;<br \/>\n&lt;p style=&quot;text-align: justify;&quot;&gt;&lt;strong&gt;Remote control&lt;\/strong&gt;&lt;\/p&gt;<br \/>\n&lt;p style=&quot;text-align: justify;&quot;&gt;Valdykite savo va\u017eiuojamosios dalies u\u017etvar\u0173 grandin\u0119 naudodami patogi\u0105 &amp;bdquo;Parklio Connect&amp;ldquo; program\u0117l\u0119. Naudodami patog\u0173 &amp;bdquo;Bluetooth&amp;ldquo; ry&amp;scaron;\u012f, gamin\u012f galite valdyti i&amp;scaron;maniuoju telefonu be interneto ry&amp;scaron;io.&amp;nbsp;&lt;\/p&gt;<br \/>\n&lt;p style=&quot;text-align: justify;&quot;&gt;&lt;strong&gt;Oro s\u0105lygoms atspari apsauga&lt;\/strong&gt;&lt;\/p&gt;<br \/>\n&lt;p style=&quot;text-align: justify;&quot;&gt;Patobulinkite savo automobili\u0173 stov\u0117jimo aik&amp;scaron;tel\u0117s saugum\u0105 naudodami patikim\u0105, oro s\u0105lygoms atspari\u0105 &amp;bdquo;Parklio&amp;ldquo; grandinin\u0119 u\u017etvar\u0105. U\u017etvar\u0105 sudaro 2 tvirti ir labai patvar\u016bs stov\u0117jimo aik&amp;scaron;tel\u0117s stulpeliai ir korozijai atspari grandin\u0117, pagaminta i&amp;scaron; cinkuoto plieno.&amp;nbsp;&lt;\/p&gt;<br \/>\n&lt;p style=&quot;text-align: justify;&quot;&gt;&lt;strong&gt;Skaitmeniniai raktai&lt;\/strong&gt;&lt;\/p&gt;<br \/>\n&lt;p style=&quot;text-align: justify;&quot;&gt;Suteikite savo lankytojams patogum\u0105 naudotis skaitmeniniais raktais su nustatytu laiko intervalu, kurie atidaro automatin\u012f \u012fva\u017eiavimo u\u017etvar\u0105 su grandine. J\u016bs\u0173 sve\u010diui \u012fva\u017eiavus \u012f stov\u0117jimo aik&amp;scaron;tel\u0119, grandin\u0117 v\u0117l automati&amp;scaron;kai pakils ir apsaugos teritorij\u0105.&amp;nbsp;&lt;\/p&gt;<br \/>\n&lt;p style=&quot;text-align: justify;&quot;&gt;&lt;strong&gt;Kli\u016b\u010di\u0173 aptikimas&lt;\/strong&gt;&lt;\/p&gt;<br \/>\n&lt;p style=&quot;text-align: justify;&quot;&gt;Pa&amp;scaron;alinkite transporto priemoni\u0173 apgadinimus, padidinkite saug\u0105 ir suma\u017einkite nelaiming\u0173 atsitikim\u0173 rizik\u0105 automobili\u0173 stov\u0117jimo aik&amp;scaron;tel\u0117je, nes &amp;bdquo;Parklio&amp;ldquo; grandininiame u\u017etvare integruotos fotoelement\u0173 sistemos aptinka kli\u016btis. &amp;Scaron;i technologija u\u017etikrina, kad apsauginis barjeras jud\u0117t\u0173 tik tada, kai tai daryti saugu, ir taip apsaugo tiek metalin\u0119 barjero grandin\u0119, tiek \u012f aik&amp;scaron;tel\u0119 \u012fva\u017eiuojan\u010dias transporto priemones.&amp;nbsp;&lt;\/p&gt;<br \/>\n&lt;p style=&quot;text-align: justify;&quot;&gt;&lt;strong&gt;Nuotolinis valdymas pultais&lt;\/strong&gt;&lt;\/p&gt;<br \/>\n&lt;p style=&quot;text-align: justify;&quot;&gt;\u012esigykite nuotolinio valdymo pultel\u012f, kad padidintum\u0117te savo grandin\u0117s valdymo universalum\u0105. Tur\u0117site atsargin\u012f plan\u0105, jei telefonas sugest\u0173, i&amp;scaron;sikraut\u0173 akumuliatorius arba nenor\u0117tum\u0117te naudotis &amp;bdquo;Parklio&amp;ldquo; program\u0117le. Nuotolin\u012f valdikl\u012f paprasta naudoti, juo gal\u0117site valdyti grandin\u0119 vienu mygtuko paspaudimu.&amp;nbsp;&lt;\/p&gt;<br \/>\n&lt;p style=&quot;text-align: justify;&quot;&gt;&lt;strong&gt;Papildomi priedai&lt;\/strong&gt;&lt;\/p&gt;<br \/>\n&lt;p style=&quot;text-align: justify;&quot;&gt;Parklio kelio u\u017etvarus galima \u012fvairiai konfig\u016bruoti naudodami plat\u0173 pried\u0173 asortiment\u0105. Apie papildom\u0173 pried\u0173 informacij\u0105 ir j\u0173 u\u017esakym\u0105 galite kreiptis nurodytu el. pa&amp;scaron;tu: &lt;a href=&quot;mailto:andrius@rubisolis.lt&quot;&gt;andrius@rubisolis.lt&lt;br \/&gt;&lt;\/a&gt;&lt;\/p&gt;<br \/>\n&lt;p style=&quot;text-align: center;&quot;&gt;&lt;iframe src=&quot;https:\/\/www.youtube.com\/embed\/yJHJk35mOpc?si=BdglUuPGFDJ-k2TR&quot; frameborder=&quot;0&quot; width=&quot;560&quot; height=&quot;315&quot;&gt;&lt;\/iframe&gt;&lt;\/p&gt;<br \/>\n&lt;p&gt;&lt;strong&gt;Advantages:&lt;\/strong&gt;&lt;\/p&gt;<br \/>\n&lt;ul&gt;<br \/>\n&lt;li&gt;Valdymas i&amp;scaron;maniuoju telefonu (&amp;bdquo;Parklio&amp;trade; Connect&amp;ldquo; program\u0117l\u0117);&amp;nbsp;&lt;\/li&gt;<br \/>\n&lt;li&gt;Paprasta prie\u017ei\u016bra ir remontas;&lt;\/li&gt;<br \/>\n&lt;li&gt;Galimi u\u017etvaro ilgiai: iki 20 metr\u0173;&lt;\/li&gt;<br \/>\n&lt;li&gt;Automatizuotas veikimas;&lt;\/li&gt;<br \/>\n&lt;li&gt;Laikmatis;&lt;\/li&gt;<br \/>\n&lt;li&gt;Kli\u016b\u010di\u0173 aptikimas;&amp;nbsp;&lt;\/li&gt;<br \/>\n&lt;li&gt;Galimyb\u0117 naudoti saul\u0117s baterij\u0105;&lt;\/li&gt;<br \/>\n&lt;li&gt;Galima papildoma \u012fvairi komplektacija.&amp;nbsp;&lt;\/li&gt;<br \/>\n&lt;\/ul&gt;<br \/>\n&lt;p&gt;&lt;strong&gt;Technical characteristics:&lt;\/strong&gt;&lt;\/p&gt;<br \/>\n&lt;ul&gt;<br \/>\n&lt;li&gt;Maitinimas: 230 VAC;&amp;nbsp;&lt;\/li&gt;<br \/>\n&lt;li&gt;Galia: 170W;&lt;\/li&gt;<br \/>\n&lt;li&gt;Atidarymo laikas: 10s;&lt;\/li&gt;<br \/>\n&lt;li&gt;U\u017etvaro ilgis: 4m;&lt;\/li&gt;<br \/>\n&lt;li&gt;Galimi kiti u\u017etvaro ilgiai: iki 20m;&lt;\/li&gt;<br \/>\n&lt;li&gt;Darbin\u0117 temp.: -20&amp;deg;C iki +60&amp;deg;C.&lt;\/li&gt;<br \/>\n&lt;\/ul&gt;<br \/>\n&lt;p&gt;&lt;strong&gt;The package includes:&lt;\/strong&gt;&lt;\/p&gt;<br \/>\n&lt;ul&gt;<br \/>\n&lt;li&gt;Stov\u0117jimo stulpelis Parklio;&lt;\/li&gt;<br \/>\n&lt;li&gt;Grandin\u0117 Parklio;&lt;\/li&gt;<br \/>\n&lt;li&gt;Grandin\u0117s profilis;&lt;\/li&gt;<br \/>\n&lt;li&gt;Valdymo blokas.&lt;\/li&gt;<br \/>\n&lt;\/ul&gt;<br \/>\n&lt;p style=&quot;text-align: justify;&quot;&gt;&lt;a class=&quot;catalogue&quot; href=&quot;\/en\/images\/Userfiles\/www.rubisolis.lt_parklio_chain_kelio_uztvaras_brosira.pdf\/&quot; target=&quot;blank&quot;&gt;Download product catalog&lt;br \/&gt;&lt;\/a&gt;&lt;a class=&quot;catalogue&quot; href=&quot;\/en\/images\/Userfiles\/www.rubisolis.lt_Kelio_uztvaras_Parklio_chain_instrukcija.pdf\/&quot; target=&quot;blank&quot;&gt;Download product manual&lt;\/a&gt;&lt;\/p&gt;<\/p>","protected":false},"excerpt":{"rendered":"<p>&lt;p&gt;&lt;img src=&quot;\/images\/Userfiles\/www.rubisolis.lt_Parklio_Chain_kelio_uztvaras_8.png&quot; alt=&quot;&quot; \/&gt;&lt;\/p&gt; &lt;p style=&quot;text-align: justify;&quot;&gt;&lt;strong&gt;Kelio u\u017etvaras&lt;\/strong&gt; Parklio Chair&amp;nbsp;&amp;ndash;&amp;nbsp;tai automati&amp;scaron;kai pakeliamas grandininis u\u017etvaras, skirtas apsaugoti iki 20 metr\u0173 plo\u010dio<\/p>","protected":false},"featured_media":28164,"comment_status":"closed","ping_status":"open","template":"","meta":[],"product_brand":[],"product_cat":[23],"product_tag":[535],"class_list":{"0":"post-28162","1":"product","2":"type-product","3":"status-publish","4":"has-post-thumbnail","6":"product_cat-be-kategorijos","7":"product_tag-naujiena","9":"first","10":"onbackorder","11":"taxable","12":"shipping-taxable","13":"product-type-variable"},"_links":{"self":[{"href":"https:\/\/orotech.lt\/en\/wp-json\/wp\/v2\/product\/28162","targetHints":{"allow":["GET"]}}],"collection":[{"href":"https:\/\/orotech.lt\/en\/wp-json\/wp\/v2\/product"}],"about":[{"href":"https:\/\/orotech.lt\/en\/wp-json\/wp\/v2\/types\/product"}],"replies":[{"embeddable":true,"href":"https:\/\/orotech.lt\/en\/wp-json\/wp\/v2\/comments?post=28162"}],"version-history":[{"count":1,"href":"https:\/\/orotech.lt\/en\/wp-json\/wp\/v2\/product\/28162\/revisions"}],"predecessor-version":[{"id":28163,"href":"https:\/\/orotech.lt\/en\/wp-json\/wp\/v2\/product\/28162\/revisions\/28163"}],"wp:featuredmedia":[{"embeddable":true,"href":"https:\/\/orotech.lt\/en\/wp-json\/wp\/v2\/media\/28164"}],"wp:attachment":[{"href":"https:\/\/orotech.lt\/en\/wp-json\/wp\/v2\/media?parent=28162"}],"wp:term":[{"taxonomy":"product_brand","embeddable":true,"href":"https:\/\/orotech.lt\/en\/wp-json\/wp\/v2\/product_brand?post=28162"},{"taxonomy":"product_cat","embeddable":true,"href":"https:\/\/orotech.lt\/en\/wp-json\/wp\/v2\/product_cat?post=28162"},{"taxonomy":"product_tag","embeddable":true,"href":"https:\/\/orotech.lt\/en\/wp-json\/wp\/v2\/product_tag?post=28162"}],"curies":[{"name":"wp","href":"https:\/\/api.w.org\/{rel}","templated":true}]}}