{"id":28172,"date":"2025-09-09T09:01:00","date_gmt":"2025-09-09T09:01:00","guid":{"rendered":"https:\/\/orotech.lt\/parkavimo-stulpelis-parklio-bollard\/"},"modified":"2025-09-10T06:40:51","modified_gmt":"2025-09-10T06:40:51","slug":"parkavimo-stulpelis-parklio-bollard","status":"publish","type":"product","link":"https:\/\/orotech.lt\/en\/parkavimo-stulpelis-parklio-bollard\/","title":{"rendered":"Parkavimo stulpelis Parklio Bollard"},"content":{"rendered":"<p>&lt;p&gt;&lt;img style=&quot;width: 1000px; height: 200px;&quot; src=&quot;\/images\/Userfiles\/www.rubisolis.lt_Parkavimo_stulpelis_Parklio_Bollard1.png&quot; alt=&quot;&quot; \/&gt;&lt;\/p&gt;<br \/>\n&lt;p style=&quot;text-align: justify;&quot;&gt;&lt;strong&gt;Remote control&lt;\/strong&gt;&lt;\/p&gt;<br \/>\n&lt;p style=&quot;text-align: justify;&quot;&gt;Nuotoliniu b\u016bdu valdykite &quot;Parklio&quot; automatinius parkavimo stulpelius i&amp;scaron; savo i&amp;scaron;maniojo telefono naudodami nemokam\u0105 &quot;Parklio Connect&quot; program\u0117l\u0119. J\u0105 paprasta naudoti ir ja galima pakelti arba nuleisti stulpel\u012f vos vienu bakstel\u0117jimu.&amp;nbsp;Patirkite did\u017eiausi\u0105 universalum\u0105 valdant parkavimo stulpelius &amp;ndash;&amp;nbsp;tur\u0117dami nuotolinio valdymo pultel\u012f ir &quot;Parklio Connect&quot; program\u0117l\u0119, galite pasirinkti, kaip valdyti pakeliamus kelio stulpelius. Nuotolinio valdymo pultelis &amp;ndash;&amp;nbsp;tai nuotolinio valdymo \u012frenginys, kuriuo lengva naudotis; nor\u0117dami pakelti arba nuleisti stulpel\u012f, tiesiog paspauskite mygtuk\u0105.&amp;nbsp;&lt;\/p&gt;<br \/>\n&lt;p style=&quot;text-align: justify;&quot;&gt;&lt;strong&gt;Patvarumas&lt;\/strong&gt;&lt;\/p&gt;<br \/>\n&lt;p style=&quot;text-align: justify;&quot;&gt;Nuolat kontroliuokite prieig\u0105 prie saugomos teritorijos esant bet kokiai temperat\u016brai ir oro s\u0105lygoms. Pakylantys &lt;strong&gt;parkavimo stulpeliai&lt;\/strong&gt;&amp;nbsp;pagaminti i&amp;scaron; ner\u016bdijan\u010dio plieno, kas u\u017etikrina \u012frangos patvarum\u0105 ir ilgaam\u017ei&amp;scaron;kum\u0105.&amp;nbsp;&lt;\/p&gt;<br \/>\n&lt;p style=&quot;text-align: justify;&quot;&gt;&lt;strong&gt;Skirting\u0173 vartotoj\u0173 valdymas&amp;nbsp;&amp;ndash;&amp;nbsp;skaitmeniniai raktai&amp;nbsp;&lt;\/strong&gt;&lt;\/p&gt;<br \/>\n&lt;p style=&quot;text-align: justify;&quot;&gt;Naudodamiesi &quot;Parklio Connect&quot; program\u0117le arba &quot;Parklio PMS&quot; dalinkites parkavimo stulpeli\u0173 valdymu su keletu skirting\u0173 vartotoj\u0173. Naudotojams galite suteikti neribot\u0105 prieig\u0105 prie stulpeli\u0173 arba nustatyti laiko interval\u0105, per kur\u012f jie gali juos valdyti.&amp;nbsp;&lt;\/p&gt;<br \/>\n&lt;p style=&quot;text-align: justify;&quot;&gt;&lt;strong&gt;Kli\u016b\u010di\u0173 aptikimas&lt;\/strong&gt;&lt;\/p&gt;<br \/>\n&lt;p style=&quot;text-align: justify;&quot;&gt;\u012ejunkite automatinio u\u017edarymo parinkt\u012f parkavimo stulpeliams, kad nebereik\u0117t\u0173 jaudintis d\u0117l to, jog pamir&amp;scaron;ote juos pakelti. &lt;strong&gt;Parkavimo stulpeliai&lt;\/strong&gt; Parklio Bollard sukurti taip, kad juos b\u016bt\u0173 lengva valdyti, kad nereik\u0117t\u0173 gai&amp;scaron;ti laiko i&amp;scaron;lipant i&amp;scaron; automobilio ar rankiniu b\u016bdu juos u\u017edaryti. D\u0117l fotoelement\u0173 ir magnetini\u0173 kilp\u0173 detektori\u0173 i&amp;scaron;vengiama \u017ealos automobiliui.&amp;nbsp;&lt;\/p&gt;<br \/>\n&lt;p style=&quot;text-align: justify;&quot;&gt;&lt;strong&gt;Sistemos automatizavimas&amp;nbsp;&lt;\/strong&gt;&lt;\/p&gt;<br \/>\n&lt;p style=&quot;text-align: justify;&quot;&gt;Pasinaudokite &quot;plug-and-play&quot; sprendimu &amp;ndash; pakylantys &lt;strong&gt;parkavimo stulpeliai &lt;\/strong&gt;yra i&amp;scaron; anksto sukonfig\u016bruoti ir paruo&amp;scaron;ti naudoti i&amp;scaron; karto po j\u0173 sumontavimo. Nereikia r\u016bpintis, kad k\u0105 nors papildomai sukonfig\u016bruotum\u0117te! Juos galima \u012frengti \u012fvairiose automobili\u0173 stov\u0117jimo aik&amp;scaron;tel\u0117se, daugiaauk&amp;scaron;t\u0117se automobili\u0173 stov\u0117jimo aik&amp;scaron;tel\u0117se ar p\u0117s\u010di\u0173j\u0173 zonose, kuriose reikia apsaugos.&amp;nbsp;&lt;\/p&gt;<br \/>\n&lt;p style=&quot;text-align: justify;&quot;&gt;&lt;strong&gt;Maitinimas saul\u0117s baterija&lt;\/strong&gt;&lt;\/p&gt;<br \/>\n&lt;p style=&quot;text-align: justify;&quot;&gt;Pasirink\u0119 saul\u0117s baterij\u0173 rinkin\u012f pakeliamiems kelio stulpeliams, gal\u0117site juos \u012frengti nepriklausomai nuo nuolatinio maitinimo &amp;scaron;altinio. Skydelio saul\u0117s energijos pavertimas elektros energija u\u017etikrina nepertraukiam\u0105 veikim\u0105 ir yra ekologi&amp;scaron;ka alternatyva.&amp;nbsp;&lt;\/p&gt;<br \/>\n&lt;p style=&quot;text-align: center;&quot;&gt;&lt;iframe src=&quot;https:\/\/www.youtube.com\/embed\/lrMDJTJVP10?si=9pPSlZJE2V78jPJB&quot; frameborder=&quot;0&quot; width=&quot;560&quot; height=&quot;315&quot;&gt;&lt;\/iframe&gt;&lt;\/p&gt;<br \/>\n&lt;p style=&quot;text-align: justify;&quot;&gt;&lt;strong&gt;Papildomi priedai&lt;\/strong&gt;&lt;\/p&gt;<br \/>\n&lt;p style=&quot;text-align: justify;&quot;&gt;Parklio kelio u\u017etvarus galima \u012fvairiai konfig\u016bruoti naudodami plat\u0173 pried\u0173 asortiment\u0105. Apie papildom\u0173 pried\u0173 informacij\u0105 ir j\u0173 u\u017esakym\u0105 galite kreiptis nurodytu el. pa&amp;scaron;tu: &lt;a href=&quot;mailto:andrius@rubisolis.lt&quot;&gt;andrius@rubisolis.lt&lt;br \/&gt;&lt;\/a&gt;&lt;\/p&gt;<br \/>\n&lt;p style=&quot;text-align: justify;&quot;&gt;&lt;strong&gt;Advantages:&lt;\/strong&gt;&lt;\/p&gt;<br \/>\n&lt;ul&gt;<br \/>\n&lt;li&gt;Valdymas i&amp;scaron;maniuoju telefonu (&amp;bdquo;Parklio&amp;trade; Connect&amp;ldquo; program\u0117l\u0117);&lt;\/li&gt;<br \/>\n&lt;li&gt;Pagaminta su specialiu varikliu, kad b\u016bt\u0173 greitesnis ir ilgaam\u017ei&amp;scaron;kesnis;&lt;\/li&gt;<br \/>\n&lt;li&gt;Sukurtas naudoti nepertraukiamai, 100 proc. darbinis paj\u0117gumas;&lt;\/li&gt;<br \/>\n&lt;li&gt;Galimyb\u0117 automati&amp;scaron;kai u\u017esidaryti i&amp;scaron;va\u017eiavus transporto priemonei;&lt;\/li&gt;<br \/>\n&lt;li&gt;Kli\u016b\u010di\u0173 aptikimas;&amp;nbsp;&lt;\/li&gt;<br \/>\n&lt;li&gt;Galimyb\u0117 naudoti saul\u0117s baterij\u0105;&amp;nbsp;&lt;\/li&gt;<br \/>\n&lt;li&gt;Galimi auk&amp;scaron;\u010diai: 600, 800mm;&lt;\/li&gt;<br \/>\n&lt;li&gt;Galima papildoma \u012fvairi komplektacija.&amp;nbsp;&lt;\/li&gt;<br \/>\n&lt;\/ul&gt;<br \/>\n&lt;p style=&quot;text-align: justify;&quot;&gt;&lt;strong&gt;Technical characteristics:&lt;\/strong&gt;&lt;\/p&gt;<br \/>\n&lt;ul&gt;<br \/>\n&lt;li&gt;Maitinimas:&amp;nbsp;230 VAC;&lt;\/li&gt;<br \/>\n&lt;li&gt;Galia: 60W;&lt;\/li&gt;<br \/>\n&lt;li&gt;Darbin\u0117 temp.: nuo -20&amp;ordm;C iki +50&amp;ordm;C;&lt;\/li&gt;<br \/>\n&lt;li&gt;D\u0117klas: 4mm ner\u016bdijantis plienas;&lt;\/li&gt;<br \/>\n&lt;li&gt;Auk&amp;scaron;\u010diai: 600 \/ 800 mm;&lt;\/li&gt;<br \/>\n&lt;li&gt;Svoris: 40 \/ 45 kg;&lt;\/li&gt;<br \/>\n&lt;li&gt;Diametras: 204 mm;&lt;\/li&gt;<br \/>\n&lt;li&gt;Apsaugos klas\u0117: IP65.&lt;\/li&gt;<br \/>\n&lt;\/ul&gt;<br \/>\n&lt;p style=&quot;text-align: justify;&quot;&gt;&lt;strong&gt;The package includes:&amp;nbsp;&lt;\/strong&gt;&lt;\/p&gt;<br \/>\n&lt;ul&gt;<br \/>\n&lt;li&gt;&lt;strong&gt;Parkavimo stulpelis&lt;\/strong&gt; Parklio Bollard;&lt;\/li&gt;<br \/>\n&lt;li&gt;2.4 GHz ry&amp;scaron;io antena.&lt;\/li&gt;<br \/>\n&lt;\/ul&gt;<br \/>\n&lt;p style=&quot;text-align: justify;&quot;&gt;&lt;a class=&quot;catalogue&quot; href=&quot;\/en\/images\/Userfiles\/www.rubisolis.lt_kelio_stulpelis_kelio_uztvaras_pakeliamas_stulpelis_parklio_bollard.pdf\/&quot; target=&quot;blank&quot;&gt;Download product manual&lt;br \/&gt;&lt;\/a&gt;&lt;a class=&quot;catalogue&quot; href=&quot;\/en\/images\/Userfiles\/www.rubisolis.lt_kelio_stulpelis_kelio_uztvaras_pakeliamas_stulpelis_parklio_bollard_brosira.pdf\/&quot; target=&quot;blank&quot;&gt;Atsisi\u0173sti produkto bro&amp;scaron;i\u016br\u0105&lt;\/a&gt;&lt;\/p&gt;<\/p>","protected":false},"excerpt":{"rendered":"<p>&lt;p&gt;&lt;img style=&quot;width: 1000px; height: 200px;&quot; src=&quot;\/images\/Userfiles\/www.rubisolis.lt_Parkavimo_stulpelis_Parklio_Bollard1.png&quot; alt=&quot;&quot; \/&gt;&lt;\/p&gt; &lt;p style=&quot;text-align: justify;&quot;&gt;&lt;strong&gt;Remote control&lt;\/strong&gt;&lt;\/p&gt; &lt;p style=&quot;text-align: justify;&quot;&gt;Nuotoliniu b\u016bdu valdykite &quot;Parklio&quot; automatinius parkavimo<\/p>","protected":false},"featured_media":28174,"comment_status":"closed","ping_status":"open","template":"","meta":[],"product_brand":[],"product_cat":[23],"product_tag":[535],"class_list":{"0":"post-28172","1":"product","2":"type-product","3":"status-publish","4":"has-post-thumbnail","6":"product_cat-be-kategorijos","7":"product_tag-naujiena","9":"first","10":"onbackorder","11":"taxable","12":"shipping-taxable","13":"product-type-variable"},"_links":{"self":[{"href":"https:\/\/orotech.lt\/en\/wp-json\/wp\/v2\/product\/28172","targetHints":{"allow":["GET"]}}],"collection":[{"href":"https:\/\/orotech.lt\/en\/wp-json\/wp\/v2\/product"}],"about":[{"href":"https:\/\/orotech.lt\/en\/wp-json\/wp\/v2\/types\/product"}],"replies":[{"embeddable":true,"href":"https:\/\/orotech.lt\/en\/wp-json\/wp\/v2\/comments?post=28172"}],"version-history":[{"count":1,"href":"https:\/\/orotech.lt\/en\/wp-json\/wp\/v2\/product\/28172\/revisions"}],"predecessor-version":[{"id":28173,"href":"https:\/\/orotech.lt\/en\/wp-json\/wp\/v2\/product\/28172\/revisions\/28173"}],"wp:featuredmedia":[{"embeddable":true,"href":"https:\/\/orotech.lt\/en\/wp-json\/wp\/v2\/media\/28174"}],"wp:attachment":[{"href":"https:\/\/orotech.lt\/en\/wp-json\/wp\/v2\/media?parent=28172"}],"wp:term":[{"taxonomy":"product_brand","embeddable":true,"href":"https:\/\/orotech.lt\/en\/wp-json\/wp\/v2\/product_brand?post=28172"},{"taxonomy":"product_cat","embeddable":true,"href":"https:\/\/orotech.lt\/en\/wp-json\/wp\/v2\/product_cat?post=28172"},{"taxonomy":"product_tag","embeddable":true,"href":"https:\/\/orotech.lt\/en\/wp-json\/wp\/v2\/product_tag?post=28172"}],"curies":[{"name":"wp","href":"https:\/\/api.w.org\/{rel}","templated":true}]}}