{"id":28191,"date":"2025-09-09T09:01:00","date_gmt":"2025-09-09T09:01:00","guid":{"rendered":"https:\/\/orotech.lt\/sildomi-marskineliai-glovii-gj1g-su-baterija-pilki\/"},"modified":"2025-09-10T06:40:53","modified_gmt":"2025-09-10T06:40:53","slug":"sildomi-marskineliai-glovii-gj1g-su-baterija-pilki","status":"publish","type":"product","link":"https:\/\/orotech.lt\/en\/sildomi-marskineliai-glovii-gj1g-su-baterija-pilki\/","title":{"rendered":"\u0160ildomi mar\u0161kin\u0117liai Glovii GJ1G su baterija, pilki"},"content":{"rendered":"<p style=\"text-align: justify;\"><img decoding=\"async\" alt=\"\" src=\"\/images\/Userfiles\/Glovii_baner.jpg\" style=\"width: 1234px; height: 400px;\" title=\"\"><\/p>\n<p style=\"text-align: justify;\">Ilg\u0173 rankovi\u0173 \u0161ildomi mar\u0161kin\u0117liai Glovii GJ1G&nbsp;yra unikalus sprendimas ie\u0161kantiems itin \u0161iltos termoreguliacin\u0117s aprangos, skirtos \u0161al\u010diausioms met\u0173 dienoms! Tai i\u0161skirtinis sprendimas, u\u017etikrinantis komforti\u0161k\u0105 \u0161ilum\u0105 \u017eiemos sporto entuziastams, slidininkams, dviratininkams, statybininkams, med\u017eiotojams, fotografams ir pagyvenusiems \u017emon\u0117ms.&nbsp;&nbsp;<\/p>\n<p style=\"text-align: justify;\">Saugi ir efektyvi 2600mAh Li-Ion baterija u\u017etikrina net iki 6h \u0161ildymo veikimo laik\u0105. \u0160ildomi mar\u0161kin\u0117liai Glovii GJ1 turi speciali\u0105 akumuliatoriaus ki\u0161en\u0117l\u0119, kas leid\u017eia greitai ir patogiai valdyti \u0161ilumos lygius. \u0160ildymo elementas pagamintas i\u0161 anglies pluo\u0161to, tod\u0117l infraraudon\u0173j\u0173 spinduli\u0173 bang\u0173 d\u0117ka jis pasi\u017eymi patikimu naudojimu ir ilgaam\u017ei\u0161kumu.&nbsp;\u0160ildymo elementas mar\u0161kin\u0117liuose i\u0161sid\u0117st\u0119s ant pilvo, juosmens srityje ir ant pe\u010di\u0173, o tai u\u017etikrina tolyg\u0173 \u0161ilumos pasiskirstym\u0105.&nbsp;\u0160ildomi mar\u0161kin\u0117liai Glovii GJ1G&nbsp;yra pagaminti i\u0161 itin pralaid\u017eios dr\u0117gmei med\u017eiagos.&nbsp;<\/p>\n<p style=\"text-align: justify;\"><strong>Technical characteristics:<\/strong><\/p>\n<ul>\n<li>\n\t\tBaterija: 2600mAh (19,24Wh), li\u010dio jon\u0173;<\/li>\n<li>\n\t\tKaitinimo elementas: 9,9W &#8211; anglies pluo\u0161tas;<\/li>\n<li>\n\t\tVeikimo&nbsp;re\u017eimai: 33 % (LO\/34&deg;C\/93&deg;F), 66 % (MED\/39&deg;C\/102&deg;F), 100 % (HI\/44&deg;C\/111&deg;F);<\/li>\n<li>\n\t\tVeikimo laikas: 6h (LO), 3h (MED), 2h (HI);<\/li>\n<li>\n\t\taudinys: 6% elastanas, 94% poliesteris;<\/li>\n<li>\n\t\t\u012ekroviklis: 8,4V, 1A;<\/li>\n<li>\n\t\tDyd\u017eiai: S, M, L, XL;<\/li>\n<li>\n\t\tSpalva: pilka;<\/li>\n<li>\n\t\tSvoris be baterij\u0173: 380g;<\/li>\n<li>\n\t\tSvoris su baterija: 490g.<\/li>\n<\/ul>\n<p style=\"text-align: center;\"><img decoding=\"async\" alt=\"\" src=\"\/images\/Userfiles\/www.rubisolis.lt_Sildomi_marskinliai_Glovii_su_baterija_juodi_.jpg\" style=\"width: 1100px; height: 212px;\" title=\"\"><\/p>\n<p><strong>\u012e komplekt\u0105 \u012feina:<\/strong><\/p>\n<ul>\n<li>\n\t\t\u0160ildomi mar\u0161kin\u0117liai Glovii GJ1G;<\/li>\n<li>\n\t\tBaterija 2600mAh;<\/li>\n<li>\n\t\t\u012eroviklis;<\/li>\n<li>\n\t\tAdapteri\u0173 rinkinys (ES, JK, JAV).<\/li>\n<\/ul>\n<p style=\"text-align: justify;\"><a class=\"catalogue\" href=\"\/en\/images\/Userfiles\/www.rubisolis.lt_Sildomi_marskinliai_Glovii_su_baterija_instrukcija.pdf\/\" target=\"blank\">Download product manual <\/a><\/p>","protected":false},"excerpt":{"rendered":"<p>Ilg\u0173 rankovi\u0173 \u0161ildomi mar\u0161kin\u0117liai Glovii GJ1G&nbsp;yra unikalus sprendimas ie\u0161kantiems itin \u0161iltos termoreguliacin\u0117s aprangos, skirtos \u0161al\u010diausioms met\u0173 dienoms! Tai i\u0161skirtinis sprendimas,<\/p>","protected":false},"featured_media":28193,"comment_status":"closed","ping_status":"open","template":"","meta":[],"product_brand":[],"product_cat":[23],"product_tag":[535],"class_list":{"0":"post-28191","1":"product","2":"type-product","3":"status-publish","4":"has-post-thumbnail","6":"product_cat-be-kategorijos","7":"product_tag-naujiena","9":"first","10":"onbackorder","11":"taxable","12":"shipping-taxable","13":"product-type-variable"},"_links":{"self":[{"href":"https:\/\/orotech.lt\/en\/wp-json\/wp\/v2\/product\/28191","targetHints":{"allow":["GET"]}}],"collection":[{"href":"https:\/\/orotech.lt\/en\/wp-json\/wp\/v2\/product"}],"about":[{"href":"https:\/\/orotech.lt\/en\/wp-json\/wp\/v2\/types\/product"}],"replies":[{"embeddable":true,"href":"https:\/\/orotech.lt\/en\/wp-json\/wp\/v2\/comments?post=28191"}],"version-history":[{"count":1,"href":"https:\/\/orotech.lt\/en\/wp-json\/wp\/v2\/product\/28191\/revisions"}],"predecessor-version":[{"id":28192,"href":"https:\/\/orotech.lt\/en\/wp-json\/wp\/v2\/product\/28191\/revisions\/28192"}],"wp:featuredmedia":[{"embeddable":true,"href":"https:\/\/orotech.lt\/en\/wp-json\/wp\/v2\/media\/28193"}],"wp:attachment":[{"href":"https:\/\/orotech.lt\/en\/wp-json\/wp\/v2\/media?parent=28191"}],"wp:term":[{"taxonomy":"product_brand","embeddable":true,"href":"https:\/\/orotech.lt\/en\/wp-json\/wp\/v2\/product_brand?post=28191"},{"taxonomy":"product_cat","embeddable":true,"href":"https:\/\/orotech.lt\/en\/wp-json\/wp\/v2\/product_cat?post=28191"},{"taxonomy":"product_tag","embeddable":true,"href":"https:\/\/orotech.lt\/en\/wp-json\/wp\/v2\/product_tag?post=28191"}],"curies":[{"name":"wp","href":"https:\/\/api.w.org\/{rel}","templated":true}]}}