{"id":28232,"date":"2025-09-09T09:05:02","date_gmt":"2025-09-09T09:05:02","guid":{"rendered":"https:\/\/orotech.lt\/halogeninis-sildytuvas-varma-v400-inox-nerudijancio-plieno-2\/"},"modified":"2025-09-10T06:40:56","modified_gmt":"2025-09-10T06:40:56","slug":"halogen-heater-varma-v400-inox-stainless-steel-2","status":"publish","type":"product","link":"https:\/\/orotech.lt\/en\/halogen-heater-varma-v400-inox-stainless-steel-2\/","title":{"rendered":"Halogen heater Varma V400 INOX (stainless steel)"},"content":{"rendered":"<p>&lt;p style=&quot;text-align: justify;&quot;&gt;&lt;strong&gt;Lauko&amp;nbsp;&amp;scaron;ildytuvai&lt;\/strong&gt;&amp;nbsp;VARMA V400 INOX pagaminti i&amp;scaron; ner\u016bdijan\u010dio plieno, yra &lt;strong&gt;waterproof&lt;\/strong&gt;, tod\u0117l juos ypa\u010d tinka naudoti paj\u016brio kavin\u0117se, restoranuose, vie&amp;scaron;bu\u010di\u0173 lauko terasose ir pan. &amp;Scaron;ie &amp;scaron;ildytuvai taip pat yra &lt;strong&gt;long-lived&lt;\/strong&gt;, so you will delight your guests for more than one season.&lt;\/p&gt;<\/p>","protected":false},"excerpt":{"rendered":"<p>&lt;p style=&quot;text-align: justify;&quot;&gt;&lt;strong&gt;Lauko&amp;nbsp;&amp;scaron;ildytuvai&lt;\/strong&gt;&amp;nbsp;VARMA V400 INOX pagaminti i&amp;scaron; ner\u016bdijan\u010dio plieno, yra &lt;strong&gt;waterproof&lt;\/strong&gt;, tod\u0117l juos ypa\u010d tinka naudoti paj\u016brio kavin\u0117se, restoranuose,<\/p>","protected":false},"featured_media":28234,"comment_status":"closed","ping_status":"open","template":"","meta":[],"product_brand":[],"product_cat":[23],"product_tag":[535],"class_list":{"0":"post-28232","1":"product","2":"type-product","3":"status-publish","4":"has-post-thumbnail","6":"product_cat-be-kategorijos","7":"product_tag-naujiena","9":"first","10":"onbackorder","11":"taxable","12":"shipping-taxable","13":"product-type-variable"},"_links":{"self":[{"href":"https:\/\/orotech.lt\/en\/wp-json\/wp\/v2\/product\/28232","targetHints":{"allow":["GET"]}}],"collection":[{"href":"https:\/\/orotech.lt\/en\/wp-json\/wp\/v2\/product"}],"about":[{"href":"https:\/\/orotech.lt\/en\/wp-json\/wp\/v2\/types\/product"}],"replies":[{"embeddable":true,"href":"https:\/\/orotech.lt\/en\/wp-json\/wp\/v2\/comments?post=28232"}],"version-history":[{"count":1,"href":"https:\/\/orotech.lt\/en\/wp-json\/wp\/v2\/product\/28232\/revisions"}],"predecessor-version":[{"id":28233,"href":"https:\/\/orotech.lt\/en\/wp-json\/wp\/v2\/product\/28232\/revisions\/28233"}],"wp:featuredmedia":[{"embeddable":true,"href":"https:\/\/orotech.lt\/en\/wp-json\/wp\/v2\/media\/28234"}],"wp:attachment":[{"href":"https:\/\/orotech.lt\/en\/wp-json\/wp\/v2\/media?parent=28232"}],"wp:term":[{"taxonomy":"product_brand","embeddable":true,"href":"https:\/\/orotech.lt\/en\/wp-json\/wp\/v2\/product_brand?post=28232"},{"taxonomy":"product_cat","embeddable":true,"href":"https:\/\/orotech.lt\/en\/wp-json\/wp\/v2\/product_cat?post=28232"},{"taxonomy":"product_tag","embeddable":true,"href":"https:\/\/orotech.lt\/en\/wp-json\/wp\/v2\/product_tag?post=28232"}],"curies":[{"name":"wp","href":"https:\/\/api.w.org\/{rel}","templated":true}]}}