{"id":28276,"date":"2025-09-09T09:05:02","date_gmt":"2025-09-09T09:05:02","guid":{"rendered":"https:\/\/orotech.lt\/sildantis-terminiu-apatiniu-rubu-komplektas-glovii-gxb-su-baterija-juodas\/"},"modified":"2025-09-10T06:41:01","modified_gmt":"2025-09-10T06:41:01","slug":"sildantis-terminiu-apatiniu-rubu-komplektas-glovii-gxb-su-baterija-juodas","status":"publish","type":"product","link":"https:\/\/orotech.lt\/en\/sildantis-terminiu-apatiniu-rubu-komplektas-glovii-gxb-su-baterija-juodas\/","title":{"rendered":"\u0160ildantis termini\u0173 apatini\u0173 r\u016bb\u0173 komplektas Glovii GXB su baterija, juodas"},"content":{"rendered":"<p style=\"text-align: justify;\"><img decoding=\"async\" alt=\"\" src=\"\/images\/Userfiles\/Glovii_baner.jpg\" style=\"width: 1234px; height: 400px;\" title=\"\"><\/p>\n<p style=\"text-align: justify;\">Juodos spalvos \u0161ildantis termini\u0173 apatini\u0173 r\u016bb\u0173 komplektas Glovii GXB su baterija&nbsp;yra unikalus sprendimas ie\u0161kantiems itin \u0161iltos termoreguliacin\u0117s aprangos, skirtos \u0161al\u010diausioms met\u0173 dienoms! \u0160ildantis termini\u0173 apatini\u0173 r\u016bb\u0173 komplektas Glovii GXB gali b\u016bti d\u0117vimas tiek namuose, tiek lauke kaip apatinis sluoksnis, kas leis i\u0161saugoti J\u016bs\u0173 k\u016bno \u0161ilum\u0105. Tai i\u0161skirtinis sprendimas, u\u017etikrinantis komforti\u0161k\u0105 \u0161ilum\u0105 \u017eiemos sporto entuziastams, slidininkams, dviratininkams, motociklininkams, statybininkams, med\u017eiotojams, fotografams, \u017evejams ir pagyvenusiems \u017emon\u0117ms.&nbsp;<\/p>\n<p style=\"text-align: justify;\">Saugi ir efektyvi 2600mAh Li-Ion baterija (2 vnt.) u\u017etikrina net iki 6h \u0161ildymo veikimo laik\u0105. \u0160ildantis termini\u0173 apatini\u0173 r\u016bb\u0173 komplektas Glovii GXB turi specialias akumuliatoriaus ki\u0161en\u0117les, kas leid\u017eia greitai ir patogiai valdyti 3 skirtingus \u0161ilumos lygius (LO, MED, HI). \u0160ildymo elementas pagamintas i\u0161 anglies pluo\u0161to, tod\u0117l infraraudon\u0173j\u0173 spinduli\u0173 bang\u0173 d\u0117ka jis pasi\u017eymi patikimu naudojimu ir ilgaam\u017ei\u0161kumu.&nbsp;\u0160ildymo elementas vir\u0161utin\u0117je komplekto dalyje i\u0161sid\u0117st\u0119s ant pilvo, juosmens ir pe\u010di\u0173&nbsp;srityje,&nbsp;o kojas \u0161ildo ties ant keliais ir aplink juosmen\u012f. Toks \u0161ildymo element\u0173 i\u0161sid\u0117stymas u\u017etikrina tolyg\u0173 \u0161ilumos pasiskirstym\u0105.&nbsp;Termini\u0173 apatini\u0173 r\u016bb\u0173 komplektas Glovii GXR&nbsp;yra pagamintas i\u0161 itin pralaid\u017eios dr\u0117gmei med\u017eiagos.<\/p>\n<p style=\"text-align: justify;\"><em><strong>D\u0117mesio: mar\u0161kin\u0117lius ir kelnes galima d\u0117v\u0117ti atskirai!<\/strong><\/em><\/p>\n<p style=\"text-align: justify;\"><strong>Technical characteristics:<\/strong><\/p>\n<ul>\n<li>\n\t\tBaterija: 2600mAh (19,24Wh), li\u010dio jon\u0173 (2 vnt.);<\/li>\n<li>\n\t\tKaitinimo elementas: 10 W (mar\u0161kiniai) ir 11,5 W (keln\u0117s) &ndash; anglies pluo\u0161tas;<\/li>\n<li>\n\t\tVeikimo&nbsp;re\u017eimai: HI (44&deg;C), MED (39&deg;C), LO (34&deg;C);<\/li>\n<li>\n\t\tVeikimo laikas: 6 h (LO), 4 h (MED), 2 h (HI);<\/li>\n<li>\n\t\tAudinys: 79% nailonas, 16% poliesteris, 5% elastanas;<\/li>\n<li>\n\t\t\u012ekroviklis: 8,4V, 1A;<\/li>\n<li>\n\t\tDyd\u017eiai: L, XL;<\/li>\n<li>\n\t\tColor: black;<\/li>\n<li>\n\t\tSvoris be baterij\u0173: 760 g (380 g + 380 g);<\/li>\n<li>\n\t\tSvoris su baterija: 900 g (450 g + 450 g);<\/li>\n<li>\n\t\tPakuot\u0117s matmenys: 290x240x90 mm;<\/li>\n<li>\n\t\tPakuot\u0117s svoris: 1000 g.<\/li>\n<\/ul>\n<p style=\"text-align: center;\"><img decoding=\"async\" alt=\"\" src=\"\/images\/Userfiles\/www.rubisolis.lt_Termini_apatini_rb_komplektas_Glovii_GXR_raudonas_7.jpg\" style=\"width: 800px; height: 304px;\" title=\"\"><\/p>\n<p><strong>\u012e komplekt\u0105 \u012feina:<\/strong><\/p>\n<ul>\n<li>\n\t\t\u0160ildantis termini\u0173 apatini\u0173 r\u016bb\u0173 komplektas Glovii GXB;<\/li>\n<li>\n\t\tBaterija 2600mAh (2 vnt.);<\/li>\n<li>\n\t\t\u012eroviklis;<\/li>\n<li>\n\t\tAdapteri\u0173 rinkinys (ES, JK, JAV).<\/li>\n<\/ul>\n<p style=\"text-align: justify;\"><a class=\"catalogue\" href=\"\/en\/images\/Userfiles\/www.rubisolis.lt_Termini_apatini_rb_komplektas_Glovii_GXB_juodas_instrukcija.pdf\/\" target=\"blank\">Download product manual <\/a><\/p>","protected":false},"excerpt":{"rendered":"<p>Juodos spalvos \u0161ildantis termini\u0173 apatini\u0173 r\u016bb\u0173 komplektas Glovii GXB su baterija&nbsp;yra unikalus sprendimas ie\u0161kantiems itin \u0161iltos termoreguliacin\u0117s aprangos, skirtos \u0161al\u010diausioms<\/p>","protected":false},"featured_media":28278,"comment_status":"closed","ping_status":"open","template":"","meta":[],"product_brand":[],"product_cat":[23],"product_tag":[535],"class_list":{"0":"post-28276","1":"product","2":"type-product","3":"status-publish","4":"has-post-thumbnail","6":"product_cat-be-kategorijos","7":"product_tag-naujiena","9":"first","10":"onbackorder","11":"taxable","12":"shipping-taxable","13":"product-type-variable"},"_links":{"self":[{"href":"https:\/\/orotech.lt\/en\/wp-json\/wp\/v2\/product\/28276","targetHints":{"allow":["GET"]}}],"collection":[{"href":"https:\/\/orotech.lt\/en\/wp-json\/wp\/v2\/product"}],"about":[{"href":"https:\/\/orotech.lt\/en\/wp-json\/wp\/v2\/types\/product"}],"replies":[{"embeddable":true,"href":"https:\/\/orotech.lt\/en\/wp-json\/wp\/v2\/comments?post=28276"}],"version-history":[{"count":1,"href":"https:\/\/orotech.lt\/en\/wp-json\/wp\/v2\/product\/28276\/revisions"}],"predecessor-version":[{"id":28277,"href":"https:\/\/orotech.lt\/en\/wp-json\/wp\/v2\/product\/28276\/revisions\/28277"}],"wp:featuredmedia":[{"embeddable":true,"href":"https:\/\/orotech.lt\/en\/wp-json\/wp\/v2\/media\/28278"}],"wp:attachment":[{"href":"https:\/\/orotech.lt\/en\/wp-json\/wp\/v2\/media?parent=28276"}],"wp:term":[{"taxonomy":"product_brand","embeddable":true,"href":"https:\/\/orotech.lt\/en\/wp-json\/wp\/v2\/product_brand?post=28276"},{"taxonomy":"product_cat","embeddable":true,"href":"https:\/\/orotech.lt\/en\/wp-json\/wp\/v2\/product_cat?post=28276"},{"taxonomy":"product_tag","embeddable":true,"href":"https:\/\/orotech.lt\/en\/wp-json\/wp\/v2\/product_tag?post=28276"}],"curies":[{"name":"wp","href":"https:\/\/api.w.org\/{rel}","templated":true}]}}