{"id":28284,"date":"2025-09-09T09:05:02","date_gmt":"2025-09-09T09:05:02","guid":{"rendered":"https:\/\/orotech.lt\/sildantis-minkstas-poncas-glovii-gu1g-su-usb-jungtimi-pilkas\/"},"modified":"2025-09-10T06:41:01","modified_gmt":"2025-09-10T06:41:01","slug":"sildantis-minkstas-poncas-glovii-gu1g-su-usb-jungtimi-pilkas","status":"publish","type":"product","link":"https:\/\/orotech.lt\/en\/sildantis-minkstas-poncas-glovii-gu1g-su-usb-jungtimi-pilkas\/","title":{"rendered":"\u0160ildantis mink\u0161tas pon\u010das Glovii GU1G su USB jungtimi, pilkas"},"content":{"rendered":"<p style=\"text-align: justify;\">Mink\u0161tas, laisvas ir malonus liesti pon\u010das&nbsp;Glovii GU1G&nbsp;apgaubs jus \u0161iluma ne tik i\u0161 priekio, bet ir i\u0161 nugaros! Pilkos spalvos \u0161ildantis pon\u010das Glovii GU1G&nbsp;su USB jungtimi yra unikalus sprendimas ie\u0161kantiems jaukaus ir \u0161ilto vir\u0161utinio drabu\u017eio. Stilingas pon\u010das gali b\u016bti d\u0117vimas tiek namuose, tiek lauke, tod\u0117l ypa\u010d tiks vandens sporto meg\u0117jams, pirtinininkams, stovyklautojams ir net pagyvenusiems \u017emon\u0117ms.<\/p>\n<p style=\"text-align: justify;\">Patogus \u012fkrovimas 2A USB jungtimi u\u017etikrina net iki 15h \u0161ildymo veikimo laik\u0105. \u0160ildantis pon\u010das Glovii GU1G&nbsp;turi specialias akumuliatoriaus ki\u0161en\u0117les, kas leid\u017eia greitai ir patogiai valdyti 3 skirtingus \u0161ilumos lygius (LO, MED, HI). \u0160ildymo elementas pagamintas i\u0161 anglies pluo\u0161to, tod\u0117l infraraudon\u0173j\u0173 spinduli\u0173 bang\u0173 d\u0117ka jis pasi\u017eymi patikimu naudojimu ir ilgaam\u017ei\u0161kumu.&nbsp;\u0160ildymo elementas i\u0161sid\u0117st\u0119s priekin\u0117je ir nugarin\u0117je dalyje, taip u\u017etikrindamas tolyg\u0173 \u0161ilumos pasiskirstym\u0105 po vis\u0105 k\u016bn\u0105.&nbsp;<\/p>\n<p style=\"text-align: justify;\"><span style=\"color:#f00;\"><em><strong>D\u0117mesio: i\u0161orin\u0117 baterija (powerbank) su 2A USB \u012f komplektacij\u0105 ne\u012feina!&nbsp;&nbsp;<\/strong><\/em><\/span><\/p>\n<p style=\"text-align: justify;\"><strong>Technical characteristics:<\/strong><\/p>\n<ul>\n<li>\n\t\tBaterija: i\u0161orin\u0117 baterija (powerbank) su 2A USB (\u012f komplektacij\u0105 ne\u012feina);<\/li>\n<li>\n\t\tKaitinimo elementas: 9W &ndash; anglies pluo\u0161tas;<\/li>\n<li>\n\t\tVeikimo&nbsp;re\u017eimai:33 % (LO\/34&deg;C\/93&deg;F), 66 % (MED\/39&deg;C\/102&deg;F), 100 % (HI\/44&deg;C\/111&deg;F);<\/li>\n<li>\n\t\tVeikimo laikas: 10000mAh maitinimo blokas &#8211; 33% (15h), 66% (10h),100% (5h);<\/li>\n<li>\n\t\tBaterijos ki\u0161en\u0117s dydis: 16x12cm;<\/li>\n<li>\n\t\tAudinys: 100% poliesteris;<\/li>\n<li>\n\t\tDyd\u017eiai: universalus;<\/li>\n<li>\n\t\tSpalva: pilka;<\/li>\n<li>\n\t\tSvoris: 2,5kg (be baterijos).<\/li>\n<\/ul>\n<p><strong>\u012e komplekt\u0105 \u012feina:<\/strong><\/p>\n<ul>\n<li>\n\t\t\u0160ildantis pon\u010das Glovii GU1G.<\/li>\n<\/ul>","protected":false},"excerpt":{"rendered":"<p>Mink\u0161tas, laisvas ir malonus liesti pon\u010das&nbsp;Glovii GU1G&nbsp;apgaubs jus \u0161iluma ne tik i\u0161 priekio, bet ir i\u0161 nugaros! Pilkos spalvos \u0161ildantis<\/p>","protected":false},"featured_media":28286,"comment_status":"closed","ping_status":"open","template":"","meta":[],"product_brand":[],"product_cat":[23],"product_tag":[535],"class_list":{"0":"post-28284","1":"product","2":"type-product","3":"status-publish","4":"has-post-thumbnail","6":"product_cat-be-kategorijos","7":"product_tag-naujiena","9":"first","10":"onbackorder","11":"taxable","12":"shipping-taxable","13":"product-type-variable"},"_links":{"self":[{"href":"https:\/\/orotech.lt\/en\/wp-json\/wp\/v2\/product\/28284","targetHints":{"allow":["GET"]}}],"collection":[{"href":"https:\/\/orotech.lt\/en\/wp-json\/wp\/v2\/product"}],"about":[{"href":"https:\/\/orotech.lt\/en\/wp-json\/wp\/v2\/types\/product"}],"replies":[{"embeddable":true,"href":"https:\/\/orotech.lt\/en\/wp-json\/wp\/v2\/comments?post=28284"}],"version-history":[{"count":1,"href":"https:\/\/orotech.lt\/en\/wp-json\/wp\/v2\/product\/28284\/revisions"}],"predecessor-version":[{"id":28285,"href":"https:\/\/orotech.lt\/en\/wp-json\/wp\/v2\/product\/28284\/revisions\/28285"}],"wp:featuredmedia":[{"embeddable":true,"href":"https:\/\/orotech.lt\/en\/wp-json\/wp\/v2\/media\/28286"}],"wp:attachment":[{"href":"https:\/\/orotech.lt\/en\/wp-json\/wp\/v2\/media?parent=28284"}],"wp:term":[{"taxonomy":"product_brand","embeddable":true,"href":"https:\/\/orotech.lt\/en\/wp-json\/wp\/v2\/product_brand?post=28284"},{"taxonomy":"product_cat","embeddable":true,"href":"https:\/\/orotech.lt\/en\/wp-json\/wp\/v2\/product_cat?post=28284"},{"taxonomy":"product_tag","embeddable":true,"href":"https:\/\/orotech.lt\/en\/wp-json\/wp\/v2\/product_tag?post=28284"}],"curies":[{"name":"wp","href":"https:\/\/api.w.org\/{rel}","templated":true}]}}