{"id":28325,"date":"2025-09-09T09:05:44","date_gmt":"2025-09-09T09:05:44","guid":{"rendered":"https:\/\/orotech.lt\/sildoma-moteriska-striuke-glovii-gtfg-su-baterija-pilka\/"},"modified":"2025-09-10T06:45:03","modified_gmt":"2025-09-10T06:45:03","slug":"sildoma-moteriska-striuke-glovii-gtfg-su-baterija-pilka","status":"publish","type":"product","link":"https:\/\/orotech.lt\/en\/sildoma-moteriska-striuke-glovii-gtfg-su-baterija-pilka\/","title":{"rendered":"\u0160ildoma moteri\u0161ka striuk\u0117 Glovii GTFG su baterija, pilka"},"content":{"rendered":"<p style=\"text-align: justify;\"><img decoding=\"async\" alt=\"\" src=\"\/images\/Userfiles\/Glovii_baner.jpg\" style=\"width: 1234px; height: 400px;\" title=\"\"><\/p>\n<p style=\"text-align: justify;\">\u0160ildoma moteri\u0161ka striuk\u0117 Glovii GTFG su baterija&nbsp;&ndash;&nbsp;tai sprendimas ie\u0161kantiems itin \u0161iltos termoreguliacin\u0117s striuk\u0117s rudieniui ar \u017eiemai!&nbsp;Nuo \u0161iol striprus lietus ar p\u016bga ne problema &ndash; \u0161ildoma moteri\u0161ka striuk\u0117 Glovii GTFG pagaminta i\u0161 dr\u0117gmei atsparaus nailono bei yra papildomai izoliuota sintetine plunksna, tod\u0117l nepertraukiamai gal\u0117site m\u0117gautis \u0161iluma. Klasikinio dizaino pilkos spalvos \u0161ildoma striuk\u0117 Glovii GTFG ypa\u010d patiks \u017eiemos sporto entuziastams, slidininkams, dviratininkams, motociklininkams, statybininkams, med\u017eiotojams, fotografams, \u017evejams, pagyvenusiems \u017emon\u0117ms.<\/p>\n<p style=\"text-align: justify;\">Visi\u0161kai saugi ir efektyvi 5200mAh Li-Ion baterija u\u017etikrina net iki 8h \u0161ildymo laik\u0105. \u0160ildoma moteri\u0161ka striuk\u0117 Glovii GTFG turi speciali\u0105 akumuliatoriaus ki\u0161en\u0117l\u0119, kas leid\u017eia greitai ir patogiai valdyti 3 skirtingus \u0161ilumos lygius (LO, MED, HI). \u0160ildymo elementas pagamintas i\u0161 anglies pluo\u0161to, tod\u0117l infraraudon\u0173j\u0173 spinduli\u0173 bang\u0173 d\u0117ka jis pasi\u017eymi patikimu naudojimu ir ilgaam\u017ei\u0161kumu. \u0160ildymo elementas i\u0161sid\u0117st\u0119s ties kr\u016btine ir pe\u010di\u0173 juosta, kas u\u017etikrina tolyg\u0173 \u0161ilumos pasiskirstym\u0105. Be vis\u0105 to, striuk\u0117je rasite 2 i\u0161orines ki\u0161enes ir kapi\u0161on\u0105.<\/p>\n<p style=\"text-align: justify;\"><strong>Technical characteristics:<\/strong><\/p>\n<ul>\n<li>\n\t\tBaterija: 5200 mAh (38,48 Wh), li\u010dio jon\u0173;<\/li>\n<li>\n\t\tKaitinimo elementas: 10 W &ndash; anglies pluo\u0161tas;<\/li>\n<li>\n\t\t\u0160ildomos vietos: pe\u010diai, kr\u016btin\u0117;<\/li>\n<li>\n\t\tVeikimo&nbsp;re\u017eimai: HI (44&deg;C), MED (39&deg;C), LO (34&deg;C);<\/li>\n<li>\n\t\tVeikimo laikas: 8 h (LO), 5 h (MED), 3 h (HI);<\/li>\n<li>\n\t\tKi\u0161eni\u0173 skai\u010dius: 2 i\u0161orin\u0117s;&nbsp;<\/li>\n<li>\n\t\tAudinys: i\u0161orinis 100% nailonas \/ pamu\u0161alas 100% poliesteris;<\/li>\n<li>\n\t\t\u012ekroviklis: 8,4V, 1A;<\/li>\n<li>\n\t\tDyd\u017eiai: M, L;<\/li>\n<li>\n\t\tSpalva: pilka;<\/li>\n<li>\n\t\tSvoris be baterij\u0173: 800 g;<\/li>\n<li>\n\t\tSvoris su baterija: 1000 g;<\/li>\n<li>\n\t\tPakuot\u0117s matmenys: 300x150x150 mm;<\/li>\n<li>\n\t\tPakuot\u0117s svoris: 1100 g.<\/li>\n<\/ul>\n<p style=\"text-align: center;\"><img decoding=\"async\" alt=\"\" src=\"\/images\/Userfiles\/www.rubisolis.lt_Sildoma_moteriska_striuk_su_baterija_Glovii_GTFB_juoda_6.jpg\" style=\"width: 800px; height: 200px;\" title=\"\"><\/p>\n<p><strong>\u012e komplekt\u0105 \u012feina:<\/strong><\/p>\n<ul>\n<li>\n\t\t\u0160ildoma moteri\u0161ka striuk\u0117 Glovii GTFG;<\/li>\n<li>\n\t\tBaterija 5200mAh;<\/li>\n<li>\n\t\t\u012eroviklis;<\/li>\n<li>\n\t\tAdapteri\u0173 rinkinys (ES, JK, JAV);<\/li>\n<li>\n\t\tLaikymo mai\u0161elis (d\u0117klas).<\/li>\n<\/ul>\n<p style=\"text-align: justify;\"><a class=\"catalogue\" href=\"\/en\/images\/Userfiles\/www.rubisolis.lt_Sildoma_moteriska_striuk_su_baterija_Glovii_GTFG_pilka_instrukcija.pdf\/\" target=\"blank\">Download product manual<\/a><\/p>","protected":false},"excerpt":{"rendered":"<p>\u0160ildoma moteri\u0161ka striuk\u0117 Glovii GTFG su baterija&nbsp;&ndash;&nbsp;tai sprendimas ie\u0161kantiems itin \u0161iltos termoreguliacin\u0117s striuk\u0117s rudieniui ar \u017eiemai!&nbsp;Nuo \u0161iol striprus lietus ar<\/p>","protected":false},"featured_media":28327,"comment_status":"closed","ping_status":"open","template":"","meta":[],"product_brand":[],"product_cat":[23],"product_tag":[535],"class_list":{"0":"post-28325","1":"product","2":"type-product","3":"status-publish","4":"has-post-thumbnail","6":"product_cat-be-kategorijos","7":"product_tag-naujiena","9":"first","10":"onbackorder","11":"taxable","12":"shipping-taxable","13":"product-type-variable"},"_links":{"self":[{"href":"https:\/\/orotech.lt\/en\/wp-json\/wp\/v2\/product\/28325","targetHints":{"allow":["GET"]}}],"collection":[{"href":"https:\/\/orotech.lt\/en\/wp-json\/wp\/v2\/product"}],"about":[{"href":"https:\/\/orotech.lt\/en\/wp-json\/wp\/v2\/types\/product"}],"replies":[{"embeddable":true,"href":"https:\/\/orotech.lt\/en\/wp-json\/wp\/v2\/comments?post=28325"}],"version-history":[{"count":1,"href":"https:\/\/orotech.lt\/en\/wp-json\/wp\/v2\/product\/28325\/revisions"}],"predecessor-version":[{"id":28326,"href":"https:\/\/orotech.lt\/en\/wp-json\/wp\/v2\/product\/28325\/revisions\/28326"}],"wp:featuredmedia":[{"embeddable":true,"href":"https:\/\/orotech.lt\/en\/wp-json\/wp\/v2\/media\/28327"}],"wp:attachment":[{"href":"https:\/\/orotech.lt\/en\/wp-json\/wp\/v2\/media?parent=28325"}],"wp:term":[{"taxonomy":"product_brand","embeddable":true,"href":"https:\/\/orotech.lt\/en\/wp-json\/wp\/v2\/product_brand?post=28325"},{"taxonomy":"product_cat","embeddable":true,"href":"https:\/\/orotech.lt\/en\/wp-json\/wp\/v2\/product_cat?post=28325"},{"taxonomy":"product_tag","embeddable":true,"href":"https:\/\/orotech.lt\/en\/wp-json\/wp\/v2\/product_tag?post=28325"}],"curies":[{"name":"wp","href":"https:\/\/api.w.org\/{rel}","templated":true}]}}