{"id":28336,"date":"2025-09-09T09:05:44","date_gmt":"2025-09-09T09:05:44","guid":{"rendered":"https:\/\/orotech.lt\/sildomos-kojines-glovii-gq2-juodos\/"},"modified":"2025-09-10T06:45:09","modified_gmt":"2025-09-10T06:45:09","slug":"sildomos-kojines-glovii-gq2-juodos","status":"publish","type":"product","link":"https:\/\/orotech.lt\/en\/sildomos-kojines-glovii-gq2-juodos\/","title":{"rendered":"\u0160ildomos kojin\u0117s Glovii GQ2, juodos"},"content":{"rendered":"<p style=\"text-align: justify;\"><img decoding=\"async\" alt=\"\" src=\"\/images\/Userfiles\/Glovii_baner.jpg\" style=\"width: 1234px; height: 400px;\" title=\"\"><\/p>\n<p style=\"text-align: justify;\">Juodos spalvos \u0161ildomos kojin\u0117s Glovii GQ2 &ndash;&nbsp;idealus sprendimas ie\u0161kantiems koj\u0173 apsaugos \u0161al\u010dio metu! Tai i\u0161skirtinis, komfort\u0105 ir \u0161ilum\u0105 u\u017etikrinantis sprendimas, kuris tikrai patiks \u017eiemos sporto entuziastams, slidininkams, \u017eygeiviams, dviratininkams, motociklininkams, statybininkams, med\u017eiotojams, \u017evejams, fotografams ir pagyvenusiems \u017emon\u0117ms. Taip pat, kojines galima m\u016bv\u0117ti tiek namuose, tiek lauke.<\/p>\n<p style=\"text-align: justify;\">Kojini\u0173 Glovii GQ2 2.3W&nbsp;\u0161ildymo elementas pagamintas i\u0161 anglies pluo\u0161to, tod\u0117l infraraudon\u0173j\u0173 spinduli\u0173 bangos u\u017etikrins maloni\u0105 \u0161ilum\u0105, patikim\u0105 naudojim\u0105 ir ilgaam\u017ei\u0161kum\u0105, o efektyvi&nbsp;2400mAh&nbsp;Li-Poly baterija leis \u0161iluma m\u0117gautis net iki 6h! \u0160ildomos kojin\u0117s Glovii GQ2 turi speciali\u0105 akumuliatoriaus ki\u0161en\u0117l\u0119, kuri leid\u017eia greitai ir patogiai nustatyti vien\u0105 i\u0161 trij\u0173 skirting\u0173 \u0161ilumos lygi\u0173 (LO, MED, HI). Nenorite akumuliatoriaus laikyti kojini\u0173 ki\u0161en\u0117je? Tai ne problema! Prek\u0117s komplektacijoje rasite nuotolinio valdymo pultel\u012f, kuriuo patogiai gal\u0117site valdyti \u0161ildymo re\u017eimus. \u0160ildymo elementas kojin\u0117se i\u0161sid\u0117st\u0119s p\u0117d\u0173 priekin\u0117je dalyje. \u0160ildomos kojin\u0117s Glovii GQ2&nbsp;yra pagamintos i\u0161 80% medviln\u0117s, 15% elastano ir 5% gumos, tod\u0117l gamintojas u\u017etikrina \u0161ilumos izoliacij\u0105 net ir i\u0161jungus kojini\u0173 \u0161ildym\u0105!<\/p>\n<p style=\"text-align: justify;\"><strong>Technical characteristics:<\/strong><\/p>\n<ul>\n<li>\n\t\tBaterija: 2400mAh (19,24Wh), Li-Poly;<\/li>\n<li>\n\t\tKaitinimo elementas: 2.3W &#8211; anglies pluo\u0161tas;<\/li>\n<li>\n\t\tVeikimo&nbsp;re\u017eimai: 33% (LO\/34&deg;C\/93&deg;F), 66% (MED\/39&deg;C\/102&deg;F), 100% (HI\/44&deg;C\/111&deg;F);<\/li>\n<li>\n\t\tVeikimo laikas: 6h (LO), 3h (MED), 2h (HI);<\/li>\n<li>\n\t\tAudinys: 80% medviln\u0117, 15% elastanas, 5% guma;<\/li>\n<li>\n\t\tDyd\u017eiai: M, L;<\/li>\n<li>\n\t\tColor: black;<\/li>\n<li>\n\t\tSvoris be baterij\u0173: 150g;<\/li>\n<li>\n\t\tSvoris su baterija: 270g.<\/li>\n<\/ul>\n<p style=\"text-align: center;\"><img decoding=\"async\" alt=\"\" src=\"\/images\/Userfiles\/www.rubisolis.lt_Sildomos_kojins_Glovii_GQ2_juodos_9.jpg\" style=\"width: 800px; height: 200px;\" title=\"\"><\/p>\n<p><strong>\u012e komplekt\u0105 \u012feina:<\/strong><\/p>\n<ul>\n<li>\n\t\t\u0160ildomos kojin\u0117s Glovii GQ2;<\/li>\n<li>\n\t\tBaterija 2400mAh (2 vnt.);<\/li>\n<li>\n\t\t\u012ekroviklis su dviguba USB i\u0161vestimi;<\/li>\n<li>\n\t\tRemote control&nbsp;<\/li>\n<\/ul>\n<p style=\"text-align: justify;\"><a class=\"catalogue\" href=\"\/en\/images\/Userfiles\/www.rubisolis.lt_Sildomos_kojins_Glovii_GQ2_juodos_instrukcija.pdf\/\" target=\"blank\">Download product manual <\/a><\/p>","protected":false},"excerpt":{"rendered":"<p>Juodos spalvos \u0161ildomos kojin\u0117s Glovii GQ2 &ndash;&nbsp;idealus sprendimas ie\u0161kantiems koj\u0173 apsaugos \u0161al\u010dio metu! Tai i\u0161skirtinis, komfort\u0105 ir \u0161ilum\u0105 u\u017etikrinantis sprendimas,<\/p>","protected":false},"featured_media":28338,"comment_status":"closed","ping_status":"open","template":"","meta":[],"product_brand":[],"product_cat":[23],"product_tag":[535],"class_list":{"0":"post-28336","1":"product","2":"type-product","3":"status-publish","4":"has-post-thumbnail","6":"product_cat-be-kategorijos","7":"product_tag-naujiena","9":"first","10":"onbackorder","11":"taxable","12":"shipping-taxable","13":"product-type-variable"},"_links":{"self":[{"href":"https:\/\/orotech.lt\/en\/wp-json\/wp\/v2\/product\/28336","targetHints":{"allow":["GET"]}}],"collection":[{"href":"https:\/\/orotech.lt\/en\/wp-json\/wp\/v2\/product"}],"about":[{"href":"https:\/\/orotech.lt\/en\/wp-json\/wp\/v2\/types\/product"}],"replies":[{"embeddable":true,"href":"https:\/\/orotech.lt\/en\/wp-json\/wp\/v2\/comments?post=28336"}],"version-history":[{"count":1,"href":"https:\/\/orotech.lt\/en\/wp-json\/wp\/v2\/product\/28336\/revisions"}],"predecessor-version":[{"id":28337,"href":"https:\/\/orotech.lt\/en\/wp-json\/wp\/v2\/product\/28336\/revisions\/28337"}],"wp:featuredmedia":[{"embeddable":true,"href":"https:\/\/orotech.lt\/en\/wp-json\/wp\/v2\/media\/28338"}],"wp:attachment":[{"href":"https:\/\/orotech.lt\/en\/wp-json\/wp\/v2\/media?parent=28336"}],"wp:term":[{"taxonomy":"product_brand","embeddable":true,"href":"https:\/\/orotech.lt\/en\/wp-json\/wp\/v2\/product_brand?post=28336"},{"taxonomy":"product_cat","embeddable":true,"href":"https:\/\/orotech.lt\/en\/wp-json\/wp\/v2\/product_cat?post=28336"},{"taxonomy":"product_tag","embeddable":true,"href":"https:\/\/orotech.lt\/en\/wp-json\/wp\/v2\/product_tag?post=28336"}],"curies":[{"name":"wp","href":"https:\/\/api.w.org\/{rel}","templated":true}]}}