{"id":28359,"date":"2025-09-09T09:05:44","date_gmt":"2025-09-09T09:05:44","guid":{"rendered":"https:\/\/orotech.lt\/sildomos-slepetes-kojines-glovii-gq4\/"},"modified":"2025-09-10T06:45:11","modified_gmt":"2025-09-10T06:45:11","slug":"sildomos-slepetes-kojines-glovii-gq4","status":"publish","type":"product","link":"https:\/\/orotech.lt\/en\/sildomos-slepetes-kojines-glovii-gq4\/","title":{"rendered":"\u0160ildomos \u0161lepet\u0117s \u2013 kojin\u0117s Glovii GQ4"},"content":{"rendered":"<p style=\"text-align: justify;\">\u0160altais rudens ar \u017eiemos vakarais \u017ei\u016brint televizori\u0173 ar dirbant prie kompiuterio da\u017enai susiduriate su \u0161\u0105lan\u010diomis kojomis? Nuo \u0161iol savo kojas patik\u0117kite stilingoms \u0161ildomoms \u0161lepet\u0117ms &ndash; kojin\u0117ms Glovii GQ4!&nbsp;<\/p>\n<p style=\"text-align: justify;\">\u0160ildomos \u0161lepet\u0117s &ndash; kojin\u0117s Glovii GQ4 turi speciali\u0105 akumuliatoriaus ki\u0161en\u0117l\u0119, kuri leid\u017eia greitai ir patogiai nustatyti vien\u0105 i\u0161 trij\u0173 skirting\u0173 \u0161ilumos lygi\u0173 (LO, MED, HI).&nbsp;\u0160lepe\u010di\u0173 &ndash;&nbsp;kojini\u0173 Glovii GQ4&nbsp;2.5W&nbsp;\u0161ildymo elementas pagamintas i\u0161 anglies pluo\u0161to, tod\u0117l infraraudon\u0173j\u0173 spinduli\u0173 bangos u\u017etikrins maloni\u0105 \u0161ilum\u0105, patikim\u0105 naudojim\u0105 ir ilgaam\u017ei\u0161kum\u0105, o efektyvi&nbsp;2500mAh&nbsp;Li-Poly baterija leis \u0161iluma m\u0117gautis net iki 9h! Patogios ir itin komforti\u0161kos \u0161ildomos \u0161lepet\u0117s &ndash; kojin\u0117s yra pagamintos i\u0161 70% akrilo, 27% poliesterio ir 3% elastano, o padas &ndash;&nbsp;100%&nbsp;poliesteris.&nbsp;<\/p>\n<p style=\"text-align: justify;\">Norvegi\u0161ko ra\u0161to \u0161lepet\u0117s &ndash; kojin\u0117s Glovii GQ4 &ndash;&nbsp;gali b\u016bti puiki Kal\u0117d\u0173, gimtadienio ar bet kokios kitos progos dovanos id\u0117ja, kuri su\u0161ildys kiekvien\u0105!<\/p>\n<p style=\"text-align: justify;\"><strong>Technical characteristics:<\/strong><\/p>\n<ul>\n<li>\n\t\tBaterija: 2500mAh (9.25Wh), Li-Poly;<\/li>\n<li>\n\t\tKaitinimo elementas: 2.5W &#8211; anglies pluo\u0161tas;<\/li>\n<li>\n\t\tVeikimo&nbsp;re\u017eimai: HI (44&deg;C), MED (39&deg;C), LO (34&deg;C);<\/li>\n<li>\n\t\tVeikimo laikas: 9 h (LO), 4.5 h (MED), 3 h (HI);<\/li>\n<li>\n\t\tAudinys: 70% akrilas, 27% poliesteris, 3% elastanas \/ padas 100 % poliesteris;<\/li>\n<li>\n\t\tDyd\u017eiai: M (36-39 dydis);<\/li>\n<li>\n\t\tSpalva: marga (raudona, balta, pilka, juoda);<\/li>\n<li>\n\t\tSvoris be baterij\u0173: 300g;<\/li>\n<li>\n\t\tSvoris su baterija: 400g.<\/li>\n<\/ul>\n<p><strong>\u012e komplekt\u0105 \u012feina:<\/strong><\/p>\n<ul>\n<li>\n\t\t\u0160ildomos \u0161lepet\u0117s &ndash;&nbsp;kojin\u0117s Glovii GQ4;<\/li>\n<li>\n\t\tBaterija 2500mAh (2 vnt.);<\/li>\n<li>\n\t\t\u012ekroviklis su dviguba USB i\u0161vestimi;<\/li>\n<\/ul>\n<p style=\"text-align: justify;\"><a class=\"catalogue\" href=\"\/en\/images\/Userfiles\/www.rubisolis.lt_Sildomos_slepets-kojins_GQ4_instrukcija.pdf\/\" target=\"blank\">Download product manual <\/a><\/p>","protected":false},"excerpt":{"rendered":"<p>\u0160altais rudens ar \u017eiemos vakarais \u017ei\u016brint televizori\u0173 ar dirbant prie kompiuterio da\u017enai susiduriate su \u0161\u0105lan\u010diomis kojomis? Nuo \u0161iol savo kojas<\/p>","protected":false},"featured_media":28361,"comment_status":"closed","ping_status":"open","template":"","meta":[],"product_brand":[],"product_cat":[23],"product_tag":[535],"class_list":{"0":"post-28359","1":"product","2":"type-product","3":"status-publish","4":"has-post-thumbnail","6":"product_cat-be-kategorijos","7":"product_tag-naujiena","9":"first","10":"onbackorder","11":"taxable","12":"shipping-taxable","13":"product-type-variable"},"_links":{"self":[{"href":"https:\/\/orotech.lt\/en\/wp-json\/wp\/v2\/product\/28359","targetHints":{"allow":["GET"]}}],"collection":[{"href":"https:\/\/orotech.lt\/en\/wp-json\/wp\/v2\/product"}],"about":[{"href":"https:\/\/orotech.lt\/en\/wp-json\/wp\/v2\/types\/product"}],"replies":[{"embeddable":true,"href":"https:\/\/orotech.lt\/en\/wp-json\/wp\/v2\/comments?post=28359"}],"version-history":[{"count":1,"href":"https:\/\/orotech.lt\/en\/wp-json\/wp\/v2\/product\/28359\/revisions"}],"predecessor-version":[{"id":28360,"href":"https:\/\/orotech.lt\/en\/wp-json\/wp\/v2\/product\/28359\/revisions\/28360"}],"wp:featuredmedia":[{"embeddable":true,"href":"https:\/\/orotech.lt\/en\/wp-json\/wp\/v2\/media\/28361"}],"wp:attachment":[{"href":"https:\/\/orotech.lt\/en\/wp-json\/wp\/v2\/media?parent=28359"}],"wp:term":[{"taxonomy":"product_brand","embeddable":true,"href":"https:\/\/orotech.lt\/en\/wp-json\/wp\/v2\/product_brand?post=28359"},{"taxonomy":"product_cat","embeddable":true,"href":"https:\/\/orotech.lt\/en\/wp-json\/wp\/v2\/product_cat?post=28359"},{"taxonomy":"product_tag","embeddable":true,"href":"https:\/\/orotech.lt\/en\/wp-json\/wp\/v2\/product_tag?post=28359"}],"curies":[{"name":"wp","href":"https:\/\/api.w.org\/{rel}","templated":true}]}}