{"id":28376,"date":"2025-09-09T09:05:44","date_gmt":"2025-09-09T09:05:44","guid":{"rendered":"https:\/\/orotech.lt\/sildomos-slepetes-kojines-glovii-gob\/"},"modified":"2025-09-10T06:45:13","modified_gmt":"2025-09-10T06:45:13","slug":"sildomos-slepetes-kojines-glovii-gob","status":"publish","type":"product","link":"https:\/\/orotech.lt\/en\/sildomos-slepetes-kojines-glovii-gob\/","title":{"rendered":"\u0160ildomos \u0161lepet\u0117s \u2013 kojin\u0117s Glovii GOB"},"content":{"rendered":"<p style=\"text-align: justify;\">\u0160altais rudens ar \u017eiemos vakarais \u017ei\u016brint televizori\u0173 ar dirbant prie kompiuterio da\u017enai susiduriate su \u0161\u0105lan\u010diomis kojomis? Nuo \u0161iol savo kojas patik\u0117kite stilingoms \u0161ildomoms \u0161lepet\u0117ms &ndash; kojin\u0117ms Glovii GOB!&nbsp;<\/p>\n<p style=\"text-align: justify;\">\u0160ildomos \u0161lepet\u0117s &ndash; kojin\u0117s Glovii GOB turi speciali\u0105 akumuliatoriaus ki\u0161en\u0117l\u0119, kuri leid\u017eia greitai ir patogiai nustatyti vien\u0105 i\u0161 trij\u0173 skirting\u0173 \u0161ilumos lygi\u0173 (LO, MED, HI).&nbsp;\u0160lepe\u010di\u0173 &ndash;&nbsp;kojini\u0173 Glovii GOB 5W&nbsp;\u0161ildymo elementas pagamintas i\u0161 anglies pluo\u0161to, tod\u0117l infraraudon\u0173j\u0173 spinduli\u0173 bangos u\u017etikrins maloni\u0105 \u0161ilum\u0105, patikim\u0105 naudojim\u0105 ir ilgaam\u017ei\u0161kum\u0105, o efektyvi&nbsp;3350mAh&nbsp;Li-Ion&nbsp;baterija leis \u0161iluma m\u0117gautis net iki 6h! Patogios ir itin komforti\u0161kos \u0161ildomos \u0161lepet\u0117s &ndash; kojin\u0117s yra pagamintos i\u0161 100% akrilo, o padas &ndash;&nbsp;100%&nbsp;poliesteris.&nbsp;\u0160ildymo elementas i\u0161sid\u0117st\u0119s ties p\u0117d\u0173 vir\u0161utine dalimi.&nbsp;<\/p>\n<p style=\"text-align: justify;\">Norvegi\u0161ko ra\u0161to \u0161lepet\u0117s &ndash; kojin\u0117s Glovii GOB gali b\u016bti puiki Kal\u0117d\u0173, gimtadienio ar bet kokios kitos progos dovanos id\u0117ja, kuri su\u0161ildys kiekvien\u0105!<\/p>\n<p style=\"text-align: justify;\"><strong>Technical characteristics:<\/strong><\/p>\n<ul>\n<li>\n\t\tBaterija: 3350mAh (12.4Wh), Li-Ion;<\/li>\n<li>\n\t\tKaitinimo elementas: 5W &#8211; anglies pluo\u0161tas;<\/li>\n<li>\n\t\t\u012ekrovimas:&nbsp;USB, 5 V, 1 A (komplekte yra USB \u012fkrovimo laidas);<\/li>\n<li>\n\t\tVeikimo&nbsp;re\u017eimai: HI (44&deg;C), MED (39&deg;C), LO (34&deg;C);<\/li>\n<li>\n\t\tVeikimo laikas: 6 h (LO), 3 h (MED), 2 h (HI);<\/li>\n<li>\n\t\tAudinys: i\u0161or\u0117je 100% akrilas, pade 100% poliesteris;<\/li>\n<li>\n\t\tDyd\u017eiai: M (36-43 dydis);<\/li>\n<li>\n\t\tSpalva: marga (raudona, balta, pilka, juoda);<\/li>\n<li>\n\t\tSvoris be baterij\u0173: 300g;<\/li>\n<li>\n\t\tSvoris su baterija: 400g.<\/li>\n<\/ul>\n<p style=\"text-align: center;\"><img decoding=\"async\" alt=\"\" src=\"\/images\/Userfiles\/www.rubisolis.lt_Sildomos_slepets_-_kojins_GOB_9.jpg\" style=\"width: 800px; height: 200px;\" title=\"\"><\/p>\n<p><strong>\u012e komplekt\u0105 \u012feina:<\/strong><\/p>\n<ul>\n<li>\n\t\t\u0160ildomos \u0161lepet\u0117s &ndash;&nbsp;kojin\u0117s Glovii GOB;<\/li>\n<li>\n\t\tBaterija 3350mAh (2 vnt.);<\/li>\n<li>\n\t\t\u012ekroviklis.<\/li>\n<\/ul>\n<p style=\"text-align: justify;\"><a class=\"catalogue\" href=\"\/en\/images\/Userfiles\/www.rubisolis.lt_Sildomos_slepets-kojins_GOB_instrukcija.pdf\/\" target=\"blank\">Download product manual <\/a><\/p>","protected":false},"excerpt":{"rendered":"<p>\u0160altais rudens ar \u017eiemos vakarais \u017ei\u016brint televizori\u0173 ar dirbant prie kompiuterio da\u017enai susiduriate su \u0161\u0105lan\u010diomis kojomis? Nuo \u0161iol savo kojas<\/p>","protected":false},"featured_media":28378,"comment_status":"closed","ping_status":"open","template":"","meta":[],"product_brand":[],"product_cat":[23],"product_tag":[535],"class_list":{"0":"post-28376","1":"product","2":"type-product","3":"status-publish","4":"has-post-thumbnail","6":"product_cat-be-kategorijos","7":"product_tag-naujiena","9":"first","10":"onbackorder","11":"taxable","12":"shipping-taxable","13":"product-type-variable"},"_links":{"self":[{"href":"https:\/\/orotech.lt\/en\/wp-json\/wp\/v2\/product\/28376","targetHints":{"allow":["GET"]}}],"collection":[{"href":"https:\/\/orotech.lt\/en\/wp-json\/wp\/v2\/product"}],"about":[{"href":"https:\/\/orotech.lt\/en\/wp-json\/wp\/v2\/types\/product"}],"replies":[{"embeddable":true,"href":"https:\/\/orotech.lt\/en\/wp-json\/wp\/v2\/comments?post=28376"}],"version-history":[{"count":1,"href":"https:\/\/orotech.lt\/en\/wp-json\/wp\/v2\/product\/28376\/revisions"}],"predecessor-version":[{"id":28377,"href":"https:\/\/orotech.lt\/en\/wp-json\/wp\/v2\/product\/28376\/revisions\/28377"}],"wp:featuredmedia":[{"embeddable":true,"href":"https:\/\/orotech.lt\/en\/wp-json\/wp\/v2\/media\/28378"}],"wp:attachment":[{"href":"https:\/\/orotech.lt\/en\/wp-json\/wp\/v2\/media?parent=28376"}],"wp:term":[{"taxonomy":"product_brand","embeddable":true,"href":"https:\/\/orotech.lt\/en\/wp-json\/wp\/v2\/product_brand?post=28376"},{"taxonomy":"product_cat","embeddable":true,"href":"https:\/\/orotech.lt\/en\/wp-json\/wp\/v2\/product_cat?post=28376"},{"taxonomy":"product_tag","embeddable":true,"href":"https:\/\/orotech.lt\/en\/wp-json\/wp\/v2\/product_tag?post=28376"}],"curies":[{"name":"wp","href":"https:\/\/api.w.org\/{rel}","templated":true}]}}