{"id":28407,"date":"2025-09-09T09:05:44","date_gmt":"2025-09-09T09:05:44","guid":{"rendered":"https:\/\/orotech.lt\/sildancios-pirstines-glovii-glr-raudonos\/"},"modified":"2025-09-10T06:45:16","modified_gmt":"2025-09-10T06:45:16","slug":"sildancios-pirstines-glovii-glr-raudonos","status":"publish","type":"product","link":"https:\/\/orotech.lt\/en\/sildancios-pirstines-glovii-glr-raudonos\/","title":{"rendered":"\u0160ildan\u010dios pir\u0161tin\u0117s Glovii GLR, raudonos"},"content":{"rendered":"<p style=\"text-align: justify;\">Raudonos spalvos \u0161ildomos pir\u0161tin\u0117s Glovii GLR &ndash; idealus sprendimas ie\u0161kantiems kaip apsaugoti rankas nuo \u0161al\u010dio tiek sporto metu, tiek kasdienai! Tai i\u0161skirtinis, komfort\u0105 ir \u0161ilum\u0105 u\u017etikrinantis sprendimas, kuris patiks \u017eiemos sporto entuziastams, slidininkams, \u017eygeiviams, motociklininkams, statybininkams, med\u017eiotojams, \u017evejams, fotografams ar pagyvenusiems \u017emon\u0117ms.<\/p>\n<p style=\"text-align: justify;\">Pir\u0161tini\u0173 Glovii GLR 7W \u0161ildymo elementas pagamintas i\u0161 anglies pluo\u0161to, tod\u0117l infraraudon\u0173j\u0173 spinduli\u0173 bangos J\u016bs\u0173 rankoms u\u017etikrins maloni\u0105 \u0161ilum\u0105, patikim\u0105 naudojim\u0105 ir ilgaam\u017ei\u0161kum\u0105, o efektyvi 2100mAh Li-Poly baterija leis \u0161iluma m\u0117gautis net iki 6h! \u0160ildymo elementas pir\u0161tin\u0117je i\u0161sid\u0117st\u0119s aplink visus pir\u0161tus. \u0160ildomos pir\u0161tin\u0117s Glovii GLR turi speciali\u0105 akumuliatoriaus u\u017esegam\u0105 ki\u0161en\u0117l\u0119, kuri leid\u017eia greitai ir patogiai nustatyti vien\u0105 i\u0161 trij\u0173 skirting\u0173 \u0161ilumos lygi\u0173 (LO, MED, HI).&nbsp;<\/p>\n<p style=\"text-align: justify;\">\u012e komplekt\u0105 \u012feinantis papildomas prailginimo laidas leis baterij\u0105 laikyti vidin\u0117je striuk\u0117s ki\u0161en\u0117je. Dar vienas patogus dalykas&nbsp;&ndash; ant nyk\u0161\u010dio ir rodomojo pir\u0161to \u012fsiuta speciali med\u017eiaga, leid\u017eianti liesti jutiklinius ekranus nenusiemant pir\u0161tini\u0173!<\/p>\n<p style=\"text-align: justify;\"><strong>Technical characteristics:<\/strong><\/p>\n<ul>\n<li>\n\t\tBaterija: 2100mAh (15,54Wh), Li-Poly;<\/li>\n<li>\n\t\tKaitinimo elementas: 7W &#8211; anglies pluo\u0161tas;<\/li>\n<li>\n\t\t\u012ekrovimas: 8.4V, 1A;&nbsp;<\/li>\n<li>\n\t\tVeikimo&nbsp;re\u017eimai: 33% (LO\/34&deg;C\/93&deg;F), 66% (MED\/39&deg;C\/102&deg;F), 100% (HI\/44&deg;C\/111&deg;F);<\/li>\n<li>\n\t\tVeikimo laikas: 6h (LO), 3h (MED), 2h (HI);<\/li>\n<li>\n\t\tAudinys: 5% elastanas, 95% poliesteris;<\/li>\n<li>\n\t\tDyd\u017eiai: XXS-XS \/ S-M \/ L-XL;<\/li>\n<li>\n\t\tSpalva: raudona;<\/li>\n<li>\n\t\tSvoris be baterij\u0173: 150g;<\/li>\n<li>\n\t\tSvoris su baterija: 320g.<\/li>\n<\/ul>\n<p style=\"text-align: center;\"><img decoding=\"async\" alt=\"\" src=\"\/images\/Userfiles\/www.rubisolis.lt_Sildancios_pirstins_GLB_9.jpg\" style=\"width: 800px; height: 200px;\" title=\"\"><\/p>\n<p><strong>\u012e komplekt\u0105 \u012feina:<\/strong><\/p>\n<ul>\n<li>\n\t\t\u0160ildomos pir\u0161tin\u0117s Glovii GLR;<\/li>\n<li>\n\t\tBaterija 2100mAh&nbsp;(2 vnt.);<\/li>\n<li>\n\t\t\u012ekroviklis;<\/li>\n<li>\n\t\tAdapteri\u0173 rinkinys (ES, JK, JAV);<\/li>\n<li>\n\t\tPapildomas prailginimo laidas, skirtas prijungti prie baterij\u0173 (2 vnt.)<\/li>\n<li>\n\t\tPatogus d\u0117klas.<\/li>\n<\/ul>\n<p style=\"text-align: justify;\"><a class=\"catalogue\" href=\"\/en\/images\/Userfiles\/www.rubisolis.lt_Sildancios_pirstins_Glovii_GLR.pdf\/\" target=\"blank\">Download product manual <\/a><\/p>","protected":false},"excerpt":{"rendered":"<p>Raudonos spalvos \u0161ildomos pir\u0161tin\u0117s Glovii GLR &ndash; idealus sprendimas ie\u0161kantiems kaip apsaugoti rankas nuo \u0161al\u010dio tiek sporto metu, tiek kasdienai!<\/p>","protected":false},"featured_media":28409,"comment_status":"closed","ping_status":"open","template":"","meta":[],"product_brand":[],"product_cat":[23],"product_tag":[535],"class_list":{"0":"post-28407","1":"product","2":"type-product","3":"status-publish","4":"has-post-thumbnail","6":"product_cat-be-kategorijos","7":"product_tag-naujiena","9":"first","10":"onbackorder","11":"taxable","12":"shipping-taxable","13":"product-type-variable"},"_links":{"self":[{"href":"https:\/\/orotech.lt\/en\/wp-json\/wp\/v2\/product\/28407","targetHints":{"allow":["GET"]}}],"collection":[{"href":"https:\/\/orotech.lt\/en\/wp-json\/wp\/v2\/product"}],"about":[{"href":"https:\/\/orotech.lt\/en\/wp-json\/wp\/v2\/types\/product"}],"replies":[{"embeddable":true,"href":"https:\/\/orotech.lt\/en\/wp-json\/wp\/v2\/comments?post=28407"}],"version-history":[{"count":1,"href":"https:\/\/orotech.lt\/en\/wp-json\/wp\/v2\/product\/28407\/revisions"}],"predecessor-version":[{"id":28408,"href":"https:\/\/orotech.lt\/en\/wp-json\/wp\/v2\/product\/28407\/revisions\/28408"}],"wp:featuredmedia":[{"embeddable":true,"href":"https:\/\/orotech.lt\/en\/wp-json\/wp\/v2\/media\/28409"}],"wp:attachment":[{"href":"https:\/\/orotech.lt\/en\/wp-json\/wp\/v2\/media?parent=28407"}],"wp:term":[{"taxonomy":"product_brand","embeddable":true,"href":"https:\/\/orotech.lt\/en\/wp-json\/wp\/v2\/product_brand?post=28407"},{"taxonomy":"product_cat","embeddable":true,"href":"https:\/\/orotech.lt\/en\/wp-json\/wp\/v2\/product_cat?post=28407"},{"taxonomy":"product_tag","embeddable":true,"href":"https:\/\/orotech.lt\/en\/wp-json\/wp\/v2\/product_tag?post=28407"}],"curies":[{"name":"wp","href":"https:\/\/api.w.org\/{rel}","templated":true}]}}