{"id":28437,"date":"2025-09-09T09:10:03","date_gmt":"2025-09-09T09:10:03","guid":{"rendered":"https:\/\/orotech.lt\/sildancios-vandeniui-atsparios-pirstines-glovii-gyb\/"},"modified":"2025-09-10T06:45:20","modified_gmt":"2025-09-10T06:45:20","slug":"sildancios-vandeniui-atsparios-pirstines-glovii-gyb","status":"publish","type":"product","link":"https:\/\/orotech.lt\/en\/sildancios-vandeniui-atsparios-pirstines-glovii-gyb\/","title":{"rendered":"\u0160ildan\u010dios vandeniui atsparios pir\u0161tin\u0117s Glovii GYB"},"content":{"rendered":"<p style=\"text-align: justify;\">\u0160ildomos&nbsp;vandeniui atsparios pir\u0161tin\u0117s Glovii GYB&nbsp;&ndash; idealus sprendimas ie\u0161kantiems kaip apsaugoti rankas nuo \u0161al\u010dio tiek sporto metu, tiek kasdienai! Tai i\u0161skirtinis, komfort\u0105 ir \u0161ilum\u0105 u\u017etikrinantis sprendimas, kuris patiks \u017eiemos sporto entuziastams, slidininkams, \u017eygeiviams, motociklininkams, statybininkams, med\u017eiotojams, \u017evejams, fotografams ar pagyvenusiems \u017emon\u0117ms.<\/p>\n<p style=\"text-align: justify;\"><strong>Patikimas ir ilgaam\u017eis naudojimas su Li-Ion akumuliatoriumi<\/strong><\/p>\n<p style=\"text-align: justify;\">\u0160ildomos vandeniui atsparios pir\u0161tin\u0117s Glovii GYB&nbsp;5W \u0161ildymo elementas pagamintas i\u0161 anglies pluo\u0161to, tod\u0117l infraraudon\u0173j\u0173 spinduli\u0173 bangos J\u016bs\u0173 rankoms u\u017etikrins maloni\u0105 \u0161ilum\u0105, patikim\u0105 naudojim\u0105 ir ilgaam\u017ei\u0161kum\u0105, o efektyvi 3350 mAh Li-Ion&nbsp;baterija leis \u0161iluma m\u0117gautis net iki 6h! \u0160ildymo elementas pir\u0161tin\u0117je i\u0161sid\u0117st\u0119s aplink visus pir\u0161tus. Vandeniui atsparios pir\u0161tin\u0117s Glovii GYB&nbsp;turi speciali\u0105 akumuliatoriaus u\u017esegam\u0105 ki\u0161en\u0117l\u0119, kuri leid\u017eia greitai ir patogiai nustatyti vien\u0105 i\u0161 trij\u0173 skirting\u0173 \u0161ilumos lygi\u0173 (LO, MED, HI).&nbsp;<\/p>\n<p style=\"text-align: justify;\"><strong>Efektyvi ir komforti\u0161ka \u0161iluma<br \/>\n\t<\/strong><\/p>\n<p style=\"text-align: justify;\">Pir\u0161tin\u0117s turi \u012fsi\u016bt\u0105 papildom\u0105 vandeniui, v\u0117jui ir sniegui nepralaid\u0173 sluoksn\u012f &ndash;&nbsp;u\u017evalkal\u0105, u\u017etikrinant\u012f \u0161ilumin\u012f komfort\u0105 lauke bet kokiomis oro s\u0105lygomis. Termoreguliacinis pir\u0161tini\u0173 audinys u\u017etikrina dr\u0117gm\u0117s sugerim\u0105, tuo pa\u010diu neprarasdamas \u0161ilumos. Dar vienas patogus dalykas&nbsp;&ndash; ant nyk\u0161\u010dio ir smiliaus \u012fsi\u016bta speciali med\u017eiaga, leid\u017eianti liesti jutiklinius ekranus nenusiemant pir\u0161tini\u0173!<\/p>\n<p style=\"text-align: justify;\"><strong>Technical characteristics:<\/strong><\/p>\n<ul>\n<li>\n\t\tBaterija:&nbsp;3350 mAh (12.4 Wh), Li-Ion;<\/li>\n<li>\n\t\tKaitinimo elementas: 5W &#8211; anglies pluo\u0161tas;<\/li>\n<li>\n\t\t\u012ekrovimas: USB, 5 V, 1 A;<\/li>\n<li>\n\t\tVeikimo&nbsp;re\u017eimai: HI (44&deg;C), MED (39&deg;C), LO (34&deg;C);<\/li>\n<li>\n\t\tVeikimo laikas: 6h (LO), 3h (MED), 2h (HI);<\/li>\n<li>\n\t\tAudinys: 78% poliesteris, 8% medviln\u0117, 14% elastanas;<\/li>\n<li>\n\t\tDyd\u017eiai: S-M \/ L-XL;<\/li>\n<li>\n\t\tColor: black;<\/li>\n<li>\n\t\tSvoris be baterij\u0173: 200 g;<\/li>\n<li>\n\t\tSvoris su baterija: 300 g;<\/li>\n<li>\n\t\tPakuot\u0117s matmenys:&nbsp;330x140x70 mm;<\/li>\n<li>\n\t\tPakuot\u0117s svoris: 400 g.<\/li>\n<\/ul>\n<p style=\"text-align: center;\"><img decoding=\"async\" alt=\"\" src=\"\/images\/Userfiles\/www.rubisolis.lt_Sildancios_vandeniui_atsparios_pirstins_GYB_61.jpg\" style=\"width: 800px; height: 200px;\" title=\"\"><\/p>\n<p><strong>\u012e komplekt\u0105 \u012feina:<\/strong><\/p>\n<ul>\n<li>\n\t\t\u0160ildan\u010dios vandeniui atsparios pir\u0161tin\u0117s Glovii GYB su apdangalu;<\/li>\n<li>\n\t\tBaterija 3350 mAh&nbsp;(2 vnt.);<\/li>\n<li>\n\t\t\u012ekroviklis;<\/li>\n<\/ul>\n<p style=\"text-align: justify;\"><a class=\"catalogue\" href=\"\/en\/images\/Userfiles\/Sildancios_vandeniui_atsparios_pirstins_GYB_instrukcija.pdf\/\" target=\"blank\">Download product manual <\/a><\/p>","protected":false},"excerpt":{"rendered":"<p>\u0160ildomos&nbsp;vandeniui atsparios pir\u0161tin\u0117s Glovii GYB&nbsp;&ndash; idealus sprendimas ie\u0161kantiems kaip apsaugoti rankas nuo \u0161al\u010dio tiek sporto metu, tiek kasdienai! Tai i\u0161skirtinis,<\/p>","protected":false},"featured_media":28439,"comment_status":"closed","ping_status":"open","template":"","meta":[],"product_brand":[],"product_cat":[23],"product_tag":[535],"class_list":{"0":"post-28437","1":"product","2":"type-product","3":"status-publish","4":"has-post-thumbnail","6":"product_cat-be-kategorijos","7":"product_tag-naujiena","9":"first","10":"onbackorder","11":"taxable","12":"shipping-taxable","13":"product-type-variable"},"_links":{"self":[{"href":"https:\/\/orotech.lt\/en\/wp-json\/wp\/v2\/product\/28437","targetHints":{"allow":["GET"]}}],"collection":[{"href":"https:\/\/orotech.lt\/en\/wp-json\/wp\/v2\/product"}],"about":[{"href":"https:\/\/orotech.lt\/en\/wp-json\/wp\/v2\/types\/product"}],"replies":[{"embeddable":true,"href":"https:\/\/orotech.lt\/en\/wp-json\/wp\/v2\/comments?post=28437"}],"version-history":[{"count":1,"href":"https:\/\/orotech.lt\/en\/wp-json\/wp\/v2\/product\/28437\/revisions"}],"predecessor-version":[{"id":28438,"href":"https:\/\/orotech.lt\/en\/wp-json\/wp\/v2\/product\/28437\/revisions\/28438"}],"wp:featuredmedia":[{"embeddable":true,"href":"https:\/\/orotech.lt\/en\/wp-json\/wp\/v2\/media\/28439"}],"wp:attachment":[{"href":"https:\/\/orotech.lt\/en\/wp-json\/wp\/v2\/media?parent=28437"}],"wp:term":[{"taxonomy":"product_brand","embeddable":true,"href":"https:\/\/orotech.lt\/en\/wp-json\/wp\/v2\/product_brand?post=28437"},{"taxonomy":"product_cat","embeddable":true,"href":"https:\/\/orotech.lt\/en\/wp-json\/wp\/v2\/product_cat?post=28437"},{"taxonomy":"product_tag","embeddable":true,"href":"https:\/\/orotech.lt\/en\/wp-json\/wp\/v2\/product_tag?post=28437"}],"curies":[{"name":"wp","href":"https:\/\/api.w.org\/{rel}","templated":true}]}}