{"id":28463,"date":"2025-09-09T09:10:03","date_gmt":"2025-09-09T09:10:03","guid":{"rendered":"https:\/\/orotech.lt\/sildancios-pirstines-2in1-glovii-gs21\/"},"modified":"2025-09-10T06:45:23","modified_gmt":"2025-09-10T06:45:23","slug":"sildancios-pirstines-2in1-glovii-gs21","status":"publish","type":"product","link":"https:\/\/orotech.lt\/en\/sildancios-pirstines-2in1-glovii-gs21\/","title":{"rendered":"\u0160ildan\u010dios pir\u0161tin\u0117s 2in1 Glovii GS21"},"content":{"rendered":"<p style=\"text-align: justify;\"><img decoding=\"async\" alt=\"\" src=\"\/images\/Userfiles\/Glovii_baner.jpg\" style=\"width: 1000px; height: 324px;\" title=\"\"><\/p>\n<p style=\"text-align: justify;\">Naujojo modelio du viename \u0161ildomos pir\u0161tin\u0117s Glovii GS21 &ndash; idealus sprendimas ie\u0161kantiems kaip apsaugoti rankas nuo \u0161al\u010dio tiek sporto metu, tiek laisvalaikiu! Aplink visus pir\u0161tus i\u0161sid\u0117st\u0119s anglies pluo\u0161to kaitinimo elementas bei pir\u0161tuose \u012fsi\u016bta speciali med\u017eiaga jutikliniams ekranams liesti&nbsp; suteiks itin patog\u0173 naudojim\u0105 filmuojant kamera, valdant dronus ir kitus \u012frenginius, kur svarbiausia &ndash;&nbsp;pir\u0161t\u0173 tikslumas. Taip pat, pir\u0161tin\u0117se rasite papildom\u0105 izoliuot\u0105 u\u017evalkal\u0105, taip paversdamos kum\u0161tin\u0117mis pir\u0161tin\u0117mis, tod\u0117l jas&nbsp;privalo tur\u0117ti kiekvienas, vertinantis patogum\u0105 ir funkcionalum\u0105 \u0161altesn\u0117mis dienomis.&nbsp;<\/p>\n<p style=\"text-align: justify;\"><strong>Patikimas ir ilgaam\u017eis naudojimas su Li-Poly akumuliatoriumi<\/strong><\/p>\n<p style=\"text-align: justify;\">Du viename modelio \u0161ildomos pir\u0161tin\u0117s Glovii GS21 turi 8W \u0161ildymo element\u0105, pagamint\u0105 i\u0161 anglies pluo\u0161to, tod\u0117l infraraudon\u0173j\u0173 spinduli\u0173 bangos J\u016bs\u0173 rankoms u\u017etikrins maloni\u0105 \u0161ilum\u0105, patikim\u0105 naudojim\u0105 ir ilgaam\u017ei\u0161kum\u0105, o efektyvi 2400 mAh Li-Poly baterija leis \u0161iluma m\u0117gautis net iki 6h! \u0160ildymo elementai pir\u0161tin\u0117je i\u0161sid\u0117st\u0119 aplink vis\u0105 rank\u0105. Taip pat, pir\u0161tin\u0117s Glovii turi speciali\u0105 akumuliatoriaus u\u017esegam\u0105 ki\u0161en\u0117l\u0119, kuri leid\u017eia greitai ir patogiai nustatyti vien\u0105 i\u0161 trij\u0173 skirting\u0173 \u0161ilumos lygi\u0173 (LO, MED, HI).&nbsp;<\/p>\n<p style=\"text-align: justify;\">Du viename \u0161ildomos pir\u0161tin\u0117s Glovii GS21 &ndash; tai i\u0161skirtinis, komfort\u0105 ir \u0161ilum\u0105 u\u017etikrinantis sprendimas, kuris patiks \u017eiemos sporto entuziastams, operatoriams, rengini\u0173 ved\u0117jams, organizatoriams ir pan.&nbsp;<\/p>\n<p style=\"text-align: justify;\"><strong>Technical characteristics:<\/strong><\/p>\n<ul>\n<li>\n\t\tBaterija:&nbsp;2100mAh (15,54Wh), Li-Poly;<\/li>\n<li>\n\t\tKaitinimo elementas: 8W &#8211; anglies pluo\u0161tas;<\/li>\n<li>\n\t\t\u012ekrovimas: 8.4V, 1A;<\/li>\n<li>\n\t\tVeikimo&nbsp;re\u017eimai: 33% (LO\/34&deg;C\/93&deg;F), 66% (MED\/39&deg;C\/102&deg;F), 100% (HI\/44&deg;C\/111&deg;F);<\/li>\n<li>\n\t\tVeikimo laikas: 6h (LO), 3h (MED), 2h (HI);<\/li>\n<li>\n\t\tAudinys: 51% poliesteris, 43% oda, 6% elastanas;<\/li>\n<li>\n\t\tDyd\u017eiai: S, M, L, XL;<\/li>\n<li>\n\t\tColor: black;<\/li>\n<li>\n\t\tSvoris be baterij\u0173: 270 g;<\/li>\n<li>\n\t\tSvoris su baterija: 450 g.<\/li>\n<\/ul>\n<p><strong>\u012e komplekt\u0105 \u012feina:<\/strong><\/p>\n<ul>\n<li>\n\t\t\u0160ildan\u010dios pir\u0161tin\u0117s Glovii GS21;<\/li>\n<li>\n\t\tBaterija 2100&nbsp;mAh&nbsp;(2 vnt.);<\/li>\n<li>\n\t\tAdapteri\u0173 rinkinys (ES, JK, JAV);<\/li>\n<li>\n\t\tPatogus pir\u0161tini\u0173 d\u0117klas.<\/li>\n<\/ul>","protected":false},"excerpt":{"rendered":"<p>Naujojo modelio du viename \u0161ildomos pir\u0161tin\u0117s Glovii GS21 &ndash; idealus sprendimas ie\u0161kantiems kaip apsaugoti rankas nuo \u0161al\u010dio tiek sporto metu,<\/p>","protected":false},"featured_media":28465,"comment_status":"closed","ping_status":"open","template":"","meta":[],"product_brand":[],"product_cat":[23],"product_tag":[535],"class_list":{"0":"post-28463","1":"product","2":"type-product","3":"status-publish","4":"has-post-thumbnail","6":"product_cat-be-kategorijos","7":"product_tag-naujiena","9":"first","10":"onbackorder","11":"taxable","12":"shipping-taxable","13":"product-type-variable"},"_links":{"self":[{"href":"https:\/\/orotech.lt\/en\/wp-json\/wp\/v2\/product\/28463","targetHints":{"allow":["GET"]}}],"collection":[{"href":"https:\/\/orotech.lt\/en\/wp-json\/wp\/v2\/product"}],"about":[{"href":"https:\/\/orotech.lt\/en\/wp-json\/wp\/v2\/types\/product"}],"replies":[{"embeddable":true,"href":"https:\/\/orotech.lt\/en\/wp-json\/wp\/v2\/comments?post=28463"}],"version-history":[{"count":1,"href":"https:\/\/orotech.lt\/en\/wp-json\/wp\/v2\/product\/28463\/revisions"}],"predecessor-version":[{"id":28464,"href":"https:\/\/orotech.lt\/en\/wp-json\/wp\/v2\/product\/28463\/revisions\/28464"}],"wp:featuredmedia":[{"embeddable":true,"href":"https:\/\/orotech.lt\/en\/wp-json\/wp\/v2\/media\/28465"}],"wp:attachment":[{"href":"https:\/\/orotech.lt\/en\/wp-json\/wp\/v2\/media?parent=28463"}],"wp:term":[{"taxonomy":"product_brand","embeddable":true,"href":"https:\/\/orotech.lt\/en\/wp-json\/wp\/v2\/product_brand?post=28463"},{"taxonomy":"product_cat","embeddable":true,"href":"https:\/\/orotech.lt\/en\/wp-json\/wp\/v2\/product_cat?post=28463"},{"taxonomy":"product_tag","embeddable":true,"href":"https:\/\/orotech.lt\/en\/wp-json\/wp\/v2\/product_tag?post=28463"}],"curies":[{"name":"wp","href":"https:\/\/api.w.org\/{rel}","templated":true}]}}