{"id":28541,"date":"2025-09-09T09:10:57","date_gmt":"2025-09-09T09:10:57","guid":{"rendered":"https:\/\/orotech.lt\/sildancios-motociklininko-pirstines-glovii-gs1\/"},"modified":"2025-09-10T06:45:35","modified_gmt":"2025-09-10T06:45:35","slug":"sildancios-motociklininko-pirstines-glovii-gs1","status":"publish","type":"product","link":"https:\/\/orotech.lt\/en\/sildancios-motociklininko-pirstines-glovii-gs1\/","title":{"rendered":"\u0160ildan\u010dios motociklininko pir\u0161tin\u0117s Glovii GS1"},"content":{"rendered":"<p style=\"text-align: justify;\">Juodos spalvos 100% odin\u0117s \u0161ildomos motociklininko pir\u0161tin\u0117s Glovii GS1 &ndash; idealus sprendimas ie\u0161kantiems kaip apsaugoti rankas nuo \u0161al\u010dio va\u017eiavimo metu! Tai i\u0161skirtinis, komfort\u0105 ir \u0161ilum\u0105 u\u017etikrinantis sprendimas, kuris patiks motociklininkams bet kokiu oru!&nbsp;<\/p>\n<p style=\"text-align: justify;\"><strong>Patikimas ir ilgaam\u017eis naudojimas su Li-Poly akumuliatoriumi<\/strong><\/p>\n<p style=\"text-align: justify;\">\u0160ildomos pir\u0161tin\u0117s Glovii GS1 turi 8W \u0161ildymo element\u0105, pagamint\u0105 i\u0161 anglies pluo\u0161to, tod\u0117l infraraudon\u0173j\u0173 spinduli\u0173 bangos J\u016bs\u0173 rankoms u\u017etikrins maloni\u0105 \u0161ilum\u0105, patikim\u0105 naudojim\u0105 ir ilgaam\u017ei\u0161kum\u0105, o efektyvi 2100 mAh Li-Poly baterija leis \u0161iluma m\u0117gautis net iki 6h! \u0160ildymo elementas pir\u0161tin\u0117je i\u0161sid\u0117st\u0119s aplink visus pir\u0161tus ir ties pla\u0161taka, kas maksimaliai u\u017etikrina \u0161ilum\u0105 rankose. \u0160ildomos pir\u0161tin\u0117s Glovii GS1&nbsp; turi speciali\u0105 akumuliatoriaus u\u017esegam\u0105 ki\u0161en\u0117l\u0119, kuri leid\u017eia greitai ir patogiai nustatyti vien\u0105 i\u0161 trij\u0173 skirting\u0173 \u0161ilumos lygi\u0173 (LO, MED, HI).&nbsp;<\/p>\n<p style=\"text-align: justify;\"><strong>Efektyvi ir komforti\u0161ka \u0161iluma<br \/>\n\t<\/strong><\/p>\n<p style=\"text-align: justify;\">Odin\u0117s \u0161ildomos motociklininko pir\u0161tin\u0117s Glovii GS1&nbsp;yra pagamintos i\u0161&nbsp;nat\u016bralios karv\u0117s odos ir papildomai izoliuotos &quot;Thinsulate&quot; audiniu, kas vairuotojo rankoms u\u017etikrins oro nepralaidum\u0105 ir \u0161ilumos i\u0161saugojim\u0105. Taip pat, ties pla\u0161taka ir rie\u0161u rasite suver\u017eimo rai\u0161telius\/dir\u017eelius, kuriuos pagal poreik\u012f galima susiver\u017eti, taip \u012ftvirtinant pir\u0161tin\u0119 ir oro nepratek\u0117jim\u0105.&nbsp;Dar vienas patogus dalykas &ndash; \u012fsi\u016bta speciali med\u017eiaga, leid\u017eianti liesti jutiklinius ekranus nenusiemant pir\u0161tini\u0173, pavyzd\u017eiui mobiluj\u012f telefon\u0105!&nbsp;<\/p>\n<p style=\"text-align: justify;\"><strong>Technical characteristics:<\/strong><\/p>\n<ul>\n<li>\n\t\tBaterija:&nbsp;2100mAh (15,54Wh), Li-Poly;<\/li>\n<li>\n\t\tKaitinimo elementas: 8W &#8211; anglies pluo\u0161tas;<\/li>\n<li>\n\t\t\u012ekrovimas: 8.4V, 1A;<\/li>\n<li>\n\t\tVeikimo&nbsp;re\u017eimai: 33% (LO\/34&deg;C\/93&deg;F), 66% (MED\/39&deg;C\/102&deg;F), 100% (HI\/44&deg;C\/111&deg;F);<\/li>\n<li>\n\t\tVeikimo laikas: 6h (LO), 3h (MED), 2h (HI);<\/li>\n<li>\n\t\tAudinys: 100% nat\u016brali oda, pamu\u0161alas: 100% poliesteris;<\/li>\n<li>\n\t\tDyd\u017eiai: L, XL;<\/li>\n<li>\n\t\tColor: black;<\/li>\n<li>\n\t\tSvoris be baterij\u0173: 290 g;<\/li>\n<li>\n\t\tSvoris su baterija: 460 g.<\/li>\n<\/ul>\n<p style=\"text-align: center;\"><img decoding=\"async\" alt=\"\" src=\"\/images\/Userfiles\/www.rubisolis.lt_Sildancios_slidinjimo_pirstins_Glovii_GS5_6.jpg\" style=\"width: 800px; height: 200px;\" title=\"\"><\/p>\n<p><strong>\u012e komplekt\u0105 \u012feina:<\/strong><\/p>\n<ul>\n<li>\n\t\t\u0160ildan\u010dios motociklininko pir\u0161tin\u0117s Glovii GS1;<\/li>\n<li>\n\t\tBaterija 2100mAh&nbsp;(2 vnt.);<\/li>\n<li>\n\t\t\u012ekroviklis;<\/li>\n<li>\n\t\tAdapteri\u0173 rinkinys;<\/li>\n<li>\n\t\tPatogus pir\u0161tini\u0173 d\u0117klas.<\/li>\n<\/ul>\n<p style=\"text-align: justify;\"><a class=\"catalogue\" href=\"\/en\/images\/Userfiles\/www.rubisolis.lt_Sildancios_motociklininko_pirstins_Glovii_GS1_instrukcija.pdf\/\" target=\"blank\">Download product manual <\/a><\/p>","protected":false},"excerpt":{"rendered":"<p>Juodos spalvos 100% odin\u0117s \u0161ildomos motociklininko pir\u0161tin\u0117s Glovii GS1 &ndash; idealus sprendimas ie\u0161kantiems kaip apsaugoti rankas nuo \u0161al\u010dio va\u017eiavimo metu!<\/p>","protected":false},"featured_media":28543,"comment_status":"closed","ping_status":"open","template":"","meta":[],"product_brand":[],"product_cat":[23],"product_tag":[535],"class_list":{"0":"post-28541","1":"product","2":"type-product","3":"status-publish","4":"has-post-thumbnail","6":"product_cat-be-kategorijos","7":"product_tag-naujiena","9":"first","10":"onbackorder","11":"taxable","12":"shipping-taxable","13":"product-type-variable"},"_links":{"self":[{"href":"https:\/\/orotech.lt\/en\/wp-json\/wp\/v2\/product\/28541","targetHints":{"allow":["GET"]}}],"collection":[{"href":"https:\/\/orotech.lt\/en\/wp-json\/wp\/v2\/product"}],"about":[{"href":"https:\/\/orotech.lt\/en\/wp-json\/wp\/v2\/types\/product"}],"replies":[{"embeddable":true,"href":"https:\/\/orotech.lt\/en\/wp-json\/wp\/v2\/comments?post=28541"}],"version-history":[{"count":1,"href":"https:\/\/orotech.lt\/en\/wp-json\/wp\/v2\/product\/28541\/revisions"}],"predecessor-version":[{"id":28542,"href":"https:\/\/orotech.lt\/en\/wp-json\/wp\/v2\/product\/28541\/revisions\/28542"}],"wp:featuredmedia":[{"embeddable":true,"href":"https:\/\/orotech.lt\/en\/wp-json\/wp\/v2\/media\/28543"}],"wp:attachment":[{"href":"https:\/\/orotech.lt\/en\/wp-json\/wp\/v2\/media?parent=28541"}],"wp:term":[{"taxonomy":"product_brand","embeddable":true,"href":"https:\/\/orotech.lt\/en\/wp-json\/wp\/v2\/product_brand?post=28541"},{"taxonomy":"product_cat","embeddable":true,"href":"https:\/\/orotech.lt\/en\/wp-json\/wp\/v2\/product_cat?post=28541"},{"taxonomy":"product_tag","embeddable":true,"href":"https:\/\/orotech.lt\/en\/wp-json\/wp\/v2\/product_tag?post=28541"}],"curies":[{"name":"wp","href":"https:\/\/api.w.org\/{rel}","templated":true}]}}