{"id":28551,"date":"2025-09-09T09:10:57","date_gmt":"2025-09-09T09:10:57","guid":{"rendered":"https:\/\/orotech.lt\/sildancios-motociklininko-pirstines-glovii-gdb\/"},"modified":"2025-09-10T06:45:36","modified_gmt":"2025-09-10T06:45:36","slug":"sildancios-motociklininko-pirstines-glovii-gdb","status":"publish","type":"product","link":"https:\/\/orotech.lt\/en\/sildancios-motociklininko-pirstines-glovii-gdb\/","title":{"rendered":"\u0160ildan\u010dios motociklininko pir\u0161tin\u0117s Glovii GDB"},"content":{"rendered":"<p style=\"text-align: justify;\">Juodos spalvos 100% odin\u0117s \u0161ildomos motociklininko pir\u0161tin\u0117s Glovii GDB &ndash; idealus sprendimas ie\u0161kantiems kaip apsaugoti rankas nuo \u0161al\u010dio va\u017eiavimo su motociklu metu! Tai i\u0161skirtinis, komfort\u0105 ir \u0161ilum\u0105 u\u017etikrinantis sprendimas, kuris patiks motociklininkams bet kokiu oru!<\/p>\n<p style=\"text-align: justify;\"><strong>Patikimas ir ilgaam\u017eis naudojimas su Li-Poly akumuliatoriumi<\/strong><\/p>\n<p style=\"text-align: justify;\">\u0160ildomos pir\u0161tin\u0117s Glovii GDB turi 10W \u0161ildymo element\u0105, pagamint\u0105 i\u0161 anglies pluo\u0161to, tod\u0117l infraraudon\u0173j\u0173 spinduli\u0173 bangos J\u016bs\u0173 rankoms u\u017etikrins maloni\u0105 \u0161ilum\u0105, patikim\u0105 naudojim\u0105 ir ilgaam\u017ei\u0161kum\u0105, o efektyvi 2100 mAh Li-Poly baterija leis \u0161iluma m\u0117gautis net iki 6h! \u0160ildymo elementas pir\u0161tin\u0117je i\u0161sid\u0117st\u0119s aplink visus pir\u0161tus ir ties pla\u0161taka, kas maksimaliai u\u017etikrina \u0161ilum\u0105 rankose. \u0160ildomos pir\u0161tin\u0117s Glovii GDB turi speciali\u0105 akumuliatoriaus u\u017esegam\u0105 ki\u0161en\u0117l\u0119, kuri leid\u017eia greitai ir patogiai nustatyti vien\u0105 i\u0161 trij\u0173 skirting\u0173 \u0161ilumos lygi\u0173 (LO, MED, HI). I\u0161sikrov\u0117 pir\u0161tini\u0173 akumuliatorius? Motociklininkui tai ne problema! Pir\u0161tini\u0173 komplektacijoje rasi special\u0173 maitinimo laid\u0105 skirt\u0105 prijungti prie motociklo akumuliatoriaus.<\/p>\n<p style=\"text-align: justify;\"><strong>Efektyvi ir komforti\u0161ka \u0161iluma<br \/>\n\t<\/strong><\/p>\n<p style=\"text-align: justify;\">Odin\u0117s \u0161ildomos motociklininko pir\u0161tin\u0117s Glovii GDB yra pagamintos i\u0161&nbsp;nat\u016bralios karv\u0117s odos ir papildomai izoliuotos &quot;Thinsulate&quot; audiniu, kas vairuotojo rankoms u\u017etikrins oro nepralaidum\u0105 ir \u0161ilumos i\u0161saugojim\u0105. Taip pat, rie\u0161\u0173 zonas galite suver\u017eti su dir\u017eeliu, kas dar stipriau \u012ftvirtins pir\u0161tin\u0119 ir oro nepratek\u0117jim\u0105.&nbsp;Dar vienas patogus dalykas &ndash; ties nyk\u0161\u010diu ir smiliumi&nbsp;\u012fsi\u016bta speciali med\u017eiaga, leid\u017eianti liesti jutiklinius ekranus nenusiemant pir\u0161tini\u0173, pavyzd\u017eiui mobiluj\u012f telefon\u0105! Bet kokio \u012fvykio metu \u0161ios pir\u0161tin\u0117s pasistengs maksimaliai apsaugot J\u016bs\u0173 pla\u0161takas nuo traum\u0173, kadangi i\u0161orin\u0117je pir\u0161tin\u0117s krumpli\u0173 zonoje yra \u012fsi\u016btos specialios apsaugos\/pamink\u0161tinimai.<\/p>\n<p style=\"text-align: justify;\"><strong>Technical characteristics:<\/strong><\/p>\n<ul>\n<li>\n\t\tBaterija:&nbsp;2100mAh (15,54Wh), Li-Poly;<\/li>\n<li>\n\t\tKaitinimo elementas: 10W &#8211; anglies pluo\u0161tas;<\/li>\n<li>\n\t\t\u012ekrovimas: 12V, 1 A;<\/li>\n<li>\n\t\tVeikimo&nbsp;re\u017eimai: HI (55&deg;C), MED (47&deg;C), LO (39&deg;C);<\/li>\n<li>\n\t\tVeikimo laikas: 6 h (LO), 4 h (MED), 2 h (HI);<\/li>\n<li>\n\t\tAudinys: 100% nat\u016brali oda, pamu\u0161alas: 100% poliesteris;<\/li>\n<li>\n\t\tDyd\u017eiai: L, XL;<\/li>\n<li>\n\t\tSpalva: juoda\/raudona\/balta;<\/li>\n<li>\n\t\tSvoris be baterij\u0173: 600 g;<\/li>\n<li>\n\t\tSvoris su baterija: 800 g;<\/li>\n<li>\n\t\tPakuot\u0117s matmenys: 390x190x100 mm;<\/li>\n<li>\n\t\tPakuot\u0117s svoris: 900 g.<\/li>\n<\/ul>\n<p style=\"text-align: center;\"><img decoding=\"async\" alt=\"\" src=\"\/images\/Userfiles\/www.rubisolis.lt_Sildancios_slidinjimo_pirstins_Glovii_GS5_6.jpg\" style=\"width: 800px; height: 200px;\" title=\"\"><\/p>\n<p><strong>\u012e komplekt\u0105 \u012feina:<\/strong><\/p>\n<ul>\n<li>\n\t\t\u0160ildan\u010dios motociklininko pir\u0161tin\u0117s Glovii GDB;<\/li>\n<li>\n\t\tBaterija 2100mAh&nbsp;(2 vnt.);<\/li>\n<li>\n\t\t\u012ekroviklis;<\/li>\n<li>\n\t\tAdapteriai&nbsp;(EU, UK, US);<\/li>\n<li>\n\t\tMaitinimo kabelis;<\/li>\n<li>\n\t\tPir\u0161tini\u0173 jungtis.<\/li>\n<\/ul>\n<p style=\"text-align: justify;\"><a class=\"catalogue\" href=\"\/en\/images\/Userfiles\/www.rubisolis.lt_Sildancios_motociklininko_pirstins_Glovii_GDB_instrukcija.pdf\/\" target=\"blank\">Download product manual <\/a><\/p>","protected":false},"excerpt":{"rendered":"<p>Juodos spalvos 100% odin\u0117s \u0161ildomos motociklininko pir\u0161tin\u0117s Glovii GDB &ndash; idealus sprendimas ie\u0161kantiems kaip apsaugoti rankas nuo \u0161al\u010dio va\u017eiavimo su<\/p>","protected":false},"featured_media":28553,"comment_status":"closed","ping_status":"open","template":"","meta":[],"product_brand":[],"product_cat":[23],"product_tag":[535],"class_list":{"0":"post-28551","1":"product","2":"type-product","3":"status-publish","4":"has-post-thumbnail","6":"product_cat-be-kategorijos","7":"product_tag-naujiena","9":"first","10":"onbackorder","11":"taxable","12":"shipping-taxable","13":"product-type-variable"},"_links":{"self":[{"href":"https:\/\/orotech.lt\/en\/wp-json\/wp\/v2\/product\/28551","targetHints":{"allow":["GET"]}}],"collection":[{"href":"https:\/\/orotech.lt\/en\/wp-json\/wp\/v2\/product"}],"about":[{"href":"https:\/\/orotech.lt\/en\/wp-json\/wp\/v2\/types\/product"}],"replies":[{"embeddable":true,"href":"https:\/\/orotech.lt\/en\/wp-json\/wp\/v2\/comments?post=28551"}],"version-history":[{"count":1,"href":"https:\/\/orotech.lt\/en\/wp-json\/wp\/v2\/product\/28551\/revisions"}],"predecessor-version":[{"id":28552,"href":"https:\/\/orotech.lt\/en\/wp-json\/wp\/v2\/product\/28551\/revisions\/28552"}],"wp:featuredmedia":[{"embeddable":true,"href":"https:\/\/orotech.lt\/en\/wp-json\/wp\/v2\/media\/28553"}],"wp:attachment":[{"href":"https:\/\/orotech.lt\/en\/wp-json\/wp\/v2\/media?parent=28551"}],"wp:term":[{"taxonomy":"product_brand","embeddable":true,"href":"https:\/\/orotech.lt\/en\/wp-json\/wp\/v2\/product_brand?post=28551"},{"taxonomy":"product_cat","embeddable":true,"href":"https:\/\/orotech.lt\/en\/wp-json\/wp\/v2\/product_cat?post=28551"},{"taxonomy":"product_tag","embeddable":true,"href":"https:\/\/orotech.lt\/en\/wp-json\/wp\/v2\/product_tag?post=28551"}],"curies":[{"name":"wp","href":"https:\/\/api.w.org\/{rel}","templated":true}]}}