{"id":28563,"date":"2025-09-09T09:10:57","date_gmt":"2025-09-09T09:10:57","guid":{"rendered":"https:\/\/orotech.lt\/sildantys-vidpadziai-su-nuotolinio-valdymo-pulteliu-glovii-gw2\/"},"modified":"2025-09-10T06:45:37","modified_gmt":"2025-09-10T06:45:37","slug":"sildantys-vidpadziai-su-nuotolinio-valdymo-pulteliu-glovii-gw2","status":"publish","type":"product","link":"https:\/\/orotech.lt\/en\/sildantys-vidpadziai-su-nuotolinio-valdymo-pulteliu-glovii-gw2\/","title":{"rendered":"\u0160ildantys vidpad\u017eiai su nuotolinio valdymo pulteliu Glovii GW2"},"content":{"rendered":"<p style=\"text-align: justify;\">Jeigu susiduriate su \u0161\u0105lan\u010diomis p\u0117domis tiek namuose, tiek lauke, J\u016bs\u0173 kojos nusipeln\u0117 palepinimo. Nuo \u0161iol savo koj\u0173 \u0161ilum\u0105 patik\u0117kite \u0161ildantiems vidpad\u017eiams Glovii GW2!&nbsp;<\/p>\n<p style=\"text-align: justify;\"><strong>Efektyvus \u0161ildymas su Li-Poly akumuliatoriumi<\/strong><\/p>\n<p style=\"text-align: justify;\">\u0160ildantys vidpad\u017eiai Glovii GW2&nbsp;valdomi su nuotolinio valdymo pulteliu, kuris leid\u017eia greitai ir patogiai nustatyti vien\u0105 i\u0161 trij\u0173 skirting\u0173 \u0161ilumos lygi\u0173 (LO, MED, HI). Vidpad\u017ei\u0173 Glovii GW2 2.22W \u0161ildymo elementas pagamintas i\u0161 anglies pluo\u0161to, tod\u0117l infraraudon\u0173j\u0173 spinduli\u0173 bangos u\u017etikrins maloni\u0105 \u0161ilum\u0105, patikim\u0105 naudojim\u0105 ir ilgaam\u017ei\u0161kum\u0105, o efektyvi 1800mAh&nbsp;Li-Poly baterija leis \u0161iluma m\u0117gautis net iki 9h.&nbsp;\u0160ildymo elementas i\u0161sid\u0117st\u0119s vid\u017ead\u017eio priekin\u0117je pus\u0117je.&nbsp;<\/p>\n<p style=\"text-align: justify;\"><strong>Komforti\u0161ka \u0161iluma u\u017e patraukli\u0105 kain\u0105<\/strong><\/p>\n<p style=\"text-align: justify;\">Vidpad\u017eiai Glovii GW2 pagaminti i\u0161 100%&nbsp;poliesterio. Dar vienas patogus dalykas tai, kad \u0161iuos vidpad\u017eius galima valdyti kartu su nuotolinio valdymo pulteliu, kuris pridedamas prie prek\u0117s. Mink\u0161tas vidpadis gali b\u016bti d\u0117vimas lauko batuose laisvalaikiu, darbe, sporto metu ar namie avint \u0161lepetes.&nbsp;<\/p>\n<p style=\"text-align: justify;\">\u0160ildantys vidpad\u017eiai su nuotolinio valdymo pulteliu Glovii GW2&nbsp;gali b\u016bti puiki Kal\u0117d\u0173, gimtadienio ar bet kokios kitos progos dovanos id\u0117ja, kuri su\u0161ildys kiekvien\u0105.<\/p>\n<p style=\"text-align: justify;\"><strong>Technical characteristics:<\/strong><\/p>\n<ul>\n<li>\n\t\tBaterija: 1800mAh (9.25Wh), Li-Poly;<\/li>\n<li>\n\t\tKaitinimo elementas: 2.22W &#8211; anglies pluo\u0161tas;<\/li>\n<li>\n\t\t\u012ekrovimas:&nbsp;5V, 1A;<\/li>\n<li>\n\t\tVeikimo&nbsp;re\u017eimai: 33% (LO\/34&deg;C\/93&deg;F), 66% (MED\/39&deg;C\/102&deg;F), 100% (HI\/44&deg;C\/111&deg;F);<\/li>\n<li>\n\t\tVeikimo laikas: 9h (LO), 5h (MED), 3h (HI);<\/li>\n<li>\n\t\tAudinys: i\u0161or\u0117je 100% poliesteris;<\/li>\n<li>\n\t\tDyd\u017eiai: M (35-40&nbsp;dydis), L (41-46);<\/li>\n<li>\n\t\tSpalva: juoda\/raudona;<\/li>\n<li>\n\t\tSvoris su baterija: 220g.<\/li>\n<\/ul>\n<p style=\"text-align: center;\"><img decoding=\"async\" alt=\"\" src=\"\/images\/Userfiles\/www.rubisolis.lt_Sildantys_vidpadziai_su_nuotolinio_valdymo_pulteliu_Glovii_GW2_11.jpg\" style=\"width: 800px; height: 200px;\" title=\"\"><\/p>\n<p><strong>\u012e komplekt\u0105 \u012feina:<\/strong><\/p>\n<ul>\n<li>\n\t\t\u0160ildantys vidpad\u017eiai su nuotolinio valdymo pulteliu Glovii GW2;<\/li>\n<li>\n\t\tBaterija 1800mAh (2 vnt.);<\/li>\n<li>\n\t\tControl panel;<\/li>\n<li>\n\t\tPatogus vidpad\u017ei\u0173 d\u0117klas.<\/li>\n<\/ul>\n<p style=\"text-align: justify;\"><a class=\"catalogue\" href=\"\/en\/images\/Userfiles\/www.rubisolis.lt_Sildantys_vidpadziai_su_nuotolinio_valdymo_pulteliu_Glovii_GW2_instrukcija.pdf\/\" target=\"blank\">Download product manual <\/a><\/p>","protected":false},"excerpt":{"rendered":"<p>Jeigu susiduriate su \u0161\u0105lan\u010diomis p\u0117domis tiek namuose, tiek lauke, J\u016bs\u0173 kojos nusipeln\u0117 palepinimo. Nuo \u0161iol savo koj\u0173 \u0161ilum\u0105 patik\u0117kite \u0161ildantiems<\/p>","protected":false},"featured_media":28565,"comment_status":"closed","ping_status":"open","template":"","meta":[],"product_brand":[],"product_cat":[23],"product_tag":[535],"class_list":{"0":"post-28563","1":"product","2":"type-product","3":"status-publish","4":"has-post-thumbnail","6":"product_cat-be-kategorijos","7":"product_tag-naujiena","9":"first","10":"onbackorder","11":"taxable","12":"shipping-taxable","13":"product-type-variable"},"_links":{"self":[{"href":"https:\/\/orotech.lt\/en\/wp-json\/wp\/v2\/product\/28563","targetHints":{"allow":["GET"]}}],"collection":[{"href":"https:\/\/orotech.lt\/en\/wp-json\/wp\/v2\/product"}],"about":[{"href":"https:\/\/orotech.lt\/en\/wp-json\/wp\/v2\/types\/product"}],"replies":[{"embeddable":true,"href":"https:\/\/orotech.lt\/en\/wp-json\/wp\/v2\/comments?post=28563"}],"version-history":[{"count":1,"href":"https:\/\/orotech.lt\/en\/wp-json\/wp\/v2\/product\/28563\/revisions"}],"predecessor-version":[{"id":28564,"href":"https:\/\/orotech.lt\/en\/wp-json\/wp\/v2\/product\/28563\/revisions\/28564"}],"wp:featuredmedia":[{"embeddable":true,"href":"https:\/\/orotech.lt\/en\/wp-json\/wp\/v2\/media\/28565"}],"wp:attachment":[{"href":"https:\/\/orotech.lt\/en\/wp-json\/wp\/v2\/media?parent=28563"}],"wp:term":[{"taxonomy":"product_brand","embeddable":true,"href":"https:\/\/orotech.lt\/en\/wp-json\/wp\/v2\/product_brand?post=28563"},{"taxonomy":"product_cat","embeddable":true,"href":"https:\/\/orotech.lt\/en\/wp-json\/wp\/v2\/product_cat?post=28563"},{"taxonomy":"product_tag","embeddable":true,"href":"https:\/\/orotech.lt\/en\/wp-json\/wp\/v2\/product_tag?post=28563"}],"curies":[{"name":"wp","href":"https:\/\/api.w.org\/{rel}","templated":true}]}}