{"id":28575,"date":"2025-09-09T09:10:57","date_gmt":"2025-09-09T09:10:57","guid":{"rendered":"https:\/\/orotech.lt\/sildantys-vidpadziai-valdomi-programele-glovii-gw4u\/"},"modified":"2025-09-10T06:45:38","modified_gmt":"2025-09-10T06:45:38","slug":"sildantys-vidpadziai-valdomi-programele-glovii-gw4u","status":"publish","type":"product","link":"https:\/\/orotech.lt\/en\/sildantys-vidpadziai-valdomi-programele-glovii-gw4u\/","title":{"rendered":"\u0160ildantys vidpad\u017eiai valdomi program\u0117le Glovii GW4U"},"content":{"rendered":"<p style=\"text-align: justify;\">Aktyvaus \u017eiemos sporto m\u0117g\u0117jai gali b\u016bti u\u017etikrinti, kad nesu\u0161als &ndash; nuo \u0161iol savo koj\u0173 \u0161ilum\u0105 patik\u0117kite itin ploniems \u0161ildantiems vidpad\u017eiams Glovii GW4U, valdomais program\u0117le!&nbsp;Itin ploni, \u0161ildomi ir itin patog\u016bs vidpad\u017eiai u\u017etikrins j\u016bs\u0173 p\u0117d\u0173 komfort\u0105 bet kokiomis oro s\u0105lygomis. Dabar kiekviena slidin\u0117jimo akimirka bus kupina \u0161ilumos ir malonumo.&nbsp;<\/p>\n<p style=\"text-align: justify;\"><strong>Efektyvus \u0161ildymas su Li-Poly akumuliatoriumi<\/strong><\/p>\n<p style=\"text-align: justify;\">\u0160ildantys vidpad\u017eiai valdomi program\u0117le Glovii GW4U&nbsp;valdomi per mobili\u0105j\u0105 Glovii program\u0117l\u0119, kuri leid\u017eia greitai ir patogiai nustatyti vien\u0105 i\u0161 trij\u0173 skirting\u0173 \u0161ilumos lygi\u0173 (LO, MED, HI) papildomai nenusiimant avalyn\u0117s! Vidpad\u017ei\u0173 Glovii GW4U&nbsp;1.8W \u0161ildymo elementas pagamintas i\u0161 anglies pluo\u0161to, tod\u0117l infraraudon\u0173j\u0173 spinduli\u0173 bangos u\u017etikrins maloni\u0105 \u0161ilum\u0105, patikim\u0105 naudojim\u0105 ir ilgaam\u017ei\u0161kum\u0105, o efektyvi 1200mAh&nbsp;Li-Poly baterija leis \u0161iluma m\u0117gautis net iki 8h.&nbsp;\u0160ildymo elementas i\u0161sid\u0117st\u0119s vid\u017ead\u017eio priekin\u0117je pus\u0117je.&nbsp;<\/p>\n<p style=\"text-align: justify;\"><strong>Komforti\u0161ka \u0161iluma u\u017e patraukli\u0105 kain\u0105<\/strong><\/p>\n<p style=\"text-align: justify;\">Vidpad\u017eiai Glovii GW4U pagaminti i\u0161 100%&nbsp;poliesterio. Dar vienas patogus dalykas tai, kad \u0161iuos vidpad\u017eius galima valdyti mobilioje program\u0117l\u0117je. Mink\u0161tas vidpadis gali b\u016bti d\u0117vimas lauko batuose tiek sporto metu, tiek laisvalaikiu.&nbsp;<\/p>\n<p style=\"text-align: justify;\">\u0160ildantys vidpad\u017eiai Glovii GW4U gali b\u016bti puiki Kal\u0117d\u0173, gimtadienio ar bet kokios kitos progos dovanos id\u0117ja, kuri su\u0161ildys kiekvien\u0105.<\/p>\n<p style=\"text-align: justify;\"><strong>Technical characteristics:<\/strong><\/p>\n<ul>\n<li>\n\t\tBaterija: 1200mAh (8,88Wh), Li-Poly;<\/li>\n<li>\n\t\tKaitinimo elementas: 1.8W &#8211; anglies pluo\u0161tas;<\/li>\n<li>\n\t\t\u012ekrovimas:&nbsp;8.4V, 1A&nbsp;;<\/li>\n<li>\n\t\tVeikimo&nbsp;re\u017eimai: 33% (LO\/34&deg;C\/93&deg;F), 66% (MED\/39&deg;C\/102&deg;F), 100% (HI\/44&deg;C\/111&deg;F);<\/li>\n<li>\n\t\tVeikimo laikas: 8h (LO), 4h (MED), 2h (HI);<\/li>\n<li>\n\t\tAudinys: i\u0161or\u0117je 100% poliesteris;<\/li>\n<li>\n\t\tDyd\u017eiai: reguliuojamas nuo 36 iki 48 dyd\u017eio;<\/li>\n<li>\n\t\tSpalva: juoda\/raudona;<\/li>\n<li>\n\t\tSvoris su baterija: 220g.<\/li>\n<\/ul>\n<p><strong>\u012e komplekt\u0105 \u012feina:<\/strong><\/p>\n<ul>\n<li>\n\t\t\u0160ildantys vidpad\u017eiai valdomi program\u0117le Glovii GW4U;<\/li>\n<li>\n\t\tBaterija 1200mAh (2 vnt.);<\/li>\n<li>\n\t\t\u012ekroviklis;<\/li>\n<li>\n\t\tPatogus vidpad\u017ei\u0173 d\u0117klas.<\/li>\n<\/ul>","protected":false},"excerpt":{"rendered":"<p>Aktyvaus \u017eiemos sporto m\u0117g\u0117jai gali b\u016bti u\u017etikrinti, kad nesu\u0161als &ndash; nuo \u0161iol savo koj\u0173 \u0161ilum\u0105 patik\u0117kite itin ploniems \u0161ildantiems vidpad\u017eiams<\/p>","protected":false},"featured_media":28577,"comment_status":"closed","ping_status":"open","template":"","meta":[],"product_brand":[],"product_cat":[23],"product_tag":[535],"class_list":{"0":"post-28575","1":"product","2":"type-product","3":"status-publish","4":"has-post-thumbnail","6":"product_cat-be-kategorijos","7":"product_tag-naujiena","9":"first","10":"onbackorder","11":"taxable","12":"shipping-taxable","13":"product-type-variable"},"_links":{"self":[{"href":"https:\/\/orotech.lt\/en\/wp-json\/wp\/v2\/product\/28575","targetHints":{"allow":["GET"]}}],"collection":[{"href":"https:\/\/orotech.lt\/en\/wp-json\/wp\/v2\/product"}],"about":[{"href":"https:\/\/orotech.lt\/en\/wp-json\/wp\/v2\/types\/product"}],"replies":[{"embeddable":true,"href":"https:\/\/orotech.lt\/en\/wp-json\/wp\/v2\/comments?post=28575"}],"version-history":[{"count":1,"href":"https:\/\/orotech.lt\/en\/wp-json\/wp\/v2\/product\/28575\/revisions"}],"predecessor-version":[{"id":28576,"href":"https:\/\/orotech.lt\/en\/wp-json\/wp\/v2\/product\/28575\/revisions\/28576"}],"wp:featuredmedia":[{"embeddable":true,"href":"https:\/\/orotech.lt\/en\/wp-json\/wp\/v2\/media\/28577"}],"wp:attachment":[{"href":"https:\/\/orotech.lt\/en\/wp-json\/wp\/v2\/media?parent=28575"}],"wp:term":[{"taxonomy":"product_brand","embeddable":true,"href":"https:\/\/orotech.lt\/en\/wp-json\/wp\/v2\/product_brand?post=28575"},{"taxonomy":"product_cat","embeddable":true,"href":"https:\/\/orotech.lt\/en\/wp-json\/wp\/v2\/product_cat?post=28575"},{"taxonomy":"product_tag","embeddable":true,"href":"https:\/\/orotech.lt\/en\/wp-json\/wp\/v2\/product_tag?post=28575"}],"curies":[{"name":"wp","href":"https:\/\/api.w.org\/{rel}","templated":true}]}}