{"id":28585,"date":"2025-09-09T09:10:57","date_gmt":"2025-09-09T09:10:57","guid":{"rendered":"https:\/\/orotech.lt\/sildanti-universali-liemene-glovii-gv1u\/"},"modified":"2025-09-10T06:45:41","modified_gmt":"2025-09-10T06:45:41","slug":"sildanti-universali-liemene-glovii-gv1u","status":"publish","type":"product","link":"https:\/\/orotech.lt\/en\/sildanti-universali-liemene-glovii-gv1u\/","title":{"rendered":"\u0160ildanti universali liemen\u0117 Glovii GV1U"},"content":{"rendered":"<p style=\"text-align: justify;\">\u0160ildanti universali liemen\u0117 Glovii GV1U pasi\u017eymi neabejotina unikalia i\u0161vaizda. Liemen\u0117 Glovii GV1U skirta d\u0117v\u0117ti kaip vidinis drabu\u017eis \/ pamu\u0161alas po bet kokiais vir\u0161utiniais drabu\u017eiais, tod\u0117l puikiai tiks \u017eiemos sporto entuziastams, \u017eygeiviams, slidininkams, \u017evejams, motociklininkams.<\/p>\n<p style=\"text-align: justify;\"><strong>Efektyvus \u0161ildymas su USB maitinimu<\/strong><\/p>\n<p style=\"text-align: justify;\">\u0160ildanti universali liemen\u0117 Glovii GV1U turi speciali\u0105 ki\u0161en\u0119&nbsp;maitinimo blokeliui laikyti (16&#215;12 cm). Liemen\u0119 galima \u0161ildyti pasirinkus vien\u0105 i\u0161 trij\u0173 skirting\u0173 \u0161ilumos lygi\u0173 (LO, MED, HI).&nbsp;Glovii GV1U modelio liemen\u0117s 9W \u0161ildymo elementas pagamintas i\u0161 anglies pluo\u0161to, tod\u0117l infraraudon\u0173j\u0173 spinduli\u0173 bangos u\u017etikrins maloni\u0105 \u0161ilum\u0105, patikim\u0105 naudojim\u0105 ir ilgaam\u017ei\u0161kum\u0105.&nbsp;\u0160ildymo elementas i\u0161sid\u0117st\u0119s liemen\u0117s priekyje ir gale, tod\u0117l \u0161iluma pasiskirsto tolygiai.&nbsp;<\/p>\n<p style=\"text-align: justify;\"><strong>Komforti\u0161ka \u0161iluma u\u017e patraukli\u0105 kain\u0105<\/strong><\/p>\n<p style=\"text-align: justify;\">Universalaus dyd\u017eio liemen\u0117 Glovii GV1U pagaminta i\u0161 100% nailono ir 100% poliesterio (pamu\u0161ale). Daugiata\u0161kis liemen\u0117s dir\u017e\u0173 reguliavimas leid\u017eia prisitaikyti prie \u012fvairi\u0173 dyd\u017ei\u0173.<\/p>\n<p style=\"text-align: justify;\"><span style=\"color:#f00;\"><strong><em>D\u0117mesio: i\u0161orin\u0117 baterija (powerbank) su 2A USB \u012f komplektacij\u0105 ne\u012feina!&nbsp;&nbsp;<\/em><\/strong><\/span><\/p>\n<p style=\"text-align: justify;\"><strong>Technical characteristics:<\/strong><\/p>\n<ul>\n<li>\n\t\tBaterija: i\u0161orin\u0117 baterija (powerbank) su 2A USB (\u012f komplektacij\u0105 ne\u012feina); &nbsp;<\/li>\n<li>\n\t\tKaitinimo elementas: 9W &#8211; anglies pluo\u0161tas;<\/li>\n<li>\n\t\tVeikimo&nbsp;re\u017eimai: 33% (LO\/34&deg;C\/93&deg;F), 66% (MED\/39&deg;C\/102&deg;F), 100% (HI\/44&deg;C\/111&deg;F);<\/li>\n<li>\n\t\tVeikimo laikas: su 10000mAh i\u0161orine baterija &#8211; 33% (15h), 66% (10h), 100% (5h);<\/li>\n<li>\n\t\tBaterijos ki\u0161en\u0117s dydis:&nbsp;16x12cm;<\/li>\n<li>\n\t\tAudinys: 100% nailonas, pamu\u0161alas: 100% poliesteris;<\/li>\n<li>\n\t\tDyd\u017eiai: universalus;<\/li>\n<li>\n\t\tColor: black;<\/li>\n<li>\n\t\tSvoris be baterijos: 290g.<\/li>\n<\/ul>\n<p style=\"text-align: center;\"><img decoding=\"async\" alt=\"\" src=\"\/images\/Userfiles\/www.rubisolis.lt_Sildanti_universali_liemen_GV1U_6.jpg\" style=\"width: 800px; height: 200px;\" title=\"\"><\/p>\n<p><strong>\u012e komplekt\u0105 \u012feina:<\/strong><\/p>\n<ul>\n<li>\n\t\t\u0160ildanti universali liemen\u0117 Glovii GV1U.<\/li>\n<\/ul>\n<p><a class=\"catalogue\" href=\"\/en\/images\/Userfiles\/www.rubisolis.lt_Sildanti_universali_liemen_GV1U_instrukcija.pdf\/\" style=\"text-align: justify;\" target=\"blank\">Download product manual<\/a><\/p>","protected":false},"excerpt":{"rendered":"<p>\u0160ildanti universali liemen\u0117 Glovii GV1U pasi\u017eymi neabejotina unikalia i\u0161vaizda. Liemen\u0117 Glovii GV1U skirta d\u0117v\u0117ti kaip vidinis drabu\u017eis \/ pamu\u0161alas po<\/p>","protected":false},"featured_media":28587,"comment_status":"closed","ping_status":"open","template":"","meta":[],"product_brand":[],"product_cat":[23],"product_tag":[535],"class_list":{"0":"post-28585","1":"product","2":"type-product","3":"status-publish","4":"has-post-thumbnail","6":"product_cat-be-kategorijos","7":"product_tag-naujiena","9":"first","10":"onbackorder","11":"taxable","12":"shipping-taxable","13":"product-type-variable"},"_links":{"self":[{"href":"https:\/\/orotech.lt\/en\/wp-json\/wp\/v2\/product\/28585","targetHints":{"allow":["GET"]}}],"collection":[{"href":"https:\/\/orotech.lt\/en\/wp-json\/wp\/v2\/product"}],"about":[{"href":"https:\/\/orotech.lt\/en\/wp-json\/wp\/v2\/types\/product"}],"replies":[{"embeddable":true,"href":"https:\/\/orotech.lt\/en\/wp-json\/wp\/v2\/comments?post=28585"}],"version-history":[{"count":1,"href":"https:\/\/orotech.lt\/en\/wp-json\/wp\/v2\/product\/28585\/revisions"}],"predecessor-version":[{"id":28586,"href":"https:\/\/orotech.lt\/en\/wp-json\/wp\/v2\/product\/28585\/revisions\/28586"}],"wp:featuredmedia":[{"embeddable":true,"href":"https:\/\/orotech.lt\/en\/wp-json\/wp\/v2\/media\/28587"}],"wp:attachment":[{"href":"https:\/\/orotech.lt\/en\/wp-json\/wp\/v2\/media?parent=28585"}],"wp:term":[{"taxonomy":"product_brand","embeddable":true,"href":"https:\/\/orotech.lt\/en\/wp-json\/wp\/v2\/product_brand?post=28585"},{"taxonomy":"product_cat","embeddable":true,"href":"https:\/\/orotech.lt\/en\/wp-json\/wp\/v2\/product_cat?post=28585"},{"taxonomy":"product_tag","embeddable":true,"href":"https:\/\/orotech.lt\/en\/wp-json\/wp\/v2\/product_tag?post=28585"}],"curies":[{"name":"wp","href":"https:\/\/api.w.org\/{rel}","templated":true}]}}