{"id":28593,"date":"2025-09-09T09:10:57","date_gmt":"2025-09-09T09:10:57","guid":{"rendered":"https:\/\/orotech.lt\/sildanti-vilnone-liemene-glovii-gv1\/"},"modified":"2025-09-10T06:45:42","modified_gmt":"2025-09-10T06:45:42","slug":"sildanti-vilnone-liemene-glovii-gv1","status":"publish","type":"product","link":"https:\/\/orotech.lt\/en\/sildanti-vilnone-liemene-glovii-gv1\/","title":{"rendered":"\u0160ildanti vilnon\u0117 liemen\u0117 Glovii GV1"},"content":{"rendered":"<p style=\"text-align: justify;\">\u0160ilta vilnon\u0117 liemen\u0117 Glovii GV1 sukurs komforti\u0161k\u0105 \u0161ilum\u0105 net ir pa\u010diomis \u0161al\u010diausiomis dienomis! Juodos spalvos stilinga liemen\u0117 gali b\u016bti naudojama kaip vir\u0161utinis arba, norint sluoksniuoti, kaip apatinis r\u016bbas, tod\u0117l puikiai tiks kasdieniam naudojimui namuose ar darbe, sporto ar kelion\u0117s metu.&nbsp;<\/p>\n<p style=\"text-align: justify;\"><strong>Jauki \u0161iluma u\u017e patraukli\u0105 kain\u0105<\/strong><\/p>\n<p style=\"text-align: justify;\">\u0160ildanti vilnon\u0117 liemen\u0117 Glovii GV1&nbsp;turi speciali\u0105 ki\u0161en\u0119 4000mAh Li-Poly akumuliatoriui laikyti, tod\u0117l greitai ir lengvai gal\u0117site valdyti vien\u0105 i\u0161 trij\u0173 skirting\u0173 \u0161ilumos lygi\u0173 (LO, MED, HI).&nbsp;Glovii GV1 modelio liemen\u0117s 9W \u0161ildymo elementas pagamintas i\u0161 anglies pluo\u0161to, tod\u0117l infraraudon\u0173j\u0173 spinduli\u0173 bangos u\u017etikrins patikim\u0105 naudojim\u0105 ir ilgaam\u017ei\u0161kum\u0105, o savo \u0161iluma Jus d\u017eiugins net iki 8h! \u0160ildymo elementas i\u0161sid\u0117st\u0119s liemen\u0117s priekyje ir gale, tod\u0117l \u0161iluma pasiskirsto tolygiai.&nbsp;<\/p>\n<p style=\"text-align: justify;\"><strong>Technical characteristics:<\/strong><\/p>\n<ul>\n<li>\n\t\tBaterija: 4000mAh (29,6Wh), Li-Poly;<\/li>\n<li>\n\t\tKaitinimo elementas: 9W &#8211; anglies pluo\u0161tas;<\/li>\n<li>\n\t\t\u012ekrovimas:&nbsp;8.4V, 1A;<\/li>\n<li>\n\t\tVeikimo&nbsp;re\u017eimai: 33% (LO\/34&deg;C\/93&deg;F), 66% (MED\/39&deg;C\/102&deg;F), 100% (HI\/44&deg;C\/111&deg;F);<\/li>\n<li>\n\t\tVeikimo laikas: 8h (LO), 4h (MED), 3h (HI);<\/li>\n<li>\n\t\tBaterijos ki\u0161en\u0117s dydis:&nbsp;16x12cm;<\/li>\n<li>\n\t\tAudinys: 100% poliesteris;<\/li>\n<li>\n\t\tDyd\u017eiai: M, L, XL, XXL;<\/li>\n<li>\n\t\tColor: black;<\/li>\n<li>\n\t\tSvoris be baterijos: 250g;<\/li>\n<li>\n\t\tSvoris su baterijos: 440g.&nbsp;<\/li>\n<\/ul>\n<p style=\"text-align: center;\"><img decoding=\"async\" alt=\"\" src=\"\/images\/Userfiles\/www.rubisolis.lt_Sildanti_vilnon_liemen_Glovii_GV1_7.jpg\" style=\"width: 800px; height: 200px;\" title=\"\"><\/p>\n<p><strong>\u012e komplekt\u0105 \u012feina:<\/strong><\/p>\n<ul>\n<li>\n\t\t\u0160ildanti vilnon\u0117 liemen\u0117 Glovii GV1;<\/li>\n<li>\n\t\t4000mAh baterija;<\/li>\n<li>\n\t\t\u012ekroviklis.<\/li>\n<\/ul>\n<p><a class=\"catalogue\" href=\"\/en\/images\/Userfiles\/www.rubisolis.lt_Sildanti_vilnon_liemen_Glovii_GV1_instrukcija.pdf\/\" style=\"text-align: justify;\" target=\"blank\">Download product manual<\/a><\/p>","protected":false},"excerpt":{"rendered":"<p>\u0160ilta vilnon\u0117 liemen\u0117 Glovii GV1 sukurs komforti\u0161k\u0105 \u0161ilum\u0105 net ir pa\u010diomis \u0161al\u010diausiomis dienomis! Juodos spalvos stilinga liemen\u0117 gali b\u016bti naudojama<\/p>","protected":false},"featured_media":28595,"comment_status":"closed","ping_status":"open","template":"","meta":[],"product_brand":[],"product_cat":[23],"product_tag":[535],"class_list":{"0":"post-28593","1":"product","2":"type-product","3":"status-publish","4":"has-post-thumbnail","6":"product_cat-be-kategorijos","7":"product_tag-naujiena","9":"first","10":"onbackorder","11":"taxable","12":"shipping-taxable","13":"product-type-variable"},"_links":{"self":[{"href":"https:\/\/orotech.lt\/en\/wp-json\/wp\/v2\/product\/28593","targetHints":{"allow":["GET"]}}],"collection":[{"href":"https:\/\/orotech.lt\/en\/wp-json\/wp\/v2\/product"}],"about":[{"href":"https:\/\/orotech.lt\/en\/wp-json\/wp\/v2\/types\/product"}],"replies":[{"embeddable":true,"href":"https:\/\/orotech.lt\/en\/wp-json\/wp\/v2\/comments?post=28593"}],"version-history":[{"count":1,"href":"https:\/\/orotech.lt\/en\/wp-json\/wp\/v2\/product\/28593\/revisions"}],"predecessor-version":[{"id":28594,"href":"https:\/\/orotech.lt\/en\/wp-json\/wp\/v2\/product\/28593\/revisions\/28594"}],"wp:featuredmedia":[{"embeddable":true,"href":"https:\/\/orotech.lt\/en\/wp-json\/wp\/v2\/media\/28595"}],"wp:attachment":[{"href":"https:\/\/orotech.lt\/en\/wp-json\/wp\/v2\/media?parent=28593"}],"wp:term":[{"taxonomy":"product_brand","embeddable":true,"href":"https:\/\/orotech.lt\/en\/wp-json\/wp\/v2\/product_brand?post=28593"},{"taxonomy":"product_cat","embeddable":true,"href":"https:\/\/orotech.lt\/en\/wp-json\/wp\/v2\/product_cat?post=28593"},{"taxonomy":"product_tag","embeddable":true,"href":"https:\/\/orotech.lt\/en\/wp-json\/wp\/v2\/product_tag?post=28593"}],"curies":[{"name":"wp","href":"https:\/\/api.w.org\/{rel}","templated":true}]}}