{"id":28602,"date":"2025-09-09T09:10:57","date_gmt":"2025-09-09T09:10:57","guid":{"rendered":"https:\/\/orotech.lt\/sildanti-kepure-glovii-gc2b\/"},"modified":"2025-09-10T06:45:43","modified_gmt":"2025-09-10T06:45:43","slug":"sildanti-kepure-glovii-gc2b","status":"publish","type":"product","link":"https:\/\/orotech.lt\/en\/sildanti-kepure-glovii-gc2b\/","title":{"rendered":"\u0160ildanti kepur\u0117 Glovii GC2B"},"content":{"rendered":"<p style=\"text-align: justify;\">Juodos spalvos \u0161ildanti kepur\u0117 Glovii GC2B nepaliks abejing\u0173 \u0161altomis \u017eiemos ar rudens dienomis!&nbsp;<\/p>\n<p style=\"text-align: justify;\"><strong>Efektyvus \u0161ildymas su Li-Poly akumuliatoriumi<\/strong><\/p>\n<p style=\"text-align: justify;\">Universalaus dyd\u017eio \u0161ildanti kepur\u0117 Glovii GC2B&nbsp;turi speciali\u0105 ki\u0161en\u0119 2100mAh akumuliatoriui laikyti, o 3.7W anglies pluo\u0161to \u0161ildymo elemento skleid\u017eiamos&nbsp;infraraudon\u0173j\u0173 spinduli\u0173 bangos u\u017etikrins maloni\u0105 \u0161ilum\u0105, patikim\u0105 naudojim\u0105 ir ilgaam\u017ei\u0161kum\u0105. \u0160ildymo elementas i\u0161sid\u0117st\u0119s aplink vis\u0105 kepur\u0119, tod\u0117l \u0161iluma pasiskirsto tolygiai. \u0160ildanti kepur\u0117 Glovii GC2B turi 3 skirtingus \u0161ildymo lygi\u0173 (LO, MED, HI), o \u0161iluma m\u0117gautis gal\u0117site net iki 9h!&nbsp;<\/p>\n<p style=\"text-align: justify;\"><strong>Technical characteristics:<\/strong><\/p>\n<ul>\n<li>\n\t\tBaterija: 2100mAh (15,54Wh), Li-Poly;<\/li>\n<li>\n\t\tKaitinimo elementas: 3.7W &#8211; anglies pluo\u0161tas;<\/li>\n<li>\n\t\t\u012ekroviklis:&nbsp;8.4V, 1A ;<\/li>\n<li>\n\t\tVeikimo&nbsp;re\u017eimai: 33% (LO\/38&deg;C\/93&deg;F), 66% (MED\/44&deg;C\/102&deg;F), 100% (HI\/49&deg;C\/111&deg;F);<\/li>\n<li>\n\t\tVeikimo laikas: 9h (LO), 6h (MED), 3h (HI);<\/li>\n<li>\n\t\tAudinys: 100% poliesteris;<\/li>\n<li>\n\t\tDyd\u017eiai: universalus;<\/li>\n<li>\n\t\tColor: black;<\/li>\n<li>\n\t\tSvoris be baterijos: 70g;<\/li>\n<li>\n\t\tSvoris su baterija: 150 g.<\/li>\n<\/ul>\n<p><strong>\u012e komplekt\u0105 \u012feina:<\/strong><\/p>\n<ul>\n<li>\n\t\t\u0160ildanti kepur\u0117 Glovii GC2B;<\/li>\n<li>\n\t\t2100mAh akumuliatorius;<\/li>\n<li>\n\t\t\u012ekroviklis;<\/li>\n<li>\n\t\tAdapteri\u0173 rinkinys (EU, UK, US).<\/li>\n<\/ul>","protected":false},"excerpt":{"rendered":"<p>Juodos spalvos \u0161ildanti kepur\u0117 Glovii GC2B nepaliks abejing\u0173 \u0161altomis \u017eiemos ar rudens dienomis!&nbsp; Efektyvus \u0161ildymas su Li-Poly akumuliatoriumi Universalaus dyd\u017eio<\/p>","protected":false},"featured_media":28604,"comment_status":"closed","ping_status":"open","template":"","meta":[],"product_brand":[],"product_cat":[23],"product_tag":[535],"class_list":{"0":"post-28602","1":"product","2":"type-product","3":"status-publish","4":"has-post-thumbnail","6":"product_cat-be-kategorijos","7":"product_tag-naujiena","9":"first","10":"onbackorder","11":"taxable","12":"shipping-taxable","13":"product-type-variable"},"_links":{"self":[{"href":"https:\/\/orotech.lt\/en\/wp-json\/wp\/v2\/product\/28602","targetHints":{"allow":["GET"]}}],"collection":[{"href":"https:\/\/orotech.lt\/en\/wp-json\/wp\/v2\/product"}],"about":[{"href":"https:\/\/orotech.lt\/en\/wp-json\/wp\/v2\/types\/product"}],"replies":[{"embeddable":true,"href":"https:\/\/orotech.lt\/en\/wp-json\/wp\/v2\/comments?post=28602"}],"version-history":[{"count":1,"href":"https:\/\/orotech.lt\/en\/wp-json\/wp\/v2\/product\/28602\/revisions"}],"predecessor-version":[{"id":28603,"href":"https:\/\/orotech.lt\/en\/wp-json\/wp\/v2\/product\/28602\/revisions\/28603"}],"wp:featuredmedia":[{"embeddable":true,"href":"https:\/\/orotech.lt\/en\/wp-json\/wp\/v2\/media\/28604"}],"wp:attachment":[{"href":"https:\/\/orotech.lt\/en\/wp-json\/wp\/v2\/media?parent=28602"}],"wp:term":[{"taxonomy":"product_brand","embeddable":true,"href":"https:\/\/orotech.lt\/en\/wp-json\/wp\/v2\/product_brand?post=28602"},{"taxonomy":"product_cat","embeddable":true,"href":"https:\/\/orotech.lt\/en\/wp-json\/wp\/v2\/product_cat?post=28602"},{"taxonomy":"product_tag","embeddable":true,"href":"https:\/\/orotech.lt\/en\/wp-json\/wp\/v2\/product_tag?post=28602"}],"curies":[{"name":"wp","href":"https:\/\/api.w.org\/{rel}","templated":true}]}}