{"id":28610,"date":"2025-09-09T09:10:57","date_gmt":"2025-09-09T09:10:57","guid":{"rendered":"https:\/\/orotech.lt\/sildomas-universalus-gaubtas-glovii-ghbm\/"},"modified":"2025-09-10T06:45:43","modified_gmt":"2025-09-10T06:45:43","slug":"sildomas-universalus-gaubtas-glovii-ghbm","status":"publish","type":"product","link":"https:\/\/orotech.lt\/en\/sildomas-universalus-gaubtas-glovii-ghbm\/","title":{"rendered":"\u0160ildomas universalus gaubtas Glovii GHBM"},"content":{"rendered":"<p style=\"text-align: justify;\">Galv\u0105, veid\u0105 ir kakl\u0105 u\u017edengianti \u0161ildoma mova su gobtuvu Glovii GHBM leis pamir\u0161ti \u017eiemos \u0161al\u010dius sporto, kelion\u0117s ar laisvalaikiu metu!&nbsp;Specialus termoreguliacinis audinys greitai sugeria dr\u0117gm\u0119, taip i\u0161saugodamas \u0161ilumos nepraradim\u0105. Kaklo zonoje esan\u010dios virvut\u0117s leis susiver\u017eti gaubt\u0105, kas taip pat leis nepatekti i\u0161or\u0117s \u0161al\u010diui.<\/p>\n<p style=\"text-align: justify;\"><strong>Efektyvus \u0161ildymas su Li-Poly akumuliatoriumi<\/strong><\/p>\n<p style=\"text-align: justify;\">Minimalaus dyd\u017eio, ta\u010diau itin galingas 3350mAh Li-Ion akumuliatorius turi tris skirtingus \u0161ildymo lygius&nbsp;(LO, MED, HI).&nbsp;Taip pat, akumuliatorius turi speciali\u0105 ki\u0161en\u0117l\u0119 jam laikyti, tod\u0117l net nepajusite, kad akumuliatori\u0173 ne\u0161iojat\u0117s \u0161alia. 5W&nbsp;anglies pluo\u0161to \u0161ildymo elemento skleid\u017eiamos infraraudon\u0173j\u0173 spinduli\u0173 bangos u\u017etikrins maloni\u0105 \u0161ilum\u0105, patikim\u0105 naudojim\u0105 ir ilgaam\u017ei\u0161kum\u0105. \u0160ildymo elementas i\u0161sid\u0117st\u0119s ties ausimis ir priekine kaklo dalimi, o skleid\u017eiama \u0161iluma gal\u0117site m\u0117gautis net iki 6h!<\/p>\n<p style=\"text-align: justify;\"><strong>Technical characteristics:<\/strong><\/p>\n<ul>\n<li>\n\t\tBaterija: 3350mAh (15,54Wh), Li-Ion;<\/li>\n<li>\n\t\tKaitinimo elementas: 5W &#8211; anglies pluo\u0161tas;<\/li>\n<li>\n\t\t\u012ekroviklis:&nbsp;USB, 5 V, 1 A;<\/li>\n<li>\n\t\tVeikimo&nbsp;re\u017eimai: HI (44&deg;C), MED (39&deg;C), LO (34&deg;C);<\/li>\n<li>\n\t\tVeikimo laikas: 6 h (LO), 3 h (MED), 2 h (HI);<\/li>\n<li>\n\t\tAudinys: 100% poliesteris;<\/li>\n<li>\n\t\tDyd\u017eiai: universalus;<\/li>\n<li>\n\t\tColor: black;<\/li>\n<li>\n\t\tSvoris be baterijos: 300g;<\/li>\n<li>\n\t\tSvoris su baterija: 400 g;<\/li>\n<li>\n\t\tPakuot\u0117s matmenys:&nbsp;330x140x70 mm;<\/li>\n<li>\n\t\tPakuot\u0117s svoris: 500 g.<\/li>\n<\/ul>\n<p style=\"text-align: center;\"><img decoding=\"async\" alt=\"\" src=\"\/images\/Userfiles\/www.rubisolis.lt_Sildomas_universalus_gaubtas_Glovii_GHBM_7.jpg\" style=\"width: 700px; height: 175px;\" title=\"\"><\/p>\n<p><strong>\u012e komplekt\u0105 \u012feina:<\/strong><\/p>\n<ul>\n<li>\n\t\t\u0160ildomas universalus gaubtas Glovii GHBM;<\/li>\n<li>\n\t\t3350mAh akumuliatorius;<\/li>\n<li>\n\t\tUSB laidas.<\/li>\n<\/ul>\n<p style=\"text-align: justify;\"><a class=\"catalogue\" href=\"\/en\/images\/Userfiles\/www.rubisolis.lt_Sildomas_universalus_gaubtas_Glovii_GHBM_instrukcija.pdf\/\" target=\"blank\">Download product manual <\/a><\/p>","protected":false},"excerpt":{"rendered":"<p>Galv\u0105, veid\u0105 ir kakl\u0105 u\u017edengianti \u0161ildoma mova su gobtuvu Glovii GHBM leis pamir\u0161ti \u017eiemos \u0161al\u010dius sporto, kelion\u0117s ar laisvalaikiu metu!&nbsp;Specialus<\/p>","protected":false},"featured_media":28612,"comment_status":"closed","ping_status":"open","template":"","meta":[],"product_brand":[],"product_cat":[23],"product_tag":[535],"class_list":{"0":"post-28610","1":"product","2":"type-product","3":"status-publish","4":"has-post-thumbnail","6":"product_cat-be-kategorijos","7":"product_tag-naujiena","9":"first","10":"onbackorder","11":"taxable","12":"shipping-taxable","13":"product-type-variable"},"_links":{"self":[{"href":"https:\/\/orotech.lt\/en\/wp-json\/wp\/v2\/product\/28610","targetHints":{"allow":["GET"]}}],"collection":[{"href":"https:\/\/orotech.lt\/en\/wp-json\/wp\/v2\/product"}],"about":[{"href":"https:\/\/orotech.lt\/en\/wp-json\/wp\/v2\/types\/product"}],"replies":[{"embeddable":true,"href":"https:\/\/orotech.lt\/en\/wp-json\/wp\/v2\/comments?post=28610"}],"version-history":[{"count":1,"href":"https:\/\/orotech.lt\/en\/wp-json\/wp\/v2\/product\/28610\/revisions"}],"predecessor-version":[{"id":28611,"href":"https:\/\/orotech.lt\/en\/wp-json\/wp\/v2\/product\/28610\/revisions\/28611"}],"wp:featuredmedia":[{"embeddable":true,"href":"https:\/\/orotech.lt\/en\/wp-json\/wp\/v2\/media\/28612"}],"wp:attachment":[{"href":"https:\/\/orotech.lt\/en\/wp-json\/wp\/v2\/media?parent=28610"}],"wp:term":[{"taxonomy":"product_brand","embeddable":true,"href":"https:\/\/orotech.lt\/en\/wp-json\/wp\/v2\/product_brand?post=28610"},{"taxonomy":"product_cat","embeddable":true,"href":"https:\/\/orotech.lt\/en\/wp-json\/wp\/v2\/product_cat?post=28610"},{"taxonomy":"product_tag","embeddable":true,"href":"https:\/\/orotech.lt\/en\/wp-json\/wp\/v2\/product_tag?post=28610"}],"curies":[{"name":"wp","href":"https:\/\/api.w.org\/{rel}","templated":true}]}}