{"id":28619,"date":"2025-09-09T09:10:57","date_gmt":"2025-09-09T09:10:57","guid":{"rendered":"https:\/\/orotech.lt\/sildanti-kaklo-mova-glovii-ga2m\/"},"modified":"2025-09-10T06:45:44","modified_gmt":"2025-09-10T06:45:44","slug":"sildanti-kaklo-mova-glovii-ga2m","status":"publish","type":"product","link":"https:\/\/orotech.lt\/en\/sildanti-kaklo-mova-glovii-ga2m\/","title":{"rendered":"\u0160ildanti kaklo mova Glovii GA2M"},"content":{"rendered":"<p style=\"text-align: justify;\">Kakl\u0105 dengianti \u0161ildoma mova Glovii GA2M&nbsp;leis pamir\u0161ti \u017eiemos \u0161al\u010dius sporto, kelion\u0117s ar laisvalaikiu metu!&nbsp;Specialus termoreguliacinis audinys greitai sugeria dr\u0117gm\u0119, taip i\u0161saugodamas \u0161ilumos nepraradim\u0105.&nbsp;<\/p>\n<p style=\"text-align: justify;\"><strong>Efektyvi ir maloni kaklo \u0161iluma<\/strong><\/p>\n<p style=\"text-align: justify;\">\u0160ildanti kaklo mova Glovii GA2M&nbsp;turi tris skirtingus \u0161ildymo lygius&nbsp;(LO, MED, HI).&nbsp;Taip pat, mova turi speciali\u0105 ki\u0161en\u0117l\u0119 maitinimo blokeliui laikyti. 9W&nbsp;anglies pluo\u0161to \u0161ildymo elemento skleid\u017eiamos infraraudon\u0173j\u0173 spinduli\u0173 bangos u\u017etikrins maloni\u0105 \u0161ilum\u0105, patikim\u0105 naudojim\u0105 ir ilgaam\u017ei\u0161kum\u0105. \u0160ildymo elementas i\u0161sid\u0117st\u0119s ties pakau\u0161iu ir kr\u016btine, o skleid\u017eiama \u0161iluma gal\u0117site m\u0117gautis net apie 4h!<\/p>\n<p style=\"text-align: justify;\"><span style=\"color:#f00;\"><em><strong>D\u0117mesio: i\u0161orin\u0117 baterija (powerbank) su 2A USB \u012f komplektacij\u0105 ne\u012feina!&nbsp;<\/strong><\/em><\/span><\/p>\n<p style=\"text-align: justify;\"><strong>Technical characteristics:<\/strong><\/p>\n<ul>\n<li>\n\t\tBaterija: i\u0161orin\u0117 baterija (powerbank) su 2A USB (\u012f komplektacij\u0105 ne\u012feina);&nbsp;<\/li>\n<li>\n\t\tKaitinimo elementas: 9W &#8211; anglies pluo\u0161tas;<\/li>\n<li>\n\t\tVeikimo&nbsp;re\u017eimai: 33% (LO\/34&deg;C\/93&deg;F), 66% (MED\/39&deg;C\/102&deg;F), 100% (HI\/44&deg;C\/111&deg;F);<\/li>\n<li>\n\t\tVeikimo laikas: su 10000mAh maitinimo blokeliu &#8211; 4h&nbsp;;<\/li>\n<li>\n\t\tAudinys: 100% poliesteris;<\/li>\n<li>\n\t\tDyd\u017eiai: universalus;<\/li>\n<li>\n\t\tColor: black;<\/li>\n<li>\n\t\tSvoris be baterijos: 120g.<\/li>\n<\/ul>\n<p style=\"text-align: center;\"><img decoding=\"async\" alt=\"\" src=\"\/images\/Userfiles\/www.rubisolis.lt_Sildanti_kaklo_mova_Glovii_GA2M_9.jpg\" style=\"width: 700px; height: 175px;\" title=\"\"><\/p>\n<p><strong>\u012e komplekt\u0105 \u012feina:<\/strong><\/p>\n<ul>\n<li>\n\t\t\u0160ildanti kaklo mova Glovii GA2M;<\/li>\n<\/ul>\n<p style=\"text-align: justify;\"><a class=\"catalogue\" href=\"\/en\/images\/Userfiles\/www.rubisolis.lt_Sildanti_kaklo_mova_Glovii_GA2M_instrukcija.pdf\/\" target=\"blank\">Download product manual <\/a><\/p>","protected":false},"excerpt":{"rendered":"<p>Kakl\u0105 dengianti \u0161ildoma mova Glovii GA2M&nbsp;leis pamir\u0161ti \u017eiemos \u0161al\u010dius sporto, kelion\u0117s ar laisvalaikiu metu!&nbsp;Specialus termoreguliacinis audinys greitai sugeria dr\u0117gm\u0119, taip<\/p>","protected":false},"featured_media":28621,"comment_status":"closed","ping_status":"open","template":"","meta":[],"product_brand":[],"product_cat":[23],"product_tag":[535],"class_list":{"0":"post-28619","1":"product","2":"type-product","3":"status-publish","4":"has-post-thumbnail","6":"product_cat-be-kategorijos","7":"product_tag-naujiena","9":"first","10":"onbackorder","11":"taxable","12":"shipping-taxable","13":"product-type-variable"},"_links":{"self":[{"href":"https:\/\/orotech.lt\/en\/wp-json\/wp\/v2\/product\/28619","targetHints":{"allow":["GET"]}}],"collection":[{"href":"https:\/\/orotech.lt\/en\/wp-json\/wp\/v2\/product"}],"about":[{"href":"https:\/\/orotech.lt\/en\/wp-json\/wp\/v2\/types\/product"}],"replies":[{"embeddable":true,"href":"https:\/\/orotech.lt\/en\/wp-json\/wp\/v2\/comments?post=28619"}],"version-history":[{"count":1,"href":"https:\/\/orotech.lt\/en\/wp-json\/wp\/v2\/product\/28619\/revisions"}],"predecessor-version":[{"id":28620,"href":"https:\/\/orotech.lt\/en\/wp-json\/wp\/v2\/product\/28619\/revisions\/28620"}],"wp:featuredmedia":[{"embeddable":true,"href":"https:\/\/orotech.lt\/en\/wp-json\/wp\/v2\/media\/28621"}],"wp:attachment":[{"href":"https:\/\/orotech.lt\/en\/wp-json\/wp\/v2\/media?parent=28619"}],"wp:term":[{"taxonomy":"product_brand","embeddable":true,"href":"https:\/\/orotech.lt\/en\/wp-json\/wp\/v2\/product_brand?post=28619"},{"taxonomy":"product_cat","embeddable":true,"href":"https:\/\/orotech.lt\/en\/wp-json\/wp\/v2\/product_cat?post=28619"},{"taxonomy":"product_tag","embeddable":true,"href":"https:\/\/orotech.lt\/en\/wp-json\/wp\/v2\/product_tag?post=28619"}],"curies":[{"name":"wp","href":"https:\/\/api.w.org\/{rel}","templated":true}]}}