{"id":28659,"date":"2025-09-09T09:15:02","date_gmt":"2025-09-09T09:15:02","guid":{"rendered":"https:\/\/orotech.lt\/sildantis-universalus-dirzas-su-usb-glovii-gb1u\/"},"modified":"2025-09-10T06:45:48","modified_gmt":"2025-09-10T06:45:48","slug":"sildantis-universalus-dirzas-su-usb-glovii-gb1u","status":"publish","type":"product","link":"https:\/\/orotech.lt\/en\/sildantis-universalus-dirzas-su-usb-glovii-gb1u\/","title":{"rendered":"\u0160ildantis universalus dir\u017eas su USB Glovii GB1U"},"content":{"rendered":"<p style=\"text-align: justify;\">Kas gali b\u016bti geriau, kai \u0161alt\u0105 rudens ar \u017eiemos dien\u0105 J\u016bs\u0173 juosmuo b\u016bt\u0173 apgaubtas \u0161iluma? Nuo \u0161iol su pilkos spalvos \u0161ildomu dir\u017eu Glovii GB1U&nbsp;tai \u012fmanoma! Pilnai juosmen\u012f apimantis \u0161ildomas dir\u017eas Glovii GB1U&nbsp;leis pamir\u0161ti \u0161al\u010dius sporto, kelion\u0117s ar laisvalaikiu metu.<\/p>\n<p style=\"text-align: justify;\"><strong>Efektyvi ir maloni juosmens \u0161iluma<\/strong><\/p>\n<p style=\"text-align: justify;\">\u0160ildantis dir\u017eas Glovii GB1U&nbsp;turi tris skirtingus \u0161ildymo lygius&nbsp;(LO, MED, HI) ir speciali\u0105 ki\u0161en\u0117l\u0119 maitinimo blokeliui laikyti. 5W&nbsp;anglies pluo\u0161to \u0161ildymo elemento skleid\u017eiamos infraraudon\u0173j\u0173 spinduli\u0173 bangos u\u017etikrins maloni\u0105 \u0161ilum\u0105, patikim\u0105 naudojim\u0105 ir ilgaam\u017ei\u0161kum\u0105. \u0160ildymo elementas i\u0161sid\u0117st\u0119s dir\u017eo nugarin\u0117je pus\u0117je, o skleid\u017eiama \u0161iluma gal\u0117site m\u0117gautis net apie 20h!<\/p>\n<p style=\"text-align: justify;\">Nuo \u0161iol pamir\u0161kite ne tik \u0161alt\u012f, bet ir skausmus juosmens srityje!<\/p>\n<p style=\"text-align: justify;\"><span style=\"color:#f00;\"><em><strong>D\u0117mesio: i\u0161orin\u0117 baterija (powerbank) su 2A USB \u012f komplektacij\u0105 ne\u012feina!&nbsp; &nbsp; &nbsp;<\/strong><\/em><\/span><\/p>\n<p style=\"text-align: justify;\"><strong>Technical characteristics:<\/strong><\/p>\n<ul>\n<li>\n\t\tBaterija: i\u0161orin\u0117 baterija (powerbank) su 2A USB (\u012f komplektacij\u0105 ne\u012feina); &nbsp;<\/li>\n<li>\n\t\tKaitinimo elementas: 5W &#8211; anglies pluo\u0161tas;<\/li>\n<li>\n\t\tVeikimo&nbsp;re\u017eimai: 33% (LO\/34&deg;C\/93&deg;F), 66% (MED\/39&deg;C\/102&deg;F), 100% (HI\/44&deg;C\/111&deg;F);<\/li>\n<li>\n\t\tVeikimo laikas: su 10000mAh maitinimo blokeliu&nbsp;&#8211; 33% (20h), 66% (14h), 100% (7h);<\/li>\n<li>\n\t\tAudinys: 60% poliesteris, 35% viskoz\u0117, 5% elastanas;<\/li>\n<li>\n\t\tDyd\u017eiai: universalus;<\/li>\n<li>\n\t\tSpalva: pilka;<\/li>\n<li>\n\t\tSvoris be baterijos: 280g.<\/li>\n<\/ul>\n<p style=\"text-align: center;\"><img decoding=\"async\" alt=\"\" src=\"\/images\/Userfiles\/www.rubisolis.lt_Sildantis_universalus_dirzas_su_USB_Glovii_GB1U_7.jpg\" style=\"width: 700px; height: 175px;\" title=\"\"><\/p>\n<p><strong>\u012e komplekt\u0105 \u012feina:<\/strong><\/p>\n<ul>\n<li>\n\t\t\u0160ildantis universalus dir\u017eas su USB Glovii GB1U;<\/li>\n<li>\n\t\tPapildomas dir\u017eo prailginimas.<\/li>\n<\/ul>\n<p style=\"text-align: justify;\"><a class=\"catalogue\" href=\"\/en\/images\/Userfiles\/www.rubisolis.lt_Sildantis_universalus_dirzas_su_USB_Glovii_GB1U_instrukcija1.pdf\/\" target=\"blank\">Download product manual <\/a><\/p>","protected":false},"excerpt":{"rendered":"<p>Kas gali b\u016bti geriau, kai \u0161alt\u0105 rudens ar \u017eiemos dien\u0105 J\u016bs\u0173 juosmuo b\u016bt\u0173 apgaubtas \u0161iluma? Nuo \u0161iol su pilkos spalvos<\/p>","protected":false},"featured_media":28661,"comment_status":"closed","ping_status":"open","template":"","meta":[],"product_brand":[],"product_cat":[23],"product_tag":[535],"class_list":{"0":"post-28659","1":"product","2":"type-product","3":"status-publish","4":"has-post-thumbnail","6":"product_cat-be-kategorijos","7":"product_tag-naujiena","9":"first","10":"onbackorder","11":"taxable","12":"shipping-taxable","13":"product-type-variable"},"_links":{"self":[{"href":"https:\/\/orotech.lt\/en\/wp-json\/wp\/v2\/product\/28659","targetHints":{"allow":["GET"]}}],"collection":[{"href":"https:\/\/orotech.lt\/en\/wp-json\/wp\/v2\/product"}],"about":[{"href":"https:\/\/orotech.lt\/en\/wp-json\/wp\/v2\/types\/product"}],"replies":[{"embeddable":true,"href":"https:\/\/orotech.lt\/en\/wp-json\/wp\/v2\/comments?post=28659"}],"version-history":[{"count":1,"href":"https:\/\/orotech.lt\/en\/wp-json\/wp\/v2\/product\/28659\/revisions"}],"predecessor-version":[{"id":28660,"href":"https:\/\/orotech.lt\/en\/wp-json\/wp\/v2\/product\/28659\/revisions\/28660"}],"wp:featuredmedia":[{"embeddable":true,"href":"https:\/\/orotech.lt\/en\/wp-json\/wp\/v2\/media\/28661"}],"wp:attachment":[{"href":"https:\/\/orotech.lt\/en\/wp-json\/wp\/v2\/media?parent=28659"}],"wp:term":[{"taxonomy":"product_brand","embeddable":true,"href":"https:\/\/orotech.lt\/en\/wp-json\/wp\/v2\/product_brand?post=28659"},{"taxonomy":"product_cat","embeddable":true,"href":"https:\/\/orotech.lt\/en\/wp-json\/wp\/v2\/product_cat?post=28659"},{"taxonomy":"product_tag","embeddable":true,"href":"https:\/\/orotech.lt\/en\/wp-json\/wp\/v2\/product_tag?post=28659"}],"curies":[{"name":"wp","href":"https:\/\/api.w.org\/{rel}","templated":true}]}}