{"id":28668,"date":"2025-09-09T09:15:02","date_gmt":"2025-09-09T09:15:02","guid":{"rendered":"https:\/\/orotech.lt\/sildanti-pagalve-4in1-glovii-gf41\/"},"modified":"2025-09-10T06:45:48","modified_gmt":"2025-09-10T06:45:48","slug":"sildanti-pagalve-4in1-glovii-gf41","status":"publish","type":"product","link":"https:\/\/orotech.lt\/en\/sildanti-pagalve-4in1-glovii-gf41\/","title":{"rendered":"\u0160ildanti pagalv\u0117 4in1 Glovii GF41"},"content":{"rendered":"<p style=\"text-align: justify;\">\u0160ildanti pagalv\u0117 Glovii GF41&nbsp;&ndash; tai unikalus 4in1 sprendimas, ie\u0161kantiems papildomo \u0161ildymo namuose ar net&nbsp;darbo vietoje! \u0160i\u0105 pagalv\u0119 gal\u0117site naudoti pasid\u0117j\u0119 ant k\u0117d\u0117s kaip s\u0117dmen\u0173 arba nugaros \u0161ildykl\u0119, kaip galvos pagalv\u0119 arba rank\u0173 \u0161ildykl\u0119 stumiant ve\u017eim\u0117l\u012f.<\/p>\n<p style=\"text-align: justify;\"><strong>Efektyvi ir maloni 4in1 \u0161iluma<\/strong><\/p>\n<p style=\"text-align: justify;\">\u0160ildanti pagalv\u0117 Glovii GF41&nbsp;turi tris skirtingus \u0161ildymo lygius&nbsp;(LO, MED, HI) ir speciali\u0105 ki\u0161en\u0117l\u0119 maitinimo blokeliui laikyti. 9W&nbsp;anglies pluo\u0161to \u0161ildymo elemento skleid\u017eiamos infraraudon\u0173j\u0173 spinduli\u0173 bangos u\u017etikrins maloni\u0105 \u0161ilum\u0105, patikim\u0105 naudojim\u0105 ir ilgaam\u017ei\u0161kum\u0105. \u0160ildymo elementas i\u0161sid\u0117st\u0119s ties pagalv\u0117s viduriu, o skleid\u017eiama \u0161iluma gal\u0117site m\u0117gautis net apie 20h!<\/p>\n<p style=\"text-align: justify;\">Tai gali b\u016bti puiki Kal\u0117d\u0173 ar kitos progos dovanos id\u0117ja, su\u0161ildanti kiekvien\u0105!<\/p>\n<p style=\"text-align: justify;\"><span style=\"color:#f00;\"><strong><em>D\u0117mesio: i\u0161orin\u0117 baterija (powerbank) su 2A USB \u012f komplektacij\u0105 ne\u012feina!&nbsp;&nbsp;<\/em><\/strong><\/span><\/p>\n<p style=\"text-align: justify;\"><strong>Technical characteristics:<\/strong><\/p>\n<ul>\n<li>\n\t\tBaterija: i\u0161orin\u0117 baterija (powerbank) su 2A USB (\u012f komplektacij\u0105 ne\u012feina); &nbsp;<\/li>\n<li>\n\t\tKaitinimo elementas: 9W &#8211; anglies pluo\u0161tas;<\/li>\n<li>\n\t\tVeikimo&nbsp;re\u017eimai: 33% (LO), 66% (MED), 100% (HI);<\/li>\n<li>\n\t\tVeikimo laikas: su 10000mAh maitinimo blokeliu&nbsp;&#8211; 33% (20h), 66% (14h), 100% (7h);<\/li>\n<li>\n\t\tAudinys: 100% poliesteris;<\/li>\n<li>\n\t\tDyd\u017eiai: universalus;<\/li>\n<li>\n\t\tSpalva:juoda;<\/li>\n<li>\n\t\tSvoris be baterijos: 170g.<\/li>\n<\/ul>\n<p style=\"text-align: center;\"><img decoding=\"async\" alt=\"\" src=\"\/images\/Userfiles\/www.rubisolis.lt_Sildanti_mova_4in1_Glovii_GF41_8.jpg\" style=\"width: 700px; height: 175px;\" title=\"\"><\/p>\n<p><strong>\u012e komplekt\u0105 \u012feina:<\/strong><\/p>\n<ul>\n<li>\n\t\t\u0160ildanti mova 4in1 Glovii GF41.<\/li>\n<\/ul>\n<p style=\"text-align: justify;\"><a class=\"catalogue\" href=\"\/en\/images\/Userfiles\/www.rubisolis.lt_Sildanti_mova_4in1_Glovii_GF41_instrukcija.pdf\/\" target=\"blank\">Download product manual <\/a><\/p>","protected":false},"excerpt":{"rendered":"<p>\u0160ildanti pagalv\u0117 Glovii GF41&nbsp;&ndash; tai unikalus 4in1 sprendimas, ie\u0161kantiems papildomo \u0161ildymo namuose ar net&nbsp;darbo vietoje! \u0160i\u0105 pagalv\u0119 gal\u0117site naudoti pasid\u0117j\u0119<\/p>","protected":false},"featured_media":28670,"comment_status":"closed","ping_status":"open","template":"","meta":[],"product_brand":[],"product_cat":[23],"product_tag":[535],"class_list":{"0":"post-28668","1":"product","2":"type-product","3":"status-publish","4":"has-post-thumbnail","6":"product_cat-be-kategorijos","7":"product_tag-naujiena","9":"first","10":"onbackorder","11":"taxable","12":"shipping-taxable","13":"product-type-variable"},"_links":{"self":[{"href":"https:\/\/orotech.lt\/en\/wp-json\/wp\/v2\/product\/28668","targetHints":{"allow":["GET"]}}],"collection":[{"href":"https:\/\/orotech.lt\/en\/wp-json\/wp\/v2\/product"}],"about":[{"href":"https:\/\/orotech.lt\/en\/wp-json\/wp\/v2\/types\/product"}],"replies":[{"embeddable":true,"href":"https:\/\/orotech.lt\/en\/wp-json\/wp\/v2\/comments?post=28668"}],"version-history":[{"count":1,"href":"https:\/\/orotech.lt\/en\/wp-json\/wp\/v2\/product\/28668\/revisions"}],"predecessor-version":[{"id":28669,"href":"https:\/\/orotech.lt\/en\/wp-json\/wp\/v2\/product\/28668\/revisions\/28669"}],"wp:featuredmedia":[{"embeddable":true,"href":"https:\/\/orotech.lt\/en\/wp-json\/wp\/v2\/media\/28670"}],"wp:attachment":[{"href":"https:\/\/orotech.lt\/en\/wp-json\/wp\/v2\/media?parent=28668"}],"wp:term":[{"taxonomy":"product_brand","embeddable":true,"href":"https:\/\/orotech.lt\/en\/wp-json\/wp\/v2\/product_brand?post=28668"},{"taxonomy":"product_cat","embeddable":true,"href":"https:\/\/orotech.lt\/en\/wp-json\/wp\/v2\/product_cat?post=28668"},{"taxonomy":"product_tag","embeddable":true,"href":"https:\/\/orotech.lt\/en\/wp-json\/wp\/v2\/product_tag?post=28668"}],"curies":[{"name":"wp","href":"https:\/\/api.w.org\/{rel}","templated":true}]}}